{"id":7883,"date":"2022-01-03T09:11:11","date_gmt":"2022-01-03T09:11:11","guid":{"rendered":"https:\/\/machinecastle.com\/urun\/machines-a-saler-melanger\/"},"modified":"2025-04-25T08:22:18","modified_gmt":"2025-04-25T08:22:18","slug":"machines-a-saler-melanger","status":"publish","type":"product","link":"https:\/\/machinecastle.com\/fr\/produit\/machines-a-saler-melanger\/","title":{"rendered":"Machines \u00e0 saler\/m\u00e9langer"},"content":{"rendered":"<p>Les <strong>saloirs\/m\u00e9langeurs<\/strong>sont utilis\u00e9s pour les noix et les graines telles que les graines de tournesol, les noix de cajou, les cacahu\u00e8tes, les amandes, les pistaches et bien d&rsquo;autres encore. Les <strong>saloirs\/m\u00e9langeurs<\/strong> permettent aux utilisateurs d&rsquo;ajouter de la saveur \u00e0 leurs produits avant l&rsquo;\u00e9tape de torr\u00e9faction. Apr\u00e8s la torr\u00e9faction, l&rsquo;utilisateur de la machine peut obtenir ses noix torr\u00e9fi\u00e9es et aromatis\u00e9es. Le sel ou un autre ar\u00f4me peut \u00eatre utilis\u00e9 pour donner un go\u00fbt diff\u00e9rent \u00e0 ces noix gr\u00e2ce \u00e0 la<strong> machine \u00e0<\/strong> aromatiser. Le m\u00e9langeur peut \u00eatre utilis\u00e9 en mode automatique ou manuel.<\/p>\n<p>&nbsp;<\/p>\n","protected":false},"excerpt":{"rendered":"<p><iframe title=\"Lecteur vid\u00e9o YouTube\" src=\"https:\/\/www.youtube.com\/embed\/D2e1pWtIi8w\" width=\"560\" height=\"315\" frameborder=\"0\" allowfullscreen=\"allowfullscreen\"><\/iframe><br \/>\n<iframe title=\"Lecteur vid\u00e9o YouTube\" src=\"https:\/\/www.youtube.com\/embed\/FqM3h3VM7Kc\" width=\"560\" height=\"315\" frameborder=\"0\" allowfullscreen=\"allowfullscreen\"><\/iframe><br \/>\n<iframe title=\"YouTube video player\" src=\"https:\/\/www.youtube.com\/embed\/g7vuzbTbZJY?si=Lecs5Iq9LD6EWxRG\" width=\"560\" height=\"315\" frameborder=\"0\" allowfullscreen=\"allowfullscreen\"><\/iframe><br \/>\nMod\u00e8les de capacit\u00e9 disponibles :<\/p>\n<table class=\"table table-striped\">\n<tbody>\n<tr>\n<td><strong>MOD\u00c8LES<\/strong><\/td>\n<td><strong>CAPACIT\u00c9S<\/strong><\/td>\n<\/tr>\n<\/tbody>\n<tbody>\n<tr>\n<td><strong>Mini saloir<\/strong> MC-S-5<\/td>\n<td>5-10 Kg\/Heure<\/td>\n<\/tr>\n<\/tbody>\n<tbody>\n<tr>\n<td><strong>Mini saloir<\/strong> MC-10<\/td>\n<td>10-14 Kg\/Heure<\/td>\n<\/tr>\n<\/tbody>\n<tbody>\n<tr>\n<td><strong>Mini saloir<\/strong> MC-15<\/td>\n<td>15-20 Kg\/Heure<\/td>\n<\/tr>\n<tr>\n<td><strong>Mini saloir<\/strong> MC-25<\/td>\n<td>20-45 Kg\/Heure<\/td>\n<\/tr>\n<\/tbody>\n<tbody>\n<tr>\n<td><strong>Saloir<\/strong> MC-50<\/td>\n<td>50-90 Kg\/Heure<\/td>\n<\/tr>\n<tr>\n<td><strong>Saloir<\/strong> MC-100<\/td>\n<td>100-200 Kg\/Heure<\/td>\n<\/tr>\n<tr>\n<td><strong>Saloir<\/strong> MC-300<\/td>\n<td>300-525 Kg\/Heure<\/td>\n<\/tr>\n<tr>\n<td><strong>Saloir<\/strong> MC-500<\/td>\n<td>500-700 Kg\/Heure<\/td>\n<\/tr>\n<tr>\n<td><strong>Saloir<\/strong> MC-1000<\/td>\n<td>1000-1600 Kg\/Heure<\/td>\n<\/tr>\n<\/tbody>\n<\/table>\n<p>Selon les pr\u00e9f\u00e9rences de nos clients, nous sommes en mesure de fabriquer ces produits dans toutes les tailles et capacit\u00e9s. N&rsquo;h\u00e9sitez pas \u00e0 nous contacter.<\/p>\n","protected":false},"featured_media":7884,"template":"","meta":{"site-sidebar-layout":"default","site-content-layout":"default","ast-site-content-layout":"default","site-content-style":"default","site-sidebar-style":"default","ast-global-header-display":"","ast-banner-title-visibility":"","ast-main-header-display":"","ast-hfb-above-header-display":"","ast-hfb-below-header-display":"","ast-hfb-mobile-header-display":"","site-post-title":"","ast-breadcrumbs-content":"","ast-featured-img":"","footer-sml-layout":"","theme-transparent-header-meta":"default","adv-header-id-meta":"","stick-header-meta":"","header-above-stick-meta":"","header-main-stick-meta":"","header-below-stick-meta":"","astra-migrate-meta-layouts":"set","ast-page-background-enabled":"default","ast-page-background-meta":{"desktop":{"background-color":"","background-image":"","background-repeat":"repeat","background-position":"center center","background-size":"auto","background-attachment":"scroll","background-type":"","background-media":"","overlay-type":"","overlay-color":"","overlay-gradient":""},"tablet":{"background-color":"","background-image":"","background-repeat":"repeat","background-position":"center center","background-size":"auto","background-attachment":"scroll","background-type":"","background-media":"","overlay-type":"","overlay-color":"","overlay-gradient":""},"mobile":{"background-color":"","background-image":"","background-repeat":"repeat","background-position":"center center","background-size":"auto","background-attachment":"scroll","background-type":"","background-media":"","overlay-type":"","overlay-color":"","overlay-gradient":""}},"ast-content-background-meta":{"desktop":{"background-color":"var(--ast-global-color-5)","background-image":"","background-repeat":"repeat","background-position":"center center","background-size":"auto","background-attachment":"scroll","background-type":"","background-media":"","overlay-type":"","overlay-color":"","overlay-gradient":""},"tablet":{"background-color":"var(--ast-global-color-5)","background-image":"","background-repeat":"repeat","background-position":"center center","background-size":"auto","background-attachment":"scroll","background-type":"","background-media":"","overlay-type":"","overlay-color":"","overlay-gradient":""},"mobile":{"background-color":"var(--ast-global-color-5)","background-image":"","background-repeat":"repeat","background-position":"center center","background-size":"auto","background-attachment":"scroll","background-type":"","background-media":"","overlay-type":"","overlay-color":"","overlay-gradient":""}}},"product_brand":[],"product_cat":[440],"product_tag":[472,473,474],"class_list":{"0":"post-7883","1":"product","2":"type-product","3":"status-publish","4":"has-post-thumbnail","6":"product_cat-machines-a-saler","7":"product_tag-machine-a-saler","8":"product_tag-saloir-automatique","9":"product_tag-saloir-manuel","10":"desktop-align-left","11":"tablet-align-left","12":"mobile-align-left","14":"first","15":"instock","16":"shipping-taxable","17":"product-type-simple"},"_links":{"self":[{"href":"https:\/\/machinecastle.com\/fr\/wp-json\/wp\/v2\/product\/7883","targetHints":{"allow":["GET"]}}],"collection":[{"href":"https:\/\/machinecastle.com\/fr\/wp-json\/wp\/v2\/product"}],"about":[{"href":"https:\/\/machinecastle.com\/fr\/wp-json\/wp\/v2\/types\/product"}],"wp:featuredmedia":[{"embeddable":true,"href":"https:\/\/machinecastle.com\/fr\/wp-json\/wp\/v2\/media\/7884"}],"wp:attachment":[{"href":"https:\/\/machinecastle.com\/fr\/wp-json\/wp\/v2\/media?parent=7883"}],"wp:term":[{"taxonomy":"product_brand","embeddable":true,"href":"https:\/\/machinecastle.com\/fr\/wp-json\/wp\/v2\/product_brand?post=7883"},{"taxonomy":"product_cat","embeddable":true,"href":"https:\/\/machinecastle.com\/fr\/wp-json\/wp\/v2\/product_cat?post=7883"},{"taxonomy":"product_tag","embeddable":true,"href":"https:\/\/machinecastle.com\/fr\/wp-json\/wp\/v2\/product_tag?post=7883"}],"curies":[{"name":"wp","href":"https:\/\/api.w.org\/{rel}","templated":true}]}}