{"id":7878,"date":"2022-01-03T08:30:19","date_gmt":"2022-01-03T08:30:19","guid":{"rendered":"https:\/\/machinecastle.com\/urun\/tamis\/"},"modified":"2023-11-27T14:49:16","modified_gmt":"2023-11-27T14:49:16","slug":"tamis","status":"publish","type":"product","link":"https:\/\/machinecastle.com\/fr\/produit\/tamis\/","title":{"rendered":"Tamis"},"content":{"rendered":"<h4>Tamis pour sel\/poussi\u00e8re<\/h4>\n<p>Le tamis, qui sert \u00e0 \u00e9liminer l&rsquo;exc\u00e8s de sel sur les produits, est g\u00e9n\u00e9ralement utilis\u00e9 \u00e0 la fin des lignes de torr\u00e9faction des noix enti\u00e8rement automatiques, des lignes de torr\u00e9faction des noix manuelles et des fours de torr\u00e9faction des noix. Les endroits o\u00f9 le produit entre en contact avec les aliments sont enti\u00e8rement inoxydables, ou bien il existe une option enti\u00e8rement inoxydable. Il est fabriqu\u00e9 en mat\u00e9riau AISI 304.<\/p>\n<h4>Tamis d&rsquo;\u00e9talonnage<\/h4>\n<p>Il est produit et utilis\u00e9 pour toutes sortes de fruits \u00e0 coque, en particulier les pois chiches, les cacahu\u00e8tes ou les noisettes, afin de calibrer 2-3-4-5 diff\u00e9rentes tailles de produits.<\/p>\n","protected":false},"excerpt":{"rendered":"<p>Selon les pr\u00e9f\u00e9rences de nos clients, nous sommes en mesure de fabriquer ces produits dans toutes les tailles et capacit\u00e9s. N&rsquo;h\u00e9sitez pas \u00e0 nous contacter.<\/p>\n","protected":false},"featured_media":7881,"template":"","meta":{"site-sidebar-layout":"default","site-content-layout":"default","ast-site-content-layout":"default","site-content-style":"default","site-sidebar-style":"default","ast-global-header-display":"","ast-banner-title-visibility":"","ast-main-header-display":"","ast-hfb-above-header-display":"","ast-hfb-below-header-display":"","ast-hfb-mobile-header-display":"","site-post-title":"","ast-breadcrumbs-content":"","ast-featured-img":"","footer-sml-layout":"","theme-transparent-header-meta":"default","adv-header-id-meta":"","stick-header-meta":"","header-above-stick-meta":"","header-main-stick-meta":"","header-below-stick-meta":"","astra-migrate-meta-layouts":"set","ast-page-background-enabled":"default","ast-page-background-meta":{"desktop":{"background-color":"","background-image":"","background-repeat":"repeat","background-position":"center center","background-size":"auto","background-attachment":"scroll","background-type":"","background-media":"","overlay-type":"","overlay-color":"","overlay-gradient":""},"tablet":{"background-color":"","background-image":"","background-repeat":"repeat","background-position":"center center","background-size":"auto","background-attachment":"scroll","background-type":"","background-media":"","overlay-type":"","overlay-color":"","overlay-gradient":""},"mobile":{"background-color":"","background-image":"","background-repeat":"repeat","background-position":"center center","background-size":"auto","background-attachment":"scroll","background-type":"","background-media":"","overlay-type":"","overlay-color":"","overlay-gradient":""}},"ast-content-background-meta":{"desktop":{"background-color":"var(--ast-global-color-5)","background-image":"","background-repeat":"repeat","background-position":"center center","background-size":"auto","background-attachment":"scroll","background-type":"","background-media":"","overlay-type":"","overlay-color":"","overlay-gradient":""},"tablet":{"background-color":"var(--ast-global-color-5)","background-image":"","background-repeat":"repeat","background-position":"center center","background-size":"auto","background-attachment":"scroll","background-type":"","background-media":"","overlay-type":"","overlay-color":"","overlay-gradient":""},"mobile":{"background-color":"var(--ast-global-color-5)","background-image":"","background-repeat":"repeat","background-position":"center center","background-size":"auto","background-attachment":"scroll","background-type":"","background-media":"","overlay-type":"","overlay-color":"","overlay-gradient":""}}},"product_brand":[],"product_cat":[469],"product_tag":[470,471],"class_list":{"0":"post-7878","1":"product","2":"type-product","3":"status-publish","4":"has-post-thumbnail","6":"product_cat-tamis","7":"product_tag-tamis","8":"product_tag-tamis-de-calibrage","9":"desktop-align-left","10":"tablet-align-left","11":"mobile-align-left","13":"first","14":"instock","15":"shipping-taxable","16":"product-type-simple"},"_links":{"self":[{"href":"https:\/\/machinecastle.com\/fr\/wp-json\/wp\/v2\/product\/7878","targetHints":{"allow":["GET"]}}],"collection":[{"href":"https:\/\/machinecastle.com\/fr\/wp-json\/wp\/v2\/product"}],"about":[{"href":"https:\/\/machinecastle.com\/fr\/wp-json\/wp\/v2\/types\/product"}],"wp:featuredmedia":[{"embeddable":true,"href":"https:\/\/machinecastle.com\/fr\/wp-json\/wp\/v2\/media\/7881"}],"wp:attachment":[{"href":"https:\/\/machinecastle.com\/fr\/wp-json\/wp\/v2\/media?parent=7878"}],"wp:term":[{"taxonomy":"product_brand","embeddable":true,"href":"https:\/\/machinecastle.com\/fr\/wp-json\/wp\/v2\/product_brand?post=7878"},{"taxonomy":"product_cat","embeddable":true,"href":"https:\/\/machinecastle.com\/fr\/wp-json\/wp\/v2\/product_cat?post=7878"},{"taxonomy":"product_tag","embeddable":true,"href":"https:\/\/machinecastle.com\/fr\/wp-json\/wp\/v2\/product_tag?post=7878"}],"curies":[{"name":"wp","href":"https:\/\/api.w.org\/{rel}","templated":true}]}}