{"id":7868,"date":"2022-01-03T07:44:07","date_gmt":"2022-01-03T07:44:07","guid":{"rendered":"https:\/\/machinecastle.com\/urun\/ascenseurs-bandes-de-selection-machines-a-refroidir\/"},"modified":"2023-11-27T14:47:56","modified_gmt":"2023-11-27T14:47:56","slug":"ascenseurs-bandes-de-selection-machines-a-refroidir","status":"publish","type":"product","link":"https:\/\/machinecastle.com\/fr\/produit\/ascenseurs-bandes-de-selection-machines-a-refroidir\/","title":{"rendered":"Ascenseurs, bandes de s\u00e9lection, machines \u00e0 refroidir"},"content":{"rendered":"<h4>\u00c9l\u00e9vateur en Z<\/h4>\n<p>Les \u00e9l\u00e9vateurs en Z sont utilis\u00e9s lorsque les noix et les graines s\u00e9ch\u00e9es doivent atteindre des parties \u00e9lev\u00e9es de la ligne de torr\u00e9faction. Sa forme en Z lui a valu le nom d&rsquo;ascenseur Z. Il joue un r\u00f4le dans le transport des produits entrant dans la tr\u00e9mie et est privil\u00e9gi\u00e9 pour l&rsquo;\u00e9gouttage des noix, l&rsquo;alimentation du four de torr\u00e9faction ou pour assurer le transfert des produits d&rsquo;une machine \u00e0 l&rsquo;autre.<\/p>\n<h4>Bandes de s\u00e9lection<\/h4>\n<p>Les noix qui ont \u00e9t\u00e9 saucissonn\u00e9es, grill\u00e9es et trait\u00e9es par les machines passent par la bande de s\u00e9lection comme derni\u00e8re \u00e9tape, et en cas de mat\u00e9riel ind\u00e9sirable, visible \u00e0 l&rsquo;\u0153il nu, elles sont enlev\u00e9es avec l&rsquo;aide de l&#8217;employ\u00e9. La bande de s\u00e9lection joue un r\u00f4le important dans l&rsquo;inspection des produits gr\u00e2ce \u00e0 son \u00e9clairage et \u00e0 sa bande de r\u00e9glage de la vitesse.<\/p>\n<h4>Machine de refroidissement<\/h4>\n<p>Lorsque les produits doivent sortir du processus de refroidissement, cette machine refroidit rapidement les noix avec une grande efficacit\u00e9. Gr\u00e2ce au ventilateur d&rsquo;aspiration invers\u00e9 situ\u00e9 dans la partie inf\u00e9rieure, les produits qui s&rsquo;y trouvent passent rapidement \u00e0 temp\u00e9rature ambiante. Ensuite, les produits sont pr\u00eats \u00e0 \u00eatre emball\u00e9s.<\/p>\n<p>&nbsp;<\/p>\n","protected":false},"excerpt":{"rendered":"<p><iframe title=\"Lecteur vid\u00e9o YouTube\" src=\"https:\/\/www.youtube.com\/embed\/hgbhcmvpXrQ\" width=\"560\" height=\"315\" frameborder=\"0\" allowfullscreen=\"allowfullscreen\"><\/iframe><\/p>\n<p>Selon les pr\u00e9f\u00e9rences de nos clients, nous sommes en mesure de fabriquer ces produits dans toutes les tailles et capacit\u00e9s. N&rsquo;h\u00e9sitez pas \u00e0 nous contacter.<\/p>\n","protected":false},"featured_media":7876,"template":"","meta":{"site-sidebar-layout":"default","site-content-layout":"default","ast-site-content-layout":"default","site-content-style":"default","site-sidebar-style":"default","ast-global-header-display":"","ast-banner-title-visibility":"","ast-main-header-display":"","ast-hfb-above-header-display":"","ast-hfb-below-header-display":"","ast-hfb-mobile-header-display":"","site-post-title":"","ast-breadcrumbs-content":"","ast-featured-img":"","footer-sml-layout":"","theme-transparent-header-meta":"default","adv-header-id-meta":"","stick-header-meta":"","header-above-stick-meta":"","header-main-stick-meta":"","header-below-stick-meta":"","astra-migrate-meta-layouts":"set","ast-page-background-enabled":"default","ast-page-background-meta":{"desktop":{"background-color":"","background-image":"","background-repeat":"repeat","background-position":"center center","background-size":"auto","background-attachment":"scroll","background-type":"","background-media":"","overlay-type":"","overlay-color":"","overlay-gradient":""},"tablet":{"background-color":"","background-image":"","background-repeat":"repeat","background-position":"center center","background-size":"auto","background-attachment":"scroll","background-type":"","background-media":"","overlay-type":"","overlay-color":"","overlay-gradient":""},"mobile":{"background-color":"","background-image":"","background-repeat":"repeat","background-position":"center center","background-size":"auto","background-attachment":"scroll","background-type":"","background-media":"","overlay-type":"","overlay-color":"","overlay-gradient":""}},"ast-content-background-meta":{"desktop":{"background-color":"var(--ast-global-color-5)","background-image":"","background-repeat":"repeat","background-position":"center center","background-size":"auto","background-attachment":"scroll","background-type":"","background-media":"","overlay-type":"","overlay-color":"","overlay-gradient":""},"tablet":{"background-color":"var(--ast-global-color-5)","background-image":"","background-repeat":"repeat","background-position":"center center","background-size":"auto","background-attachment":"scroll","background-type":"","background-media":"","overlay-type":"","overlay-color":"","overlay-gradient":""},"mobile":{"background-color":"var(--ast-global-color-5)","background-image":"","background-repeat":"repeat","background-position":"center center","background-size":"auto","background-attachment":"scroll","background-type":"","background-media":"","overlay-type":"","overlay-color":"","overlay-gradient":""}}},"product_brand":[],"product_cat":[437],"product_tag":[468,467],"class_list":{"0":"post-7868","1":"product","2":"type-product","3":"status-publish","4":"has-post-thumbnail","6":"product_cat-convoyeurs-selections-bandes-machines-de-refroidissement","7":"product_tag-ascenseur","8":"product_tag-bandes-transporteuses","9":"desktop-align-left","10":"tablet-align-left","11":"mobile-align-left","13":"first","14":"instock","15":"shipping-taxable","16":"product-type-simple"},"_links":{"self":[{"href":"https:\/\/machinecastle.com\/fr\/wp-json\/wp\/v2\/product\/7868","targetHints":{"allow":["GET"]}}],"collection":[{"href":"https:\/\/machinecastle.com\/fr\/wp-json\/wp\/v2\/product"}],"about":[{"href":"https:\/\/machinecastle.com\/fr\/wp-json\/wp\/v2\/types\/product"}],"wp:featuredmedia":[{"embeddable":true,"href":"https:\/\/machinecastle.com\/fr\/wp-json\/wp\/v2\/media\/7876"}],"wp:attachment":[{"href":"https:\/\/machinecastle.com\/fr\/wp-json\/wp\/v2\/media?parent=7868"}],"wp:term":[{"taxonomy":"product_brand","embeddable":true,"href":"https:\/\/machinecastle.com\/fr\/wp-json\/wp\/v2\/product_brand?post=7868"},{"taxonomy":"product_cat","embeddable":true,"href":"https:\/\/machinecastle.com\/fr\/wp-json\/wp\/v2\/product_cat?post=7868"},{"taxonomy":"product_tag","embeddable":true,"href":"https:\/\/machinecastle.com\/fr\/wp-json\/wp\/v2\/product_tag?post=7868"}],"curies":[{"name":"wp","href":"https:\/\/api.w.org\/{rel}","templated":true}]}}