{"id":7860,"date":"2021-12-30T12:46:31","date_gmt":"2021-12-30T12:46:31","guid":{"rendered":"https:\/\/machinecastle.com\/urun\/machines-de-fabrication-dhuile-par-pression-a-froid\/"},"modified":"2023-11-27T14:46:56","modified_gmt":"2023-11-27T14:46:56","slug":"machines-de-fabrication-dhuile-par-pression-a-froid","status":"publish","type":"product","link":"https:\/\/machinecastle.com\/fr\/produit\/machines-de-fabrication-dhuile-par-pression-a-froid\/","title":{"rendered":"MACHINES DE FABRICATION D&rsquo;HUILE PAR PRESSION \u00c0 FROID"},"content":{"rendered":"<p>Les <strong>machines de production d&rsquo;huile par pression \u00e0 froid<\/strong>sont utilis\u00e9es pour extraire l&rsquo;huile des produits. Gr\u00e2ce \u00e0 sa tr\u00e9mie de grande capacit\u00e9, vous pouvez obtenir l&rsquo;huile de presque tout. Voici quelques exemples de produits pour lesquels vous pouvez obtenir de l&rsquo;huile \u00e0 partir d&rsquo;une machine d&rsquo;extraction d&rsquo;huile : graines noires, graines de carthame, noix de coco, graines de grenade, graines de cumin, pavot, graines de raisin, graines de canola, graines de lin, graines de s\u00e9same, graines de moutarde, amandes, noix, graines d&rsquo;abricot, graines de citrouille, graines de tournesol, cacahu\u00e8tes, plantes de cacao, orties, graines de poivre, graines de tomate, graines de chia, etc. Il b\u00e9n\u00e9ficie d&rsquo;une garantie de 4 ans.<\/p>\n<p><strong><br \/>\n1-16 kg\/heure :<\/strong><\/p>\n<table class=\"table table-striped\">\n<tbody>\n<tr>\n<td><strong>DESCRIPTION<\/strong><\/td>\n<td><strong>Fonctionnalit\u00e9<\/strong><\/td>\n<\/tr>\n<\/tbody>\n<tbody>\n<tr>\n<td>Dimensions :<\/td>\n<td>  25 x 80 x 35 cm (largeur x longueur x hauteur)<\/td>\n<\/tr>\n<\/tbody>\n<tbody>\n<tr>\n<td>Poids :<\/td>\n<td>38 kg<\/td>\n<\/tr>\n<\/tbody>\n<tbody>\n<tr>\n<td>Capacit\u00e9 :<\/td>\n<td>Max 16 kg \/ heure<\/td>\n<\/tr>\n<tr>\n<td>Consommation \u00e9lectrique<\/td>\n<td>220V\/380V, 0,75 kw Puissance du moteur, 0,75 kw Contr\u00f4le de la vitesse<\/td>\n<\/tr>\n<tr>\n<td>Thermostat<\/td>\n<td>600 Watts avec contr\u00f4le num\u00e9rique de la temp\u00e9rature<\/td>\n<\/tr>\n<\/tbody>\n<\/table>\n<p><strong>1-40 kg\/heure :<\/strong><\/p>\n<table class=\"table table-striped\">\n<tbody>\n<tr>\n<td><strong>DESCRIPTION<\/strong><\/td>\n<td><strong>Fonctionnalit\u00e9<\/strong><\/td>\n<\/tr>\n<\/tbody>\n<tbody>\n<tr>\n<td>Dimensions :<\/td>\n<td>  25 x 100 x 52 cm (largeur x longueur x hauteur)<\/td>\n<\/tr>\n<\/tbody>\n<tbody>\n<tr>\n<td>Poids :<\/td>\n<td>68 kg<\/td>\n<\/tr>\n<\/tbody>\n<tbody>\n<tr>\n<td>Capacit\u00e9 :<\/td>\n<td>Max 40 kg \/ heure<\/td>\n<\/tr>\n<tr>\n<td>Consommation \u00e9lectrique<\/td>\n<td>220V\/380V, 1,5 kw de puissance moteur, ABB Speed Control<\/td>\n<\/tr>\n<tr>\n<td>Thermostat<\/td>\n<td>600 Watts avec contr\u00f4le num\u00e9rique de la temp\u00e9rature<\/td>\n<\/tr>\n<\/tbody>\n<\/table>\n<p><strong>1-55 kg\/heure :<\/strong><\/p>\n<table class=\"table table-striped\">\n<tbody>\n<tr>\n<td><strong>DESCRIPTION<\/strong><\/td>\n<td><strong>Fonctionnalit\u00e9<\/strong><\/td>\n<\/tr>\n<\/tbody>\n<tbody>\n<tr>\n<td>Dimensions :<\/td>\n<td>  27 x 95 x 52 cm sans l&rsquo;entonnoir (largeur x longueur x hauteur)<\/td>\n<\/tr>\n<\/tbody>\n<tbody>\n<tr>\n<td>Poids :<\/td>\n<td>92 kg<\/td>\n<\/tr>\n<\/tbody>\n<tbody>\n<tr>\n<td>Capacit\u00e9 :<\/td>\n<td>Max 55 kg \/ heure<\/td>\n<\/tr>\n<tr>\n<td>Consommation \u00e9lectrique<\/td>\n<td>220V\/380V, 2,2 kw de puissance moteur, ABB Speed Control<\/td>\n<\/tr>\n<tr>\n<td>Thermostat<\/td>\n<td>600 Watts avec contr\u00f4le num\u00e9rique de la temp\u00e9rature<\/td>\n<\/tr>\n<\/tbody>\n<\/table>\n<p><strong>1-90 kg\/heure :<\/strong><\/p>\n<table class=\"table table-striped\">\n<tbody>\n<tr>\n<td><strong>DESCRIPTION<\/strong><\/td>\n<td><strong>Fonctionnalit\u00e9<\/strong><\/td>\n<\/tr>\n<\/tbody>\n<tbody>\n<tr>\n<td>Dimensions :<\/td>\n<td>  55 x 135 x 87 cm sans l&rsquo;entonnoir (largeur x longueur x hauteur)<\/td>\n<\/tr>\n<\/tbody>\n<tbody>\n<tr>\n<td>Poids :<\/td>\n<td>270 kg<\/td>\n<\/tr>\n<\/tbody>\n<tbody>\n<tr>\n<td>Capacit\u00e9 :<\/td>\n<td>Max 90 kg \/ heure<\/td>\n<\/tr>\n<tr>\n<td>Consommation \u00e9lectrique<\/td>\n<td>220V\/380V, 4 kw Entr\u00e9e triphas\u00e9e Sortie triphas\u00e9e, pilote de marque ABB 4 kw<\/td>\n<\/tr>\n<tr>\n<td>Thermostat<\/td>\n<td>600 Watts avec contr\u00f4le num\u00e9rique de la temp\u00e9rature<\/td>\n<\/tr>\n<\/tbody>\n<\/table>\n<p><strong>1-130 kg\/heure :<\/strong><\/p>\n<table class=\"table table-striped\">\n<tbody>\n<tr>\n<td><strong>DESCRIPTION<\/strong><\/td>\n<td><strong>Fonctionnalit\u00e9<\/strong><\/td>\n<\/tr>\n<\/tbody>\n<tbody>\n<tr>\n<td>Dimensions :<\/td>\n<td>  66 x 140 x 100 cm sans l&rsquo;entonnoir (largeur x longueur x hauteur)<\/td>\n<\/tr>\n<\/tbody>\n<tbody>\n<tr>\n<td>Poids :<\/td>\n<td>380 kg<\/td>\n<\/tr>\n<\/tbody>\n<tbody>\n<tr>\n<td>Capacit\u00e9 :<\/td>\n<td>Max 130 kg \/ heure<\/td>\n<\/tr>\n<tr>\n<td>Consommation \u00e9lectrique<\/td>\n<td>11 kw Entr\u00e9e triphas\u00e9e Sortie triphas\u00e9e, driver de marque ABB 11 kw<\/td>\n<\/tr>\n<tr>\n<td>Thermostat<\/td>\n<td>600 Watts avec contr\u00f4le num\u00e9rique de la temp\u00e9rature<\/td>\n<\/tr>\n<\/tbody>\n<\/table>\n<p>&nbsp;<\/p>\n<p><strong>Machines d&rsquo;extraction d<\/strong>&lsquo;huile, Machines de <strong>production d<\/strong>&lsquo;huile, Machines de production d&rsquo;huile, Production d&rsquo;huile de graines, Machines d&rsquo;extraction d&rsquo;huile de graines, Machines d&rsquo;extraction d&rsquo;huile, <strong>Machines<\/strong> d&rsquo;extraction d&rsquo;huile, Machines de production d&rsquo;huile, Machines de production d&rsquo;huile de graines<\/p>\n","protected":false},"excerpt":{"rendered":"<p><iframe title=\"Lecteur vid\u00e9o YouTube\" src=\"https:\/\/www.youtube.com\/embed\/RsYvPVLS2_E\" width=\"560\" height=\"315\" frameborder=\"0\" allowfullscreen=\"allowfullscreen\"><\/iframe><\/p>\n<p><strong>1-16 kg\/heure :<\/strong><\/p>\n<table class=\"table table-striped\">\n<tbody>\n<tr>\n<td><strong>MOD\u00c8LES<\/strong><\/td>\n<td><strong>CAPACIT\u00c9<\/strong><\/td>\n<\/tr>\n<\/tbody>\n<tbody>\n<tr>\n<td>MC-O-16 <strong>Machine \u00e0 presser l&rsquo;huile \u00e0 froid<\/strong><\/td>\n<td>  Max 16 Kg\/H<\/td>\n<\/tr>\n<\/tbody>\n<tbody>\n<tr>\n<td><strong>Machine \u00e0 presser \u00e0 froid pour la fabrication d&rsquo;huile<\/strong> MC-O-40<\/td>\n<td>  Max 40 Kg\/H<\/td>\n<\/tr>\n<\/tbody>\n<tbody>\n<tr>\n<td>MC-O-55 <strong>Machine \u00e0 presser l&rsquo;huile \u00e0 froid<\/strong><\/td>\n<td>Max 55 Kg\/H<\/td>\n<\/tr>\n<tr>\n<td><strong>Machine \u00e0 presser \u00e0 froid pour la fabrication de l&rsquo;huile<\/strong> MC-O-90<\/td>\n<td>Max 90 Kg\/H<\/td>\n<\/tr>\n<tr>\n<td>MC-O-130 <strong>Machine \u00e0 presser l&rsquo;huile \u00e0 froid<\/strong><\/td>\n<td>Max 130 Kg\/H<\/td>\n<\/tr>\n<\/tbody>\n<\/table>\n<p>&nbsp;<\/p>\n","protected":false},"featured_media":7861,"template":"","meta":{"site-sidebar-layout":"default","site-content-layout":"default","ast-site-content-layout":"default","site-content-style":"default","site-sidebar-style":"default","ast-global-header-display":"","ast-banner-title-visibility":"","ast-main-header-display":"","ast-hfb-above-header-display":"","ast-hfb-below-header-display":"","ast-hfb-mobile-header-display":"","site-post-title":"","ast-breadcrumbs-content":"","ast-featured-img":"","footer-sml-layout":"","theme-transparent-header-meta":"default","adv-header-id-meta":"","stick-header-meta":"","header-above-stick-meta":"","header-main-stick-meta":"","header-below-stick-meta":"","astra-migrate-meta-layouts":"set","ast-page-background-enabled":"default","ast-page-background-meta":{"desktop":{"background-color":"","background-image":"","background-repeat":"repeat","background-position":"center center","background-size":"auto","background-attachment":"scroll","background-type":"","background-media":"","overlay-type":"","overlay-color":"","overlay-gradient":""},"tablet":{"background-color":"","background-image":"","background-repeat":"repeat","background-position":"center center","background-size":"auto","background-attachment":"scroll","background-type":"","background-media":"","overlay-type":"","overlay-color":"","overlay-gradient":""},"mobile":{"background-color":"","background-image":"","background-repeat":"repeat","background-position":"center center","background-size":"auto","background-attachment":"scroll","background-type":"","background-media":"","overlay-type":"","overlay-color":"","overlay-gradient":""}},"ast-content-background-meta":{"desktop":{"background-color":"var(--ast-global-color-5)","background-image":"","background-repeat":"repeat","background-position":"center center","background-size":"auto","background-attachment":"scroll","background-type":"","background-media":"","overlay-type":"","overlay-color":"","overlay-gradient":""},"tablet":{"background-color":"var(--ast-global-color-5)","background-image":"","background-repeat":"repeat","background-position":"center center","background-size":"auto","background-attachment":"scroll","background-type":"","background-media":"","overlay-type":"","overlay-color":"","overlay-gradient":""},"mobile":{"background-color":"var(--ast-global-color-5)","background-image":"","background-repeat":"repeat","background-position":"center center","background-size":"auto","background-attachment":"scroll","background-type":"","background-media":"","overlay-type":"","overlay-color":"","overlay-gradient":""}}},"product_brand":[],"product_cat":[432],"product_tag":[465,466,464],"class_list":{"0":"post-7860","1":"product","2":"type-product","3":"status-publish","4":"has-post-thumbnail","6":"product_cat-machines-dextraction-dhuile","7":"product_tag-machine-a-fabriquer-de-lhuile","8":"product_tag-machine-a-presser-lhuile","9":"product_tag-machine-dextraction-dhuile","10":"desktop-align-left","11":"tablet-align-left","12":"mobile-align-left","14":"first","15":"instock","16":"shipping-taxable","17":"product-type-simple"},"_links":{"self":[{"href":"https:\/\/machinecastle.com\/fr\/wp-json\/wp\/v2\/product\/7860","targetHints":{"allow":["GET"]}}],"collection":[{"href":"https:\/\/machinecastle.com\/fr\/wp-json\/wp\/v2\/product"}],"about":[{"href":"https:\/\/machinecastle.com\/fr\/wp-json\/wp\/v2\/types\/product"}],"wp:featuredmedia":[{"embeddable":true,"href":"https:\/\/machinecastle.com\/fr\/wp-json\/wp\/v2\/media\/7861"}],"wp:attachment":[{"href":"https:\/\/machinecastle.com\/fr\/wp-json\/wp\/v2\/media?parent=7860"}],"wp:term":[{"taxonomy":"product_brand","embeddable":true,"href":"https:\/\/machinecastle.com\/fr\/wp-json\/wp\/v2\/product_brand?post=7860"},{"taxonomy":"product_cat","embeddable":true,"href":"https:\/\/machinecastle.com\/fr\/wp-json\/wp\/v2\/product_cat?post=7860"},{"taxonomy":"product_tag","embeddable":true,"href":"https:\/\/machinecastle.com\/fr\/wp-json\/wp\/v2\/product_tag?post=7860"}],"curies":[{"name":"wp","href":"https:\/\/api.w.org\/{rel}","templated":true}]}}