{"id":7852,"date":"2021-12-30T10:39:22","date_gmt":"2021-12-30T10:39:22","guid":{"rendered":"https:\/\/machinecastle.com\/urun\/machines-a-beurre-de-cacahuetes\/"},"modified":"2025-08-04T07:11:11","modified_gmt":"2025-08-04T07:11:11","slug":"machines-a-beurre-de-cacahuetes","status":"publish","type":"product","link":"https:\/\/machinecastle.com\/fr\/produit\/machines-a-beurre-de-cacahuetes\/","title":{"rendered":"MACHINES \u00c0 BEURRE DE CACAHU\u00c8TES"},"content":{"rendered":"<p>Ces <strong>machines \u00e0 fabriquer le beurre de noix<\/strong>peuvent produire des <strong>p\u00e2tes de cacahu\u00e8tes, de noisettes, de pistaches<\/strong> et bien d&rsquo;autres encore. Une fois que les produits entrent dans la tr\u00e9mie, ils passent directement par le processus d&#8217;emp\u00e2tage. Qu&rsquo;ils soient directement pr\u00eats. L&rsquo;utilisateur peut utiliser ou ajouter du sucre ou d&rsquo;autres ar\u00f4mes apr\u00e8s le broyage. La couleur or ou chrome peut \u00eatre choisie sur la machine.<\/p>\n<p>&nbsp;<\/p>\n<p>&nbsp;<\/p>\n<p>&nbsp;<\/p>\n<p>Machine \u00e0 fabriquer du beurre de <strong>cacahu\u00e8tes<\/strong>, Machine \u00e0 fabriquer du <strong>beurre<\/strong>de noisettes, Production de beurre de pistaches, Machine \u00e0 fabriquer du beurre, Machine \u00e0 fabriquer du beurre de cacahu\u00e8tes, Machine \u00e0 fabriquer du beurre de <strong>noisettes<\/strong>, Petite machine \u00e0 fabriquer du beurre de cacahu\u00e8tes, Machine \u00e0 fabriquer du beurre d&rsquo;amandes.<\/p>\n","protected":false},"excerpt":{"rendered":"<p><iframe title=\"Lecteur vid\u00e9o YouTube\" src=\"https:\/\/www.youtube.com\/embed\/JfimLAfHOGs?si=zCDX2egja9fI3zhF\" width=\"560\" height=\"315\" frameborder=\"0\" allowfullscreen=\"allowfullscreen\"><\/iframe><\/p>\n<p><strong>D\u00c9TAILS TECHNIQUES :<\/strong><\/p>\n<p>Notre <strong>machine \u00e0 beurre de cacahu\u00e8te<\/strong> peut produire des cacahu\u00e8tes, des noisettes, des amandes, des noix de cajou, du t\u00e9r\u00e9binthe, du s\u00e9same et du pavot sous forme de p\u00e2te. La capacit\u00e9 commence \u00e0 1 kg\/heure jusqu&rsquo;\u00e0 50 kg\/heure pour les noix.<\/p>\n<p>Notre machine convient aux commerces de d\u00e9tail tels que les march\u00e9s, les charcuteries, les vendeurs de noix, les magasins d&rsquo;\u00e9pices. Il offre la possibilit\u00e9 de r\u00e9aliser une production instantan\u00e9e \u00e0 proximit\u00e9 imm\u00e9diate de vos clients.<\/p>\n<p>Il est enti\u00e8rement fabriqu\u00e9 en <strong>acier inoxydable<\/strong> 304 et convient parfaitement \u00e0 l&rsquo;alimentation.<\/p>\n<table class=\"table table-striped\">\n<tbody>\n<tr>\n<td><strong>DESCRIPTION<\/strong><\/td>\n<td><strong>Caract\u00e9ristiques<\/strong><\/td>\n<\/tr>\n<\/tbody>\n<tbody>\n<tr>\n<td>Dimensions : 60 x 30 x 60 cm (largeur x longueur x hauteur) :<\/td>\n<td>60 x 30 x 60 cm (Largeur x Longueur x Hauteur)<\/td>\n<\/tr>\n<\/tbody>\n<tbody>\n<tr>\n<td>Poids :<\/td>\n<td>30 kg<\/td>\n<\/tr>\n<\/tbody>\n<tbody>\n<tr>\n<td>Capacit\u00e9 :<\/td>\n<td>1-50 kg \/ heure<\/td>\n<\/tr>\n<tr>\n<td>Consommation \u00e9lectrique<\/td>\n<td>1,5 kw<\/td>\n<\/tr>\n<\/tbody>\n<\/table>\n<p><strong>Autres mod\u00e8les de capacit\u00e9 disponibles :<\/strong><\/p>\n<p><strong>1-120 kg\/heure<\/strong><\/p>\n<p><strong>1-350 kg\/heure<\/strong><\/p>\n<p><strong>1-1000 kg\/heure<\/strong><\/p>\n<p><strong>1-2000 kg\/heure<\/strong><\/p>\n","protected":false},"featured_media":7854,"template":"","meta":{"site-sidebar-layout":"default","site-content-layout":"default","ast-site-content-layout":"default","site-content-style":"default","site-sidebar-style":"default","ast-global-header-display":"","ast-banner-title-visibility":"","ast-main-header-display":"","ast-hfb-above-header-display":"","ast-hfb-below-header-display":"","ast-hfb-mobile-header-display":"","site-post-title":"","ast-breadcrumbs-content":"","ast-featured-img":"","footer-sml-layout":"","theme-transparent-header-meta":"default","adv-header-id-meta":"","stick-header-meta":"","header-above-stick-meta":"","header-main-stick-meta":"","header-below-stick-meta":"","astra-migrate-meta-layouts":"set","ast-page-background-enabled":"default","ast-page-background-meta":{"desktop":{"background-color":"","background-image":"","background-repeat":"repeat","background-position":"center center","background-size":"auto","background-attachment":"scroll","background-type":"","background-media":"","overlay-type":"","overlay-color":"","overlay-gradient":""},"tablet":{"background-color":"","background-image":"","background-repeat":"repeat","background-position":"center center","background-size":"auto","background-attachment":"scroll","background-type":"","background-media":"","overlay-type":"","overlay-color":"","overlay-gradient":""},"mobile":{"background-color":"","background-image":"","background-repeat":"repeat","background-position":"center center","background-size":"auto","background-attachment":"scroll","background-type":"","background-media":"","overlay-type":"","overlay-color":"","overlay-gradient":""}},"ast-content-background-meta":{"desktop":{"background-color":"var(--ast-global-color-5)","background-image":"","background-repeat":"repeat","background-position":"center center","background-size":"auto","background-attachment":"scroll","background-type":"","background-media":"","overlay-type":"","overlay-color":"","overlay-gradient":""},"tablet":{"background-color":"var(--ast-global-color-5)","background-image":"","background-repeat":"repeat","background-position":"center center","background-size":"auto","background-attachment":"scroll","background-type":"","background-media":"","overlay-type":"","overlay-color":"","overlay-gradient":""},"mobile":{"background-color":"var(--ast-global-color-5)","background-image":"","background-repeat":"repeat","background-position":"center center","background-size":"auto","background-attachment":"scroll","background-type":"","background-media":"","overlay-type":"","overlay-color":"","overlay-gradient":""}}},"product_brand":[],"product_cat":[435],"product_tag":[461,463,462],"class_list":{"0":"post-7852","1":"product","2":"type-product","3":"status-publish","4":"has-post-thumbnail","6":"product_cat-machines-a-beurre-de-noix","7":"product_tag-machine-a-beurre-de-cacahuetes","8":"product_tag-machine-a-beurre-de-noisettes","9":"product_tag-machine-a-fabriquer-le-beurre","10":"desktop-align-left","11":"tablet-align-left","12":"mobile-align-left","14":"first","15":"instock","16":"shipping-taxable","17":"product-type-simple"},"_links":{"self":[{"href":"https:\/\/machinecastle.com\/fr\/wp-json\/wp\/v2\/product\/7852","targetHints":{"allow":["GET"]}}],"collection":[{"href":"https:\/\/machinecastle.com\/fr\/wp-json\/wp\/v2\/product"}],"about":[{"href":"https:\/\/machinecastle.com\/fr\/wp-json\/wp\/v2\/types\/product"}],"wp:featuredmedia":[{"embeddable":true,"href":"https:\/\/machinecastle.com\/fr\/wp-json\/wp\/v2\/media\/7854"}],"wp:attachment":[{"href":"https:\/\/machinecastle.com\/fr\/wp-json\/wp\/v2\/media?parent=7852"}],"wp:term":[{"taxonomy":"product_brand","embeddable":true,"href":"https:\/\/machinecastle.com\/fr\/wp-json\/wp\/v2\/product_brand?post=7852"},{"taxonomy":"product_cat","embeddable":true,"href":"https:\/\/machinecastle.com\/fr\/wp-json\/wp\/v2\/product_cat?post=7852"},{"taxonomy":"product_tag","embeddable":true,"href":"https:\/\/machinecastle.com\/fr\/wp-json\/wp\/v2\/product_tag?post=7852"}],"curies":[{"name":"wp","href":"https:\/\/api.w.org\/{rel}","templated":true}]}}