{"id":7845,"date":"2021-12-30T08:07:15","date_gmt":"2021-12-30T08:07:15","guid":{"rendered":"https:\/\/machinecastle.com\/urun\/machines-a-fabriquer-le-tahini\/"},"modified":"2025-11-21T09:00:44","modified_gmt":"2025-11-21T09:00:44","slug":"machines-a-fabriquer-le-tahini","status":"publish","type":"product","link":"https:\/\/machinecastle.com\/fr\/produit\/machines-a-fabriquer-le-tahini\/","title":{"rendered":"MACHINES \u00c0 FABRIQUER LE TAHINI"},"content":{"rendered":"<p>La <strong>machine de production de tahini <\/strong>permet de fabriquer du tahini \u00e0 partir de graines de s\u00e9same. Le tahini est une p\u00e2te \u00e9paisse obtenue \u00e0 partir de graines de s\u00e9same moulues. Il est couramment utilis\u00e9 comme ingr\u00e9dient aromatique dans les plats du Moyen-Orient tels que le houmous ou avec des aubergines grill\u00e9es pour pr\u00e9parer le baba ganoush. La saveur et l&rsquo;adaptabilit\u00e9 du tahini en font \u00e9galement une base id\u00e9ale pour les sauces accompagnant les l\u00e9gumes ou d&rsquo;autres types d&rsquo;aliments. La <strong>machine \u00e0 tahini<\/strong> atteint chaque jour des chiffres de vente plus \u00e9lev\u00e9s dans les grandes villes. De nombreuses entreprises pr\u00e9f\u00e8rent ces machines pour vendre du tahini frais. La machine qui effectue toutes les op\u00e9rations n\u00e9cessaires \u00e0 la transformation du s\u00e9same en tahini est appel\u00e9e en abr\u00e9g\u00e9 machine \u00e0 tahini. Aujourd&rsquo;hui, les entreprises de production de tahini et les petites entreprises vendent du tahini avec ces machines.<\/p>\n<p>&nbsp;<\/p>\n<p><strong>D\u00c9TAILS TECHNIQUES :<\/strong><strong><br \/>\n20 kg\/heure :<\/strong><\/p>\n<p>Pour des machines de plus grande capacit\u00e9, veuillez nous contacter.<\/p>\n<table class=\"table table-striped\">\n<tbody>\n<tr>\n<td><strong>DESCRIPTION<\/strong><\/td>\n<td><strong>Fonctionnalit\u00e9<\/strong><\/td>\n<\/tr>\n<\/tbody>\n<tbody>\n<tr>\n<td>Dimensions :<\/td>\n<td>32 x 32 x 80 cm (largeur x longueur x hauteur)<\/td>\n<\/tr>\n<\/tbody>\n<tbody>\n<tr>\n<td>Poids :<\/td>\n<td>35 kg<\/td>\n<\/tr>\n<\/tbody>\n<tbody>\n<tr>\n<td>Capacit\u00e9 :<\/td>\n<td>20 kg \/ heure<\/td>\n<\/tr>\n<tr>\n<td>Consommation \u00e9lectrique<\/td>\n<td>1,5 kw<\/td>\n<\/tr>\n<\/tbody>\n<\/table>\n<p><strong>50 kg\/heure :<\/strong><\/p>\n<table class=\"table table-striped\">\n<tbody>\n<tr>\n<td><strong>DESCRIPTION<\/strong><\/td>\n<td><strong>Fonctionnalit\u00e9<\/strong><\/td>\n<\/tr>\n<\/tbody>\n<tbody>\n<tr>\n<td>Dimensions :<\/td>\n<td>80 x 80 x 190 cm (largeur x longueur x hauteur)<\/td>\n<\/tr>\n<tr>\n<td>Capacit\u00e9 :<\/td>\n<td>50 kg \/ heure<\/td>\n<\/tr>\n<tr>\n<td>Consommation \u00e9lectrique<\/td>\n<td>5,5 kw<\/td>\n<\/tr>\n<\/tbody>\n<\/table>\n<p><strong>Autres mod\u00e8les de capacit\u00e9 disponibles\u00a0:<\/strong><\/p>\n<p><strong>100 kg\/heure<\/strong><\/p>\n<p><strong>150 kg\/heure<\/strong><\/p>\n<p><strong>200 kg\/heure<\/strong><\/p>\n<p><strong>250 kg\/heure<\/strong><\/p>\n<p><strong>500 kg\/heure<\/strong><\/p>\n<p><strong>1\u00a0000 kg\/heure<\/strong><\/p>\n<p><strong>Machine \u00e0 faire du t<\/strong>ahini, <strong>machine \u00e0 t<\/strong>ahini, ligne de production de tahini, machine \u00e0 produire du tahini, machine \u00e0 <strong>produire<\/strong> du tahini, machine \u00e0 tahini pour les magasins, graines de s\u00e9same en tahini, <strong>machine \u00e0 tahini pour les graines<\/strong> de s\u00e9same, extraction de tahini \u00e0 partir de graines de s\u00e9same<\/p>\n","protected":false},"excerpt":{"rendered":"<p>https:\/\/youtube.com\/shorts\/sgrirhZuocg?si=OXe5Co3Wz-gMZepB<\/p>\n<p>https:\/\/www.youtube.com\/shorts\/0HBpzYk5aFk<\/p>\n<p>&nbsp;<\/p>\n<p>Tous les march\u00e9s, boutiques et magasins d&rsquo;\u00e9pices peuvent fabriquer leur propre tahini et le vendre \u00e0 leurs clients comme \u00e9tant tr\u00e8s frais et chaud. En fonction de votre capacit\u00e9 horaire, nous vous proposerons diff\u00e9rentes machines. Vous pouvez toujours vendre \u00e0 vos clients du tahini frais et naturel. Il est enti\u00e8rement fabriqu\u00e9 en <strong>acier inoxydable<\/strong> 304 et convient parfaitement \u00e0 l&rsquo;alimentation. Des machines \u00e0 tahini en pierre naturelle et des machines \u00e0 lames en acier inoxydable sont disponibles.<\/p>\n","protected":false},"featured_media":8775,"template":"","meta":{"site-sidebar-layout":"default","site-content-layout":"default","ast-site-content-layout":"default","site-content-style":"default","site-sidebar-style":"default","ast-global-header-display":"","ast-banner-title-visibility":"","ast-main-header-display":"","ast-hfb-above-header-display":"","ast-hfb-below-header-display":"","ast-hfb-mobile-header-display":"","site-post-title":"","ast-breadcrumbs-content":"","ast-featured-img":"","footer-sml-layout":"","theme-transparent-header-meta":"default","adv-header-id-meta":"","stick-header-meta":"","header-above-stick-meta":"","header-main-stick-meta":"","header-below-stick-meta":"","astra-migrate-meta-layouts":"set","ast-page-background-enabled":"default","ast-page-background-meta":{"desktop":{"background-color":"","background-image":"","background-repeat":"repeat","background-position":"center center","background-size":"auto","background-attachment":"scroll","background-type":"","background-media":"","overlay-type":"","overlay-color":"","overlay-gradient":""},"tablet":{"background-color":"","background-image":"","background-repeat":"repeat","background-position":"center center","background-size":"auto","background-attachment":"scroll","background-type":"","background-media":"","overlay-type":"","overlay-color":"","overlay-gradient":""},"mobile":{"background-color":"","background-image":"","background-repeat":"repeat","background-position":"center center","background-size":"auto","background-attachment":"scroll","background-type":"","background-media":"","overlay-type":"","overlay-color":"","overlay-gradient":""}},"ast-content-background-meta":{"desktop":{"background-color":"var(--ast-global-color-5)","background-image":"","background-repeat":"repeat","background-position":"center center","background-size":"auto","background-attachment":"scroll","background-type":"","background-media":"","overlay-type":"","overlay-color":"","overlay-gradient":""},"tablet":{"background-color":"var(--ast-global-color-5)","background-image":"","background-repeat":"repeat","background-position":"center center","background-size":"auto","background-attachment":"scroll","background-type":"","background-media":"","overlay-type":"","overlay-color":"","overlay-gradient":""},"mobile":{"background-color":"var(--ast-global-color-5)","background-image":"","background-repeat":"repeat","background-position":"center center","background-size":"auto","background-attachment":"scroll","background-type":"","background-media":"","overlay-type":"","overlay-color":"","overlay-gradient":""}}},"product_brand":[],"product_cat":[458],"product_tag":[459,460],"class_list":{"0":"post-7845","1":"product","2":"type-product","3":"status-publish","4":"has-post-thumbnail","6":"product_cat-machines-a-fabriquer-le-tahini","7":"product_tag-machine-a-tahini","8":"product_tag-machine-a-tahini-au-sesame","9":"desktop-align-left","10":"tablet-align-left","11":"mobile-align-left","13":"first","14":"instock","15":"shipping-taxable","16":"product-type-simple"},"_links":{"self":[{"href":"https:\/\/machinecastle.com\/fr\/wp-json\/wp\/v2\/product\/7845","targetHints":{"allow":["GET"]}}],"collection":[{"href":"https:\/\/machinecastle.com\/fr\/wp-json\/wp\/v2\/product"}],"about":[{"href":"https:\/\/machinecastle.com\/fr\/wp-json\/wp\/v2\/types\/product"}],"wp:featuredmedia":[{"embeddable":true,"href":"https:\/\/machinecastle.com\/fr\/wp-json\/wp\/v2\/media\/8775"}],"wp:attachment":[{"href":"https:\/\/machinecastle.com\/fr\/wp-json\/wp\/v2\/media?parent=7845"}],"wp:term":[{"taxonomy":"product_brand","embeddable":true,"href":"https:\/\/machinecastle.com\/fr\/wp-json\/wp\/v2\/product_brand?post=7845"},{"taxonomy":"product_cat","embeddable":true,"href":"https:\/\/machinecastle.com\/fr\/wp-json\/wp\/v2\/product_cat?post=7845"},{"taxonomy":"product_tag","embeddable":true,"href":"https:\/\/machinecastle.com\/fr\/wp-json\/wp\/v2\/product_tag?post=7845"}],"curies":[{"name":"wp","href":"https:\/\/api.w.org\/{rel}","templated":true}]}}