{"id":7836,"date":"2021-12-29T12:22:04","date_gmt":"2021-12-29T12:22:04","guid":{"rendered":"https:\/\/machinecastle.com\/urun\/silos-a-cafe-en-plexi\/"},"modified":"2023-11-27T14:41:53","modified_gmt":"2023-11-27T14:41:53","slug":"silos-a-cafe-en-plexi","status":"publish","type":"product","link":"https:\/\/machinecastle.com\/fr\/produit\/silos-a-cafe-en-plexi\/","title":{"rendered":"SILOS \u00c0 CAF\u00c9 EN PLEXI"},"content":{"rendered":"<p>Nous produisons des silos \u00e0 grains de caf\u00e9 rectangulaires, cylindriques, carr\u00e9s, muraux, des distributeurs d&rsquo;aliments secs, des distributeurs de drag\u00e9es, des distributeurs de noix, des distributeurs de l\u00e9gumineuses, des silos en vrac \u00e0 syst\u00e8me rotatif, des distributeurs de grains. Les silos sont un excellent moyen de pr\u00e9senter vos produits \u00e0 vos clients tout en les mettant en valeur. Ils ne servent pas seulement au stockage, mais aussi \u00e0 une bonne repr\u00e9sentation. Des couleurs sont disponibles en option et diff\u00e9rentes tailles et capacit\u00e9s sont applicables sur demande.<\/p>\n<p>&nbsp;<\/p>\n<p>Distributeur de caf\u00e9, Silos \u00e0 caf\u00e9, Distributeurs de caf\u00e9, Silos \u00e0 caf\u00e9, Silos \u00e0 caf\u00e9, Silos \u00e0 caf\u00e9<\/p>\n","protected":false},"excerpt":{"rendered":"<p><b>Options de couleur : <\/b>Or, argent, cuivre.<br \/>\nPour d&rsquo;autres couleurs, veuillez nous contacter.<\/p>\n<div class=\"clearfix\"><\/div>\n<p><strong>Dimensions standard :<\/strong> <span class=\"items\"> 15 Cm x 60 Cm (h)<br \/>\nPour des dimensions plus grandes, veuillez nous contacter.<\/span><\/p>\n<div class=\"clearfix\"><\/div>\n<p><b>Capacit\u00e9 : <\/b>5-6 KG<br \/>\n<span class=\"items\">Pour des capacit\u00e9s plus importantes, veuillez nous contacter.<\/span><\/p>\n<p>Silo en plexi, Silo \u00e0 caf\u00e9, Silo pour le stockage des grains de caf\u00e9, Silos pour grains de caf\u00e9 torr\u00e9fi\u00e9s<\/p>\n","protected":false},"featured_media":7843,"template":"","meta":{"site-sidebar-layout":"default","site-content-layout":"default","ast-site-content-layout":"default","site-content-style":"default","site-sidebar-style":"default","ast-global-header-display":"","ast-banner-title-visibility":"","ast-main-header-display":"","ast-hfb-above-header-display":"","ast-hfb-below-header-display":"","ast-hfb-mobile-header-display":"","site-post-title":"","ast-breadcrumbs-content":"","ast-featured-img":"","footer-sml-layout":"","theme-transparent-header-meta":"default","adv-header-id-meta":"","stick-header-meta":"","header-above-stick-meta":"","header-main-stick-meta":"","header-below-stick-meta":"","astra-migrate-meta-layouts":"set","ast-page-background-enabled":"default","ast-page-background-meta":{"desktop":{"background-color":"","background-image":"","background-repeat":"repeat","background-position":"center center","background-size":"auto","background-attachment":"scroll","background-type":"","background-media":"","overlay-type":"","overlay-color":"","overlay-gradient":""},"tablet":{"background-color":"","background-image":"","background-repeat":"repeat","background-position":"center center","background-size":"auto","background-attachment":"scroll","background-type":"","background-media":"","overlay-type":"","overlay-color":"","overlay-gradient":""},"mobile":{"background-color":"","background-image":"","background-repeat":"repeat","background-position":"center center","background-size":"auto","background-attachment":"scroll","background-type":"","background-media":"","overlay-type":"","overlay-color":"","overlay-gradient":""}},"ast-content-background-meta":{"desktop":{"background-color":"var(--ast-global-color-5)","background-image":"","background-repeat":"repeat","background-position":"center center","background-size":"auto","background-attachment":"scroll","background-type":"","background-media":"","overlay-type":"","overlay-color":"","overlay-gradient":""},"tablet":{"background-color":"var(--ast-global-color-5)","background-image":"","background-repeat":"repeat","background-position":"center center","background-size":"auto","background-attachment":"scroll","background-type":"","background-media":"","overlay-type":"","overlay-color":"","overlay-gradient":""},"mobile":{"background-color":"var(--ast-global-color-5)","background-image":"","background-repeat":"repeat","background-position":"center center","background-size":"auto","background-attachment":"scroll","background-type":"","background-media":"","overlay-type":"","overlay-color":"","overlay-gradient":""}}},"product_brand":[],"product_cat":[434],"product_tag":[],"class_list":{"0":"post-7836","1":"product","2":"type-product","3":"status-publish","4":"has-post-thumbnail","6":"product_cat-torrefacteurs-et-moulins-a-cafe","7":"desktop-align-left","8":"tablet-align-left","9":"mobile-align-left","11":"first","12":"instock","13":"shipping-taxable","14":"product-type-simple"},"_links":{"self":[{"href":"https:\/\/machinecastle.com\/fr\/wp-json\/wp\/v2\/product\/7836","targetHints":{"allow":["GET"]}}],"collection":[{"href":"https:\/\/machinecastle.com\/fr\/wp-json\/wp\/v2\/product"}],"about":[{"href":"https:\/\/machinecastle.com\/fr\/wp-json\/wp\/v2\/types\/product"}],"wp:featuredmedia":[{"embeddable":true,"href":"https:\/\/machinecastle.com\/fr\/wp-json\/wp\/v2\/media\/7843"}],"wp:attachment":[{"href":"https:\/\/machinecastle.com\/fr\/wp-json\/wp\/v2\/media?parent=7836"}],"wp:term":[{"taxonomy":"product_brand","embeddable":true,"href":"https:\/\/machinecastle.com\/fr\/wp-json\/wp\/v2\/product_brand?post=7836"},{"taxonomy":"product_cat","embeddable":true,"href":"https:\/\/machinecastle.com\/fr\/wp-json\/wp\/v2\/product_cat?post=7836"},{"taxonomy":"product_tag","embeddable":true,"href":"https:\/\/machinecastle.com\/fr\/wp-json\/wp\/v2\/product_tag?post=7836"}],"curies":[{"name":"wp","href":"https:\/\/api.w.org\/{rel}","templated":true}]}}