{"id":7821,"date":"2021-12-28T08:07:12","date_gmt":"2021-12-28T08:07:12","guid":{"rendered":"https:\/\/machinecastle.com\/urun\/machines-a-griller-les-pois-chiches\/"},"modified":"2023-11-27T14:37:37","modified_gmt":"2023-11-27T14:37:37","slug":"machines-a-griller-les-pois-chiches","status":"publish","type":"product","link":"https:\/\/machinecastle.com\/fr\/produit\/machines-a-griller-les-pois-chiches\/","title":{"rendered":"MACHINES \u00c0 GRILLER LES POIS CHICHES"},"content":{"rendered":"<p>Les <strong>machines \u00e0 r\u00f4tir les<\/strong> <strong>pois chiches<\/strong> sont utilis\u00e9es pour <strong>r\u00f4tir les pois chiches<\/strong>. Ces <strong>torr\u00e9facteurs de pois chiches<\/strong>, dont l&rsquo;int\u00e9rieur est constitu\u00e9 d&rsquo;un <strong>tambour rotatif<\/strong>, sont chauff\u00e9s et les produits contenus dans le tambour sont torr\u00e9fi\u00e9s. La formation de pois chiches mouchet\u00e9s se fait en les grillant dans cette machine. Ces <strong>machines \u00e0 torr\u00e9fier les pois chiches<\/strong>, pr\u00e9f\u00e9r\u00e9es par les d\u00e9taillants et les magasins, sont \u00e9quip\u00e9es de roues afin d&rsquo;\u00eatre ergonomiques. L&rsquo;entr\u00e9e et la sortie du produit sont \u00e9galement contr\u00f4l\u00e9es manuellement. G\u00e9n\u00e9ralement, le gaz ou le GPL est utilis\u00e9 comme combustible, mais le combustible \u00e9lectrique peut \u00e9galement \u00eatre utilis\u00e9. Selon la demande, cette machine peut \u00e9galement \u00eatre fabriqu\u00e9e de mani\u00e8re automatique.<\/p>\n<p>&nbsp;<\/p>\n<p>Grilleur de pois chiches, Grilleur de pois chiches, Machine \u00e0 griller les pois chiches<\/p>\n","protected":false},"excerpt":{"rendered":"<p><iframe title=\"Lecteur vid\u00e9o YouTube\" src=\"https:\/\/www.youtube.com\/embed\/dn3NEpGeq0o\" width=\"560\" height=\"315\" frameborder=\"0\" allowfullscreen=\"allowfullscreen\"><\/iframe><\/p>\n<p><iframe title=\"Lecteur vid\u00e9o YouTube\" src=\"https:\/\/www.youtube.com\/embed\/WHsSxNEP0jI\" width=\"560\" height=\"315\" frameborder=\"0\" allowfullscreen=\"allowfullscreen\"><\/iframe><\/p>\n<p>Capacit\u00e9s disponibles :<br \/>\n4 kg<br \/>\n8 kg<br \/>\n12 kg<br \/>\n16 kg<br \/>\n20 kg<br \/>\n32 kg<br \/>\n40 kg<br \/>\n64 kg<\/p>\n","protected":false},"featured_media":7830,"template":"","meta":{"site-sidebar-layout":"default","site-content-layout":"default","ast-site-content-layout":"default","site-content-style":"default","site-sidebar-style":"default","ast-global-header-display":"","ast-banner-title-visibility":"","ast-main-header-display":"","ast-hfb-above-header-display":"","ast-hfb-below-header-display":"","ast-hfb-mobile-header-display":"","site-post-title":"","ast-breadcrumbs-content":"","ast-featured-img":"","footer-sml-layout":"","theme-transparent-header-meta":"default","adv-header-id-meta":"","stick-header-meta":"","header-above-stick-meta":"","header-main-stick-meta":"","header-below-stick-meta":"","astra-migrate-meta-layouts":"set","ast-page-background-enabled":"default","ast-page-background-meta":{"desktop":{"background-color":"","background-image":"","background-repeat":"repeat","background-position":"center center","background-size":"auto","background-attachment":"scroll","background-type":"","background-media":"","overlay-type":"","overlay-color":"","overlay-gradient":""},"tablet":{"background-color":"","background-image":"","background-repeat":"repeat","background-position":"center center","background-size":"auto","background-attachment":"scroll","background-type":"","background-media":"","overlay-type":"","overlay-color":"","overlay-gradient":""},"mobile":{"background-color":"","background-image":"","background-repeat":"repeat","background-position":"center center","background-size":"auto","background-attachment":"scroll","background-type":"","background-media":"","overlay-type":"","overlay-color":"","overlay-gradient":""}},"ast-content-background-meta":{"desktop":{"background-color":"var(--ast-global-color-5)","background-image":"","background-repeat":"repeat","background-position":"center center","background-size":"auto","background-attachment":"scroll","background-type":"","background-media":"","overlay-type":"","overlay-color":"","overlay-gradient":""},"tablet":{"background-color":"var(--ast-global-color-5)","background-image":"","background-repeat":"repeat","background-position":"center center","background-size":"auto","background-attachment":"scroll","background-type":"","background-media":"","overlay-type":"","overlay-color":"","overlay-gradient":""},"mobile":{"background-color":"var(--ast-global-color-5)","background-image":"","background-repeat":"repeat","background-position":"center center","background-size":"auto","background-attachment":"scroll","background-type":"","background-media":"","overlay-type":"","overlay-color":"","overlay-gradient":""}}},"product_brand":[],"product_cat":[436],"product_tag":[456,457],"class_list":{"0":"post-7821","1":"product","2":"type-product","3":"status-publish","4":"has-post-thumbnail","6":"product_cat-machines-a-rotir-les-noix","7":"product_tag-machine-a-rotir-les-pois-chiches","8":"product_tag-rotisseur-de-pois-chiches","9":"desktop-align-left","10":"tablet-align-left","11":"mobile-align-left","13":"first","14":"instock","15":"shipping-taxable","16":"product-type-simple"},"_links":{"self":[{"href":"https:\/\/machinecastle.com\/fr\/wp-json\/wp\/v2\/product\/7821","targetHints":{"allow":["GET"]}}],"collection":[{"href":"https:\/\/machinecastle.com\/fr\/wp-json\/wp\/v2\/product"}],"about":[{"href":"https:\/\/machinecastle.com\/fr\/wp-json\/wp\/v2\/types\/product"}],"wp:featuredmedia":[{"embeddable":true,"href":"https:\/\/machinecastle.com\/fr\/wp-json\/wp\/v2\/media\/7830"}],"wp:attachment":[{"href":"https:\/\/machinecastle.com\/fr\/wp-json\/wp\/v2\/media?parent=7821"}],"wp:term":[{"taxonomy":"product_brand","embeddable":true,"href":"https:\/\/machinecastle.com\/fr\/wp-json\/wp\/v2\/product_brand?post=7821"},{"taxonomy":"product_cat","embeddable":true,"href":"https:\/\/machinecastle.com\/fr\/wp-json\/wp\/v2\/product_cat?post=7821"},{"taxonomy":"product_tag","embeddable":true,"href":"https:\/\/machinecastle.com\/fr\/wp-json\/wp\/v2\/product_tag?post=7821"}],"curies":[{"name":"wp","href":"https:\/\/api.w.org\/{rel}","templated":true}]}}