{"id":7810,"date":"2021-12-28T06:41:09","date_gmt":"2021-12-28T06:41:09","guid":{"rendered":"https:\/\/machinecastle.com\/urun\/machines-de-revetement\/"},"modified":"2023-11-27T14:35:28","modified_gmt":"2023-11-27T14:35:28","slug":"machines-de-revetement","status":"publish","type":"product","link":"https:\/\/machinecastle.com\/fr\/produit\/machines-de-revetement\/","title":{"rendered":"MACHINES DE REV\u00caTEMENT"},"content":{"rendered":"<h4>Machine \u00e0 rev\u00eatement simple<\/h4>\n<p>C&rsquo;est la machine pr\u00e9f\u00e9r\u00e9e de ceux qui veulent enrober des produits tels que les pois chiches grill\u00e9s, les cacahu\u00e8tes, les amandes, les noisettes, etc. Selon que l&rsquo;on pr\u00e9f\u00e8re fabriquer des produits sal\u00e9s ou sucr\u00e9s, la machine peut \u00e9galement \u00eatre dot\u00e9e d&rsquo;une zone de chauffage. Le <strong>four chauffant<\/strong> est pr\u00e9f\u00e9r\u00e9 par ceux qui veulent faire des drag\u00e9es avec du sucre, en ce qui concerne l&rsquo;utilisation du sucre pour la <strong>caram\u00e9lisation<\/strong>. Ceux qui souhaitent fabriquer des produits sans caram\u00e9liser le sucre peuvent \u00e9galement utiliser cette machine sans chauffage.<\/p>\n<h4>Machine \u00e0 double rev\u00eatement<\/h4>\n<p>Cette machine pr\u00e9sente les m\u00eames caract\u00e9ristiques que la <strong>machine d&rsquo;enrobage \u00e0 une t\u00eate<\/strong>, mais elle est \u00e9quip\u00e9e de deux t\u00eates pour augmenter la capacit\u00e9. La plupart des entreprises pr\u00e9f\u00e8rent doubler compl\u00e8tement la capacit\u00e9 du produit et r\u00e9aliser une utilisation bas\u00e9e sur le prix\/la performance plut\u00f4t que d&rsquo;acheter une seule t\u00eate.<\/p>\n<h4>Machine d&rsquo;enduction inclinable<\/h4>\n<p>La <strong>machine d&rsquo;enrobage inclinable<\/strong> est \u00e9galement utilis\u00e9e pour effectuer le processus d&rsquo;enrobage comme une <strong>machine d&rsquo;enrobage \u00e0 t\u00eate unique<\/strong>. Toutes les caract\u00e9ristiques telles que l&rsquo;\u00e9cran tactile Plc, le chauffage ou la commande par bouton peuvent \u00eatre personnalis\u00e9es en fonction des besoins. La <strong>machine d&rsquo;enrobage inclinable<\/strong> offre \u00e0 l&rsquo;utilisateur une <strong>performance d&rsquo;enrobage<\/strong> facile puisque tout peut \u00eatre utilis\u00e9 en appuyant sur un bouton. Il suffit d&rsquo;appuyer sur un bouton pour que les produits soient enrob\u00e9s et vers\u00e9s sur un plateau mobile.<\/p>\n<p>&nbsp;<\/p>\n<p>Capacit\u00e9s disponibles :<br \/>\n50 kg\/heure<br \/>\n100 kg\/heure<br \/>\n150 kg\/heure<br \/>\n200 kg\/heure<br \/>\n250 kg\/heure<br \/>\n300 kg\/heure<br \/>\n350 kg\/heure<br \/>\n400 kg\/heure<br \/>\n450 kg\/heure<br \/>\n500 kg\/heure<\/p>\n","protected":false},"excerpt":{"rendered":"<p><iframe title=\"Lecteur vid\u00e9o YouTube\" src=\"https:\/\/www.youtube.com\/embed\/0sRoO_pAang\" width=\"560\" height=\"315\" frameborder=\"0\" allowfullscreen=\"allowfullscreen\"><\/iframe><\/p>\n<p>https:\/\/www.youtube.com\/shorts\/3UR-PZVeZho<\/p>\n<p>Mod\u00e8les disponibles :<\/p>\n<table class=\"table table-striped\">\n<tbody>\n<tr>\n<td><strong>MOD\u00c8LES<\/strong><\/td>\n<td><strong>Fonctionnalit\u00e9<\/strong><\/td>\n<\/tr>\n<\/tbody>\n<tbody>\n<tr>\n<td><strong>Machine d&rsquo;enduction<\/strong> MC-50<\/td>\n<td><strong>Tambour en chrome inoxydable, seulement rev\u00eatement<\/strong><\/td>\n<\/tr>\n<\/tbody>\n<tbody>\n<tr>\n<td><strong>Machine d&rsquo;enduction<\/strong> MC-60<\/td>\n<td><strong>Tambour en chrome inoxydable brillant, rev\u00eatement unique<\/strong><\/td>\n<\/tr>\n<\/tbody>\n<tbody>\n<tr>\n<td><strong>Machine d&rsquo;enduction<\/strong> MC-70<\/td>\n<td><strong>Tambour en chrome inoxydable, rev\u00eatement + chauffage au gaz<\/strong><\/td>\n<\/tr>\n<tr>\n<td><strong>Machine d&rsquo;enduction<\/strong> MC-80<\/td>\n<td><strong>Tambour en chrome inoxydable brillant, rev\u00eatement + chauffage au gaz<\/strong><\/td>\n<\/tr>\n<\/tbody>\n<tbody>\n<tr>\n<td><strong>Machine d&rsquo;enduction<\/strong> MC-90<\/td>\n<td><strong>Tambour en cuivre inoxydable, rev\u00eatement + chauffage au gaz<\/strong><\/td>\n<\/tr>\n<tr>\n<td><strong>Machine d&rsquo;enduction<\/strong> MC-100<\/td>\n<td><strong>Machine \u00e0 enduire inclinable (tambour chrom\u00e9) avec commande \u00e0 boutons + chauffage \u00e0 gaz<\/strong><\/td>\n<\/tr>\n<tr>\n<td><strong>Machine d&rsquo;enduction<\/strong> MC-150<\/td>\n<td><strong>Machine \u00e0 rev\u00eatir inclinable (tambour chrom\u00e9) avec contr\u00f4le par \u00e9cran tactile + chauffage au gaz<\/strong><\/td>\n<\/tr>\n<tr>\n<td>MC-160 <strong>Machine d&rsquo;enduction<\/strong><\/td>\n<td><strong>Machine d&rsquo;enrobage inclinable (tambour en cuivre) avec commande \u00e0 boutons + chauffage \u00e0 gaz<\/strong><\/td>\n<\/tr>\n<tr>\n<td>MC-170 <strong>Machine d&rsquo;enduction<\/strong><\/td>\n<td><strong>Machine d&rsquo;enrobage inclinable (tambour en cuivre) avec commande par \u00e9cran tactile + chauffage au gaz<\/strong><\/td>\n<\/tr>\n<\/tbody>\n<\/table>\n<p>Nous sommes en mesure de personnaliser nos produits en fonction de vos besoins. N&rsquo;h\u00e9sitez pas \u00e0 nous faire part de vos attentes.<\/p>\n","protected":false},"featured_media":7818,"template":"","meta":{"site-sidebar-layout":"default","site-content-layout":"default","ast-site-content-layout":"default","site-content-style":"default","site-sidebar-style":"default","ast-global-header-display":"","ast-banner-title-visibility":"","ast-main-header-display":"","ast-hfb-above-header-display":"","ast-hfb-below-header-display":"","ast-hfb-mobile-header-display":"","site-post-title":"","ast-breadcrumbs-content":"","ast-featured-img":"","footer-sml-layout":"","theme-transparent-header-meta":"default","adv-header-id-meta":"","stick-header-meta":"","header-above-stick-meta":"","header-main-stick-meta":"","header-below-stick-meta":"","astra-migrate-meta-layouts":"set","ast-page-background-enabled":"default","ast-page-background-meta":{"desktop":{"background-color":"","background-image":"","background-repeat":"repeat","background-position":"center center","background-size":"auto","background-attachment":"scroll","background-type":"","background-media":"","overlay-type":"","overlay-color":"","overlay-gradient":""},"tablet":{"background-color":"","background-image":"","background-repeat":"repeat","background-position":"center center","background-size":"auto","background-attachment":"scroll","background-type":"","background-media":"","overlay-type":"","overlay-color":"","overlay-gradient":""},"mobile":{"background-color":"","background-image":"","background-repeat":"repeat","background-position":"center center","background-size":"auto","background-attachment":"scroll","background-type":"","background-media":"","overlay-type":"","overlay-color":"","overlay-gradient":""}},"ast-content-background-meta":{"desktop":{"background-color":"var(--ast-global-color-5)","background-image":"","background-repeat":"repeat","background-position":"center center","background-size":"auto","background-attachment":"scroll","background-type":"","background-media":"","overlay-type":"","overlay-color":"","overlay-gradient":""},"tablet":{"background-color":"var(--ast-global-color-5)","background-image":"","background-repeat":"repeat","background-position":"center center","background-size":"auto","background-attachment":"scroll","background-type":"","background-media":"","overlay-type":"","overlay-color":"","overlay-gradient":""},"mobile":{"background-color":"var(--ast-global-color-5)","background-image":"","background-repeat":"repeat","background-position":"center center","background-size":"auto","background-attachment":"scroll","background-type":"","background-media":"","overlay-type":"","overlay-color":"","overlay-gradient":""}}},"product_brand":[],"product_cat":[433],"product_tag":[455,454],"class_list":{"0":"post-7810","1":"product","2":"type-product","3":"status-publish","4":"has-post-thumbnail","6":"product_cat-machines-a-revetement","7":"product_tag-machine-denrobage-dragee","8":"product_tag-machine-de-revetement","9":"desktop-align-left","10":"tablet-align-left","11":"mobile-align-left","13":"first","14":"instock","15":"shipping-taxable","16":"product-type-simple"},"_links":{"self":[{"href":"https:\/\/machinecastle.com\/fr\/wp-json\/wp\/v2\/product\/7810","targetHints":{"allow":["GET"]}}],"collection":[{"href":"https:\/\/machinecastle.com\/fr\/wp-json\/wp\/v2\/product"}],"about":[{"href":"https:\/\/machinecastle.com\/fr\/wp-json\/wp\/v2\/types\/product"}],"wp:featuredmedia":[{"embeddable":true,"href":"https:\/\/machinecastle.com\/fr\/wp-json\/wp\/v2\/media\/7818"}],"wp:attachment":[{"href":"https:\/\/machinecastle.com\/fr\/wp-json\/wp\/v2\/media?parent=7810"}],"wp:term":[{"taxonomy":"product_brand","embeddable":true,"href":"https:\/\/machinecastle.com\/fr\/wp-json\/wp\/v2\/product_brand?post=7810"},{"taxonomy":"product_cat","embeddable":true,"href":"https:\/\/machinecastle.com\/fr\/wp-json\/wp\/v2\/product_cat?post=7810"},{"taxonomy":"product_tag","embeddable":true,"href":"https:\/\/machinecastle.com\/fr\/wp-json\/wp\/v2\/product_tag?post=7810"}],"curies":[{"name":"wp","href":"https:\/\/api.w.org\/{rel}","templated":true}]}}