{"id":7799,"date":"2021-12-27T11:11:05","date_gmt":"2021-12-27T11:11:05","guid":{"rendered":"https:\/\/machinecastle.com\/urun\/moulin-a-cafe\/"},"modified":"2025-01-17T06:57:35","modified_gmt":"2025-01-17T06:57:35","slug":"moulin-a-cafe","status":"publish","type":"product","link":"https:\/\/machinecastle.com\/fr\/produit\/moulin-a-cafe\/","title":{"rendered":"MOULIN \u00c0 CAF\u00c9"},"content":{"rendered":"<p>Des <strong>machines \u00e0 moudre le caf\u00e9<\/strong>sont disponibles \u00e0 partir de 10 kg\/heure jusqu&rsquo;\u00e0 120 kg\/heure. Faites-nous part de vos besoins en mati\u00e8re de capacit\u00e9.<\/p>\n<p>Les <strong>moulins \u00e0 caf\u00e9<\/strong>peuvent \u00eatre produits en fonction des besoins de capacit\u00e9 souhait\u00e9s. Des options de couleur sont disponibles. Les <strong>moulins \u00e0 caf\u00e9<\/strong>permettent d&rsquo;obtenir tous les types de caf\u00e9 \u00e0 partir du <strong>caf\u00e9 moulu<\/strong>. Des options telles que l&rsquo;espresso, le caf\u00e9 filtre, le caf\u00e9 turc et bien d&rsquo;autres sont disponibles. Gr\u00e2ce \u00e0 sa t\u00eate de lame r\u00e9glable, vous pouvez obtenir votre <strong>caf\u00e9 moulu<\/strong> avec la taille de niveau souhait\u00e9e. Apr\u00e8s avoir \u00e9t\u00e9 <strong>torr\u00e9fi\u00e9<\/strong>, le caf\u00e9 doit passer par ces moulins pour \u00eatre moulu. Le produit est saisi manuellement et le <strong>caf\u00e9 moulu<\/strong> est vers\u00e9 dans la <strong>tr\u00e9mie<\/strong> situ\u00e9e devant la sortie. Le <strong>moulin<\/strong> est donc un \u00e9l\u00e9ment indispensable du processus de transformation du caf\u00e9. Nous avons \u00e9galement des options de machines qui incluent d&rsquo;autres processus de caf\u00e9, que nous appelons la <strong>torr\u00e9faction du caf\u00e9<\/strong>, l&rsquo;<strong>\u00e9puration<\/strong> (pierre, extracteur de fer) et le <strong>post-br\u00fblage<\/strong> (combustion en chemin\u00e9e). Tous nos produits poss\u00e8dent les certificats de qualification et de comp\u00e9tence ISO 9001, TSE, CE, CSA.<\/p>\n","protected":false},"excerpt":{"rendered":"<p><iframe title=\"Lecteur vid\u00e9o YouTube\" src=\"https:\/\/www.youtube.com\/embed\/sfSwuQk0uEI\" width=\"560\" height=\"315\" frameborder=\"0\" allowfullscreen=\"allowfullscreen\"><\/iframe><\/p>\n<p>https:\/\/youtube.com\/shorts\/YDUSwOL0o8A?si=SPzS61DotAOU2cny<\/p>\n<p><iframe title=\"Lecteur vid\u00e9o YouTube\" src=\"https:\/\/www.youtube.com\/embed\/cDqYDUMKdMM\" width=\"560\" height=\"315\" frameborder=\"0\" allowfullscreen=\"allowfullscreen\"><\/iframe><br \/>\n<strong>Taille ajustable pour tout type de caf\u00e9 !<\/strong><\/p>\n<table class=\"table table-striped\">\n<tbody>\n<tr>\n<td>Longueur<\/td>\n<td>450 mm<\/td>\n<\/tr>\n<tr>\n<td>Largeur<\/td>\n<td>250 mm<\/td>\n<\/tr>\n<tr>\n<td>Hauteur<\/td>\n<td>900 mm<\/td>\n<\/tr>\n<tr>\n<td>Poids<\/td>\n<td>49 Kg<\/td>\n<\/tr>\n<tr>\n<td>L&rsquo;\u00e9lectricit\u00e9<\/td>\n<td>1.1 Kw<\/td>\n<\/tr>\n<tr>\n<td>Moteur<\/td>\n<td>1400W<\/td>\n<\/tr>\n<\/tbody>\n<\/table>\n<p>Moulin \u00e0 caf\u00e9, Machine \u00e0 moudre le caf\u00e9, Moulin \u00e0 caf\u00e9 <strong>industriel<\/strong>, Moulin \u00e0 caf\u00e9 de magasin, Machine \u00e0 moudre le caf\u00e9, Moudre les grains de caf\u00e9 avec un moulin, Machine \u00e0 moudre l&rsquo;espresso, <strong>Moulin \u00e0 caf\u00e9 turc<\/strong>, Moulin \u00e0 caf\u00e9 <strong>filtre<\/strong>, Moulin \u00e0 caf\u00e9, Moulin \u00e0 caf\u00e9 noir<\/p>\n","protected":false},"featured_media":7801,"template":"","meta":{"site-sidebar-layout":"default","site-content-layout":"default","ast-site-content-layout":"default","site-content-style":"default","site-sidebar-style":"default","ast-global-header-display":"","ast-banner-title-visibility":"","ast-main-header-display":"","ast-hfb-above-header-display":"","ast-hfb-below-header-display":"","ast-hfb-mobile-header-display":"","site-post-title":"","ast-breadcrumbs-content":"","ast-featured-img":"","footer-sml-layout":"","theme-transparent-header-meta":"default","adv-header-id-meta":"","stick-header-meta":"","header-above-stick-meta":"","header-main-stick-meta":"","header-below-stick-meta":"","astra-migrate-meta-layouts":"set","ast-page-background-enabled":"default","ast-page-background-meta":{"desktop":{"background-color":"","background-image":"","background-repeat":"repeat","background-position":"center center","background-size":"auto","background-attachment":"scroll","background-type":"","background-media":"","overlay-type":"","overlay-color":"","overlay-gradient":""},"tablet":{"background-color":"","background-image":"","background-repeat":"repeat","background-position":"center center","background-size":"auto","background-attachment":"scroll","background-type":"","background-media":"","overlay-type":"","overlay-color":"","overlay-gradient":""},"mobile":{"background-color":"","background-image":"","background-repeat":"repeat","background-position":"center center","background-size":"auto","background-attachment":"scroll","background-type":"","background-media":"","overlay-type":"","overlay-color":"","overlay-gradient":""}},"ast-content-background-meta":{"desktop":{"background-color":"var(--ast-global-color-5)","background-image":"","background-repeat":"repeat","background-position":"center center","background-size":"auto","background-attachment":"scroll","background-type":"","background-media":"","overlay-type":"","overlay-color":"","overlay-gradient":""},"tablet":{"background-color":"var(--ast-global-color-5)","background-image":"","background-repeat":"repeat","background-position":"center center","background-size":"auto","background-attachment":"scroll","background-type":"","background-media":"","overlay-type":"","overlay-color":"","overlay-gradient":""},"mobile":{"background-color":"var(--ast-global-color-5)","background-image":"","background-repeat":"repeat","background-position":"center center","background-size":"auto","background-attachment":"scroll","background-type":"","background-media":"","overlay-type":"","overlay-color":"","overlay-gradient":""}}},"product_brand":[],"product_cat":[434],"product_tag":[453,452],"class_list":{"0":"post-7799","1":"product","2":"type-product","3":"status-publish","4":"has-post-thumbnail","6":"product_cat-torrefacteurs-et-moulins-a-cafe","7":"product_tag-broyeur","8":"product_tag-moulin-a-cafe","9":"desktop-align-left","10":"tablet-align-left","11":"mobile-align-left","13":"first","14":"instock","15":"shipping-taxable","16":"product-type-simple"},"_links":{"self":[{"href":"https:\/\/machinecastle.com\/fr\/wp-json\/wp\/v2\/product\/7799","targetHints":{"allow":["GET"]}}],"collection":[{"href":"https:\/\/machinecastle.com\/fr\/wp-json\/wp\/v2\/product"}],"about":[{"href":"https:\/\/machinecastle.com\/fr\/wp-json\/wp\/v2\/types\/product"}],"wp:featuredmedia":[{"embeddable":true,"href":"https:\/\/machinecastle.com\/fr\/wp-json\/wp\/v2\/media\/7801"}],"wp:attachment":[{"href":"https:\/\/machinecastle.com\/fr\/wp-json\/wp\/v2\/media?parent=7799"}],"wp:term":[{"taxonomy":"product_brand","embeddable":true,"href":"https:\/\/machinecastle.com\/fr\/wp-json\/wp\/v2\/product_brand?post=7799"},{"taxonomy":"product_cat","embeddable":true,"href":"https:\/\/machinecastle.com\/fr\/wp-json\/wp\/v2\/product_cat?post=7799"},{"taxonomy":"product_tag","embeddable":true,"href":"https:\/\/machinecastle.com\/fr\/wp-json\/wp\/v2\/product_tag?post=7799"}],"curies":[{"name":"wp","href":"https:\/\/api.w.org\/{rel}","templated":true}]}}