{"id":7783,"date":"2021-12-24T13:23:03","date_gmt":"2021-12-24T13:23:03","guid":{"rendered":"https:\/\/machinecastle.com\/urun\/machine-a-broyer-les-poudres\/"},"modified":"2023-11-27T14:28:37","modified_gmt":"2023-11-27T14:28:37","slug":"machine-a-broyer-les-poudres","status":"publish","type":"product","link":"https:\/\/machinecastle.com\/fr\/produit\/machine-a-broyer-les-poudres\/","title":{"rendered":"MACHINE \u00c0 BROYER LES POUDRES"},"content":{"rendered":"<p>La <strong>machine \u00e0 broyer<\/strong> les noix et les \u00e9pices est con\u00e7ue pour ceux qui veulent broyer leurs produits et les transformer en <strong>poudre<\/strong>. L&rsquo;avantage de cette <strong>machine<\/strong> est que l&rsquo;utilisateur peut l&rsquo;utiliser pour tous les types de noix et d&rsquo;\u00e9pices. Gr\u00e2ce \u00e0 la <strong>puissance de son moteur de<\/strong> 28 000 tr\/min, les noix huileuses telles que les <strong>amandes, les noisettes, les cacahu\u00e8tes<\/strong> ou les noix de cajou peuvent \u00eatre <strong>broy\u00e9es<\/strong> instantan\u00e9ment. Cette machine peut \u00e9galement \u00eatre utilis\u00e9e pour broyer tous les types d&rsquo;<strong>\u00e9pices<\/strong>. Sur demande, un r\u00e9gulateur de vitesse peut \u00e9galement \u00eatre ajout\u00e9 pour la vitesse de rotation du moteur. Construction enti\u00e8rement en <strong>acier inoxydable<\/strong> pour une machine robuste et durable. Le couvercle en polycarbonate, le bol et les lames de couteau <strong>en acier inoxydable de haute qualit\u00e9<\/strong> garantissent l&rsquo;hygi\u00e8ne.<\/p>\n","protected":false},"excerpt":{"rendered":"<p><iframe title=\"Lecteur vid\u00e9o YouTube\" src=\"https:\/\/www.youtube.com\/embed\/tIdA4otTZKo\" width=\"560\" height=\"315\" frameborder=\"0\" allowfullscreen=\"allowfullscreen\"><\/iframe><br \/>\n<iframe title=\"Lecteur vid\u00e9o YouTube\" src=\"https:\/\/www.youtube.com\/embed\/mlcAvIEhwds\" width=\"560\" height=\"315\" frameborder=\"0\" allowfullscreen=\"allowfullscreen\"><\/iframe><\/p>\n<table class=\"table table-striped\">\n<tbody>\n<tr>\n<td>Vitesse de rotation<\/td>\n<td>Jusqu&rsquo;\u00e0 28 000 tours\/minute (vitesse r\u00e9glable avec le r\u00e9gulateur de vitesse)<\/td>\n<\/tr>\n<tr>\n<td>Puissance<\/td>\n<td>0,37 kw par heure<\/td>\n<\/tr>\n<tr>\n<td>Capacit\u00e9<\/td>\n<td>1500 Grammes (Pour une plus grande capacit\u00e9, veuillez nous contacter)<\/td>\n<\/tr>\n<tr>\n<td>Poids<\/td>\n<td>18 Kg<\/td>\n<\/tr>\n<tr>\n<td>L&rsquo;\u00e9lectricit\u00e9<\/td>\n<td>Tension 220V 50\/60 Hz<\/td>\n<\/tr>\n<\/tbody>\n<\/table>\n","protected":false},"featured_media":7791,"template":"","meta":{"site-sidebar-layout":"default","site-content-layout":"default","ast-site-content-layout":"default","site-content-style":"default","site-sidebar-style":"default","ast-global-header-display":"","ast-banner-title-visibility":"","ast-main-header-display":"","ast-hfb-above-header-display":"","ast-hfb-below-header-display":"","ast-hfb-mobile-header-display":"","site-post-title":"","ast-breadcrumbs-content":"","ast-featured-img":"","footer-sml-layout":"","theme-transparent-header-meta":"default","adv-header-id-meta":"","stick-header-meta":"","header-above-stick-meta":"","header-main-stick-meta":"","header-below-stick-meta":"","astra-migrate-meta-layouts":"set","ast-page-background-enabled":"default","ast-page-background-meta":{"desktop":{"background-color":"","background-image":"","background-repeat":"repeat","background-position":"center center","background-size":"auto","background-attachment":"scroll","background-type":"","background-media":"","overlay-type":"","overlay-color":"","overlay-gradient":""},"tablet":{"background-color":"","background-image":"","background-repeat":"repeat","background-position":"center center","background-size":"auto","background-attachment":"scroll","background-type":"","background-media":"","overlay-type":"","overlay-color":"","overlay-gradient":""},"mobile":{"background-color":"","background-image":"","background-repeat":"repeat","background-position":"center center","background-size":"auto","background-attachment":"scroll","background-type":"","background-media":"","overlay-type":"","overlay-color":"","overlay-gradient":""}},"ast-content-background-meta":{"desktop":{"background-color":"var(--ast-global-color-5)","background-image":"","background-repeat":"repeat","background-position":"center center","background-size":"auto","background-attachment":"scroll","background-type":"","background-media":"","overlay-type":"","overlay-color":"","overlay-gradient":""},"tablet":{"background-color":"var(--ast-global-color-5)","background-image":"","background-repeat":"repeat","background-position":"center center","background-size":"auto","background-attachment":"scroll","background-type":"","background-media":"","overlay-type":"","overlay-color":"","overlay-gradient":""},"mobile":{"background-color":"var(--ast-global-color-5)","background-image":"","background-repeat":"repeat","background-position":"center center","background-size":"auto","background-attachment":"scroll","background-type":"","background-media":"","overlay-type":"","overlay-color":"","overlay-gradient":""}}},"product_brand":[],"product_cat":[439],"product_tag":[451],"class_list":{"0":"post-7783","1":"product","2":"type-product","3":"status-publish","4":"has-post-thumbnail","6":"product_cat-rectifieuse-de-poudre","7":"product_tag-machine-a-broyer-les-poudres","8":"desktop-align-left","9":"tablet-align-left","10":"mobile-align-left","12":"first","13":"instock","14":"shipping-taxable","15":"product-type-simple"},"_links":{"self":[{"href":"https:\/\/machinecastle.com\/fr\/wp-json\/wp\/v2\/product\/7783","targetHints":{"allow":["GET"]}}],"collection":[{"href":"https:\/\/machinecastle.com\/fr\/wp-json\/wp\/v2\/product"}],"about":[{"href":"https:\/\/machinecastle.com\/fr\/wp-json\/wp\/v2\/types\/product"}],"wp:featuredmedia":[{"embeddable":true,"href":"https:\/\/machinecastle.com\/fr\/wp-json\/wp\/v2\/media\/7791"}],"wp:attachment":[{"href":"https:\/\/machinecastle.com\/fr\/wp-json\/wp\/v2\/media?parent=7783"}],"wp:term":[{"taxonomy":"product_brand","embeddable":true,"href":"https:\/\/machinecastle.com\/fr\/wp-json\/wp\/v2\/product_brand?post=7783"},{"taxonomy":"product_cat","embeddable":true,"href":"https:\/\/machinecastle.com\/fr\/wp-json\/wp\/v2\/product_cat?post=7783"},{"taxonomy":"product_tag","embeddable":true,"href":"https:\/\/machinecastle.com\/fr\/wp-json\/wp\/v2\/product_tag?post=7783"}],"curies":[{"name":"wp","href":"https:\/\/api.w.org\/{rel}","templated":true}]}}