{"id":7775,"date":"2021-12-16T14:52:19","date_gmt":"2021-12-16T14:52:19","guid":{"rendered":"https:\/\/machinecastle.com\/urun\/machines-de-torrefaction-rotatives\/"},"modified":"2025-04-25T12:35:24","modified_gmt":"2025-04-25T12:35:24","slug":"machines-de-torrefaction-rotatives","status":"publish","type":"product","link":"https:\/\/machinecastle.com\/fr\/produit\/machines-de-torrefaction-rotatives\/","title":{"rendered":"MACHINES DE TORR\u00c9FACTION ROTATIVES"},"content":{"rendered":"<h2>MACHINE DE TORR\u00c9FACTION ROTATIVE<\/h2>\n<p>Les <strong>torr\u00e9facteurs rotatifs<\/strong>grillent les noix avec du sel chauff\u00e9 dans un tambour rotatif. Il est g\u00e9n\u00e9ralement utilis\u00e9 pour la torr\u00e9faction de produits tels que les pistaches, les amandes, les graines de citrouille, les graines de past\u00e8que, les noix enrob\u00e9es. Apr\u00e8s avoir <strong>grill\u00e9 les noix<\/strong>, la machine les d\u00e9verse devant le tamis. La machine est \u00e9quip\u00e9e d&rsquo;un <strong>cyclone de d\u00e9poussi\u00e9rage<\/strong> fonctionnant avec un syst\u00e8me de ventilation. Les d\u00e9chets et les particules ind\u00e9sirables des noix pendant la <strong>torr\u00e9faction<\/strong> sont absorb\u00e9s par un syst\u00e8me de ventilation dans le <strong>syclone<\/strong>. Il peut produire de 50 kg\/heure \u00e0 500 kg\/heure de produits. Cette machine est g\u00e9n\u00e9ralement utilis\u00e9e manuellement. Il dispose de deux paniers \u00e0 bras perfor\u00e9s et non perfor\u00e9s, qui sont utilis\u00e9s pour le processus de d\u00e9chargement des produits. Le <strong>br\u00fbleur est tr\u00e8s performant<\/strong>. Les options de carburant comprennent le gaz, le GPL et le diesel. Tous nos produits poss\u00e8dent les certificats de qualification et de comp\u00e9tence ISO 9001, TSE, CE, CSA. Les dimensions fournies ci-dessous concernent l&rsquo;ensemble complet comprenant le tamis et le syclone.<\/p>\n<p>&nbsp;<\/p>\n<table class=\"table table-striped\">\n<tbody>\n<tr>\n<td><strong>MOD\u00c8LE<\/strong><\/td>\n<td><strong>CONSOMMATIONS <\/strong><\/td>\n<\/tr>\n<tr>\n<td><strong>Machine \u00e0 griller rotative<\/strong> MC-R-90<\/td>\n<td>Taille : 2250x2200x2250 mm, Poids : 1200 Kg, Electrique : 3,8 Kw, Gaz : 8 m\u00b3\/h<\/td>\n<\/tr>\n<tr>\n<td><strong>Machine \u00e0 griller rotative<\/strong> MC-R-180<\/td>\n<td>Taille : 2280x2400x2650 mm, Poids : 1600 Kg, Electrique : 4,2 Kw, Gaz : 8 m\u00b3\/h<\/td>\n<\/tr>\n<tr>\n<td><strong>Machine \u00e0 griller rotative<\/strong> MC-R-280<\/td>\n<td>Taille : 2650x3000x3250 mm, Poids : 2300 Kg, Electrique : 4,7 Kw, Gaz : 15 m\u00b3\/h<\/td>\n<\/tr>\n<\/tbody>\n<\/table>\n<h2>MACHINE DE TORR\u00c9FACTION POUR LES SUCCESSIONS<\/h2>\n<p>Les <strong>machines \u00e0 griller<\/strong>les noix grillent les noix dans un tambour rotatif. Il est g\u00e9n\u00e9ralement utilis\u00e9 pour la torr\u00e9faction de produits tels que les pistaches, les amandes, les graines de citrouille, les graines de past\u00e8que. Apr\u00e8s avoir <strong>torr\u00e9fi\u00e9 les noix<\/strong>, la machine les d\u00e9verse dans la machine de refroidissement qui est attach\u00e9e au torr\u00e9facteur. La machine est \u00e9quip\u00e9e d&rsquo;un <strong>cyclone de d\u00e9poussi\u00e9rage<\/strong> fonctionnant avec un syst\u00e8me de ventilation. Les d\u00e9chets et les particules ind\u00e9sirables des noix pendant la <strong>torr\u00e9faction<\/strong> sont absorb\u00e9s par un syst\u00e8me de ventilation dans le <strong>syclone<\/strong>. Il peut produire de 50 kg\/heure \u00e0 500 kg\/heure de produits, en fonction des besoins de capacit\u00e9 de nos clients. Il dispose d&rsquo;une fen\u00eatre de contr\u00f4le du produit, d&rsquo;une fen\u00eatre d&rsquo;entr\u00e9e du produit, d&rsquo;une cuill\u00e8re de contr\u00f4le de la qualit\u00e9 de la torr\u00e9faction et d&rsquo;une fen\u00eatre de contr\u00f4le de la flamme. Le <strong>br\u00fbleur est tr\u00e8s performant<\/strong>. Les options de carburant comprennent le gaz, le GPL et le diesel. Tous nos produits poss\u00e8dent les certificats de qualification et de comp\u00e9tence ISO 9001, TSE, CE, CSA.<\/p>\n","protected":false},"excerpt":{"rendered":"<p><iframe title=\"Lecteur vid\u00e9o YouTube\" src=\"https:\/\/www.youtube.com\/embed\/bbpnGMDn6zI\" width=\"560\" height=\"315\" frameborder=\"0\" allowfullscreen=\"allowfullscreen\"><span data-mce-type=\"bookmark\" style=\"display: inline-block; width: 0px; overflow: hidden; line-height: 0;\" class=\"mce_SELRES_start\">\ufeff<\/span><\/iframe><br \/>\n<iframe title=\"Lecteur vid\u00e9o YouTube\" src=\"https:\/\/www.youtube.com\/embed\/9S5NBpj8O5U\" width=\"560\" height=\"315\" frameborder=\"0\" allowfullscreen=\"allowfullscreen\"><\/iframe><\/p>\n<p>Mod\u00e8les de capacit\u00e9 disponibles :<\/p>\n<p>&nbsp;<\/p>\n<table class=\"table table-striped\" style=\"height: 284px;\" width=\"814\">\n<tbody>\n<tr>\n<td><strong>MOD\u00c8LES<\/strong><\/td>\n<td><strong>CAPACIT\u00c9S<\/strong><\/td>\n<\/tr>\n<\/tbody>\n<tbody>\n<tr>\n<td><strong>Machine \u00e0 griller rotative<\/strong> MC-R-90<\/td>\n<td>50-90 Kg\/h<\/td>\n<\/tr>\n<\/tbody>\n<tbody>\n<tr>\n<td><strong>Machine \u00e0 griller rotative<\/strong> MC-R-180<\/td>\n<td>90-180 Kg\/h<\/td>\n<\/tr>\n<\/tbody>\n<tbody>\n<tr>\n<td><strong>Machine \u00e0 griller rotative<\/strong> MC-R-280<\/td>\n<td>140-280 Kg\/h<\/td>\n<\/tr>\n<\/tbody>\n<tbody>\n<tr>\n<td><strong>Machine \u00e0 griller les probates <\/strong>(selon la capacit\u00e9 demand\u00e9e)<\/td>\n<td>50-500 Kg\/h<\/td>\n<\/tr>\n<\/tbody>\n<\/table>\n","protected":false},"featured_media":7777,"template":"","meta":{"site-sidebar-layout":"default","site-content-layout":"default","ast-site-content-layout":"default","site-content-style":"default","site-sidebar-style":"default","ast-global-header-display":"","ast-banner-title-visibility":"","ast-main-header-display":"","ast-hfb-above-header-display":"","ast-hfb-below-header-display":"","ast-hfb-mobile-header-display":"","site-post-title":"","ast-breadcrumbs-content":"","ast-featured-img":"","footer-sml-layout":"","theme-transparent-header-meta":"default","adv-header-id-meta":"","stick-header-meta":"","header-above-stick-meta":"","header-main-stick-meta":"","header-below-stick-meta":"","astra-migrate-meta-layouts":"set","ast-page-background-enabled":"default","ast-page-background-meta":{"desktop":{"background-color":"","background-image":"","background-repeat":"repeat","background-position":"center center","background-size":"auto","background-attachment":"scroll","background-type":"","background-media":"","overlay-type":"","overlay-color":"","overlay-gradient":""},"tablet":{"background-color":"","background-image":"","background-repeat":"repeat","background-position":"center center","background-size":"auto","background-attachment":"scroll","background-type":"","background-media":"","overlay-type":"","overlay-color":"","overlay-gradient":""},"mobile":{"background-color":"","background-image":"","background-repeat":"repeat","background-position":"center center","background-size":"auto","background-attachment":"scroll","background-type":"","background-media":"","overlay-type":"","overlay-color":"","overlay-gradient":""}},"ast-content-background-meta":{"desktop":{"background-color":"var(--ast-global-color-5)","background-image":"","background-repeat":"repeat","background-position":"center center","background-size":"auto","background-attachment":"scroll","background-type":"","background-media":"","overlay-type":"","overlay-color":"","overlay-gradient":""},"tablet":{"background-color":"var(--ast-global-color-5)","background-image":"","background-repeat":"repeat","background-position":"center center","background-size":"auto","background-attachment":"scroll","background-type":"","background-media":"","overlay-type":"","overlay-color":"","overlay-gradient":""},"mobile":{"background-color":"var(--ast-global-color-5)","background-image":"","background-repeat":"repeat","background-position":"center center","background-size":"auto","background-attachment":"scroll","background-type":"","background-media":"","overlay-type":"","overlay-color":"","overlay-gradient":""}}},"product_brand":[],"product_cat":[436],"product_tag":[450,449],"class_list":{"0":"post-7775","1":"product","2":"type-product","3":"status-publish","4":"has-post-thumbnail","6":"product_cat-machines-a-rotir-les-noix","7":"product_tag-machine-de-torrefaction-a-tambour","8":"product_tag-machine-de-torrefaction-rotative","9":"desktop-align-left","10":"tablet-align-left","11":"mobile-align-left","13":"first","14":"instock","15":"shipping-taxable","16":"product-type-simple"},"_links":{"self":[{"href":"https:\/\/machinecastle.com\/fr\/wp-json\/wp\/v2\/product\/7775","targetHints":{"allow":["GET"]}}],"collection":[{"href":"https:\/\/machinecastle.com\/fr\/wp-json\/wp\/v2\/product"}],"about":[{"href":"https:\/\/machinecastle.com\/fr\/wp-json\/wp\/v2\/types\/product"}],"wp:featuredmedia":[{"embeddable":true,"href":"https:\/\/machinecastle.com\/fr\/wp-json\/wp\/v2\/media\/7777"}],"wp:attachment":[{"href":"https:\/\/machinecastle.com\/fr\/wp-json\/wp\/v2\/media?parent=7775"}],"wp:term":[{"taxonomy":"product_brand","embeddable":true,"href":"https:\/\/machinecastle.com\/fr\/wp-json\/wp\/v2\/product_brand?post=7775"},{"taxonomy":"product_cat","embeddable":true,"href":"https:\/\/machinecastle.com\/fr\/wp-json\/wp\/v2\/product_cat?post=7775"},{"taxonomy":"product_tag","embeddable":true,"href":"https:\/\/machinecastle.com\/fr\/wp-json\/wp\/v2\/product_tag?post=7775"}],"curies":[{"name":"wp","href":"https:\/\/api.w.org\/{rel}","templated":true}]}}