{"id":7690,"date":"2021-12-16T11:55:26","date_gmt":"2021-12-16T11:55:26","guid":{"rendered":"https:\/\/machinecastle.com\/urun\/machines-a-torrefier-le-cafe\/"},"modified":"2024-12-30T07:50:04","modified_gmt":"2024-12-30T07:50:04","slug":"machines-a-torrefier-le-cafe","status":"publish","type":"product","link":"https:\/\/machinecastle.com\/fr\/produit\/machines-a-torrefier-le-cafe\/","title":{"rendered":"MACHINE \u00c0 TORR\u00c9FIER LE CAF\u00c9"},"content":{"rendered":"<p>Machine Castle est le producteur de machine \u00e0 torr\u00e9fier le caf\u00e9 de haute qualit\u00e9 qui se distinguent par leur qualit\u00e9, leur apparence et leurs fonctionnalit\u00e9s. Gr\u00e2ce \u00e0 son haut niveau de qualit\u00e9 et \u00e0 la disponibilit\u00e9 constante de son \u00e9quipe d&rsquo;assistance, Machine Castle est l&rsquo;une des premi\u00e8res marques de torr\u00e9facteurs de caf\u00e9. Nos torr\u00e9facteurs sont fi\u00e8rement con\u00e7us et fabriqu\u00e9s en TURQUIE et sont faits pour durer avec des mat\u00e9riaux durables. Machine Castle fournit les outils n\u00e9cessaires pour atteindre un niveau de qualit\u00e9 sup\u00e9rieur dans votre entreprise de caf\u00e9. Lorsque vous commencez \u00e0 torr\u00e9fier votre propre caf\u00e9, vous pouvez contr\u00f4ler les profils d&rsquo;ar\u00f4mes et d&rsquo;autres outils personnalis\u00e9s qui peuvent distinguer le produit de votre entreprise des autres. Bien s\u00fbr, la torr\u00e9faction du caf\u00e9 est aussi un grand th\u00e9\u00e2tre qui am\u00e9liore l&rsquo;atmosph\u00e8re de n&rsquo;importe quel environnement. Con\u00e7us et fabriqu\u00e9s en Turquie, ces torr\u00e9facteurs ont \u00e9t\u00e9 d\u00e9velopp\u00e9s pour r\u00e9pondre aux exigences d&rsquo;un march\u00e9 de la torr\u00e9faction du caf\u00e9 de sp\u00e9cialit\u00e9 en constante \u00e9volution et dot\u00e9 d&rsquo;une technologie de pointe.<\/p>\n<h2><strong>Ce que vous pouvez avoir avec le ch\u00e2teau de la machine<br \/>\n<\/strong><\/h2>\n<table>\n<tbody>\n<tr>\n<td>-Cuill\u00e8re de contr\u00f4le du produit et verre d&rsquo;observation<br \/>\n-Cyclone de d\u00e9poussi\u00e9rage<br \/>\n-Griller et refroidir en m\u00eame temps<br \/>\n-Syst\u00e8me de refroidissement et de ventilation \u00e0 haute capacit\u00e9<br \/>\n-Syst\u00e8me de s\u00e9curit\u00e9 pour le refroidissement et la torr\u00e9faction<br \/>\n-Indicateur de chaleur et observation de la flamme<br \/>\n-Torr\u00e9faction contr\u00f4l\u00e9e par ordinateur<br \/>\n-Syst\u00e8me de sauvegarde des recettes<br \/>\n-C\u00e2bles certifi\u00e9s UL<br \/>\n-Pi\u00e8ces \u00e9lectriques Siemens, Schneider, Delta<br \/>\n-La torr\u00e9faction artisanale et le syst\u00e8me Cropster peuvent \u00eatre appliqu\u00e9s.<br \/>\n-Syst\u00e8me automatique et contr\u00f4l\u00e9 par Manuel<br \/>\n-Contr\u00f4le de l&rsquo;\u00e9cran tactile de l&rsquo;automate<br \/>\n15-18 minutes &#8211; Vitesses de r\u00f4tissage par lots<br \/>\n-Tambour \u00e0 double paroi hautement isol\u00e9 thermiquement<br \/>\n-Cyclone pour la collecte des cosses et des particules ind\u00e9sirables<br \/>\n-Alimentation en air avec le distributeur de caf\u00e9 \u00e0 air phonomatique (en option)<br \/>\n-Connexion au PC par c\u00e2ble USB<br \/>\n-Vitesse du tambour de torr\u00e9faction, niveaux de flamme, temps de torr\u00e9faction et temps de refroidissement du caf\u00e9, enregistrement du graphique du caf\u00e9 pendant la torr\u00e9faction avec les param\u00e8tres et le temps de torr\u00e9faction.<br \/>\n-4 ans de garantie et assistance illimit\u00e9e 7\/24 \u00e0 vie<\/td>\n<\/tr>\n<\/tbody>\n<\/table>\n<p>&nbsp;<\/p>\n<h2><em>D\u00e9tails techniques :<\/em><\/h2>\n<style>#sp-ea-8173 .spcollapsing { height: 0; overflow: hidden; transition-property: height;transition-duration: 300ms;}#sp-ea-8173.sp-easy-accordion>.sp-ea-single {margin-bottom: 10px; border: 1px solid #e2e2e2; }#sp-ea-8173.sp-easy-accordion>.sp-ea-single>.ea-header a {color: #444;}#sp-ea-8173.sp-easy-accordion>.sp-ea-single>.sp-collapse>.ea-body {background: #fff; color: #444;}#sp-ea-8173.sp-easy-accordion>.sp-ea-single {background: #eee;}#sp-ea-8173.sp-easy-accordion>.sp-ea-single>.ea-header a .ea-expand-icon { float: left; color: #444;font-size: 16px;}<\/style><div id=\"sp_easy_accordion-1701155709\"><div id=\"sp-ea-8173\" class=\"sp-ea-one sp-easy-accordion\" data-ea-active=\"ea-click\" data-ea-mode=\"vertical\" data-preloader=\"\" data-scroll-active-item=\"\" data-offset-to-scroll=\"0\"><div class=\"ea-card ea-expand sp-ea-single\"><h3 class=\"ea-header\"><a class=\"collapsed\" id=\"ea-header-81730\" role=\"button\" data-sptoggle=\"spcollapse\" data-sptarget=\"#collapse81730\" aria-controls=\"collapse81730\" href=\"#\" aria-expanded=\"true\" tabindex=\"0\"><i aria-hidden=\"true\" role=\"presentation\" class=\"ea-expand-icon eap-icon-ea-expand-minus\"><\/i> MACHINE \u00c0 TORR\u00c9FIER MC-K-2 (2 Kg\/Lot)<\/a><\/h3><div class=\"sp-collapse spcollapse collapsed show\" id=\"collapse81730\" data-parent=\"#sp-ea-8173\" role=\"region\" aria-labelledby=\"ea-header-81730\"> <div class=\"ea-body\"><p>Ce torr\u00e9facteur de caf\u00e9, qui peut torr\u00e9fier 2 kg de grains de caf\u00e9 \u00e0 la fois, est dot\u00e9 d'une isolation thermique de haute qualit\u00e9 pour une exp\u00e9rience de torr\u00e9faction sp\u00e9ciale. Ce torr\u00e9facteur de caf\u00e9 est devenu le torr\u00e9facteur le plus populaire parmi les caf\u00e9s et les amateurs de caf\u00e9 du monde entier. Gr\u00e2ce au logiciel de torr\u00e9faction, votre profil de torr\u00e9faction et votre processus de production de caf\u00e9 sont enti\u00e8rement sous contr\u00f4le. Nos torr\u00e9facteurs de caf\u00e9, qui disposent de fonctions de refroidissement rapide et d'\u00e9conomie de carburant, ont toujours \u00e9t\u00e9 conviviaux et ont une structure facile \u00e0 utiliser. Les options de type de carburant sont disponibles en \u00e9lectrique, gaz, GPL et diesel.<\/p><p>Longueur 1200 mm<br \/>Largeur 880 mm<br \/>Hauteur 1100mm<br \/>\u00c9lectricit\u00e9 Consommation (pi\u00e8ces mobiles+chauffage) 3,6 Kw<br \/>Gaz Consommation -<\/p><\/div><\/div><\/div><div class=\"ea-card sp-ea-single\"><h3 class=\"ea-header\"><a class=\"collapsed\" id=\"ea-header-81731\" role=\"button\" data-sptoggle=\"spcollapse\" data-sptarget=\"#collapse81731\" aria-controls=\"collapse81731\" href=\"#\" aria-expanded=\"false\" tabindex=\"0\"><i aria-hidden=\"true\" role=\"presentation\" class=\"ea-expand-icon eap-icon-ea-expand-plus\"><\/i> MACHINE \u00c0 TORR\u00c9FIER MC-K-5 (5 Kg\/Lot)<\/a><\/h3><div class=\"sp-collapse spcollapse \" id=\"collapse81731\" data-parent=\"#sp-ea-8173\" role=\"region\" aria-labelledby=\"ea-header-81731\"> <div class=\"ea-body\"><p>Longueur 1690 mm<br \/>Largeur 1300 mm<br \/>Hauteur 1700 mm<br \/>\u00c9lectricit\u00e9 Consommation (pi\u00e8ces mobiles + chauffage) 1,6 + 5,1 Kw<br \/>Gaz Consommation 2,20 m\u00b3\/h<\/p><\/div><\/div><\/div><div class=\"ea-card sp-ea-single\"><h3 class=\"ea-header\"><a class=\"collapsed\" id=\"ea-header-81732\" role=\"button\" data-sptoggle=\"spcollapse\" data-sptarget=\"#collapse81732\" aria-controls=\"collapse81732\" href=\"#\" aria-expanded=\"false\" tabindex=\"0\"><i aria-hidden=\"true\" role=\"presentation\" class=\"ea-expand-icon eap-icon-ea-expand-plus\"><\/i> MACHINE \u00c0 TORR\u00c9FIER MC-K-10 (10 Kg\/Lot)<\/a><\/h3><div class=\"sp-collapse spcollapse \" id=\"collapse81732\" data-parent=\"#sp-ea-8173\" role=\"region\" aria-labelledby=\"ea-header-81732\"> <div class=\"ea-body\"><p>Longueur 2200 mm<br \/>Largeur 2080 mm<br \/>Hauteur 2000 mm<br \/>\u00c9lectricit\u00e9 Consommation (pi\u00e8ces mobiles + chauffage) 1,6 Kw + 6,3 Kw<br \/>Gaz Consommation 3,20 m\u00b3\/h<\/p><\/div><\/div><\/div><div class=\"ea-card sp-ea-single\"><h3 class=\"ea-header\"><a class=\"collapsed\" id=\"ea-header-81733\" role=\"button\" data-sptoggle=\"spcollapse\" data-sptarget=\"#collapse81733\" aria-controls=\"collapse81733\" href=\"#\" aria-expanded=\"false\" tabindex=\"0\"><i aria-hidden=\"true\" role=\"presentation\" class=\"ea-expand-icon eap-icon-ea-expand-plus\"><\/i> MACHINE \u00c0 TORR\u00c9FIER MC-K-15 (15 Kg\/Lot)<\/a><\/h3><div class=\"sp-collapse spcollapse \" id=\"collapse81733\" data-parent=\"#sp-ea-8173\" role=\"region\" aria-labelledby=\"ea-header-81733\"> <div class=\"ea-body\"><p>Longueur 2400 mm<br \/>Largeur 2250 mm<br \/>Hauteur 2100 mm<br \/>\u00c9lectricit\u00e9 Consommation 1,8 Kw (pi\u00e8ces mobiles)<br \/>Gaz Consommation 4,2 m\u00b3\/h<\/p><\/div><\/div><\/div><div class=\"ea-card sp-ea-single\"><h3 class=\"ea-header\"><a class=\"collapsed\" id=\"ea-header-81734\" role=\"button\" data-sptoggle=\"spcollapse\" data-sptarget=\"#collapse81734\" aria-controls=\"collapse81734\" href=\"#\" aria-expanded=\"false\" tabindex=\"0\"><i aria-hidden=\"true\" role=\"presentation\" class=\"ea-expand-icon eap-icon-ea-expand-plus\"><\/i> MACHINE \u00c0 TORR\u00c9FIER MC-K-30 (30 Kg\/Lot)<\/a><\/h3><div class=\"sp-collapse spcollapse \" id=\"collapse81734\" data-parent=\"#sp-ea-8173\" role=\"region\" aria-labelledby=\"ea-header-81734\"> <div class=\"ea-body\"><p>Longueur 2100 mm<br \/>Largeur 4500 mm<br \/>Hauteur 3000 mm<br \/>\u00c9lectricit\u00e9 Consommation 3,7 Kw (pi\u00e8ces mobiles)<br \/>Gaz Consommation 5 m\u00b3\/h<\/p><\/div><\/div><\/div><div class=\"ea-card sp-ea-single\"><h3 class=\"ea-header\"><a class=\"collapsed\" id=\"ea-header-81735\" role=\"button\" data-sptoggle=\"spcollapse\" data-sptarget=\"#collapse81735\" aria-controls=\"collapse81735\" href=\"#\" aria-expanded=\"false\" tabindex=\"0\"><i aria-hidden=\"true\" role=\"presentation\" class=\"ea-expand-icon eap-icon-ea-expand-plus\"><\/i> MACHINE \u00c0 TORR\u00c9FIER MC-K-60 (60 Kg\/Lot)<\/a><\/h3><div class=\"sp-collapse spcollapse \" id=\"collapse81735\" data-parent=\"#sp-ea-8173\" role=\"region\" aria-labelledby=\"ea-header-81735\"> <div class=\"ea-body\"><p>Longueur 2800 mm<br \/>Largeur 5100 mm<br \/>Hauteur 3200 mm<br \/>\u00c9lectricit\u00e9 Consommation 6 Kw (pi\u00e8ces mobiles)<br \/>Gaz Consommation 6 m\u00b3\/h<\/p><\/div><\/div><\/div><div class=\"ea-card sp-ea-single\"><h3 class=\"ea-header\"><a class=\"collapsed\" id=\"ea-header-81736\" role=\"button\" data-sptoggle=\"spcollapse\" data-sptarget=\"#collapse81736\" aria-controls=\"collapse81736\" href=\"#\" aria-expanded=\"false\" tabindex=\"0\"><i aria-hidden=\"true\" role=\"presentation\" class=\"ea-expand-icon eap-icon-ea-expand-plus\"><\/i> MACHINE \u00c0 TORR\u00c9FIER MC-K-120 (120 Kg\/Lot)<\/a><\/h3><div class=\"sp-collapse spcollapse \" id=\"collapse81736\" data-parent=\"#sp-ea-8173\" role=\"region\" aria-labelledby=\"ea-header-81736\"> <div class=\"ea-body\"><p>Longueur 5700 mm<br \/>Largeur 6600 mm<br \/>Hauteur 3550 mm<br \/>\u00c9lectricit\u00e9 Consommation7 Kw (pi\u00e8ces mobiles)<br \/>Gaz Consommation 8 m\u00b3\/h<\/p><\/div><\/div><\/div><\/div><\/div>\n<p><strong>Machine \u00e0 torr\u00e9fier<\/strong> le caf\u00e9, Prix des <strong>machines \u00e0 tor<\/strong> r\u00e9fier le <strong>caf\u00e9<\/strong>, Torr\u00e9faction du caf\u00e9, Machine \u00e0 torr\u00e9fier le caf\u00e9, Magasin de caf\u00e9, Mouture du caf\u00e9, Moulins \u00e0 caf\u00e9, <strong>Torr\u00e9faction<\/strong>du caf\u00e9, Machine \u00e0 torr\u00e9fier le caf\u00e9 commercial, Torr\u00e9faction du caf\u00e9 commercial, Machine \u00e0 torr\u00e9fier les grains verts, <strong>Torr\u00e9faction du caf\u00e9 noir<\/strong>, Machine \u00e0 torr\u00e9fier le caf\u00e9 moyen, Cafeti\u00e8re, Machine \u00e0 caf\u00e9 expresso<\/p>\n","protected":false},"excerpt":{"rendered":"<p><iframe title=\"YouTube video player\" src=\"https:\/\/www.youtube.com\/embed\/dudKCsRciGw?si=Ma7DE5etDgLJmLYb\" width=\"560\" height=\"315\" frameborder=\"0\" allowfullscreen=\"allowfullscreen\"><\/iframe><\/p>\n<p><iframe title=\"YouTube video player\" src=\"https:\/\/www.youtube.com\/embed\/hBJ6lO1-LJU?si=wvbu77MmtsTlMZEY\" width=\"560\" height=\"315\" frameborder=\"0\" allowfullscreen=\"allowfullscreen\"><\/iframe><\/p>\n<p>https:\/\/youtube.com\/shorts\/nBKQeYQkkTs?si=kUP4Q-Rl1xOBtPSV<\/p>\n<p>&nbsp;<\/p>\n","protected":false},"featured_media":7725,"template":"","meta":{"site-sidebar-layout":"default","site-content-layout":"default","ast-site-content-layout":"default","site-content-style":"default","site-sidebar-style":"default","ast-global-header-display":"","ast-banner-title-visibility":"","ast-main-header-display":"","ast-hfb-above-header-display":"","ast-hfb-below-header-display":"","ast-hfb-mobile-header-display":"","site-post-title":"","ast-breadcrumbs-content":"","ast-featured-img":"","footer-sml-layout":"","theme-transparent-header-meta":"default","adv-header-id-meta":"","stick-header-meta":"","header-above-stick-meta":"","header-main-stick-meta":"","header-below-stick-meta":"","astra-migrate-meta-layouts":"set","ast-page-background-enabled":"default","ast-page-background-meta":{"desktop":{"background-color":"","background-image":"","background-repeat":"repeat","background-position":"center center","background-size":"auto","background-attachment":"scroll","background-type":"","background-media":"","overlay-type":"","overlay-color":"","overlay-gradient":""},"tablet":{"background-color":"","background-image":"","background-repeat":"repeat","background-position":"center center","background-size":"auto","background-attachment":"scroll","background-type":"","background-media":"","overlay-type":"","overlay-color":"","overlay-gradient":""},"mobile":{"background-color":"","background-image":"","background-repeat":"repeat","background-position":"center center","background-size":"auto","background-attachment":"scroll","background-type":"","background-media":"","overlay-type":"","overlay-color":"","overlay-gradient":""}},"ast-content-background-meta":{"desktop":{"background-color":"var(--ast-global-color-5)","background-image":"","background-repeat":"repeat","background-position":"center center","background-size":"auto","background-attachment":"scroll","background-type":"","background-media":"","overlay-type":"","overlay-color":"","overlay-gradient":""},"tablet":{"background-color":"var(--ast-global-color-5)","background-image":"","background-repeat":"repeat","background-position":"center center","background-size":"auto","background-attachment":"scroll","background-type":"","background-media":"","overlay-type":"","overlay-color":"","overlay-gradient":""},"mobile":{"background-color":"var(--ast-global-color-5)","background-image":"","background-repeat":"repeat","background-position":"center center","background-size":"auto","background-attachment":"scroll","background-type":"","background-media":"","overlay-type":"","overlay-color":"","overlay-gradient":""}}},"product_brand":[],"product_cat":[434],"product_tag":[442,444,443,441],"class_list":{"0":"post-7690","1":"product","2":"type-product","3":"status-publish","4":"has-post-thumbnail","6":"product_cat-torrefacteurs-et-moulins-a-cafe","7":"product_tag-machine-a-torrefier-le-cafe","8":"product_tag-machine-industrielle-de-torrefaction-du-cafe","9":"product_tag-torrefacteur-commercial","10":"product_tag-torrefacteur-de-cafe","11":"desktop-align-left","12":"tablet-align-left","13":"mobile-align-left","15":"first","16":"instock","17":"shipping-taxable","18":"product-type-simple"},"_links":{"self":[{"href":"https:\/\/machinecastle.com\/fr\/wp-json\/wp\/v2\/product\/7690","targetHints":{"allow":["GET"]}}],"collection":[{"href":"https:\/\/machinecastle.com\/fr\/wp-json\/wp\/v2\/product"}],"about":[{"href":"https:\/\/machinecastle.com\/fr\/wp-json\/wp\/v2\/types\/product"}],"wp:featuredmedia":[{"embeddable":true,"href":"https:\/\/machinecastle.com\/fr\/wp-json\/wp\/v2\/media\/7725"}],"wp:attachment":[{"href":"https:\/\/machinecastle.com\/fr\/wp-json\/wp\/v2\/media?parent=7690"}],"wp:term":[{"taxonomy":"product_brand","embeddable":true,"href":"https:\/\/machinecastle.com\/fr\/wp-json\/wp\/v2\/product_brand?post=7690"},{"taxonomy":"product_cat","embeddable":true,"href":"https:\/\/machinecastle.com\/fr\/wp-json\/wp\/v2\/product_cat?post=7690"},{"taxonomy":"product_tag","embeddable":true,"href":"https:\/\/machinecastle.com\/fr\/wp-json\/wp\/v2\/product_tag?post=7690"}],"curies":[{"name":"wp","href":"https:\/\/api.w.org\/{rel}","templated":true}]}}