{"id":9179,"date":"2025-04-25T10:01:59","date_gmt":"2025-04-25T10:01:59","guid":{"rendered":"https:\/\/machinecastle.com\/machine-a-tahini-de-type-pierre\/"},"modified":"2025-04-25T10:49:40","modified_gmt":"2025-04-25T10:49:40","slug":"machine-a-tahini-de-type-pierre","status":"publish","type":"page","link":"https:\/\/machinecastle.com\/fr\/machine-a-tahini-de-type-pierre\/","title":{"rendered":"MACHINE \u00c0 TAHINI DE TYPE PIERRE"},"content":{"rendered":"\t\t<div data-elementor-type=\"wp-page\" data-elementor-id=\"9179\" class=\"elementor elementor-9179 elementor-9163\">\n\t\t\t\t\t\t<section class=\"elementor-section elementor-top-section elementor-element elementor-element-c558352 elementor-section-boxed elementor-section-height-default elementor-section-height-default\" data-id=\"c558352\" data-element_type=\"section\">\n\t\t\t\t\t\t<div class=\"elementor-container elementor-column-gap-default\">\n\t\t\t\t\t<div class=\"elementor-column elementor-col-100 elementor-top-column elementor-element elementor-element-9a76139\" data-id=\"9a76139\" data-element_type=\"column\">\n\t\t\t<div class=\"elementor-widget-wrap elementor-element-populated\">\n\t\t\t\t\t\t<div class=\"elementor-element elementor-element-a8f46aa elementor-widget elementor-widget-heading\" data-id=\"a8f46aa\" data-element_type=\"widget\" data-widget_type=\"heading.default\">\n\t\t\t\t<div class=\"elementor-widget-container\">\n\t\t\t\t\t<h2 class=\"elementor-heading-title elementor-size-default\">MACHINE \u00c0 TAHINI DE TYPE PIERRE<\/h2>\t\t\t\t<\/div>\n\t\t\t\t<\/div>\n\t\t\t\t\t<\/div>\n\t\t<\/div>\n\t\t\t\t\t<\/div>\n\t\t<\/section>\n\t\t\t\t<section class=\"elementor-section elementor-top-section elementor-element elementor-element-7c4fd36 elementor-section-boxed elementor-section-height-default elementor-section-height-default\" data-id=\"7c4fd36\" data-element_type=\"section\">\n\t\t\t\t\t\t<div class=\"elementor-container elementor-column-gap-default\">\n\t\t\t\t\t<div class=\"elementor-column elementor-col-100 elementor-top-column elementor-element elementor-element-35fe53c\" data-id=\"35fe53c\" data-element_type=\"column\">\n\t\t\t<div class=\"elementor-widget-wrap elementor-element-populated\">\n\t\t\t\t\t\t<div class=\"elementor-element elementor-element-2f683e9 elementor-widget elementor-widget-video\" data-id=\"2f683e9\" data-element_type=\"widget\" data-settings=\"{&quot;youtube_url&quot;:&quot;https:\\\/\\\/www.youtube.com\\\/shorts\\\/0HBpzYk5aFk&quot;,&quot;video_type&quot;:&quot;youtube&quot;,&quot;controls&quot;:&quot;yes&quot;}\" data-widget_type=\"video.default\">\n\t\t\t\t<div class=\"elementor-widget-container\">\n\t\t\t\t\t\t\t<div class=\"elementor-wrapper elementor-open-inline\">\n\t\t\t<div class=\"elementor-video\"><\/div>\t\t<\/div>\n\t\t\t\t\t\t<\/div>\n\t\t\t\t<\/div>\n\t\t\t\t\t<\/div>\n\t\t<\/div>\n\t\t\t\t\t<\/div>\n\t\t<\/section>\n\t\t\t\t<section class=\"elementor-section elementor-top-section elementor-element elementor-element-6c80d40 elementor-section-boxed elementor-section-height-default elementor-section-height-default\" data-id=\"6c80d40\" data-element_type=\"section\">\n\t\t\t\t\t\t<div class=\"elementor-container elementor-column-gap-default\">\n\t\t\t\t\t<div class=\"elementor-column elementor-col-100 elementor-top-column elementor-element elementor-element-4cfc617\" data-id=\"4cfc617\" data-element_type=\"column\">\n\t\t\t<div class=\"elementor-widget-wrap elementor-element-populated\">\n\t\t\t\t\t\t<div class=\"elementor-element elementor-element-f182693 elementor-widget elementor-widget-heading\" data-id=\"f182693\" data-element_type=\"widget\" data-widget_type=\"heading.default\">\n\t\t\t\t<div class=\"elementor-widget-container\">\n\t\t\t\t\t<h3 class=\"elementor-heading-title elementor-size-default\">Machines \u00e0 tahini pour une production de tahini de haute qualit\u00e9<\/h3>\t\t\t\t<\/div>\n\t\t\t\t<\/div>\n\t\t\t\t\t<\/div>\n\t\t<\/div>\n\t\t\t\t\t<\/div>\n\t\t<\/section>\n\t\t\t\t<section class=\"elementor-section elementor-top-section elementor-element elementor-element-171817f elementor-section-boxed elementor-section-height-default elementor-section-height-default\" data-id=\"171817f\" data-element_type=\"section\">\n\t\t\t\t\t\t<div class=\"elementor-container elementor-column-gap-default\">\n\t\t\t\t\t<div class=\"elementor-column elementor-col-100 elementor-top-column elementor-element elementor-element-7b31b53\" data-id=\"7b31b53\" data-element_type=\"column\">\n\t\t\t<div class=\"elementor-widget-wrap elementor-element-populated\">\n\t\t\t\t\t\t<div class=\"elementor-element elementor-element-ddf8014 elementor-widget elementor-widget-text-editor\" data-id=\"ddf8014\" data-element_type=\"widget\" data-widget_type=\"text-editor.default\">\n\t\t\t\t<div class=\"elementor-widget-container\">\n\t\t\t\t\t\t\t\t\t<p>Lorsqu&rsquo;il s&rsquo;agit de produire du tahini de qualit\u00e9 sup\u00e9rieure, il est tout aussi important d&rsquo;avoir le bon \u00e9quipement que d&rsquo;utiliser des ingr\u00e9dients de qualit\u00e9. Nos machines \u00e0 tahini sont con\u00e7ues pour produire un tahini homog\u00e8ne, lisse et de haute qualit\u00e9, en utilisant une m\u00e9thode traditionnelle mais efficace de broyage \u00e0 l&rsquo;aide de pierres naturelles circulaires cuites au four.   <\/p>\n\t\t\t\t\t\t\t\t<\/div>\n\t\t\t\t<\/div>\n\t\t\t\t\t<\/div>\n\t\t<\/div>\n\t\t\t\t\t<\/div>\n\t\t<\/section>\n\t\t\t\t<section class=\"elementor-section elementor-top-section elementor-element elementor-element-a4f9cea elementor-section-boxed elementor-section-height-default elementor-section-height-default\" data-id=\"a4f9cea\" data-element_type=\"section\">\n\t\t\t\t\t\t<div class=\"elementor-container elementor-column-gap-default\">\n\t\t\t\t\t<div class=\"elementor-column elementor-col-100 elementor-top-column elementor-element elementor-element-f061dd1\" data-id=\"f061dd1\" data-element_type=\"column\">\n\t\t\t<div class=\"elementor-widget-wrap elementor-element-populated\">\n\t\t\t\t\t\t<div class=\"elementor-element elementor-element-79a18da elementor-widget elementor-widget-heading\" data-id=\"79a18da\" data-element_type=\"widget\" data-widget_type=\"heading.default\">\n\t\t\t\t<div class=\"elementor-widget-container\">\n\t\t\t\t\t<h3 class=\"elementor-heading-title elementor-size-default\">Comment fonctionnent nos machines \u00e0 tahini de type pierre<\/h3>\t\t\t\t<\/div>\n\t\t\t\t<\/div>\n\t\t\t\t\t<\/div>\n\t\t<\/div>\n\t\t\t\t\t<\/div>\n\t\t<\/section>\n\t\t\t\t<section class=\"elementor-section elementor-top-section elementor-element elementor-element-2885241 elementor-section-boxed elementor-section-height-default elementor-section-height-default\" data-id=\"2885241\" data-element_type=\"section\">\n\t\t\t\t\t\t<div class=\"elementor-container elementor-column-gap-default\">\n\t\t\t\t\t<div class=\"elementor-column elementor-col-100 elementor-top-column elementor-element elementor-element-4541122\" data-id=\"4541122\" data-element_type=\"column\">\n\t\t\t<div class=\"elementor-widget-wrap elementor-element-populated\">\n\t\t\t\t\t\t<div class=\"elementor-element elementor-element-cdf576f elementor-widget elementor-widget-text-editor\" data-id=\"cdf576f\" data-element_type=\"widget\" data-widget_type=\"text-editor.default\">\n\t\t\t\t<div class=\"elementor-widget-container\">\n\t\t\t\t\t\t\t\t\t<p class=\"\" data-start=\"645\" data-end=\"990\">Chaque <a href=\"https:\/\/machinecastle.com\/fr\/urun\/machines-a-fabriquer-le-tahini\/\"><strong>machine \u00e0 tahini<\/strong><\/a> est \u00e9quip\u00e9e de plusieurs t\u00eates de broyage, et chaque t\u00eate contient une pierre sp\u00e9cialement con\u00e7ue. Ces pierres sont essentielles au processus de production du tahini, car elles garantissent une texture lisse et des performances de broyage optimales. En fonction de la capacit\u00e9 de production, les machines varient \u00e0 la fois en nombre de t\u00eates et en taille des meules.    <\/p>\n<p class=\"\" data-start=\"645\" data-end=\"990\">Par exemple, une machine \u00e0 tahini d&rsquo;une capacit\u00e9 de 50 kg\/heure est g\u00e9n\u00e9ralement \u00e9quip\u00e9e de deux t\u00eates, tandis qu&rsquo;une machine plus grande d&rsquo;une capacit\u00e9 de 500 kg\/heure sera \u00e9quip\u00e9e de cinq t\u00eates. Malgr\u00e9 ces diff\u00e9rences de taille et de rendement, le principe de base reste le m\u00eame &#8211; un broyage efficace et naturel des pierres pour produire un tahini de haute qualit\u00e9.   <\/p>\n\t\t\t\t\t\t\t\t<\/div>\n\t\t\t\t<\/div>\n\t\t\t\t\t<\/div>\n\t\t<\/div>\n\t\t\t\t\t<\/div>\n\t\t<\/section>\n\t\t\t\t<section class=\"elementor-section elementor-top-section elementor-element elementor-element-51f816c elementor-section-boxed elementor-section-height-default elementor-section-height-default\" data-id=\"51f816c\" data-element_type=\"section\">\n\t\t\t\t\t\t<div class=\"elementor-container elementor-column-gap-default\">\n\t\t\t\t\t<div class=\"elementor-column elementor-col-100 elementor-top-column elementor-element elementor-element-c281dcb\" data-id=\"c281dcb\" data-element_type=\"column\">\n\t\t\t<div class=\"elementor-widget-wrap elementor-element-populated\">\n\t\t\t\t\t\t<div class=\"elementor-element elementor-element-d700b3a elementor-widget elementor-widget-heading\" data-id=\"d700b3a\" data-element_type=\"widget\" data-widget_type=\"heading.default\">\n\t\t\t\t<div class=\"elementor-widget-container\">\n\t\t\t\t\t<h3 class=\"elementor-heading-title elementor-size-default\">Une coh\u00e9rence que vous pouvez contr\u00f4ler<\/h3>\t\t\t\t<\/div>\n\t\t\t\t<\/div>\n\t\t\t\t\t<\/div>\n\t\t<\/div>\n\t\t\t\t\t<\/div>\n\t\t<\/section>\n\t\t\t\t<section class=\"elementor-section elementor-top-section elementor-element elementor-element-431cf44 elementor-section-boxed elementor-section-height-default elementor-section-height-default\" data-id=\"431cf44\" data-element_type=\"section\">\n\t\t\t\t\t\t<div class=\"elementor-container elementor-column-gap-default\">\n\t\t\t\t\t<div class=\"elementor-column elementor-col-100 elementor-top-column elementor-element elementor-element-9e75101\" data-id=\"9e75101\" data-element_type=\"column\">\n\t\t\t<div class=\"elementor-widget-wrap elementor-element-populated\">\n\t\t\t\t\t\t<div class=\"elementor-element elementor-element-bb2d601 elementor-widget elementor-widget-text-editor\" data-id=\"bb2d601\" data-element_type=\"widget\" data-widget_type=\"text-editor.default\">\n\t\t\t\t<div class=\"elementor-widget-container\">\n\t\t\t\t\t\t\t\t\t<p>L&rsquo;une des caract\u00e9ristiques les plus remarquables de nos machines \u00e0 tahini est la possibilit\u00e9 pour les utilisateurs de contr\u00f4ler la densit\u00e9 du tahini produit. Pour ce faire, il suffit de r\u00e9gler la distance entre les meules. Une fois que la texture et la consistance id\u00e9ales sont atteintes, les pierres peuvent \u00eatre bloqu\u00e9es en place pour obtenir des r\u00e9sultats constants pendant la production.    <\/p>\n<p>Cette flexibilit\u00e9 permet aux producteurs de r\u00e9pondre aux diff\u00e9rentes pr\u00e9f\u00e9rences des clients et aux demandes du march\u00e9 sans sacrifier la qualit\u00e9.<\/p>\n\t\t\t\t\t\t\t\t<\/div>\n\t\t\t\t<\/div>\n\t\t\t\t\t<\/div>\n\t\t<\/div>\n\t\t\t\t\t<\/div>\n\t\t<\/section>\n\t\t\t\t<section class=\"elementor-section elementor-top-section elementor-element elementor-element-c5d1c60 elementor-section-boxed elementor-section-height-default elementor-section-height-default\" data-id=\"c5d1c60\" data-element_type=\"section\">\n\t\t\t\t\t\t<div class=\"elementor-container elementor-column-gap-default\">\n\t\t\t\t\t<div class=\"elementor-column elementor-col-100 elementor-top-column elementor-element elementor-element-b6fc0d9\" data-id=\"b6fc0d9\" data-element_type=\"column\">\n\t\t\t<div class=\"elementor-widget-wrap elementor-element-populated\">\n\t\t\t\t\t\t<div class=\"elementor-element elementor-element-a0d40a9 elementor-widget elementor-widget-heading\" data-id=\"a0d40a9\" data-element_type=\"widget\" data-widget_type=\"heading.default\">\n\t\t\t\t<div class=\"elementor-widget-container\">\n\t\t\t\t\t<h3 class=\"elementor-heading-title elementor-size-default\">L'importance des graines de s\u00e9same pr\u00e9par\u00e9es<\/h3>\t\t\t\t<\/div>\n\t\t\t\t<\/div>\n\t\t\t\t\t<\/div>\n\t\t<\/div>\n\t\t\t\t\t<\/div>\n\t\t<\/section>\n\t\t\t\t<section class=\"elementor-section elementor-top-section elementor-element elementor-element-a334267 elementor-section-boxed elementor-section-height-default elementor-section-height-default\" data-id=\"a334267\" data-element_type=\"section\">\n\t\t\t\t\t\t<div class=\"elementor-container elementor-column-gap-default\">\n\t\t\t\t\t<div class=\"elementor-column elementor-col-100 elementor-top-column elementor-element elementor-element-9653fd2\" data-id=\"9653fd2\" data-element_type=\"column\">\n\t\t\t<div class=\"elementor-widget-wrap elementor-element-populated\">\n\t\t\t\t\t\t<div class=\"elementor-element elementor-element-f3f6422 elementor-widget elementor-widget-text-editor\" data-id=\"f3f6422\" data-element_type=\"widget\" data-widget_type=\"text-editor.default\">\n\t\t\t\t<div class=\"elementor-widget-container\">\n\t\t\t\t\t\t\t\t\t<p class=\"\" data-start=\"1834\" data-end=\"2067\">Si nos machines sont con\u00e7ues pour fournir les meilleurs r\u00e9sultats, la qualit\u00e9 du tahini d\u00e9pend aussi fortement des graines de s\u00e9same utilis\u00e9es. Il est essentiel d&rsquo;utiliser des graines de s\u00e9same sp\u00e9cialement pr\u00e9par\u00e9es et con\u00e7ues pour la production de tahini.   <\/p>\n<p class=\"\" data-start=\"2069\" data-end=\"2128\">Les graines de s\u00e9same pr\u00e9par\u00e9es passent par plusieurs \u00e9tapes :<\/p>\n<ul data-start=\"2130\" data-end=\"2328\">\n<li class=\"\" data-start=\"2130\" data-end=\"2156\">\n<p class=\"\" data-start=\"2132\" data-end=\"2156\"><strong data-start=\"2132\" data-end=\"2154\">\u00c9talonnage du s\u00e9same<\/strong><\/p>\n<\/li>\n<li class=\"\" data-start=\"2157\" data-end=\"2181\">\n<p class=\"\" data-start=\"2159\" data-end=\"2181\"><strong data-start=\"2159\" data-end=\"2179\">Lavage en piscine<\/strong><\/p>\n<\/li>\n<li class=\"\" data-start=\"2182\" data-end=\"2197\">\n<p class=\"\" data-start=\"2184\" data-end=\"2197\"><strong data-start=\"2184\" data-end=\"2195\">Peeling<\/strong><\/p>\n<\/li>\n<li class=\"\" data-start=\"2198\" data-end=\"2229\">\n<p class=\"\" data-start=\"2200\" data-end=\"2229\"><strong data-start=\"2200\" data-end=\"2227\">Lavage \u00e0 l&rsquo;eau sal\u00e9e<\/strong><\/p>\n<\/li>\n<li class=\"\" data-start=\"2230\" data-end=\"2256\">\n<p class=\"\" data-start=\"2232\" data-end=\"2256\"><strong data-start=\"2232\" data-end=\"2254\">Rin\u00e7age \u00e0 l&rsquo;eau<\/strong><\/p>\n<\/li>\n<li class=\"\" data-start=\"2257\" data-end=\"2297\">\n<p class=\"\" data-start=\"2259\" data-end=\"2297\"><strong data-start=\"2259\" data-end=\"2295\">\u00c9limination de l&rsquo;eau \u00e0 l&rsquo;aide d&rsquo;une centrifugeuse<\/strong><\/p>\n<\/li>\n<li class=\"\" data-start=\"2298\" data-end=\"2314\">\n<p class=\"\" data-start=\"2300\" data-end=\"2314\"><strong data-start=\"2300\" data-end=\"2312\">Torr\u00e9faction<\/strong><\/p>\n<\/li>\n<li class=\"\" data-start=\"2315\" data-end=\"2328\">\n<p class=\"\" data-start=\"2317\" data-end=\"2328\"><strong data-start=\"2317\" data-end=\"2328\">Refroidissement<\/strong><\/p>\n<\/li>\n<\/ul>\n<p class=\"\" data-start=\"2330\" data-end=\"2645\">Comme nous nous concentrons uniquement sur la fabrication et la fourniture de <a href=\"https:\/\/machinecastle.com\/fr\/\">machines \u00e0 tahini<\/a>, nos clients s&rsquo;approvisionnent g\u00e9n\u00e9ralement en graines de s\u00e9same pr\u00e9par\u00e9es aupr\u00e8s de transformateurs de s\u00e9same sp\u00e9cialis\u00e9s. Lorsque vous passez commande, il est important de pr\u00e9ciser que les graines de s\u00e9same sont destin\u00e9es \u00e0 la production de tahini afin de garantir que le processus de pr\u00e9paration ad\u00e9quat est suivi.   <\/p>\n\t\t\t\t\t\t\t\t<\/div>\n\t\t\t\t<\/div>\n\t\t\t\t\t<\/div>\n\t\t<\/div>\n\t\t\t\t\t<\/div>\n\t\t<\/section>\n\t\t\t\t<section class=\"elementor-section elementor-top-section elementor-element elementor-element-646ac63 elementor-section-boxed elementor-section-height-default elementor-section-height-default\" data-id=\"646ac63\" data-element_type=\"section\">\n\t\t\t\t\t\t<div class=\"elementor-container elementor-column-gap-default\">\n\t\t\t\t\t<div class=\"elementor-column elementor-col-100 elementor-top-column elementor-element elementor-element-503ad58\" data-id=\"503ad58\" data-element_type=\"column\">\n\t\t\t<div class=\"elementor-widget-wrap elementor-element-populated\">\n\t\t\t\t\t\t<div class=\"elementor-element elementor-element-72670d4 elementor-widget elementor-widget-heading\" data-id=\"72670d4\" data-element_type=\"widget\" data-widget_type=\"heading.default\">\n\t\t\t\t<div class=\"elementor-widget-container\">\n\t\t\t\t\t<h3 class=\"elementor-heading-title elementor-size-default\">Pourquoi choisir nos machines \u00e0 tahini ?<\/h3>\t\t\t\t<\/div>\n\t\t\t\t<\/div>\n\t\t\t\t\t<\/div>\n\t\t<\/div>\n\t\t\t\t\t<\/div>\n\t\t<\/section>\n\t\t\t\t<section class=\"elementor-section elementor-top-section elementor-element elementor-element-08597e1 elementor-section-boxed elementor-section-height-default elementor-section-height-default\" data-id=\"08597e1\" data-element_type=\"section\">\n\t\t\t\t\t\t<div class=\"elementor-container elementor-column-gap-default\">\n\t\t\t\t\t<div class=\"elementor-column elementor-col-100 elementor-top-column elementor-element elementor-element-c830256\" data-id=\"c830256\" data-element_type=\"column\">\n\t\t\t<div class=\"elementor-widget-wrap elementor-element-populated\">\n\t\t\t\t\t\t<div class=\"elementor-element elementor-element-6a09096 elementor-widget elementor-widget-text-editor\" data-id=\"6a09096\" data-element_type=\"widget\" data-widget_type=\"text-editor.default\">\n\t\t\t\t<div class=\"elementor-widget-container\">\n\t\t\t\t\t\t\t\t\t<ul data-start=\"2684\" data-end=\"2980\">\n<li class=\"\" data-start=\"2684\" data-end=\"2756\">\n<p class=\"\" data-start=\"2686\" data-end=\"2756\"><strong data-start=\"2686\" data-end=\"2720\">Broyeurs en pierre naturelle durable<\/strong> pour une saveur traditionnelle et authentique<\/p>\n<\/li>\n<li class=\"\" data-start=\"2757\" data-end=\"2820\">\n<p class=\"\" data-start=\"2759\" data-end=\"2820\"><strong data-start=\"2759\" data-end=\"2788\">R\u00e9glage des pierres<\/strong> pour un contr\u00f4le total de la texture<\/p>\n<\/li>\n<li class=\"\" data-start=\"2821\" data-end=\"2903\">\n<p class=\"\" data-start=\"2823\" data-end=\"2903\"><strong data-start=\"2823\" data-end=\"2857\">Capacit\u00e9s de production modulables<\/strong>, de la petite \u00e9chelle \u00e0 la production industrielle<\/p>\n<\/li>\n<li class=\"\" data-start=\"2904\" data-end=\"2980\">\n<p class=\"\" data-start=\"2906\" data-end=\"2980\"><strong data-start=\"2906\" data-end=\"2938\">Facile \u00e0 utiliser et \u00e0 entretenir<\/strong>, il est con\u00e7u pour une utilisation r\u00e9guli\u00e8re et \u00e0 long terme.<\/p>\n<\/li>\n<\/ul>\n<p class=\"\" data-start=\"2982\" data-end=\"3154\">Que vous d\u00e9marriez une nouvelle entreprise de production de tahini ou que vous cherchiez \u00e0 moderniser vos machines actuelles, nos machines \u00e0 tahini constituent une solution fiable et performante.<\/p>\n\t\t\t\t\t\t\t\t<\/div>\n\t\t\t\t<\/div>\n\t\t\t\t\t<\/div>\n\t\t<\/div>\n\t\t\t\t\t<\/div>\n\t\t<\/section>\n\t\t\t\t<section class=\"elementor-section elementor-top-section elementor-element elementor-element-e35abf8 elementor-section-boxed elementor-section-height-default elementor-section-height-default\" data-id=\"e35abf8\" data-element_type=\"section\">\n\t\t\t\t\t\t<div class=\"elementor-container elementor-column-gap-default\">\n\t\t\t\t\t<div class=\"elementor-column elementor-col-100 elementor-top-column elementor-element elementor-element-6728abd\" data-id=\"6728abd\" data-element_type=\"column\">\n\t\t\t<div class=\"elementor-widget-wrap elementor-element-populated\">\n\t\t\t\t\t\t<div class=\"elementor-element elementor-element-9eb495f elementor-widget elementor-widget-image\" data-id=\"9eb495f\" data-element_type=\"widget\" data-widget_type=\"image.default\">\n\t\t\t\t<div class=\"elementor-widget-container\">\n\t\t\t\t\t\t\t\t\t\t\t\t<figure class=\"wp-caption\">\n\t\t\t\t\t\t\t\t\t\t\t<a href=\"https:\/\/machinecastle.com\/fr\/urun\/machines-a-fabriquer-le-tahini\/\">\n\t\t\t\t\t\t\t<img fetchpriority=\"high\" decoding=\"async\" width=\"600\" height=\"560\" src=\"https:\/\/machinecastle.com\/wp-content\/uploads\/2025\/04\/Tahini-Production-Machine--600x560.png\" class=\"attachment-woocommerce_single size-woocommerce_single wp-image-9147\" alt=\"Tahini Production Machine\" srcset=\"https:\/\/machinecastle.com\/wp-content\/uploads\/2025\/04\/Tahini-Production-Machine--600x560.png 600w, https:\/\/machinecastle.com\/wp-content\/uploads\/2025\/04\/Tahini-Production-Machine--300x280.png 300w, https:\/\/machinecastle.com\/wp-content\/uploads\/2025\/04\/Tahini-Production-Machine--768x716.png 768w, https:\/\/machinecastle.com\/wp-content\/uploads\/2025\/04\/Tahini-Production-Machine-.png 938w\" sizes=\"(max-width: 600px) 100vw, 600px\" \/>\t\t\t\t\t\t\t\t<\/a>\n\t\t\t\t\t\t\t\t\t\t\t<figcaption class=\"widget-image-caption wp-caption-text\">Cliquez sur l'image ci-dessus pour voir nos mod\u00e8les<\/figcaption>\n\t\t\t\t\t\t\t\t\t\t<\/figure>\n\t\t\t\t\t\t\t\t\t<\/div>\n\t\t\t\t<\/div>\n\t\t\t\t\t<\/div>\n\t\t<\/div>\n\t\t\t\t\t<\/div>\n\t\t<\/section>\n\t\t\t\t<section class=\"elementor-section elementor-top-section elementor-element elementor-element-ed18c1e elementor-section-boxed elementor-section-height-default elementor-section-height-default\" data-id=\"ed18c1e\" data-element_type=\"section\">\n\t\t\t\t\t\t<div class=\"elementor-container elementor-column-gap-default\">\n\t\t\t\t\t<div class=\"elementor-column elementor-col-100 elementor-top-column elementor-element elementor-element-3769655\" data-id=\"3769655\" data-element_type=\"column\">\n\t\t\t<div class=\"elementor-widget-wrap\">\n\t\t\t\t\t\t\t<\/div>\n\t\t<\/div>\n\t\t\t\t\t<\/div>\n\t\t<\/section>\n\t\t\t\t<\/div>\n\t\t","protected":false},"excerpt":{"rendered":"<p>MACHINE \u00c0 TAHINI DE TYPE PIERRE Machines \u00e0 tahini pour une production de tahini de haute qualit\u00e9 Lorsqu&rsquo;il s&rsquo;agit de produire du tahini de qualit\u00e9 sup\u00e9rieure, il est tout aussi important d&rsquo;avoir le bon \u00e9quipement que d&rsquo;utiliser des ingr\u00e9dients de qualit\u00e9. Nos machines \u00e0 tahini sont con\u00e7ues pour produire un tahini homog\u00e8ne, lisse et de &hellip;<\/p>\n<p class=\"read-more\"> <a class=\"\" href=\"https:\/\/machinecastle.com\/fr\/machine-a-tahini-de-type-pierre\/\"> <span class=\"screen-reader-text\">MACHINE \u00c0 TAHINI DE TYPE PIERRE<\/span> Lire la suite\u00a0\u00bb<\/a><\/p>\n","protected":false},"author":1,"featured_media":0,"parent":0,"menu_order":0,"comment_status":"closed","ping_status":"closed","template":"","meta":{"site-sidebar-layout":"default","site-content-layout":"","ast-site-content-layout":"default","site-content-style":"default","site-sidebar-style":"default","ast-global-header-display":"","ast-banner-title-visibility":"","ast-main-header-display":"","ast-hfb-above-header-display":"","ast-hfb-below-header-display":"","ast-hfb-mobile-header-display":"","site-post-title":"","ast-breadcrumbs-content":"","ast-featured-img":"","footer-sml-layout":"","theme-transparent-header-meta":"","adv-header-id-meta":"","stick-header-meta":"","header-above-stick-meta":"","header-main-stick-meta":"","header-below-stick-meta":"","astra-migrate-meta-layouts":"default","ast-page-background-enabled":"default","ast-page-background-meta":{"desktop":{"background-color":"","background-image":"","background-repeat":"repeat","background-position":"center center","background-size":"auto","background-attachment":"scroll","background-type":"","background-media":"","overlay-type":"","overlay-color":"","overlay-gradient":""},"tablet":{"background-color":"","background-image":"","background-repeat":"repeat","background-position":"center center","background-size":"auto","background-attachment":"scroll","background-type":"","background-media":"","overlay-type":"","overlay-color":"","overlay-gradient":""},"mobile":{"background-color":"","background-image":"","background-repeat":"repeat","background-position":"center center","background-size":"auto","background-attachment":"scroll","background-type":"","background-media":"","overlay-type":"","overlay-color":"","overlay-gradient":""}},"ast-content-background-meta":{"desktop":{"background-color":"var(--ast-global-color-5)","background-image":"","background-repeat":"repeat","background-position":"center center","background-size":"auto","background-attachment":"scroll","background-type":"","background-media":"","overlay-type":"","overlay-color":"","overlay-gradient":""},"tablet":{"background-color":"var(--ast-global-color-5)","background-image":"","background-repeat":"repeat","background-position":"center center","background-size":"auto","background-attachment":"scroll","background-type":"","background-media":"","overlay-type":"","overlay-color":"","overlay-gradient":""},"mobile":{"background-color":"var(--ast-global-color-5)","background-image":"","background-repeat":"repeat","background-position":"center center","background-size":"auto","background-attachment":"scroll","background-type":"","background-media":"","overlay-type":"","overlay-color":"","overlay-gradient":""}},"footnotes":""},"class_list":["post-9179","page","type-page","status-publish","hentry"],"_links":{"self":[{"href":"https:\/\/machinecastle.com\/fr\/wp-json\/wp\/v2\/pages\/9179","targetHints":{"allow":["GET"]}}],"collection":[{"href":"https:\/\/machinecastle.com\/fr\/wp-json\/wp\/v2\/pages"}],"about":[{"href":"https:\/\/machinecastle.com\/fr\/wp-json\/wp\/v2\/types\/page"}],"author":[{"embeddable":true,"href":"https:\/\/machinecastle.com\/fr\/wp-json\/wp\/v2\/users\/1"}],"replies":[{"embeddable":true,"href":"https:\/\/machinecastle.com\/fr\/wp-json\/wp\/v2\/comments?post=9179"}],"version-history":[{"count":6,"href":"https:\/\/machinecastle.com\/fr\/wp-json\/wp\/v2\/pages\/9179\/revisions"}],"predecessor-version":[{"id":9192,"href":"https:\/\/machinecastle.com\/fr\/wp-json\/wp\/v2\/pages\/9179\/revisions\/9192"}],"wp:attachment":[{"href":"https:\/\/machinecastle.com\/fr\/wp-json\/wp\/v2\/media?parent=9179"}],"curies":[{"name":"wp","href":"https:\/\/api.w.org\/{rel}","templated":true}]}}