{"id":9091,"date":"2025-04-10T10:43:48","date_gmt":"2025-04-10T10:43:48","guid":{"rendered":"https:\/\/machinecastle.com\/torrefacteur-de-noix\/"},"modified":"2025-04-16T10:34:02","modified_gmt":"2025-04-16T10:34:02","slug":"torrefacteur-de-noix","status":"publish","type":"page","link":"https:\/\/machinecastle.com\/fr\/torrefacteur-de-noix\/","title":{"rendered":"Torr\u00e9facteur de noix"},"content":{"rendered":"\t\t<div data-elementor-type=\"wp-page\" data-elementor-id=\"9091\" class=\"elementor elementor-9091 elementor-8944\">\n\t\t\t\t\t\t<section class=\"elementor-section elementor-top-section elementor-element elementor-element-382474a elementor-section-boxed elementor-section-height-default elementor-section-height-default\" data-id=\"382474a\" data-element_type=\"section\">\n\t\t\t\t\t\t<div class=\"elementor-container elementor-column-gap-default\">\n\t\t\t\t\t<div class=\"elementor-column elementor-col-100 elementor-top-column elementor-element elementor-element-af8f9f2\" data-id=\"af8f9f2\" data-element_type=\"column\">\n\t\t\t<div class=\"elementor-widget-wrap elementor-element-populated\">\n\t\t\t\t\t\t<div class=\"elementor-element elementor-element-fc175a2 elementor-widget elementor-widget-heading\" data-id=\"fc175a2\" data-element_type=\"widget\" data-widget_type=\"heading.default\">\n\t\t\t\t<div class=\"elementor-widget-container\">\n\t\t\t\t\t<h2 class=\"elementor-heading-title elementor-size-default\">TORR\u00c9FACTEUR DE NOIX<\/h2>\t\t\t\t<\/div>\n\t\t\t\t<\/div>\n\t\t\t\t<div class=\"elementor-element elementor-element-537afdb elementor-widget elementor-widget-video\" data-id=\"537afdb\" data-element_type=\"widget\" data-settings=\"{&quot;youtube_url&quot;:&quot;https:\\\/\\\/www.youtube.com\\\/watch?v=JGFY-uy1Wb8&quot;,&quot;video_type&quot;:&quot;youtube&quot;,&quot;controls&quot;:&quot;yes&quot;}\" data-widget_type=\"video.default\">\n\t\t\t\t<div class=\"elementor-widget-container\">\n\t\t\t\t\t\t\t<div class=\"elementor-wrapper elementor-open-inline\">\n\t\t\t<div class=\"elementor-video\"><\/div>\t\t<\/div>\n\t\t\t\t\t\t<\/div>\n\t\t\t\t<\/div>\n\t\t\t\t<div class=\"elementor-element elementor-element-1e642fc elementor-widget elementor-widget-text-editor\" data-id=\"1e642fc\" data-element_type=\"widget\" data-widget_type=\"text-editor.default\">\n\t\t\t\t<div class=\"elementor-widget-container\">\n\t\t\t\t\t\t\t\t\t<p>Le <b><a href=\"https:\/\/nutsroaster.com\">torr\u00e9facteur de noix<\/a><\/b> qui fonctionne avec un tapis de qualit\u00e9 en acier inoxydable AISI 304, d\u00e9place continuellement les produits \u00e0 travers les chambres de torr\u00e9faction et de refroidissement. Une fois les produits charg\u00e9s dans la tr\u00e9mie d&rsquo;entr\u00e9e du torr\u00e9facteur, ils sont plac\u00e9s directement sur le tapis en mouvement continu. La bande transporte d&rsquo;abord les produits vers la premi\u00e8re chambre de torr\u00e9faction, o\u00f9 de l&rsquo;air chaud est appliqu\u00e9 par le bas. Les produits sont ensuite achemin\u00e9s vers la deuxi\u00e8me chambre de torr\u00e9faction, o\u00f9 ils re\u00e7oivent de l&rsquo;air chauff\u00e9 par le haut. Cette circulation de la chaleur par le bas et par le haut garantit que les produits sont torr\u00e9fi\u00e9s de mani\u00e8re uniforme et homog\u00e8ne dans notre syst\u00e8me technologique.   &nbsp;<b>torr\u00e9facteur de noix<\/b>. Apr\u00e8s les phases de torr\u00e9faction, les produits passent par une phase de repos. Cette phase de repos emp\u00eache les produits d&rsquo;\u00eatre expos\u00e9s \u00e0 un refroidissement direct et rapide, ce qui \u00e9vite les fissures et pr\u00e9serve la qualit\u00e9 du produit. Apr\u00e8s la phase de repos, les produits sont refroidis \u00e0 temp\u00e9rature ambiante dans la chambre de refroidissement. Une fois refroidis, les produits sont pr\u00eats \u00e0 \u00eatre emball\u00e9s. Le nombre de chambres de torr\u00e9faction varie en fonction de la taille de la machine \u00e0 torr\u00e9fier les fruits \u00e0 coque. La fonction de refroidissement peut \u00eatre ajout\u00e9e aux <b>torr\u00e9facteurs de noix<\/b> dont la capacit\u00e9 commence \u00e0 30 kg\/heure.     <\/p>\n<p>Notre <b>machine \u00e0 griller les noix<\/b> peut parfaitement griller diff\u00e9rents types de noix et de graines, y compris : Cacahu\u00e8tes, noisettes, pois chiches, graines de citrouille, graines de tournesol, noisettes d\u00e9cortiqu\u00e9es, amandes, amandes d\u00e9cortiqu\u00e9es, pistaches, noix de cajou et bien d&rsquo;autres encore. <b><a href=\"https:\/\/machinecastle.com\/fr\/\">machine \u00e0 griller les noix<\/a><\/b> offre d&rsquo;excellentes performances de torr\u00e9faction et un go\u00fbt sup\u00e9rieur, garantissant une production de haute qualit\u00e9 avec un processus de torr\u00e9faction coh\u00e9rent. Con\u00e7ue avec des composants enti\u00e8rement en acier inoxydable, la machine n\u00e9cessite moins de main-d&rsquo;\u0153uvre et consomme peu d&rsquo;\u00e9nergie. Malgr\u00e9 la temp\u00e9rature \u00e9lev\u00e9e \u00e0 l&rsquo;int\u00e9rieur des chambres de torr\u00e9faction, la machine est con\u00e7ue pour \u00e9viter toute perte d&rsquo;ar\u00f4me des produits. Les <b>torr\u00e9facteurs d&rsquo;\u00e9crous<\/b>sont hautement isol\u00e9s, ce qui r\u00e9duit la consommation d&rsquo;\u00e9nergie et les co\u00fbts de production.   <\/p>\n<h3 data-start=\"2245\" data-end=\"2284\">Conception conviviale et hygi\u00e9nique<\/h3>\n<p data-start=\"2286\" data-end=\"2481\">Ce four \u00e0 r\u00f4tir est con\u00e7u pour r\u00e9pondre aux normes de s\u00e9curit\u00e9 et d&rsquo;hygi\u00e8ne alimentaires, conform\u00e9ment aux r\u00e9glementations de la FDA. Il est dot\u00e9 d&rsquo;un panneau de commande \u00e0 \u00e9cran tactile avanc\u00e9 qui offre une grande souplesse de r\u00e9glage : <\/p>\n<ul data-start=\"2483\" data-end=\"2551\">\n<li data-start=\"2483\" data-end=\"2507\">\n<p data-start=\"2485\" data-end=\"2507\">Temp\u00e9rature de torr\u00e9faction<\/p>\n<\/li>\n<li data-start=\"2508\" data-end=\"2531\">\n<p data-start=\"2510\" data-end=\"2531\">Vitesse de la bande transporteuse<\/p>\n<\/li>\n<li data-start=\"2532\" data-end=\"2551\">\n<p data-start=\"2534\" data-end=\"2551\">Niveaux d&rsquo;humidit\u00e9<\/p>\n<\/li>\n<li data-start=\"2532\" data-end=\"2551\">\n<p data-start=\"2534\" data-end=\"2551\">\u00c9conomie de recettes<\/p>\n<\/li>\n<\/ul>\n<p data-start=\"2553\" data-end=\"2654\">En outre, l&rsquo;utilisateur peut contr\u00f4ler l&rsquo;\u00e9paisseur du produit d\u00e9pos\u00e9 sur la bande continue.<\/p>\n<h3 data-start=\"2661\" data-end=\"2682\">Options de chauffage<\/h3>\n<p data-start=\"2684\" data-end=\"2789\">La machine \u00e0 griller les noix offre diff\u00e9rents types de combustibles pour r\u00e9pondre aux besoins des diff\u00e9rentes installations de production :<\/p>\n<ul data-start=\"2791\" data-end=\"2833\">\n<li data-start=\"2791\" data-end=\"2798\">\n<p data-start=\"2793\" data-end=\"2798\">Gaz<\/p>\n<\/li>\n<li data-start=\"2799\" data-end=\"2806\">\n<p data-start=\"2801\" data-end=\"2806\">GPL<\/p>\n<\/li>\n<li data-start=\"2807\" data-end=\"2817\">\n<p data-start=\"2809\" data-end=\"2817\">Diesel<\/p>\n<\/li>\n<li data-start=\"2818\" data-end=\"2833\">\n<p data-start=\"2820\" data-end=\"2833\">L&rsquo;\u00e9lectricit\u00e9<\/p>\n<\/li>\n<\/ul>\n<p data-start=\"2835\" data-end=\"3006\">Pour les machines fonctionnant au gaz, au GPL ou au diesel, le chauffage est assur\u00e9 par des br\u00fbleurs. Pour les mod\u00e8les \u00e0 chauffage \u00e9lectrique, des tubes chauffants \u00e0 ailettes sont utilis\u00e9s pour assurer un chauffage efficace et uniforme. <\/p>\t\t\t\t\t\t\t\t<\/div>\n\t\t\t\t<\/div>\n\t\t\t\t\t<\/div>\n\t\t<\/div>\n\t\t\t\t\t<\/div>\n\t\t<\/section>\n\t\t\t\t<\/div>\n\t\t","protected":false},"excerpt":{"rendered":"<p>TORR\u00c9FACTEUR DE NOIX https:\/\/www.youtube.com\/watch?v=JGFY-uy1Wb8 Le torr\u00e9facteur de noix qui fonctionne avec un tapis de qualit\u00e9 en acier inoxydable AISI 304, d\u00e9place continuellement les produits \u00e0 travers les chambres de torr\u00e9faction et de refroidissement. Une fois les produits charg\u00e9s dans la tr\u00e9mie d&rsquo;entr\u00e9e du torr\u00e9facteur, ils sont plac\u00e9s directement sur le tapis en mouvement continu. La &hellip;<\/p>\n<p class=\"read-more\"> <a class=\"\" href=\"https:\/\/machinecastle.com\/fr\/torrefacteur-de-noix\/\"> <span class=\"screen-reader-text\">Torr\u00e9facteur de noix<\/span> Lire la suite\u00a0\u00bb<\/a><\/p>\n","protected":false},"author":1,"featured_media":0,"parent":0,"menu_order":0,"comment_status":"closed","ping_status":"closed","template":"","meta":{"site-sidebar-layout":"default","site-content-layout":"","ast-site-content-layout":"default","site-content-style":"default","site-sidebar-style":"default","ast-global-header-display":"","ast-banner-title-visibility":"","ast-main-header-display":"","ast-hfb-above-header-display":"","ast-hfb-below-header-display":"","ast-hfb-mobile-header-display":"","site-post-title":"","ast-breadcrumbs-content":"","ast-featured-img":"","footer-sml-layout":"","theme-transparent-header-meta":"","adv-header-id-meta":"","stick-header-meta":"","header-above-stick-meta":"","header-main-stick-meta":"","header-below-stick-meta":"","astra-migrate-meta-layouts":"default","ast-page-background-enabled":"default","ast-page-background-meta":{"desktop":{"background-color":"","background-image":"","background-repeat":"repeat","background-position":"center center","background-size":"auto","background-attachment":"scroll","background-type":"","background-media":"","overlay-type":"","overlay-color":"","overlay-gradient":""},"tablet":{"background-color":"","background-image":"","background-repeat":"repeat","background-position":"center center","background-size":"auto","background-attachment":"scroll","background-type":"","background-media":"","overlay-type":"","overlay-color":"","overlay-gradient":""},"mobile":{"background-color":"","background-image":"","background-repeat":"repeat","background-position":"center center","background-size":"auto","background-attachment":"scroll","background-type":"","background-media":"","overlay-type":"","overlay-color":"","overlay-gradient":""}},"ast-content-background-meta":{"desktop":{"background-color":"var(--ast-global-color-5)","background-image":"","background-repeat":"repeat","background-position":"center center","background-size":"auto","background-attachment":"scroll","background-type":"","background-media":"","overlay-type":"","overlay-color":"","overlay-gradient":""},"tablet":{"background-color":"var(--ast-global-color-5)","background-image":"","background-repeat":"repeat","background-position":"center center","background-size":"auto","background-attachment":"scroll","background-type":"","background-media":"","overlay-type":"","overlay-color":"","overlay-gradient":""},"mobile":{"background-color":"var(--ast-global-color-5)","background-image":"","background-repeat":"repeat","background-position":"center center","background-size":"auto","background-attachment":"scroll","background-type":"","background-media":"","overlay-type":"","overlay-color":"","overlay-gradient":""}},"footnotes":""},"class_list":["post-9091","page","type-page","status-publish","hentry"],"_links":{"self":[{"href":"https:\/\/machinecastle.com\/fr\/wp-json\/wp\/v2\/pages\/9091","targetHints":{"allow":["GET"]}}],"collection":[{"href":"https:\/\/machinecastle.com\/fr\/wp-json\/wp\/v2\/pages"}],"about":[{"href":"https:\/\/machinecastle.com\/fr\/wp-json\/wp\/v2\/types\/page"}],"author":[{"embeddable":true,"href":"https:\/\/machinecastle.com\/fr\/wp-json\/wp\/v2\/users\/1"}],"replies":[{"embeddable":true,"href":"https:\/\/machinecastle.com\/fr\/wp-json\/wp\/v2\/comments?post=9091"}],"version-history":[{"count":5,"href":"https:\/\/machinecastle.com\/fr\/wp-json\/wp\/v2\/pages\/9091\/revisions"}],"predecessor-version":[{"id":9100,"href":"https:\/\/machinecastle.com\/fr\/wp-json\/wp\/v2\/pages\/9091\/revisions\/9100"}],"wp:attachment":[{"href":"https:\/\/machinecastle.com\/fr\/wp-json\/wp\/v2\/media?parent=9091"}],"curies":[{"name":"wp","href":"https:\/\/api.w.org\/{rel}","templated":true}]}}