{"id":9067,"date":"2025-04-16T08:01:58","date_gmt":"2025-04-16T08:01:58","guid":{"rendered":"https:\/\/machinecastle.com\/machine-a-torrefier-les-noix-a-air-comprime-et-machine-a-torrefier-les-noix-rotative\/"},"modified":"2025-04-17T11:46:27","modified_gmt":"2025-04-17T11:46:27","slug":"machine-a-torrefier-les-noix-a-air-comprime-et-machine-a-torrefier-les-noix-rotative","status":"publish","type":"page","link":"https:\/\/machinecastle.com\/fr\/machine-a-torrefier-les-noix-a-air-comprime-et-machine-a-torrefier-les-noix-rotative\/","title":{"rendered":"Machine \u00e0 torr\u00e9fier les noix \u00e0 air comprim\u00e9 et machine \u00e0 torr\u00e9fier les noix rotative"},"content":{"rendered":"\t\t<div data-elementor-type=\"wp-page\" data-elementor-id=\"9067\" class=\"elementor elementor-9067 elementor-9009\">\n\t\t\t\t\t\t<section class=\"elementor-section elementor-top-section elementor-element elementor-element-ded9af0 elementor-section-boxed elementor-section-height-default elementor-section-height-default\" data-id=\"ded9af0\" data-element_type=\"section\">\n\t\t\t\t\t\t<div class=\"elementor-container elementor-column-gap-default\">\n\t\t\t\t\t<div class=\"elementor-column elementor-col-100 elementor-top-column elementor-element elementor-element-6ac022a\" data-id=\"6ac022a\" data-element_type=\"column\">\n\t\t\t<div class=\"elementor-widget-wrap elementor-element-populated\">\n\t\t\t\t\t\t<div class=\"elementor-element elementor-element-f52d7e8 elementor-widget elementor-widget-heading\" data-id=\"f52d7e8\" data-element_type=\"widget\" data-widget_type=\"heading.default\">\n\t\t\t\t<div class=\"elementor-widget-container\">\n\t\t\t\t\t<h2 class=\"elementor-heading-title elementor-size-default\">TORR\u00c9FACTEUR DE NOIX \u00c0 AIR ET TORR\u00c9FACTEUR DE NOIX ROTATIF<\/h2>\t\t\t\t<\/div>\n\t\t\t\t<\/div>\n\t\t\t\t\t<\/div>\n\t\t<\/div>\n\t\t\t\t\t<\/div>\n\t\t<\/section>\n\t\t\t\t<section class=\"elementor-section elementor-top-section elementor-element elementor-element-35c49c6 elementor-section-boxed elementor-section-height-default elementor-section-height-default\" data-id=\"35c49c6\" data-element_type=\"section\">\n\t\t\t\t\t\t<div class=\"elementor-container elementor-column-gap-default\">\n\t\t\t\t\t<div class=\"elementor-column elementor-col-50 elementor-top-column elementor-element elementor-element-335d99c\" data-id=\"335d99c\" data-element_type=\"column\">\n\t\t\t<div class=\"elementor-widget-wrap elementor-element-populated\">\n\t\t\t\t\t\t<div class=\"elementor-element elementor-element-451b848 elementor-widget elementor-widget-video\" data-id=\"451b848\" data-element_type=\"widget\" data-settings=\"{&quot;youtube_url&quot;:&quot;https:\\\/\\\/www.youtube.com\\\/watch?v=OGQpmRaruxo&quot;,&quot;video_type&quot;:&quot;youtube&quot;,&quot;controls&quot;:&quot;yes&quot;}\" data-widget_type=\"video.default\">\n\t\t\t\t<div class=\"elementor-widget-container\">\n\t\t\t\t\t\t\t<div class=\"elementor-wrapper elementor-open-inline\">\n\t\t\t<div class=\"elementor-video\"><\/div>\t\t<\/div>\n\t\t\t\t\t\t<\/div>\n\t\t\t\t<\/div>\n\t\t\t\t\t<\/div>\n\t\t<\/div>\n\t\t\t\t<div class=\"elementor-column elementor-col-50 elementor-top-column elementor-element elementor-element-ba7f8c6\" data-id=\"ba7f8c6\" data-element_type=\"column\">\n\t\t\t<div class=\"elementor-widget-wrap elementor-element-populated\">\n\t\t\t\t\t\t<div class=\"elementor-element elementor-element-14f9272 elementor-widget elementor-widget-video\" data-id=\"14f9272\" data-element_type=\"widget\" data-settings=\"{&quot;youtube_url&quot;:&quot;https:\\\/\\\/youtu.be\\\/bbpnGMDn6zI&quot;,&quot;video_type&quot;:&quot;youtube&quot;,&quot;controls&quot;:&quot;yes&quot;}\" data-widget_type=\"video.default\">\n\t\t\t\t<div class=\"elementor-widget-container\">\n\t\t\t\t\t\t\t<div class=\"elementor-wrapper elementor-open-inline\">\n\t\t\t<div class=\"elementor-video\"><\/div>\t\t<\/div>\n\t\t\t\t\t\t<\/div>\n\t\t\t\t<\/div>\n\t\t\t\t\t<\/div>\n\t\t<\/div>\n\t\t\t\t\t<\/div>\n\t\t<\/section>\n\t\t\t\t<section class=\"elementor-section elementor-top-section elementor-element elementor-element-2c2ddf7 elementor-section-boxed elementor-section-height-default elementor-section-height-default\" data-id=\"2c2ddf7\" data-element_type=\"section\">\n\t\t\t\t\t\t<div class=\"elementor-container elementor-column-gap-default\">\n\t\t\t\t\t<div class=\"elementor-column elementor-col-100 elementor-top-column elementor-element elementor-element-eac859c\" data-id=\"eac859c\" data-element_type=\"column\">\n\t\t\t<div class=\"elementor-widget-wrap elementor-element-populated\">\n\t\t\t\t\t\t<div class=\"elementor-element elementor-element-e007c9a elementor-widget elementor-widget-text-editor\" data-id=\"e007c9a\" data-element_type=\"widget\" data-widget_type=\"text-editor.default\">\n\t\t\t\t<div class=\"elementor-widget-container\">\n\t\t\t\t\t\t\t\t\t<p>Lorsqu&rsquo;il s&rsquo;agit de torr\u00e9fier des fruits \u00e0 coque au niveau industriel, il est essentiel de choisir le bon \u00e9quipement pour garantir la constance de la saveur, l&rsquo;efficacit\u00e9 et la qualit\u00e9 du produit. Deux des options les plus courantes sont les <strong data-start=\"448\" data-end=\"474\">torr\u00e9facteurs \u00e0 bande \u00e0 air<\/strong> et les <strong data-start=\"479\" data-end=\"505\">torr\u00e9facteurs \u00e0 tambour rotatif<\/strong>. Chacune d&rsquo;entre elles pr\u00e9sente ses propres avantages et ses propres cas d&rsquo;utilisation.  <\/p>\n\t\t\t\t\t\t\t\t<\/div>\n\t\t\t\t<\/div>\n\t\t\t\t\t<\/div>\n\t\t<\/div>\n\t\t\t\t\t<\/div>\n\t\t<\/section>\n\t\t\t\t<section class=\"elementor-section elementor-top-section elementor-element elementor-element-96b7ee1 elementor-section-boxed elementor-section-height-default elementor-section-height-default\" data-id=\"96b7ee1\" data-element_type=\"section\">\n\t\t\t\t\t\t<div class=\"elementor-container elementor-column-gap-default\">\n\t\t\t\t\t<div class=\"elementor-column elementor-col-100 elementor-top-column elementor-element elementor-element-a2a0831\" data-id=\"a2a0831\" data-element_type=\"column\">\n\t\t\t<div class=\"elementor-widget-wrap elementor-element-populated\">\n\t\t\t\t\t\t<div class=\"elementor-element elementor-element-2ad6e5e elementor-widget elementor-widget-heading\" data-id=\"2ad6e5e\" data-element_type=\"widget\" data-widget_type=\"heading.default\">\n\t\t\t\t<div class=\"elementor-widget-container\">\n\t\t\t\t\t<h3 class=\"elementor-heading-title elementor-size-default\">Machine \u00e0 torr\u00e9fier les noix \u00e0 air:<\/h3>\t\t\t\t<\/div>\n\t\t\t\t<\/div>\n\t\t\t\t\t<\/div>\n\t\t<\/div>\n\t\t\t\t\t<\/div>\n\t\t<\/section>\n\t\t\t\t<section class=\"elementor-section elementor-top-section elementor-element elementor-element-226830e elementor-section-boxed elementor-section-height-default elementor-section-height-default\" data-id=\"226830e\" data-element_type=\"section\">\n\t\t\t\t\t\t<div class=\"elementor-container elementor-column-gap-default\">\n\t\t\t\t\t<div class=\"elementor-column elementor-col-100 elementor-top-column elementor-element elementor-element-8f9ff50\" data-id=\"8f9ff50\" data-element_type=\"column\">\n\t\t\t<div class=\"elementor-widget-wrap elementor-element-populated\">\n\t\t\t\t\t\t<div class=\"elementor-element elementor-element-9ac97ad elementor-widget elementor-widget-text-editor\" data-id=\"9ac97ad\" data-element_type=\"widget\" data-widget_type=\"text-editor.default\">\n\t\t\t\t<div class=\"elementor-widget-container\">\n\t\t\t\t\t\t\t\t\t<p>Dans les torr\u00e9facteurs \u00e0 bande, les produits sont torr\u00e9fi\u00e9s \u00e0 l&rsquo;aide d&rsquo;air chauff\u00e9. Une fois que la tr\u00e9mie d&rsquo;entr\u00e9e est remplie de noix et que les param\u00e8tres (vitesse de la bande et degr\u00e9 de torr\u00e9faction) sont r\u00e9gl\u00e9s, la bande se d\u00e9place continuellement et transporte les noix vers la sortie. Il y a deux chambres de torr\u00e9faction : la premi\u00e8re utilise un ventilateur inf\u00e9rieur pour faire circuler l&rsquo;air chauff\u00e9, et la seconde utilise un ventilateur sup\u00e9rieur. Ce double flux d&rsquo;air garantit une torr\u00e9faction uniforme au fil du temps. Apr\u00e8s la torr\u00e9faction, les noix sont transf\u00e9r\u00e9es dans la chambre de refroidissement, o\u00f9 elles sont rapidement refroidies et pr\u00eates \u00e0 \u00eatre emball\u00e9es. Les options de carburant pour les torr\u00e9facteurs \u00e0 bande sont le gaz, le GPL, le diesel et l&rsquo;\u00e9lectricit\u00e9. Les mod\u00e8les au gaz, au GPL ou au diesel utilisent des br\u00fbleurs pour le chauffage. Les mod\u00e8les \u00e9lectriques utilisent des tubes chauffants \u00e0 ailettes.         <\/p>\n<p>Cette machine est dot\u00e9e d&rsquo;un panneau de commande \u00e0 \u00e9cran tactile, qui permet aux utilisateurs de cr\u00e9er et d&rsquo;enregistrer des recettes pour obtenir des r\u00e9sultats constants. L&rsquo;op\u00e9rateur n&rsquo;a pas besoin de retirer manuellement le produit, les noix sont automatiquement d\u00e9charg\u00e9es dans la tr\u00e9mie de sortie. <\/p>\n<p class=\"\" data-start=\"589\" data-end=\"846\">Les principales caract\u00e9ristiques sont les suivantes :<\/p>\n<ul data-start=\"848\" data-end=\"1129\">\n<li class=\"\" data-start=\"848\" data-end=\"907\">\n<p class=\"\" data-start=\"850\" data-end=\"907\">Une <strong data-start=\"850\" data-end=\"882\">torr\u00e9faction constante et uniforme<\/strong> gr\u00e2ce au double flux d&rsquo;air.<\/p>\n<\/li>\n<li class=\"\" data-start=\"908\" data-end=\"956\">\n<p class=\"\" data-start=\"910\" data-end=\"956\"><strong data-start=\"910\" data-end=\"929\">Enti\u00e8rement automatis\u00e9<\/strong> avec des commandes \u00e0 \u00e9cran tactile.<\/p>\n<\/li>\n<li class=\"\" data-start=\"957\" data-end=\"1010\">\n<p class=\"\" data-start=\"959\" data-end=\"1010\">Possibilit\u00e9 d&rsquo;<strong data-start=\"970\" data-end=\"986\">enregistrer des recettes<\/strong> pour obtenir des r\u00e9sultats reproductibles.<\/p>\n<\/li>\n<li class=\"\" data-start=\"1011\" data-end=\"1058\">\n<p class=\"\" data-start=\"1013\" data-end=\"1058\"><strong data-start=\"1013\" data-end=\"1037\">D\u00e9chargement \u00e0 mains libres<\/strong> des produits torr\u00e9fi\u00e9s.<\/p>\n<\/li>\n<li class=\"\" data-start=\"1059\" data-end=\"1129\">\n<p class=\"\" data-start=\"1061\" data-end=\"1129\">Disponible avec plusieurs options de carburant : Gaz, GPL, diesel ou \u00e9lectrique.<\/p>\n<\/li>\n<\/ul>\n<p class=\"\" data-start=\"1131\" data-end=\"1218\">Id\u00e9al pour les environnements de production \u00e0 haute capacit\u00e9 qui exigent coh\u00e9rence et automatisation.<\/p>\n\t\t\t\t\t\t\t\t<\/div>\n\t\t\t\t<\/div>\n\t\t\t\t\t<\/div>\n\t\t<\/div>\n\t\t\t\t\t<\/div>\n\t\t<\/section>\n\t\t\t\t<section class=\"elementor-section elementor-top-section elementor-element elementor-element-e495507 elementor-section-boxed elementor-section-height-default elementor-section-height-default\" data-id=\"e495507\" data-element_type=\"section\">\n\t\t\t\t\t\t<div class=\"elementor-container elementor-column-gap-default\">\n\t\t\t\t\t<div class=\"elementor-column elementor-col-100 elementor-top-column elementor-element elementor-element-f44c930\" data-id=\"f44c930\" data-element_type=\"column\">\n\t\t\t<div class=\"elementor-widget-wrap elementor-element-populated\">\n\t\t\t\t\t\t<div class=\"elementor-element elementor-element-31741eb elementor-widget elementor-widget-heading\" data-id=\"31741eb\" data-element_type=\"widget\" data-widget_type=\"heading.default\">\n\t\t\t\t<div class=\"elementor-widget-container\">\n\t\t\t\t\t<h3 class=\"elementor-heading-title elementor-size-default\">Machine rotative \u00e0 griller les noix :<\/h3>\t\t\t\t<\/div>\n\t\t\t\t<\/div>\n\t\t\t\t\t<\/div>\n\t\t<\/div>\n\t\t\t\t\t<\/div>\n\t\t<\/section>\n\t\t\t\t<section class=\"elementor-section elementor-top-section elementor-element elementor-element-e2e2329 elementor-section-boxed elementor-section-height-default elementor-section-height-default\" data-id=\"e2e2329\" data-element_type=\"section\">\n\t\t\t\t\t\t<div class=\"elementor-container elementor-column-gap-default\">\n\t\t\t\t\t<div class=\"elementor-column elementor-col-100 elementor-top-column elementor-element elementor-element-5af1b71\" data-id=\"5af1b71\" data-element_type=\"column\">\n\t\t\t<div class=\"elementor-widget-wrap elementor-element-populated\">\n\t\t\t\t\t\t<div class=\"elementor-element elementor-element-7f157ba elementor-widget elementor-widget-text-editor\" data-id=\"7f157ba\" data-element_type=\"widget\" data-widget_type=\"text-editor.default\">\n\t\t\t\t<div class=\"elementor-widget-container\">\n\t\t\t\t\t\t\t\t\t<p>Le torr\u00e9facteur \u00e0 tambour rotatif torr\u00e9fie les noix dans un tambour rotatif chauff\u00e9. Il peut fonctionner au gaz, au GPL, au diesel ou \u00e0 l&rsquo;\u00e9lectricit\u00e9. Une fois la temp\u00e9rature souhait\u00e9e atteinte, l&rsquo;op\u00e9rateur charge les noix pendant que le tambour tourne. Apr\u00e8s la torr\u00e9faction, les noix sont d\u00e9charg\u00e9es \u00e0 l&rsquo;aide d&rsquo;une poign\u00e9e. Une m\u00e9thode tr\u00e8s r\u00e9pandue consiste \u00e0 griller les noix dans du sel chauff\u00e9. Il existe deux poign\u00e9es de d\u00e9chargement : l&rsquo;une pour retirer les noix et l&rsquo;autre pour retirer le sel ou les produits r\u00e9siduels.     &nbsp;<\/p>\n<p>Ce mod\u00e8le n&rsquo;a pas de syst\u00e8me de refroidissement, les noix sont donc d\u00e9plac\u00e9es ailleurs pour refroidir naturellement. L&rsquo;op\u00e9rateur ne contr\u00f4le que la vitesse du tambour et la chaleur. Il n&rsquo;y a pas de technologie permettant d&rsquo;\u00e9conomiser les recettes, de sorte que la r\u00e9gularit\u00e9 des r\u00e9sultats d\u00e9pend enti\u00e8rement de l&rsquo;habilet\u00e9 de l&rsquo;op\u00e9rateur. <\/p>\n<p data-start=\"1255\" data-end=\"1414\">Caract\u00e9ristiques principales :<\/p>\n<ul data-start=\"1416\" data-end=\"1650\">\n<li data-start=\"1416\" data-end=\"1472\">\n<p data-start=\"1418\" data-end=\"1472\">Fonctionnement manuel ; <strong data-start=\"1437\" data-end=\"1457\">pas de m\u00e9moire de recettes<\/strong> ni d&rsquo;automatisation.<\/p>\n<\/li>\n<li data-start=\"1473\" data-end=\"1533\">\n<p data-start=\"1475\" data-end=\"1533\"><strong data-start=\"1475\" data-end=\"1500\">Pas de refroidissement int\u00e9gr\u00e9<\/strong> &#8211; les produits doivent \u00eatre refroidis s\u00e9par\u00e9ment.<\/p>\n<\/li>\n<li data-start=\"1534\" data-end=\"1596\">\n<p data-start=\"1536\" data-end=\"1596\"><strong data-start=\"1536\" data-end=\"1556\">D\u00e9chargement manuel<\/strong> \u00e0 l&rsquo;aide de deux poign\u00e9es (pour les noix et le sel).<\/p>\n<\/li>\n<li data-start=\"1597\" data-end=\"1650\">\n<p data-start=\"1599\" data-end=\"1650\">Convient \u00e0 la <strong data-start=\"1612\" data-end=\"1649\">torr\u00e9faction de sp\u00e9cialit\u00e9<\/strong>.<\/p>\n<\/li>\n<\/ul>\n<div>Parfait pour les entreprises qui souhaitent contr\u00f4ler directement leur torr\u00e9faction ou qui produisent de petits lots personnalis\u00e9s.<\/div>\t\t\t\t\t\t\t\t<\/div>\n\t\t\t\t<\/div>\n\t\t\t\t\t<\/div>\n\t\t<\/div>\n\t\t\t\t\t<\/div>\n\t\t<\/section>\n\t\t\t\t<section class=\"elementor-section elementor-top-section elementor-element elementor-element-79c4668 elementor-section-boxed elementor-section-height-default elementor-section-height-default\" data-id=\"79c4668\" data-element_type=\"section\">\n\t\t\t\t\t\t<div class=\"elementor-container elementor-column-gap-default\">\n\t\t\t\t\t<div class=\"elementor-column elementor-col-100 elementor-top-column elementor-element elementor-element-3f46634\" data-id=\"3f46634\" data-element_type=\"column\">\n\t\t\t<div class=\"elementor-widget-wrap elementor-element-populated\">\n\t\t\t\t\t\t<div class=\"elementor-element elementor-element-8b08a75 elementor-widget elementor-widget-heading\" data-id=\"8b08a75\" data-element_type=\"widget\" data-widget_type=\"heading.default\">\n\t\t\t\t<div class=\"elementor-widget-container\">\n\t\t\t\t\t<h4 class=\"elementor-heading-title elementor-size-default\">Lequel choisir ?<\/h4>\t\t\t\t<\/div>\n\t\t\t\t<\/div>\n\t\t\t\t\t<\/div>\n\t\t<\/div>\n\t\t\t\t\t<\/div>\n\t\t<\/section>\n\t\t\t\t<section class=\"elementor-section elementor-top-section elementor-element elementor-element-bcbeb19 elementor-section-boxed elementor-section-height-default elementor-section-height-default\" data-id=\"bcbeb19\" data-element_type=\"section\">\n\t\t\t\t\t\t<div class=\"elementor-container elementor-column-gap-default\">\n\t\t\t\t\t<div class=\"elementor-column elementor-col-100 elementor-top-column elementor-element elementor-element-1f4ecc5\" data-id=\"1f4ecc5\" data-element_type=\"column\">\n\t\t\t<div class=\"elementor-widget-wrap elementor-element-populated\">\n\t\t\t\t\t\t<div class=\"elementor-element elementor-element-957d0ad elementor-widget elementor-widget-text-editor\" data-id=\"957d0ad\" data-element_type=\"widget\" data-widget_type=\"text-editor.default\">\n\t\t\t\t<div class=\"elementor-widget-container\">\n\t\t\t\t\t\t\t\t\t<ul>\n<li data-start=\"1783\" data-end=\"1880\">\n<p data-start=\"1785\" data-end=\"1880\">Choisissez les <strong data-start=\"1792\" data-end=\"1818\">torr\u00e9facteurs \u00e0 bande de type Air<\/strong> si vous avez besoin d&rsquo;automatisation, de facilit\u00e9 d&rsquo;utilisation et d&rsquo;un rendement constant.<\/p>\n<\/li>\n<li data-start=\"1881\" data-end=\"2019\">\n<p data-start=\"1883\" data-end=\"2019\">Optez pour les <strong data-start=\"1891\" data-end=\"1917\">torr\u00e9facteurs \u00e0 tambour rotatif<\/strong> si vous pr\u00e9f\u00e9rez le contr\u00f4le manuel ou si vous voulez utiliser des m\u00e9thodes traditionnelles et torr\u00e9fier les produits avec des \u00e9l\u00e9ments aromatiques ajout\u00e9s comme le sel.<\/p>\n<\/li>\n<\/ul>\n\t\t\t\t\t\t\t\t<\/div>\n\t\t\t\t<\/div>\n\t\t\t\t\t<\/div>\n\t\t<\/div>\n\t\t\t\t\t<\/div>\n\t\t<\/section>\n\t\t\t\t<section class=\"elementor-section elementor-top-section elementor-element elementor-element-eca6517 elementor-section-boxed elementor-section-height-default elementor-section-height-default\" data-id=\"eca6517\" data-element_type=\"section\">\n\t\t\t\t\t\t<div class=\"elementor-container elementor-column-gap-default\">\n\t\t\t\t\t<div class=\"elementor-column elementor-col-50 elementor-top-column elementor-element elementor-element-66d2381\" data-id=\"66d2381\" data-element_type=\"column\">\n\t\t\t<div class=\"elementor-widget-wrap elementor-element-populated\">\n\t\t\t\t\t\t<div class=\"elementor-element elementor-element-ee0b37d elementor-widget elementor-widget-image\" data-id=\"ee0b37d\" data-element_type=\"widget\" data-widget_type=\"image.default\">\n\t\t\t\t<div class=\"elementor-widget-container\">\n\t\t\t\t\t\t\t\t\t\t\t\t<figure class=\"wp-caption\">\n\t\t\t\t\t\t\t\t\t\t\t<a href=\"https:\/\/machinecastle.com\/urun\/nuts-roaster\/\">\n\t\t\t\t\t\t\t<img fetchpriority=\"high\" decoding=\"async\" width=\"750\" height=\"630\" src=\"https:\/\/machinecastle.com\/wp-content\/uploads\/2025\/04\/Belt-Type-Nuts-Roaster-.png\" class=\"attachment-large size-large wp-image-9034\" alt=\"Belt Type Nuts Roaster\" srcset=\"https:\/\/machinecastle.com\/wp-content\/uploads\/2025\/04\/Belt-Type-Nuts-Roaster-.png 750w, https:\/\/machinecastle.com\/wp-content\/uploads\/2025\/04\/Belt-Type-Nuts-Roaster--300x252.png 300w, https:\/\/machinecastle.com\/wp-content\/uploads\/2025\/04\/Belt-Type-Nuts-Roaster--600x504.png 600w\" sizes=\"(max-width: 750px) 100vw, 750px\" \/>\t\t\t\t\t\t\t\t<\/a>\n\t\t\t\t\t\t\t\t\t\t\t<figcaption class=\"widget-image-caption wp-caption-text\">Cliquez pour voir les machines de torr\u00e9faction \u00e0 l'air<\/figcaption>\n\t\t\t\t\t\t\t\t\t\t<\/figure>\n\t\t\t\t\t\t\t\t\t<\/div>\n\t\t\t\t<\/div>\n\t\t\t\t\t<\/div>\n\t\t<\/div>\n\t\t\t\t<div class=\"elementor-column elementor-col-50 elementor-top-column elementor-element elementor-element-4a73dd2\" data-id=\"4a73dd2\" data-element_type=\"column\">\n\t\t\t<div class=\"elementor-widget-wrap elementor-element-populated\">\n\t\t\t\t\t\t<div class=\"elementor-element elementor-element-b3c8dbf elementor-widget elementor-widget-image\" data-id=\"b3c8dbf\" data-element_type=\"widget\" data-widget_type=\"image.default\">\n\t\t\t\t<div class=\"elementor-widget-container\">\n\t\t\t\t\t\t\t\t\t\t\t\t<figure class=\"wp-caption\">\n\t\t\t\t\t\t\t\t\t\t\t<a href=\"https:\/\/machinecastle.com\/urun\/mc-30-nuts-roasting-machine\/\">\n\t\t\t\t\t\t\t<img decoding=\"async\" width=\"750\" height=\"628\" src=\"https:\/\/machinecastle.com\/wp-content\/uploads\/2025\/04\/rotating-nuts-roaster-.png\" class=\"attachment-large size-large wp-image-9041\" alt=\"rotating nuts roaster\" srcset=\"https:\/\/machinecastle.com\/wp-content\/uploads\/2025\/04\/rotating-nuts-roaster-.png 750w, https:\/\/machinecastle.com\/wp-content\/uploads\/2025\/04\/rotating-nuts-roaster--300x251.png 300w, https:\/\/machinecastle.com\/wp-content\/uploads\/2025\/04\/rotating-nuts-roaster--600x502.png 600w\" sizes=\"(max-width: 750px) 100vw, 750px\" \/>\t\t\t\t\t\t\t\t<\/a>\n\t\t\t\t\t\t\t\t\t\t\t<figcaption class=\"widget-image-caption wp-caption-text\">Cliquez pour voir les torr\u00e9facteurs rotatifs<\/figcaption>\n\t\t\t\t\t\t\t\t\t\t<\/figure>\n\t\t\t\t\t\t\t\t\t<\/div>\n\t\t\t\t<\/div>\n\t\t\t\t\t<\/div>\n\t\t<\/div>\n\t\t\t\t\t<\/div>\n\t\t<\/section>\n\t\t\t\t<\/div>\n\t\t","protected":false},"excerpt":{"rendered":"<p>TORR\u00c9FACTEUR DE NOIX \u00c0 AIR ET TORR\u00c9FACTEUR DE NOIX ROTATIF https:\/\/www.youtube.com\/watch?v=OGQpmRaruxohttps:\/\/youtu.be\/bbpnGMDn6zI Lorsqu&rsquo;il s&rsquo;agit de torr\u00e9fier des fruits \u00e0 coque au niveau industriel, il est essentiel de choisir le bon \u00e9quipement pour garantir la constance de la saveur, l&rsquo;efficacit\u00e9 et la qualit\u00e9 du produit. Deux des options les plus courantes sont les torr\u00e9facteurs \u00e0 bande \u00e0 &hellip;<\/p>\n<p class=\"read-more\"> <a class=\"\" href=\"https:\/\/machinecastle.com\/fr\/machine-a-torrefier-les-noix-a-air-comprime-et-machine-a-torrefier-les-noix-rotative\/\"> <span class=\"screen-reader-text\">Machine \u00e0 torr\u00e9fier les noix \u00e0 air comprim\u00e9 et machine \u00e0 torr\u00e9fier les noix rotative<\/span> Lire la suite\u00a0\u00bb<\/a><\/p>\n","protected":false},"author":1,"featured_media":0,"parent":0,"menu_order":0,"comment_status":"closed","ping_status":"closed","template":"","meta":{"site-sidebar-layout":"no-sidebar","site-content-layout":"page-builder","ast-site-content-layout":"full-width-container","site-content-style":"default","site-sidebar-style":"default","ast-global-header-display":"","ast-banner-title-visibility":"","ast-main-header-display":"","ast-hfb-above-header-display":"","ast-hfb-below-header-display":"","ast-hfb-mobile-header-display":"","site-post-title":"disabled","ast-breadcrumbs-content":"","ast-featured-img":"disabled","footer-sml-layout":"","theme-transparent-header-meta":"","adv-header-id-meta":"","stick-header-meta":"","header-above-stick-meta":"","header-main-stick-meta":"","header-below-stick-meta":"","astra-migrate-meta-layouts":"default","ast-page-background-enabled":"default","ast-page-background-meta":{"desktop":{"background-color":"","background-image":"","background-repeat":"repeat","background-position":"center center","background-size":"auto","background-attachment":"scroll","background-type":"","background-media":"","overlay-type":"","overlay-color":"","overlay-gradient":""},"tablet":{"background-color":"","background-image":"","background-repeat":"repeat","background-position":"center center","background-size":"auto","background-attachment":"scroll","background-type":"","background-media":"","overlay-type":"","overlay-color":"","overlay-gradient":""},"mobile":{"background-color":"","background-image":"","background-repeat":"repeat","background-position":"center center","background-size":"auto","background-attachment":"scroll","background-type":"","background-media":"","overlay-type":"","overlay-color":"","overlay-gradient":""}},"ast-content-background-meta":{"desktop":{"background-color":"var(--ast-global-color-5)","background-image":"","background-repeat":"repeat","background-position":"center center","background-size":"auto","background-attachment":"scroll","background-type":"","background-media":"","overlay-type":"","overlay-color":"","overlay-gradient":""},"tablet":{"background-color":"var(--ast-global-color-5)","background-image":"","background-repeat":"repeat","background-position":"center center","background-size":"auto","background-attachment":"scroll","background-type":"","background-media":"","overlay-type":"","overlay-color":"","overlay-gradient":""},"mobile":{"background-color":"var(--ast-global-color-5)","background-image":"","background-repeat":"repeat","background-position":"center center","background-size":"auto","background-attachment":"scroll","background-type":"","background-media":"","overlay-type":"","overlay-color":"","overlay-gradient":""}},"footnotes":""},"class_list":["post-9067","page","type-page","status-publish","hentry"],"_links":{"self":[{"href":"https:\/\/machinecastle.com\/fr\/wp-json\/wp\/v2\/pages\/9067","targetHints":{"allow":["GET"]}}],"collection":[{"href":"https:\/\/machinecastle.com\/fr\/wp-json\/wp\/v2\/pages"}],"about":[{"href":"https:\/\/machinecastle.com\/fr\/wp-json\/wp\/v2\/types\/page"}],"author":[{"embeddable":true,"href":"https:\/\/machinecastle.com\/fr\/wp-json\/wp\/v2\/users\/1"}],"replies":[{"embeddable":true,"href":"https:\/\/machinecastle.com\/fr\/wp-json\/wp\/v2\/comments?post=9067"}],"version-history":[{"count":7,"href":"https:\/\/machinecastle.com\/fr\/wp-json\/wp\/v2\/pages\/9067\/revisions"}],"predecessor-version":[{"id":9128,"href":"https:\/\/machinecastle.com\/fr\/wp-json\/wp\/v2\/pages\/9067\/revisions\/9128"}],"wp:attachment":[{"href":"https:\/\/machinecastle.com\/fr\/wp-json\/wp\/v2\/media?parent=9067"}],"curies":[{"name":"wp","href":"https:\/\/api.w.org\/{rel}","templated":true}]}}