{"id":7942,"date":"2018-11-26T12:46:44","date_gmt":"2018-11-26T12:46:44","guid":{"rendered":"https:\/\/machinecastle.com\/projets\/"},"modified":"2023-12-02T20:26:54","modified_gmt":"2023-12-02T20:26:54","slug":"projets","status":"publish","type":"page","link":"https:\/\/machinecastle.com\/fr\/projets\/","title":{"rendered":"Projets"},"content":{"rendered":"\t\t<div data-elementor-type=\"wp-post\" data-elementor-id=\"7942\" class=\"elementor elementor-7942 elementor-9\">\n\t\t\t\t\t\t<section class=\"elementor-section elementor-top-section elementor-element elementor-element-7d0b1fd elementor-section-content-middle elementor-section-boxed elementor-section-height-default elementor-section-height-default\" data-id=\"7d0b1fd\" data-element_type=\"section\" data-settings=\"{&quot;background_background&quot;:&quot;classic&quot;}\">\n\t\t\t\t\t\t\t<div class=\"elementor-background-overlay\"><\/div>\n\t\t\t\t\t\t\t<div class=\"elementor-container elementor-column-gap-no\">\n\t\t\t\t\t<div class=\"elementor-column elementor-col-100 elementor-top-column elementor-element elementor-element-2365ee4d\" data-id=\"2365ee4d\" data-element_type=\"column\">\n\t\t\t<div class=\"elementor-widget-wrap elementor-element-populated\">\n\t\t\t\t\t\t<div class=\"elementor-element elementor-element-3e363d46 elementor-widget elementor-widget-heading\" data-id=\"3e363d46\" data-element_type=\"widget\" data-widget_type=\"heading.default\">\n\t\t\t\t<div class=\"elementor-widget-container\">\n\t\t\t\t\t<h1 class=\"elementor-heading-title elementor-size-default\">SOCI\u00c9T\u00c9<\/h1>\t\t\t\t<\/div>\n\t\t\t\t<\/div>\n\t\t\t\t\t<\/div>\n\t\t<\/div>\n\t\t\t\t\t<\/div>\n\t\t<\/section>\n\t\t\t\t<section class=\"elementor-section elementor-top-section elementor-element elementor-element-695b2b0f elementor-section-content-top elementor-section-boxed elementor-section-height-default elementor-section-height-default\" data-id=\"695b2b0f\" data-element_type=\"section\" data-settings=\"{&quot;background_background&quot;:&quot;classic&quot;}\">\n\t\t\t\t\t\t<div class=\"elementor-container elementor-column-gap-no\">\n\t\t\t\t\t<div class=\"elementor-column elementor-col-50 elementor-top-column elementor-element elementor-element-43d414b9\" data-id=\"43d414b9\" data-element_type=\"column\">\n\t\t\t<div class=\"elementor-widget-wrap elementor-element-populated\">\n\t\t\t\t\t\t<div class=\"elementor-element elementor-element-2999a38a elementor-widget elementor-widget-image\" data-id=\"2999a38a\" data-element_type=\"widget\" data-widget_type=\"image.default\">\n\t\t\t\t<div class=\"elementor-widget-container\">\n\t\t\t\t\t\t\t\t\t\t\t\t\t\t\t<img fetchpriority=\"high\" decoding=\"async\" width=\"1366\" height=\"768\" src=\"https:\/\/machinecastle.com\/wp-content\/uploads\/2021\/12\/coffee-roasting-machines-1366x768.jpg\" class=\"attachment-full size-full wp-image-650\" alt=\"coffee roasting machines\" srcset=\"https:\/\/machinecastle.com\/wp-content\/uploads\/2021\/12\/coffee-roasting-machines-1366x768.jpg 1366w, https:\/\/machinecastle.com\/wp-content\/uploads\/2021\/12\/coffee-roasting-machines-300x169.jpg 300w, https:\/\/machinecastle.com\/wp-content\/uploads\/2021\/12\/coffee-roasting-machines-768x432.jpg 768w, https:\/\/machinecastle.com\/wp-content\/uploads\/2021\/12\/coffee-roasting-machines-1024x576.jpg 1024w, https:\/\/machinecastle.com\/wp-content\/uploads\/2021\/12\/coffee-roasting-machines-600x337.jpg 600w\" sizes=\"(max-width: 1366px) 100vw, 1366px\" \/>\t\t\t\t\t\t\t\t\t\t\t\t\t\t\t<\/div>\n\t\t\t\t<\/div>\n\t\t\t\t<div class=\"elementor-element elementor-element-65a46ba6 elementor-widget elementor-widget-heading\" data-id=\"65a46ba6\" data-element_type=\"widget\" data-widget_type=\"heading.default\">\n\t\t\t\t<div class=\"elementor-widget-container\">\n\t\t\t\t\t<h3 class=\"elementor-heading-title elementor-size-default\">SERVICE APR\u00c8S-VENTE<\/h3>\t\t\t\t<\/div>\n\t\t\t\t<\/div>\n\t\t\t\t<div class=\"elementor-element elementor-element-2922c6da elementor-widget elementor-widget-text-editor\" data-id=\"2922c6da\" data-element_type=\"widget\" data-widget_type=\"text-editor.default\">\n\t\t\t\t<div class=\"elementor-widget-container\">\n\t\t\t\t\t\t\t\t\t<p>Le Ch\u00e2teau de la Machine donne toujours la priorit\u00e9 \u00e0 la satisfaction du client et fait preuve de la m\u00eame sensibilit\u00e9 apr\u00e8s la vente.&nbsp;Tous nos produits sont garantis 4 ans et nous offrons \u00e9galement un service d&rsquo;assistance illimit\u00e9 24 heures sur 24 et 7 jours sur 7 \u00e0 tous nos clients.<\/p>\n<p>Si la machine que vous allez acheter n\u00e9cessite une installation, nous la fournissons gratuitement. La formation et l&rsquo;assistance \u00e0 distance en ligne sont \u00e9galement incluses.<\/p>\n<p>En ce sens, nos services n&rsquo;ont pas de prix. Ainsi, vous, chers clients, constatez la qualit\u00e9 non seulement de nos produits, mais aussi du service apr\u00e8s-vente.<\/p>\t\t\t\t\t\t\t\t<\/div>\n\t\t\t\t<\/div>\n\t\t\t\t\t<\/div>\n\t\t<\/div>\n\t\t\t\t<div class=\"elementor-column elementor-col-50 elementor-top-column elementor-element elementor-element-479f1207\" data-id=\"479f1207\" data-element_type=\"column\">\n\t\t\t<div class=\"elementor-widget-wrap elementor-element-populated\">\n\t\t\t\t\t\t<div class=\"elementor-element elementor-element-1c138690 elementor-widget elementor-widget-image\" data-id=\"1c138690\" data-element_type=\"widget\" data-widget_type=\"image.default\">\n\t\t\t\t<div class=\"elementor-widget-container\">\n\t\t\t\t\t\t\t\t\t\t\t\t\t\t\t<img decoding=\"async\" width=\"600\" height=\"430\" src=\"https:\/\/machinecastle.com\/wp-content\/uploads\/2021\/12\/coffee-roasting-machines-coffee-grinders-600x430.jpg\" class=\"attachment-full size-full wp-image-1036\" alt=\"gear picture\" srcset=\"https:\/\/machinecastle.com\/wp-content\/uploads\/2021\/12\/coffee-roasting-machines-coffee-grinders-600x430.jpg 600w, https:\/\/machinecastle.com\/wp-content\/uploads\/2021\/12\/coffee-roasting-machines-coffee-grinders-300x215.jpg 300w\" sizes=\"(max-width: 600px) 100vw, 600px\" \/>\t\t\t\t\t\t\t\t\t\t\t\t\t\t\t<\/div>\n\t\t\t\t<\/div>\n\t\t\t\t<div class=\"elementor-element elementor-element-659e6e22 elementor-widget elementor-widget-heading\" data-id=\"659e6e22\" data-element_type=\"widget\" data-widget_type=\"heading.default\">\n\t\t\t\t<div class=\"elementor-widget-container\">\n\t\t\t\t\t<h3 class=\"elementor-heading-title elementor-size-default\">POLITIQUES DE QUALIT\u00c9<\/h3>\t\t\t\t<\/div>\n\t\t\t\t<\/div>\n\t\t\t\t<div class=\"elementor-element elementor-element-61fbbb60 elementor-widget elementor-widget-text-editor\" data-id=\"61fbbb60\" data-element_type=\"widget\" data-widget_type=\"text-editor.default\">\n\t\t\t\t<div class=\"elementor-widget-container\">\n\t\t\t\t\t\t\t\t\t<p>Fournir aux particuliers et aux entreprises des produits et des services qui maintiennent la robustesse du d\u00e9veloppement et de la production tout en promouvant un \u00e9tat d&rsquo;esprit de qualit\u00e9 cibl\u00e9, avec 0 d\u00e9faut.<\/p>\n<p>Respecter les lois et r\u00e8glements pertinents ainsi que les exigences internes.<\/p>\n<p>Nous nous remettons constamment en question pour am\u00e9liorer le syst\u00e8me de gestion de la qualit\u00e9 afin de garantir la s\u00e9curit\u00e9 des produits, de pr\u00e9venir les d\u00e9fauts de qualit\u00e9 et d&rsquo;\u00e9liminer les d\u00e9fauts en examinant les objectifs et les r\u00e9sultats en mati\u00e8re de qualit\u00e9.<\/p>\n\t\t\t\t\t\t\t\t<\/div>\n\t\t\t\t<\/div>\n\t\t\t\t\t<\/div>\n\t\t<\/div>\n\t\t\t\t\t<\/div>\n\t\t<\/section>\n\t\t\t\t<section class=\"elementor-section elementor-top-section elementor-element elementor-element-5765c148 elementor-section-content-top elementor-section-boxed elementor-section-height-default elementor-section-height-default\" data-id=\"5765c148\" data-element_type=\"section\" data-settings=\"{&quot;background_background&quot;:&quot;classic&quot;}\">\n\t\t\t\t\t\t<div class=\"elementor-container elementor-column-gap-no\">\n\t\t\t\t\t<div class=\"elementor-column elementor-col-50 elementor-top-column elementor-element elementor-element-52d4d70b\" data-id=\"52d4d70b\" data-element_type=\"column\">\n\t\t\t<div class=\"elementor-widget-wrap elementor-element-populated\">\n\t\t\t\t\t\t<div class=\"elementor-element elementor-element-6a4ef52a elementor-widget elementor-widget-image\" data-id=\"6a4ef52a\" data-element_type=\"widget\" data-widget_type=\"image.default\">\n\t\t\t\t<div class=\"elementor-widget-container\">\n\t\t\t\t\t\t\t\t\t\t\t\t\t\t\t<img decoding=\"async\" width=\"942\" height=\"630\" src=\"https:\/\/machinecastle.com\/wp-content\/uploads\/2021\/12\/Peanut-butter-making-machines-2-942x630.jpg\" class=\"attachment-full size-full wp-image-1031\" alt=\"gears\" srcset=\"https:\/\/machinecastle.com\/wp-content\/uploads\/2021\/12\/Peanut-butter-making-machines-2-942x630.jpg 942w, https:\/\/machinecastle.com\/wp-content\/uploads\/2021\/12\/Peanut-butter-making-machines-2-300x201.jpg 300w, https:\/\/machinecastle.com\/wp-content\/uploads\/2021\/12\/Peanut-butter-making-machines-2-768x514.jpg 768w, https:\/\/machinecastle.com\/wp-content\/uploads\/2021\/12\/Peanut-butter-making-machines-2-600x401.jpg 600w\" sizes=\"(max-width: 942px) 100vw, 942px\" \/>\t\t\t\t\t\t\t\t\t\t\t\t\t\t\t<\/div>\n\t\t\t\t<\/div>\n\t\t\t\t<div class=\"elementor-element elementor-element-7fb3834f elementor-widget elementor-widget-heading\" data-id=\"7fb3834f\" data-element_type=\"widget\" data-widget_type=\"heading.default\">\n\t\t\t\t<div class=\"elementor-widget-container\">\n\t\t\t\t\t<h3 class=\"elementor-heading-title elementor-size-default\">RECHERCHE ET D\u00c9VELOPPEMENT<\/h3>\t\t\t\t<\/div>\n\t\t\t\t<\/div>\n\t\t\t\t<div class=\"elementor-element elementor-element-cf4ffec elementor-widget elementor-widget-text-editor\" data-id=\"cf4ffec\" data-element_type=\"widget\" data-widget_type=\"text-editor.default\">\n\t\t\t\t<div class=\"elementor-widget-container\">\n\t\t\t\t\t\t\t\t\t<p>Un pourcentage important des ressources de Machine Castle est consacr\u00e9 aux activit\u00e9s de R&amp;D visant \u00e0 d\u00e9finir les normes de l&rsquo;industrie. Le d\u00e9partement R&amp;D, avec ses membres dynamiques, visionnaires et enthousiastes, est toujours \u00e0 la recherche des technologies les plus avanc\u00e9es pour permettre \u00e0 ses clients d&rsquo;avoir une longueur d&rsquo;avance sur la concurrence.<br \/>L&rsquo;\u00e9quipe de R&amp;D s&rsquo;efforce de d\u00e9passer les attentes d&rsquo;aujourd&rsquo;hui et de demain et de maintenir les performances, la qualit\u00e9 et la durabilit\u00e9 des machines pendant de nombreuses ann\u00e9es.<\/p>\n<p>La prise en compte du retour d&rsquo;information et des suggestions de la client\u00e8le est essentielle au d\u00e9veloppement de ces technologies. Nous pensons, travaillons et testons au centre de notre d\u00e9partement de d\u00e9veloppement. Chaque jour, notre \u00e9quipe de d\u00e9veloppement du personnel se concentre sur la conception de nouvelles machines et le d\u00e9veloppement de nos technologies pour nos clients.<\/p>\n\t\t\t\t\t\t\t\t<\/div>\n\t\t\t\t<\/div>\n\t\t\t\t\t<\/div>\n\t\t<\/div>\n\t\t\t\t<div class=\"elementor-column elementor-col-50 elementor-top-column elementor-element elementor-element-508673ec\" data-id=\"508673ec\" data-element_type=\"column\">\n\t\t\t<div class=\"elementor-widget-wrap elementor-element-populated\">\n\t\t\t\t\t\t<div class=\"elementor-element elementor-element-5a9c6e27 elementor-widget elementor-widget-image\" data-id=\"5a9c6e27\" data-element_type=\"widget\" data-widget_type=\"image.default\">\n\t\t\t\t<div class=\"elementor-widget-container\">\n\t\t\t\t\t\t\t\t\t\t\t\t\t\t\t<img loading=\"lazy\" decoding=\"async\" width=\"600\" height=\"400\" src=\"https:\/\/machinecastle.com\/wp-content\/uploads\/2021\/12\/coffee-grinders-spice-grinder-600x400.jpg\" class=\"attachment-full size-full wp-image-1025\" alt=\"\" srcset=\"https:\/\/machinecastle.com\/wp-content\/uploads\/2021\/12\/coffee-grinders-spice-grinder-600x400.jpg 600w, https:\/\/machinecastle.com\/wp-content\/uploads\/2021\/12\/coffee-grinders-spice-grinder-300x200.jpg 300w\" sizes=\"(max-width: 600px) 100vw, 600px\" \/>\t\t\t\t\t\t\t\t\t\t\t\t\t\t\t<\/div>\n\t\t\t\t<\/div>\n\t\t\t\t<div class=\"elementor-element elementor-element-5feb3576 elementor-widget elementor-widget-heading\" data-id=\"5feb3576\" data-element_type=\"widget\" data-widget_type=\"heading.default\">\n\t\t\t\t<div class=\"elementor-widget-container\">\n\t\t\t\t\t<h3 class=\"elementor-heading-title elementor-size-default\">PRODUCTION<\/h3>\t\t\t\t<\/div>\n\t\t\t\t<\/div>\n\t\t\t\t<div class=\"elementor-element elementor-element-3d74166f elementor-widget elementor-widget-text-editor\" data-id=\"3d74166f\" data-element_type=\"widget\" data-widget_type=\"text-editor.default\">\n\t\t\t\t<div class=\"elementor-widget-container\">\n\t\t\t\t\t\t\t\t\t<p>Nous consid\u00e9rons nos clients comme nos partenaires commerciaux. Nous travaillons en partenariat avec les entreprises pour r\u00e9soudre leurs besoins en machines et leurs probl\u00e8mes de production. Notre capacit\u00e9 \u00e0 g\u00e9rer les projets des clients, qu&rsquo;ils soient petits ou grands, nous distingue de nos concurrents. Et surtout, nous savons que nos clients exigent des produits de qualit\u00e9 et que ces produits doivent \u00eatre pr\u00eats \u00e0 temps.<\/p>\n<p>Notre mission est de faire en sorte que nos clients n&rsquo;aient jamais \u00e0 se soucier de leurs commandes. Nous avons fait de la satisfaction du client la mission la plus importante de notre organisation. Nous savons que l&rsquo;\u00e9chec n&rsquo;est pas une option. Ce principe nous guide depuis notre cr\u00e9ation et nous a permis de rester forts jusqu&rsquo;\u00e0 aujourd&rsquo;hui.<\/p>\n\t\t\t\t\t\t\t\t<\/div>\n\t\t\t\t<\/div>\n\t\t\t\t\t<\/div>\n\t\t<\/div>\n\t\t\t\t\t<\/div>\n\t\t<\/section>\n\t\t\t\t<section class=\"elementor-section elementor-top-section elementor-element elementor-element-424aa8f8 elementor-section-boxed elementor-section-height-default elementor-section-height-default\" data-id=\"424aa8f8\" data-element_type=\"section\" data-settings=\"{&quot;background_background&quot;:&quot;classic&quot;}\">\n\t\t\t\t\t\t<div class=\"elementor-container elementor-column-gap-default\">\n\t\t\t\t\t<div class=\"elementor-column elementor-col-25 elementor-top-column elementor-element elementor-element-47dc678\" data-id=\"47dc678\" data-element_type=\"column\">\n\t\t\t<div class=\"elementor-widget-wrap\">\n\t\t\t\t\t\t\t<\/div>\n\t\t<\/div>\n\t\t\t\t<div class=\"elementor-column elementor-col-25 elementor-top-column elementor-element elementor-element-404eac3f\" data-id=\"404eac3f\" data-element_type=\"column\">\n\t\t\t<div class=\"elementor-widget-wrap elementor-element-populated\">\n\t\t\t\t\t\t<div class=\"elementor-element elementor-element-34975a22 elementor-widget elementor-widget-heading\" data-id=\"34975a22\" data-element_type=\"widget\" data-widget_type=\"heading.default\">\n\t\t\t\t<div class=\"elementor-widget-container\">\n\t\t\t\t\t<h3 class=\"elementor-heading-title elementor-size-default\">Vous avez besoin d'aide en mati\u00e8re de solutions industrielles ? Nous sommes des experts! Contactez nous!<\/h3>\t\t\t\t<\/div>\n\t\t\t\t<\/div>\n\t\t\t\t\t<\/div>\n\t\t<\/div>\n\t\t\t\t<div class=\"elementor-column elementor-col-25 elementor-top-column elementor-element elementor-element-70e92261\" data-id=\"70e92261\" data-element_type=\"column\">\n\t\t\t<div class=\"elementor-widget-wrap elementor-element-populated\">\n\t\t\t\t\t\t<div class=\"elementor-element elementor-element-78818cc6 elementor-align-center elementor-widget elementor-widget-button\" data-id=\"78818cc6\" data-element_type=\"widget\" data-widget_type=\"button.default\">\n\t\t\t\t<div class=\"elementor-widget-container\">\n\t\t\t\t\t\t\t\t\t<div class=\"elementor-button-wrapper\">\n\t\t\t\t\t<a class=\"elementor-button elementor-button-link elementor-size-sm\" href=\"https:\/\/machinecastle.com\/tr\/iletisim\/\">\n\t\t\t\t\t\t<span class=\"elementor-button-content-wrapper\">\n\t\t\t\t\t\t\t\t\t<span class=\"elementor-button-text\">Cliquer pour contacter<\/span>\n\t\t\t\t\t<\/span>\n\t\t\t\t\t<\/a>\n\t\t\t\t<\/div>\n\t\t\t\t\t\t\t\t<\/div>\n\t\t\t\t<\/div>\n\t\t\t\t\t<\/div>\n\t\t<\/div>\n\t\t\t\t<div class=\"elementor-column elementor-col-25 elementor-top-column elementor-element elementor-element-32df6e90\" data-id=\"32df6e90\" data-element_type=\"column\">\n\t\t\t<div class=\"elementor-widget-wrap\">\n\t\t\t\t\t\t\t<\/div>\n\t\t<\/div>\n\t\t\t\t\t<\/div>\n\t\t<\/section>\n\t\t\t\t<\/div>\n\t\t","protected":false},"excerpt":{"rendered":"<p>SOCI\u00c9T\u00c9 SERVICE APR\u00c8S-VENTE Le Ch\u00e2teau de la Machine donne toujours la priorit\u00e9 \u00e0 la satisfaction du client et fait preuve de la m\u00eame sensibilit\u00e9 apr\u00e8s la vente.&nbsp;Tous nos produits sont garantis 4 ans et nous offrons \u00e9galement un service d&rsquo;assistance illimit\u00e9 24 heures sur 24 et 7 jours sur 7 \u00e0 tous nos clients. Si &hellip;<\/p>\n<p class=\"read-more\"> <a class=\"\" href=\"https:\/\/machinecastle.com\/fr\/projets\/\"> <span class=\"screen-reader-text\">Projets<\/span> Lire la suite\u00a0\u00bb<\/a><\/p>\n","protected":false},"author":1,"featured_media":0,"parent":0,"menu_order":0,"comment_status":"closed","ping_status":"closed","template":"","meta":{"site-sidebar-layout":"no-sidebar","site-content-layout":"page-builder","ast-site-content-layout":"","site-content-style":"default","site-sidebar-style":"default","ast-global-header-display":"","ast-banner-title-visibility":"","ast-main-header-display":"","ast-hfb-above-header-display":"","ast-hfb-below-header-display":"","ast-hfb-mobile-header-display":"","site-post-title":"disabled","ast-breadcrumbs-content":"","ast-featured-img":"disabled","footer-sml-layout":"","theme-transparent-header-meta":"enabled","adv-header-id-meta":"","stick-header-meta":"","header-above-stick-meta":"","header-main-stick-meta":"","header-below-stick-meta":"","astra-migrate-meta-layouts":"default","ast-page-background-enabled":"default","ast-page-background-meta":{"desktop":{"background-color":"","background-image":"","background-repeat":"repeat","background-position":"center center","background-size":"auto","background-attachment":"scroll","background-type":"","background-media":"","overlay-type":"","overlay-color":"","overlay-gradient":""},"tablet":{"background-color":"","background-image":"","background-repeat":"repeat","background-position":"center center","background-size":"auto","background-attachment":"scroll","background-type":"","background-media":"","overlay-type":"","overlay-color":"","overlay-gradient":""},"mobile":{"background-color":"","background-image":"","background-repeat":"repeat","background-position":"center center","background-size":"auto","background-attachment":"scroll","background-type":"","background-media":"","overlay-type":"","overlay-color":"","overlay-gradient":""}},"ast-content-background-meta":{"desktop":{"background-color":"var(--ast-global-color-5)","background-image":"","background-repeat":"repeat","background-position":"center center","background-size":"auto","background-attachment":"scroll","background-type":"","background-media":"","overlay-type":"","overlay-color":"","overlay-gradient":""},"tablet":{"background-color":"var(--ast-global-color-5)","background-image":"","background-repeat":"repeat","background-position":"center center","background-size":"auto","background-attachment":"scroll","background-type":"","background-media":"","overlay-type":"","overlay-color":"","overlay-gradient":""},"mobile":{"background-color":"var(--ast-global-color-5)","background-image":"","background-repeat":"repeat","background-position":"center center","background-size":"auto","background-attachment":"scroll","background-type":"","background-media":"","overlay-type":"","overlay-color":"","overlay-gradient":""}},"footnotes":""},"class_list":["post-7942","page","type-page","status-publish","hentry"],"_links":{"self":[{"href":"https:\/\/machinecastle.com\/fr\/wp-json\/wp\/v2\/pages\/7942","targetHints":{"allow":["GET"]}}],"collection":[{"href":"https:\/\/machinecastle.com\/fr\/wp-json\/wp\/v2\/pages"}],"about":[{"href":"https:\/\/machinecastle.com\/fr\/wp-json\/wp\/v2\/types\/page"}],"author":[{"embeddable":true,"href":"https:\/\/machinecastle.com\/fr\/wp-json\/wp\/v2\/users\/1"}],"replies":[{"embeddable":true,"href":"https:\/\/machinecastle.com\/fr\/wp-json\/wp\/v2\/comments?post=7942"}],"version-history":[{"count":6,"href":"https:\/\/machinecastle.com\/fr\/wp-json\/wp\/v2\/pages\/7942\/revisions"}],"predecessor-version":[{"id":8181,"href":"https:\/\/machinecastle.com\/fr\/wp-json\/wp\/v2\/pages\/7942\/revisions\/8181"}],"wp:attachment":[{"href":"https:\/\/machinecastle.com\/fr\/wp-json\/wp\/v2\/media?parent=7942"}],"curies":[{"name":"wp","href":"https:\/\/api.w.org\/{rel}","templated":true}]}}