{"id":9340,"date":"2025-10-08T14:15:34","date_gmt":"2025-10-08T14:15:34","guid":{"rendered":"https:\/\/machinecastle.com\/product\/maquina-para-romper-cascaras-de-nueces\/"},"modified":"2025-10-08T14:15:34","modified_gmt":"2025-10-08T14:15:34","slug":"maquina-para-romper-cascaras-de-nueces","status":"publish","type":"product","link":"https:\/\/machinecastle.com\/es\/product\/maquina-para-romper-cascaras-de-nueces\/","title":{"rendered":"M\u00e1quina para romper c\u00e1scaras de nueces"},"content":{"rendered":"<p>M\u00e1quina trituradora de c\u00e1scaras de nueces. La m\u00e1quina toma las nueces peladas de la tolva de entrada y rompe las c\u00e1scaras. Al final del proceso, las c\u00e1scaras de las nueces se rompen junto con las nueces.  <\/p>\n","protected":false},"excerpt":{"rendered":"<p><iframe title=\"Reproductor de v\u00eddeo YouTube\" src=\"https:\/\/www.youtube.com\/embed\/nrLKcjUCDWg?si=63kMiFPOa-bbxix7\" width=\"560\" height=\"315\" frameborder=\"0\" allowfullscreen=\"allowfullscreen\"><\/iframe><br \/>\n<iframe title=\"Reproductor de v\u00eddeo YouTube\" src=\"https:\/\/www.youtube.com\/embed\/moiKdnP-OPo?si=TRPHa9rgpdwjsEiR\" width=\"560\" height=\"315\" frameborder=\"0\" allowfullscreen=\"allowfullscreen\"><\/iframe><\/p>\n","protected":false},"featured_media":9337,"template":"","meta":{"site-sidebar-layout":"default","site-content-layout":"","ast-site-content-layout":"default","site-content-style":"default","site-sidebar-style":"default","ast-global-header-display":"","ast-banner-title-visibility":"","ast-main-header-display":"","ast-hfb-above-header-display":"","ast-hfb-below-header-display":"","ast-hfb-mobile-header-display":"","site-post-title":"","ast-breadcrumbs-content":"","ast-featured-img":"","footer-sml-layout":"","theme-transparent-header-meta":"default","adv-header-id-meta":"","stick-header-meta":"","header-above-stick-meta":"","header-main-stick-meta":"","header-below-stick-meta":"","astra-migrate-meta-layouts":"default","ast-page-background-enabled":"default","ast-page-background-meta":{"desktop":{"background-color":"","background-image":"","background-repeat":"repeat","background-position":"center center","background-size":"auto","background-attachment":"scroll","background-type":"","background-media":"","overlay-type":"","overlay-color":"","overlay-gradient":""},"tablet":{"background-color":"","background-image":"","background-repeat":"repeat","background-position":"center center","background-size":"auto","background-attachment":"scroll","background-type":"","background-media":"","overlay-type":"","overlay-color":"","overlay-gradient":""},"mobile":{"background-color":"","background-image":"","background-repeat":"repeat","background-position":"center center","background-size":"auto","background-attachment":"scroll","background-type":"","background-media":"","overlay-type":"","overlay-color":"","overlay-gradient":""}},"ast-content-background-meta":{"desktop":{"background-color":"var(--ast-global-color-5)","background-image":"","background-repeat":"repeat","background-position":"center center","background-size":"auto","background-attachment":"scroll","background-type":"","background-media":"","overlay-type":"","overlay-color":"","overlay-gradient":""},"tablet":{"background-color":"var(--ast-global-color-5)","background-image":"","background-repeat":"repeat","background-position":"center center","background-size":"auto","background-attachment":"scroll","background-type":"","background-media":"","overlay-type":"","overlay-color":"","overlay-gradient":""},"mobile":{"background-color":"var(--ast-global-color-5)","background-image":"","background-repeat":"repeat","background-position":"center center","background-size":"auto","background-attachment":"scroll","background-type":"","background-media":"","overlay-type":"","overlay-color":"","overlay-gradient":""}}},"product_brand":[],"product_cat":[342],"product_tag":[],"class_list":{"0":"post-9340","1":"product","2":"type-product","3":"status-publish","4":"has-post-thumbnail","6":"product_cat-maquinas-peladoras-de-nueces","7":"desktop-align-left","8":"tablet-align-left","9":"mobile-align-left","11":"first","12":"instock","13":"shipping-taxable","14":"product-type-simple"},"_links":{"self":[{"href":"https:\/\/machinecastle.com\/es\/wp-json\/wp\/v2\/product\/9340","targetHints":{"allow":["GET"]}}],"collection":[{"href":"https:\/\/machinecastle.com\/es\/wp-json\/wp\/v2\/product"}],"about":[{"href":"https:\/\/machinecastle.com\/es\/wp-json\/wp\/v2\/types\/product"}],"wp:featuredmedia":[{"embeddable":true,"href":"https:\/\/machinecastle.com\/es\/wp-json\/wp\/v2\/media\/9337"}],"wp:attachment":[{"href":"https:\/\/machinecastle.com\/es\/wp-json\/wp\/v2\/media?parent=9340"}],"wp:term":[{"taxonomy":"product_brand","embeddable":true,"href":"https:\/\/machinecastle.com\/es\/wp-json\/wp\/v2\/product_brand?post=9340"},{"taxonomy":"product_cat","embeddable":true,"href":"https:\/\/machinecastle.com\/es\/wp-json\/wp\/v2\/product_cat?post=9340"},{"taxonomy":"product_tag","embeddable":true,"href":"https:\/\/machinecastle.com\/es\/wp-json\/wp\/v2\/product_tag?post=9340"}],"curies":[{"name":"wp","href":"https:\/\/api.w.org\/{rel}","templated":true}]}}