{"id":9311,"date":"2025-10-07T11:24:26","date_gmt":"2025-10-07T11:24:26","guid":{"rendered":"https:\/\/machinecastle.com\/product\/maquina-para-romper-cascaras-de-almendras\/"},"modified":"2025-10-07T11:24:26","modified_gmt":"2025-10-07T11:24:26","slug":"maquina-para-romper-cascaras-de-almendras","status":"publish","type":"product","link":"https:\/\/machinecastle.com\/es\/product\/maquina-para-romper-cascaras-de-almendras\/","title":{"rendered":"M\u00e1quina para romper c\u00e1scaras de almendras"},"content":{"rendered":"<p>M\u00e1quina totalmente autom\u00e1tica para romper c\u00e1scaras de almendras. La m\u00e1quina toma las almendras sin c\u00e1scara de la tolva de entrada y rompe las c\u00e1scaras, despu\u00e9s de lo cual separa las c\u00e1scaras y los granos de almendra. Al final del proceso, las c\u00e1scaras van a un lado y los granos de almendra van a otro. El m\u00e9todo de funcionamiento de la m\u00e1quina es el siguiente:   <\/p>\n<p>&#8211; El usuario introduce las almendras peladas en la tolva de entrada y los productos se introducen en la parte de la m\u00e1quina encargada de romper la c\u00e1scara.<\/p>\n<p>&#8211; Una vez rotas las c\u00e1scaras de las almendras, la m\u00e1quina separa los granos de almendra de las c\u00e1scaras.<\/p>\n<p>&#8211; Al final del proceso, las almendras se rompen y se separan de las c\u00e1scaras.<\/p>\n<p><strong><br \/>\nOPCIONES DE CAPACIDAD:<\/strong><\/p>\n<table class=\"table table-striped\">\n<tbody>\n<tr>\n<td>\n  <strong>MODELOS<\/strong>\n<\/td>\n<td>\n  <strong>CAPACIDADES<\/strong>\n<\/td>\n<\/tr>\n<\/tbody>\n<tbody>\n<tr>\n<td>ABM-100 M\u00c1QUINA PARA ROMPER C\u00c1SCARAS DE ALMENDRA<\/td>\n<td>100 &#8211; 125 KG\/HORA<\/td>\n<\/tr>\n<\/tbody>\n<tbody>\n<tr>\n<td>ABM-250 M\u00c1QUINA PARA ROMPER C\u00c1SCARAS DE ALMENDRA<\/td>\n<td>250- 275 KG\/HORA<\/td>\n<\/tr>\n<\/tbody>\n<tbody>\n<tr>\n<td>ABM-500 M\u00c1QUINA PARA ROMPER C\u00c1SCARAS DE ALMENDRA<\/td>\n<td>500 &#8211; 550 KG\/HORA<\/td>\n<\/tr>\n<\/tbody>\n<\/table>\n","protected":false},"excerpt":{"rendered":"<p>https:\/\/youtube.com\/shorts\/5KiCfbwEiRI?feature=share<\/p>\n<p>&nbsp;<\/p>\n","protected":false},"featured_media":9288,"template":"","meta":{"site-sidebar-layout":"default","site-content-layout":"","ast-site-content-layout":"default","site-content-style":"default","site-sidebar-style":"default","ast-global-header-display":"","ast-banner-title-visibility":"","ast-main-header-display":"","ast-hfb-above-header-display":"","ast-hfb-below-header-display":"","ast-hfb-mobile-header-display":"","site-post-title":"","ast-breadcrumbs-content":"","ast-featured-img":"","footer-sml-layout":"","theme-transparent-header-meta":"default","adv-header-id-meta":"","stick-header-meta":"","header-above-stick-meta":"","header-main-stick-meta":"","header-below-stick-meta":"","astra-migrate-meta-layouts":"default","ast-page-background-enabled":"default","ast-page-background-meta":{"desktop":{"background-color":"","background-image":"","background-repeat":"repeat","background-position":"center center","background-size":"auto","background-attachment":"scroll","background-type":"","background-media":"","overlay-type":"","overlay-color":"","overlay-gradient":""},"tablet":{"background-color":"","background-image":"","background-repeat":"repeat","background-position":"center center","background-size":"auto","background-attachment":"scroll","background-type":"","background-media":"","overlay-type":"","overlay-color":"","overlay-gradient":""},"mobile":{"background-color":"","background-image":"","background-repeat":"repeat","background-position":"center center","background-size":"auto","background-attachment":"scroll","background-type":"","background-media":"","overlay-type":"","overlay-color":"","overlay-gradient":""}},"ast-content-background-meta":{"desktop":{"background-color":"var(--ast-global-color-5)","background-image":"","background-repeat":"repeat","background-position":"center center","background-size":"auto","background-attachment":"scroll","background-type":"","background-media":"","overlay-type":"","overlay-color":"","overlay-gradient":""},"tablet":{"background-color":"var(--ast-global-color-5)","background-image":"","background-repeat":"repeat","background-position":"center center","background-size":"auto","background-attachment":"scroll","background-type":"","background-media":"","overlay-type":"","overlay-color":"","overlay-gradient":""},"mobile":{"background-color":"var(--ast-global-color-5)","background-image":"","background-repeat":"repeat","background-position":"center center","background-size":"auto","background-attachment":"scroll","background-type":"","background-media":"","overlay-type":"","overlay-color":"","overlay-gradient":""}}},"product_brand":[],"product_cat":[342],"product_tag":[],"class_list":{"0":"post-9311","1":"product","2":"type-product","3":"status-publish","4":"has-post-thumbnail","6":"product_cat-maquinas-peladoras-de-nueces","7":"desktop-align-left","8":"tablet-align-left","9":"mobile-align-left","11":"first","12":"instock","13":"shipping-taxable","14":"product-type-simple"},"_links":{"self":[{"href":"https:\/\/machinecastle.com\/es\/wp-json\/wp\/v2\/product\/9311","targetHints":{"allow":["GET"]}}],"collection":[{"href":"https:\/\/machinecastle.com\/es\/wp-json\/wp\/v2\/product"}],"about":[{"href":"https:\/\/machinecastle.com\/es\/wp-json\/wp\/v2\/types\/product"}],"wp:featuredmedia":[{"embeddable":true,"href":"https:\/\/machinecastle.com\/es\/wp-json\/wp\/v2\/media\/9288"}],"wp:attachment":[{"href":"https:\/\/machinecastle.com\/es\/wp-json\/wp\/v2\/media?parent=9311"}],"wp:term":[{"taxonomy":"product_brand","embeddable":true,"href":"https:\/\/machinecastle.com\/es\/wp-json\/wp\/v2\/product_brand?post=9311"},{"taxonomy":"product_cat","embeddable":true,"href":"https:\/\/machinecastle.com\/es\/wp-json\/wp\/v2\/product_cat?post=9311"},{"taxonomy":"product_tag","embeddable":true,"href":"https:\/\/machinecastle.com\/es\/wp-json\/wp\/v2\/product_tag?post=9311"}],"curies":[{"name":"wp","href":"https:\/\/api.w.org\/{rel}","templated":true}]}}