{"id":9305,"date":"2025-10-07T10:39:47","date_gmt":"2025-10-07T10:39:47","guid":{"rendered":"https:\/\/machinecastle.com\/product\/cascador-de-avellanas\/"},"modified":"2025-10-07T10:39:47","modified_gmt":"2025-10-07T10:39:47","slug":"cascador-de-avellanas","status":"publish","type":"product","link":"https:\/\/machinecastle.com\/es\/product\/cascador-de-avellanas\/","title":{"rendered":"Cascador de Avellanas"},"content":{"rendered":"<p>La m\u00e1quina para romper avellanas se utiliza para romper la c\u00e1scara dura de las avellanas y, a continuaci\u00f3n, la m\u00e1quina separa las c\u00e1scaras de los granos de avellana. Al final del proceso, se recogen los trozos rotos de las c\u00e1scaras y se recogen los granos de avellana por separado. Dependiendo de la capacidad necesaria, se puede a\u00f1adir un sistema de alimentaci\u00f3n de aire adicional para llevar las avellanas a la tolva de entrada de la m\u00e1quina para romper avellanas.  <\/p>\n<p><strong><br \/>\nOPCIONES DE CAPACIDAD:<\/strong><\/p>\n<table class=\"table table-striped\">\n<tbody>\n<tr>\n<td>\n  <strong>MODELOS<\/strong>\n<\/td>\n<td>\n  <strong>CAPACIDADES<\/strong>\n<\/td>\n<\/tr>\n<\/tbody>\n<tbody>\n<tr>\n<td>HZB-25 ROMPEDOR DE C\u00c1SCARAS DE AVELLANAS<\/td>\n<td>500 Gramos &#8211; 25Kg\/Hora<\/td>\n<\/tr>\n<\/tbody>\n<tbody>\n<tr>\n<td>HZB-30 ROMPEDOR DE C\u00c1SCARAS DE AVELLANAS<\/td>\n<td>1000 Gramos &#8211; 30 Kg\/Hora<\/td>\n<\/tr>\n<\/tbody>\n<tbody>\n<tr>\n<td>HZB-40 ROMPEDOR DE C\u00c1SCARAS DE AVELLANAS<\/td>\n<td>2000 Gramos &#8211; 40 Kg\/Hora<\/td>\n<\/tr>\n<\/tbody>\n<tbody>\n<tr>\n<td>HZB-80 ROMPEDOR DE C\u00c1SCARAS DE AVELLANAS<\/td>\n<td>5000 Gramos &#8211; 80 Kg\/Hora<\/td>\n<\/tr>\n<\/tbody>\n<tbody>\n<tr>\n<td>HZB-100 ROMPEDOR DE C\u00c1SCARAS DE AVELLANAS<\/td>\n<td>5000 Gramos &#8211; 100 Kg\/Hora<\/td>\n<\/tr>\n<\/tbody>\n<\/table>\n","protected":false},"excerpt":{"rendered":"<p><iframe title=\"Reproductor de v\u00eddeo YouTube\" src=\"https:\/\/www.youtube.com\/embed\/3Nh-bQo7L48?si=dTi3o9elLD56k9HH\" width=\"560\" height=\"315\" frameborder=\"0\" allowfullscreen=\"allowfullscreen\"><\/iframe><\/p>\n","protected":false},"featured_media":9279,"template":"","meta":{"site-sidebar-layout":"default","site-content-layout":"","ast-site-content-layout":"default","site-content-style":"default","site-sidebar-style":"default","ast-global-header-display":"","ast-banner-title-visibility":"","ast-main-header-display":"","ast-hfb-above-header-display":"","ast-hfb-below-header-display":"","ast-hfb-mobile-header-display":"","site-post-title":"","ast-breadcrumbs-content":"","ast-featured-img":"","footer-sml-layout":"","theme-transparent-header-meta":"default","adv-header-id-meta":"","stick-header-meta":"","header-above-stick-meta":"","header-main-stick-meta":"","header-below-stick-meta":"","astra-migrate-meta-layouts":"default","ast-page-background-enabled":"default","ast-page-background-meta":{"desktop":{"background-color":"","background-image":"","background-repeat":"repeat","background-position":"center center","background-size":"auto","background-attachment":"scroll","background-type":"","background-media":"","overlay-type":"","overlay-color":"","overlay-gradient":""},"tablet":{"background-color":"","background-image":"","background-repeat":"repeat","background-position":"center center","background-size":"auto","background-attachment":"scroll","background-type":"","background-media":"","overlay-type":"","overlay-color":"","overlay-gradient":""},"mobile":{"background-color":"","background-image":"","background-repeat":"repeat","background-position":"center center","background-size":"auto","background-attachment":"scroll","background-type":"","background-media":"","overlay-type":"","overlay-color":"","overlay-gradient":""}},"ast-content-background-meta":{"desktop":{"background-color":"var(--ast-global-color-5)","background-image":"","background-repeat":"repeat","background-position":"center center","background-size":"auto","background-attachment":"scroll","background-type":"","background-media":"","overlay-type":"","overlay-color":"","overlay-gradient":""},"tablet":{"background-color":"var(--ast-global-color-5)","background-image":"","background-repeat":"repeat","background-position":"center center","background-size":"auto","background-attachment":"scroll","background-type":"","background-media":"","overlay-type":"","overlay-color":"","overlay-gradient":""},"mobile":{"background-color":"var(--ast-global-color-5)","background-image":"","background-repeat":"repeat","background-position":"center center","background-size":"auto","background-attachment":"scroll","background-type":"","background-media":"","overlay-type":"","overlay-color":"","overlay-gradient":""}}},"product_brand":[],"product_cat":[342],"product_tag":[],"class_list":{"0":"post-9305","1":"product","2":"type-product","3":"status-publish","4":"has-post-thumbnail","6":"product_cat-maquinas-peladoras-de-nueces","7":"desktop-align-left","8":"tablet-align-left","9":"mobile-align-left","11":"first","12":"instock","13":"shipping-taxable","14":"product-type-simple"},"_links":{"self":[{"href":"https:\/\/machinecastle.com\/es\/wp-json\/wp\/v2\/product\/9305","targetHints":{"allow":["GET"]}}],"collection":[{"href":"https:\/\/machinecastle.com\/es\/wp-json\/wp\/v2\/product"}],"about":[{"href":"https:\/\/machinecastle.com\/es\/wp-json\/wp\/v2\/types\/product"}],"wp:featuredmedia":[{"embeddable":true,"href":"https:\/\/machinecastle.com\/es\/wp-json\/wp\/v2\/media\/9279"}],"wp:attachment":[{"href":"https:\/\/machinecastle.com\/es\/wp-json\/wp\/v2\/media?parent=9305"}],"wp:term":[{"taxonomy":"product_brand","embeddable":true,"href":"https:\/\/machinecastle.com\/es\/wp-json\/wp\/v2\/product_brand?post=9305"},{"taxonomy":"product_cat","embeddable":true,"href":"https:\/\/machinecastle.com\/es\/wp-json\/wp\/v2\/product_cat?post=9305"},{"taxonomy":"product_tag","embeddable":true,"href":"https:\/\/machinecastle.com\/es\/wp-json\/wp\/v2\/product_tag?post=9305"}],"curies":[{"name":"wp","href":"https:\/\/api.w.org\/{rel}","templated":true}]}}