{"id":8721,"date":"2024-11-12T13:04:00","date_gmt":"2024-11-12T13:04:00","guid":{"rendered":"https:\/\/machinecastle.com\/urun\/asador-de-semillas-de-sesamo\/"},"modified":"2024-11-12T13:54:00","modified_gmt":"2024-11-12T13:54:00","slug":"asador-de-semillas-de-sesamo","status":"publish","type":"product","link":"https:\/\/machinecastle.com\/es\/product\/asador-de-semillas-de-sesamo\/","title":{"rendered":"ASADOR DE SEMILLAS DE S\u00c9SAMO"},"content":{"rendered":"<p>En las etapas de procesamiento del s\u00e9samo y producci\u00f3n de tahini, una de las piezas de equipo m\u00e1s esenciales es la tostadora de s\u00e9samo. Nuestras tostadoras de s\u00e9samo est\u00e1n disponibles en diferentes capacidades y se utilizan principalmente para eliminar la humedad de las semillas de s\u00e9samo tahini. Esto es especialmente beneficioso para las empresas que suministran directamente s\u00e9samo tahini o producen tahini, ya que tostar las semillas de s\u00e9samo mejora la calidad del producto de tahini final. Con nuestra tostadora de s\u00e9samo, las semillas de s\u00e9samo se pueden tostar de manera efectiva en 15 a 20 minutos, seg\u00fan el resultado deseado. Una de las ventajas \u00fanicas de esta m\u00e1quina es su versatilidad. Adem\u00e1s de tostar semillas de s\u00e9samo, tambi\u00e9n es capaz de tostar una amplia variedad de semillas peque\u00f1as, como semillas de lino, semillas de amapola, semillas de ch\u00eda y m\u00e1s. Esto la convierte en una valiosa herramienta multiusos para los productores que trabajan con diferentes tipos de semillas y desean mejorar su sabor, aroma y textura a trav\u00e9s del tostado. El dise\u00f1o de la tostadora de s\u00e9samo incluye un tambor giratorio que funciona en sentido contrario a las agujas del reloj durante el tostado y cambia al sentido de las agujas del reloj para descargar las semillas tostadas. Una vez que las semillas se colocan dentro del tambor giratorio, los usuarios tienen control total tanto de la temperatura como de la velocidad de rotaci\u00f3n del tambor, lo que les permite adaptar el proceso de tostado a las necesidades espec\u00edficas de cada tipo de semilla y lograr el nivel de tostado deseado. Para la producci\u00f3n de tahini, las semillas de s\u00e9samo pueden alcanzar un color marr\u00f3n intenso y un perfil de sabor mejorado al extender ligeramente el tiempo de tostado. La capacidad de ajustar con precisi\u00f3n tanto el calor como la velocidad de giro garantiza resultados consistentes y de alta calidad en diferentes tipos de semillas, lo que hace de esta m\u00e1quina una opci\u00f3n eficiente y vers\u00e1til para los productores que buscan elevar la calidad de sus productos.   <\/p>\n<p><strong><br \/>\nOPCIONES DE CAPACIDAD:<\/strong><\/p>\n<table class=\"table table-striped\">\n<tbody>\n<tr>\n<td><strong>MODELOS<\/strong><\/td>\n<td><strong>CAPACIDADES<\/strong><\/td>\n<\/tr>\n<\/tbody>\n<tbody>\n<tr>\n<td>MC-S-20 ASADOR DE SEMILLAS DE S\u00c9SAMO<\/td>\n<td>10-60 KG\/HORA<\/td>\n<\/tr>\n<\/tbody>\n<tbody>\n<tr>\n<td>MC-S-50 ASADOR DE SEMILLAS DE S\u00c9SAMO<\/td>\n<td>50-150 KG\/HORA<\/td>\n<\/tr>\n<\/tbody>\n<tbody>\n<tr>\n<td>MC-S-100 ASADOR DE SEMILLAS DE S\u00c9SAMO<\/td>\n<td>100-300 KG\/HORA<\/td>\n<\/tr>\n<\/tbody>\n<tbody>\n<tr>\n<td>MC-S-150 ASADOR DE SEMILLAS DE S\u00c9SAMO<\/td>\n<td>150\/450 KG\/HORA<\/td>\n<\/tr>\n<\/tbody>\n<tbody>\n<tr>\n<td>MC-S-250 ASADOR DE SEMILLAS DE S\u00c9SAMO<\/td>\n<td>250\/750 KG\/HORA<\/td>\n<\/tr>\n<\/tbody>\n<\/table>\n","protected":false},"excerpt":{"rendered":"<p><iframe title=\"Reproductor de v\u00eddeo YouTube\" src=\"https:\/\/www.youtube.com\/embed\/yk-YtofP6Io?si=sElOH7TO6FopKDo_\" width=\"560\" height=\"315\" frameborder=\"0\" allowfullscreen=\"allowfullscreen\"><\/iframe><br \/>\n<iframe title=\"Reproductor de v\u00eddeo YouTube\" src=\"https:\/\/www.youtube.com\/embed\/_7IxNLHGaJY?si=otnVJAJWHe15zN1_\" width=\"560\" height=\"315\" frameborder=\"0\" allowfullscreen=\"allowfullscreen\"><\/iframe><\/p>\n","protected":false},"featured_media":8718,"template":"","meta":{"site-sidebar-layout":"default","site-content-layout":"","ast-site-content-layout":"default","site-content-style":"default","site-sidebar-style":"default","ast-global-header-display":"","ast-banner-title-visibility":"","ast-main-header-display":"","ast-hfb-above-header-display":"","ast-hfb-below-header-display":"","ast-hfb-mobile-header-display":"","site-post-title":"","ast-breadcrumbs-content":"","ast-featured-img":"","footer-sml-layout":"","theme-transparent-header-meta":"default","adv-header-id-meta":"","stick-header-meta":"","header-above-stick-meta":"","header-main-stick-meta":"","header-below-stick-meta":"","astra-migrate-meta-layouts":"default","ast-page-background-enabled":"default","ast-page-background-meta":{"desktop":{"background-color":"","background-image":"","background-repeat":"repeat","background-position":"center center","background-size":"auto","background-attachment":"scroll","background-type":"","background-media":"","overlay-type":"","overlay-color":"","overlay-gradient":""},"tablet":{"background-color":"","background-image":"","background-repeat":"repeat","background-position":"center center","background-size":"auto","background-attachment":"scroll","background-type":"","background-media":"","overlay-type":"","overlay-color":"","overlay-gradient":""},"mobile":{"background-color":"","background-image":"","background-repeat":"repeat","background-position":"center center","background-size":"auto","background-attachment":"scroll","background-type":"","background-media":"","overlay-type":"","overlay-color":"","overlay-gradient":""}},"ast-content-background-meta":{"desktop":{"background-color":"var(--ast-global-color-5)","background-image":"","background-repeat":"repeat","background-position":"center center","background-size":"auto","background-attachment":"scroll","background-type":"","background-media":"","overlay-type":"","overlay-color":"","overlay-gradient":""},"tablet":{"background-color":"var(--ast-global-color-5)","background-image":"","background-repeat":"repeat","background-position":"center center","background-size":"auto","background-attachment":"scroll","background-type":"","background-media":"","overlay-type":"","overlay-color":"","overlay-gradient":""},"mobile":{"background-color":"var(--ast-global-color-5)","background-image":"","background-repeat":"repeat","background-position":"center center","background-size":"auto","background-attachment":"scroll","background-type":"","background-media":"","overlay-type":"","overlay-color":"","overlay-gradient":""}}},"product_brand":[],"product_cat":[163],"product_tag":[],"class_list":{"0":"post-8721","1":"product","2":"type-product","3":"status-publish","4":"has-post-thumbnail","6":"product_cat-maquinas-para-asar-nueces","7":"desktop-align-left","8":"tablet-align-left","9":"mobile-align-left","11":"first","12":"instock","13":"shipping-taxable","14":"product-type-simple"},"_links":{"self":[{"href":"https:\/\/machinecastle.com\/es\/wp-json\/wp\/v2\/product\/8721","targetHints":{"allow":["GET"]}}],"collection":[{"href":"https:\/\/machinecastle.com\/es\/wp-json\/wp\/v2\/product"}],"about":[{"href":"https:\/\/machinecastle.com\/es\/wp-json\/wp\/v2\/types\/product"}],"wp:featuredmedia":[{"embeddable":true,"href":"https:\/\/machinecastle.com\/es\/wp-json\/wp\/v2\/media\/8718"}],"wp:attachment":[{"href":"https:\/\/machinecastle.com\/es\/wp-json\/wp\/v2\/media?parent=8721"}],"wp:term":[{"taxonomy":"product_brand","embeddable":true,"href":"https:\/\/machinecastle.com\/es\/wp-json\/wp\/v2\/product_brand?post=8721"},{"taxonomy":"product_cat","embeddable":true,"href":"https:\/\/machinecastle.com\/es\/wp-json\/wp\/v2\/product_cat?post=8721"},{"taxonomy":"product_tag","embeddable":true,"href":"https:\/\/machinecastle.com\/es\/wp-json\/wp\/v2\/product_tag?post=8721"}],"curies":[{"name":"wp","href":"https:\/\/api.w.org\/{rel}","templated":true}]}}