{"id":8671,"date":"2024-11-11T08:28:18","date_gmt":"2024-11-11T08:28:18","guid":{"rendered":"https:\/\/machinecastle.com\/urun\/maquina-para-descascarar-nueces\/"},"modified":"2024-11-11T08:28:18","modified_gmt":"2024-11-11T08:28:18","slug":"maquina-para-descascarar-nueces","status":"publish","type":"product","link":"https:\/\/machinecastle.com\/es\/product\/maquina-para-descascarar-nueces\/","title":{"rendered":"M\u00e1quina Para Descascarar Nueces"},"content":{"rendered":"<p>La m\u00e1quina peladora de nueces elimina eficazmente la piel de las nueces empleando una combinaci\u00f3n de agua y t\u00e9cnicas de rallado. A medida que la m\u00e1quina procesa cada nuez, separa cuidadosamente la nuez pelada de la piel eliminada, entregando cada componente individualmente. Este proceso optimizado garantiza que las partes internas de la nuez permanezcan intactas mientras que los desechos de la piel se desechan c\u00f3modamente. Ofrecemos una gama de m\u00e1quinas peladoras de nueces dise\u00f1adas para satisfacer diversas necesidades, desde la producci\u00f3n industrial hasta el uso a menor escala. Nuestros modelos incluyen una amplia variedad de opciones, que incluyen m\u00e1quinas con mecanismos de rallado, cuchillas de precisi\u00f3n, configuraciones de velocidad ajustables y modelos de velocidad fija. Esta versatilidad permite a los usuarios seleccionar la m\u00e1quina ideal para sus requisitos espec\u00edficos, lo que garantiza una experiencia de pelado personalizada que mantiene la calidad de la nuez. Explore nuestra selecci\u00f3n de m\u00e1quinas peladoras de nueces en esta categor\u00eda para encontrar exactamente lo que necesita. Con d\u00e9cadas de experiencia, Machine Castle ha desarrollado estas m\u00e1quinas teniendo en cuenta la durabilidad y la precisi\u00f3n, lo que garantiza que cumplan con los m\u00e1s altos est\u00e1ndares para el procesamiento de nueces. Cada m\u00e1quina est\u00e1 dise\u00f1ada para proporcionar un proceso de pelado uniforme y eficiente, lo que hace que sea m\u00e1s f\u00e1cil que nunca manipular grandes lotes de nueces con consistencia y facilidad. Ya sea que necesite una soluci\u00f3n de pelado de alta velocidad o una m\u00e1quina con configuraciones ajustables para trabajos delicados, las peladoras de nueces de Machine Castle est\u00e1n dise\u00f1adas para brindarle un servicio confiable durante los pr\u00f3ximos a\u00f1os.  <\/p>\n<p>&nbsp;<\/p>\n<p><strong>MODELOS DE CAPACIDAD DISPONIBLES:<\/strong><\/p>\n<table class=\"table table-striped\" style=\"height: 310px;\" width=\"1329\">\n<tbody>\n<tr>\n<td><strong>MODELO<\/strong><\/td>\n<td><strong>CAPACIDAD<\/strong><\/td>\n<\/tr>\n<\/tbody>\n<tbody>\n<tr>\n<td>RM-35<\/td>\n<td>15 kg\/lote &#8211; Potencia del motor: 0,37 KW-0,50 HP, Cuerpo: acero ST37, Rallador: l\u00e1mina de rebaba de 1,2 mm, Peso: 30 kg, Ancho: 49 cm, Fondo: 51 cm, Alto: 80 cm<\/td>\n<\/tr>\n<\/tbody>\n<tbody>\n<tr>\n<td>RM-65<\/td>\n<td>35 Kg\/Lote &#8211; Potencia del motor: 0,75KW-1HP, Cuerpo: Acero ST37, Rallador: L\u00e1mina de rebaba de 1,2 mm, Peso: 45 kg, Ancho: 57 cm, Fondo: 61 cm, Alto: 87 cm<\/td>\n<\/tr>\n<\/tbody>\n<tbody>\n<tr>\n<td>RM-78<\/td>\n<td>40 Kg\/Lote &#8211; Potencia del motor: 0,75KW-1HP, Cuerpo: Acero ST37, Rallador: L\u00e1mina de rebaba de 1,2 mm, Peso: 54 kg, Ancho: 64 cm, Fondo: 67 cm, Alto: 90 cm<\/td>\n<\/tr>\n<tr>\n<td>RM-90<\/td>\n<td>50 Kg\/Lote &#8211; Potencia del motor: 0,75KW &#8211; 1 HP, Cuerpo: Acero ST 37, Rallador: Chapa de rebaba de 1,2 mm, Peso: 81 kg, Ancho: 68 cm, Fondo: 74 cm, Alto: 94 cm<\/td>\n<\/tr>\n<tr>\n<td>RM-170<\/td>\n<td>90 Kg\/Lote &#8211; Potencia del motor: 1,5 KW-2HP, Cuerpo: Acero ST37, Rallador: Chapa de rebaba de 1,2 mm, Peso: 115 kg, Ancho: 78 cm, Fondo: 84 cm, Alto: 103 cm<\/td>\n<\/tr>\n<tr>\n<td>RM-250<\/td>\n<td>120 Kg\/Lote &#8211; Potencia del motor: 2,2 KW-3 HP, Cuerpo: Acero ST37, Rallador: Chapa de rebaba de 1,2 mm, Peso: 100 kg, Ancho: 86 cm, Fondo: 91 cm, Alto: 110 cm<\/td>\n<\/tr>\n<tr>\n<td>RM-350<\/td>\n<td>150 Kg\/Lote &#8211; Potencia del motor: 4 KW-5 HP, Cuerpo: Acero ST37, Rallador: Chapa de rebaba de 1,2 mm, Peso: 120 kg, Ancho: 96 cm, Fondo: 99 cm, Alto: 118 cm<\/td>\n<\/tr>\n<\/tbody>\n<\/table>\n","protected":false},"excerpt":{"rendered":"<p><iframe title=\"Reproductor de v\u00eddeo YouTube\" src=\"https:\/\/www.youtube.com\/embed\/Xjq-I-jlA6k?si=aVVNocCdunN1Uo6z\" width=\"560\" height=\"315\" frameborder=\"0\" allowfullscreen=\"allowfullscreen\"><\/iframe><br \/>\n<iframe title=\"Reproductor de v\u00eddeo YouTube\" src=\"https:\/\/www.youtube.com\/embed\/VynrnU3mJnY?si=h_ZAa9-K7ufGqO15\" width=\"560\" height=\"315\" frameborder=\"0\" allowfullscreen=\"allowfullscreen\"><\/iframe><\/p>\n","protected":false},"featured_media":8626,"template":"","meta":{"site-sidebar-layout":"default","site-content-layout":"","ast-site-content-layout":"default","site-content-style":"default","site-sidebar-style":"default","ast-global-header-display":"","ast-banner-title-visibility":"","ast-main-header-display":"","ast-hfb-above-header-display":"","ast-hfb-below-header-display":"","ast-hfb-mobile-header-display":"","site-post-title":"","ast-breadcrumbs-content":"","ast-featured-img":"","footer-sml-layout":"","theme-transparent-header-meta":"default","adv-header-id-meta":"","stick-header-meta":"","header-above-stick-meta":"","header-main-stick-meta":"","header-below-stick-meta":"","astra-migrate-meta-layouts":"default","ast-page-background-enabled":"default","ast-page-background-meta":{"desktop":{"background-color":"","background-image":"","background-repeat":"repeat","background-position":"center center","background-size":"auto","background-attachment":"scroll","background-type":"","background-media":"","overlay-type":"","overlay-color":"","overlay-gradient":""},"tablet":{"background-color":"","background-image":"","background-repeat":"repeat","background-position":"center center","background-size":"auto","background-attachment":"scroll","background-type":"","background-media":"","overlay-type":"","overlay-color":"","overlay-gradient":""},"mobile":{"background-color":"","background-image":"","background-repeat":"repeat","background-position":"center center","background-size":"auto","background-attachment":"scroll","background-type":"","background-media":"","overlay-type":"","overlay-color":"","overlay-gradient":""}},"ast-content-background-meta":{"desktop":{"background-color":"var(--ast-global-color-5)","background-image":"","background-repeat":"repeat","background-position":"center center","background-size":"auto","background-attachment":"scroll","background-type":"","background-media":"","overlay-type":"","overlay-color":"","overlay-gradient":""},"tablet":{"background-color":"var(--ast-global-color-5)","background-image":"","background-repeat":"repeat","background-position":"center center","background-size":"auto","background-attachment":"scroll","background-type":"","background-media":"","overlay-type":"","overlay-color":"","overlay-gradient":""},"mobile":{"background-color":"var(--ast-global-color-5)","background-image":"","background-repeat":"repeat","background-position":"center center","background-size":"auto","background-attachment":"scroll","background-type":"","background-media":"","overlay-type":"","overlay-color":"","overlay-gradient":""}}},"product_brand":[],"product_cat":[342],"product_tag":[],"class_list":{"0":"post-8671","1":"product","2":"type-product","3":"status-publish","4":"has-post-thumbnail","6":"product_cat-maquinas-peladoras-de-nueces","7":"desktop-align-left","8":"tablet-align-left","9":"mobile-align-left","11":"first","12":"instock","13":"shipping-taxable","14":"product-type-simple"},"_links":{"self":[{"href":"https:\/\/machinecastle.com\/es\/wp-json\/wp\/v2\/product\/8671","targetHints":{"allow":["GET"]}}],"collection":[{"href":"https:\/\/machinecastle.com\/es\/wp-json\/wp\/v2\/product"}],"about":[{"href":"https:\/\/machinecastle.com\/es\/wp-json\/wp\/v2\/types\/product"}],"wp:featuredmedia":[{"embeddable":true,"href":"https:\/\/machinecastle.com\/es\/wp-json\/wp\/v2\/media\/8626"}],"wp:attachment":[{"href":"https:\/\/machinecastle.com\/es\/wp-json\/wp\/v2\/media?parent=8671"}],"wp:term":[{"taxonomy":"product_brand","embeddable":true,"href":"https:\/\/machinecastle.com\/es\/wp-json\/wp\/v2\/product_brand?post=8671"},{"taxonomy":"product_cat","embeddable":true,"href":"https:\/\/machinecastle.com\/es\/wp-json\/wp\/v2\/product_cat?post=8671"},{"taxonomy":"product_tag","embeddable":true,"href":"https:\/\/machinecastle.com\/es\/wp-json\/wp\/v2\/product_tag?post=8671"}],"curies":[{"name":"wp","href":"https:\/\/api.w.org\/{rel}","templated":true}]}}