{"id":8614,"date":"2024-11-11T07:34:12","date_gmt":"2024-11-11T07:34:12","guid":{"rendered":"https:\/\/machinecastle.com\/urun\/descascarilladora-de-almendras\/"},"modified":"2024-11-11T07:34:12","modified_gmt":"2024-11-11T07:34:12","slug":"descascarilladora-de-almendras","status":"publish","type":"product","link":"https:\/\/machinecastle.com\/es\/product\/descascarilladora-de-almendras\/","title":{"rendered":"Descascarilladora de almendras"},"content":{"rendered":"<p>La descascarilladora de almendras Machine Castle separa eficazmente de 100 a 1.500 kg de almendras de c\u00e1scara verde por hora, ofreciendo alta productividad y fiabilidad. Gracias a su dise\u00f1o compacto, es f\u00e1cil de usar y mantener, lo que la hace ideal para diversos entornos operativos. Esta m\u00e1quina pela con precisi\u00f3n y seguridad una amplia gama de variedades de almendras, tanto locales como importadas. La peladora de almendras Machine Castle tiene un dise\u00f1o de jaula abierta, que garantiza un acceso c\u00f3modo para su uso y mantenimiento. Separa la almendra en grano de su c\u00e1scara verde. Adem\u00e1s, el posicionamiento vertical de los anillos exteriores de la m\u00e1quina minimiza las p\u00e9rdidas de producto, lo que la hace muy eficaz y fiable en operaciones continuas. Esta m\u00e1quina puede funcionar con electricidad o puede conectarse a tu tractor. La capacidad es opcional y con el aumento de las descascarilladoras, es posible obtener m\u00e1s resultado de capacidad.     <\/p>\n<p>  Para m\u00e1s informaci\u00f3n, p\u00f3ngase en contacto con nosotros.<\/p>\n<p><strong>DETALLES T\u00c9CNICOS:<\/strong><\/p>\n<table class=\"table table-striped\">\n<tbody>\n<tr>\n<td><strong>DESCRIPCI\u00d3N<\/strong><\/td>\n<td><strong>Funci\u00f3n<\/strong><\/td>\n<\/tr>\n<\/tbody>\n<tbody>\n<tr>\n<td>Dimensiones:<\/td>\n<td>82 x 171 x 146 cm (Ancho x Largo x Alto)<\/td>\n<\/tr>\n<\/tbody>\n<tbody>\n<tr>\n<td>Peso:<\/td>\n<td>325 Kg<\/td>\n<\/tr>\n<\/tbody>\n<tbody>\n<tr>\n<td>Capacidad:<\/td>\n<td>1.500 Kg \/ Hora<\/td>\n<\/tr>\n<tr>\n<td>Consumo de energ\u00eda<\/td>\n<td>5,5 Kw<\/td>\n<\/tr>\n<\/tbody>\n<\/table>\n","protected":false},"excerpt":{"rendered":"<p><iframe title=\"Reproductor de v\u00eddeo YouTube\" src=\"https:\/\/www.youtube.com\/embed\/ZzjzOoCKOLg?si=_s2Lmxbj7f_o8lpq\" width=\"560\" height=\"315\" frameborder=\"0\" allowfullscreen=\"allowfullscreen\"><\/iframe><\/p>\n","protected":false},"featured_media":8612,"template":"","meta":{"site-sidebar-layout":"default","site-content-layout":"","ast-site-content-layout":"default","site-content-style":"default","site-sidebar-style":"default","ast-global-header-display":"","ast-banner-title-visibility":"","ast-main-header-display":"","ast-hfb-above-header-display":"","ast-hfb-below-header-display":"","ast-hfb-mobile-header-display":"","site-post-title":"","ast-breadcrumbs-content":"","ast-featured-img":"","footer-sml-layout":"","theme-transparent-header-meta":"default","adv-header-id-meta":"","stick-header-meta":"","header-above-stick-meta":"","header-main-stick-meta":"","header-below-stick-meta":"","astra-migrate-meta-layouts":"default","ast-page-background-enabled":"default","ast-page-background-meta":{"desktop":{"background-color":"","background-image":"","background-repeat":"repeat","background-position":"center center","background-size":"auto","background-attachment":"scroll","background-type":"","background-media":"","overlay-type":"","overlay-color":"","overlay-gradient":""},"tablet":{"background-color":"","background-image":"","background-repeat":"repeat","background-position":"center center","background-size":"auto","background-attachment":"scroll","background-type":"","background-media":"","overlay-type":"","overlay-color":"","overlay-gradient":""},"mobile":{"background-color":"","background-image":"","background-repeat":"repeat","background-position":"center center","background-size":"auto","background-attachment":"scroll","background-type":"","background-media":"","overlay-type":"","overlay-color":"","overlay-gradient":""}},"ast-content-background-meta":{"desktop":{"background-color":"var(--ast-global-color-5)","background-image":"","background-repeat":"repeat","background-position":"center center","background-size":"auto","background-attachment":"scroll","background-type":"","background-media":"","overlay-type":"","overlay-color":"","overlay-gradient":""},"tablet":{"background-color":"var(--ast-global-color-5)","background-image":"","background-repeat":"repeat","background-position":"center center","background-size":"auto","background-attachment":"scroll","background-type":"","background-media":"","overlay-type":"","overlay-color":"","overlay-gradient":""},"mobile":{"background-color":"var(--ast-global-color-5)","background-image":"","background-repeat":"repeat","background-position":"center center","background-size":"auto","background-attachment":"scroll","background-type":"","background-media":"","overlay-type":"","overlay-color":"","overlay-gradient":""}}},"product_brand":[],"product_cat":[342],"product_tag":[],"class_list":{"0":"post-8614","1":"product","2":"type-product","3":"status-publish","4":"has-post-thumbnail","6":"product_cat-maquinas-peladoras-de-nueces","7":"desktop-align-left","8":"tablet-align-left","9":"mobile-align-left","11":"first","12":"instock","13":"shipping-taxable","14":"product-type-simple"},"_links":{"self":[{"href":"https:\/\/machinecastle.com\/es\/wp-json\/wp\/v2\/product\/8614","targetHints":{"allow":["GET"]}}],"collection":[{"href":"https:\/\/machinecastle.com\/es\/wp-json\/wp\/v2\/product"}],"about":[{"href":"https:\/\/machinecastle.com\/es\/wp-json\/wp\/v2\/types\/product"}],"wp:featuredmedia":[{"embeddable":true,"href":"https:\/\/machinecastle.com\/es\/wp-json\/wp\/v2\/media\/8612"}],"wp:attachment":[{"href":"https:\/\/machinecastle.com\/es\/wp-json\/wp\/v2\/media?parent=8614"}],"wp:term":[{"taxonomy":"product_brand","embeddable":true,"href":"https:\/\/machinecastle.com\/es\/wp-json\/wp\/v2\/product_brand?post=8614"},{"taxonomy":"product_cat","embeddable":true,"href":"https:\/\/machinecastle.com\/es\/wp-json\/wp\/v2\/product_cat?post=8614"},{"taxonomy":"product_tag","embeddable":true,"href":"https:\/\/machinecastle.com\/es\/wp-json\/wp\/v2\/product_tag?post=8614"}],"curies":[{"name":"wp","href":"https:\/\/api.w.org\/{rel}","templated":true}]}}