{"id":7247,"date":"2022-03-14T12:35:32","date_gmt":"2022-03-14T12:35:32","guid":{"rendered":"https:\/\/machinecastle.com\/urun\/pequenos-tostadores-de-cafe\/"},"modified":"2023-11-21T10:29:26","modified_gmt":"2023-11-21T10:29:26","slug":"pequenos-tostadores-de-cafe","status":"publish","type":"product","link":"https:\/\/machinecastle.com\/es\/product\/pequenos-tostadores-de-cafe\/","title":{"rendered":"PEQUE\u00d1OS TOSTADORES DE CAF\u00c9"},"content":{"rendered":"<p>1. Capacidad Desde 50 g hasta 1,2 kg. Para cafeter\u00eda, oficina u otro uso comercial.<br \/>\n2. Tama\u00f1o peque\u00f1o y peso ligero. Menores gastos de env\u00edo.<br \/>\n3. Panel de pantalla t\u00e1ctil. Funcionamiento sencillo y seguro.<br \/>\n4. Sistema autom\u00e1tico de recogida de tamo. Autolimpiable.<br \/>\n5. Sistema de refrigeraci\u00f3n r\u00e1pida.<br \/>\n6. Doble protecci\u00f3n de seguridad: enchufe de seguridad antifugas + protecci\u00f3n de parada autom\u00e1tica de la calefacci\u00f3n.<br \/>\n<img fetchpriority=\"high\" decoding=\"async\" class=\"alignnone wp-image-1536\" src=\"https:\/\/machinecastle.com\/wp-content\/uploads\/2022\/03\/2203-202012301626194951-270x300.jpg\" alt=\"\" width=\"376\" height=\"418\" srcset=\"https:\/\/machinecastle.com\/wp-content\/uploads\/2022\/03\/2203-202012301626194951-270x300.jpg 270w, https:\/\/machinecastle.com\/wp-content\/uploads\/2022\/03\/2203-202012301626194951-768x852.jpg 768w, https:\/\/machinecastle.com\/wp-content\/uploads\/2022\/03\/2203-202012301626194951-923x1024.jpg 923w, https:\/\/machinecastle.com\/wp-content\/uploads\/2022\/03\/2203-202012301626194951-600x666.jpg 600w, https:\/\/machinecastle.com\/wp-content\/uploads\/2022\/03\/2203-202012301626194951-1000x1110.jpg 1000w\" sizes=\"(max-width: 376px) 100vw, 376px\" \/><\/p>\n<p><strong>M\u00e1quina tost<\/strong>adora de caf\u00e9, Precios de <strong>la m\u00e1quina tostadora de caf\u00e9<\/strong>, Tostado de caf\u00e9, M\u00e1quina tostadora de caf\u00e9, Tienda de caf\u00e9, Molienda de caf\u00e9, Molinillos de caf\u00e9, Tostadores de caf\u00e9, M\u00e1quina tostadora de caf\u00e9 comercial, Tostadores de caf\u00e9 comerciales, M\u00e1quina tostadora de caf\u00e9 en grano verde, Tostador de caf\u00e9 oscuro, M\u00e1quina tostadora de caf\u00e9 mediano, Cafetera, M\u00e1quina de caf\u00e9 expreso<\/p>\n","protected":false},"excerpt":{"rendered":"<p><iframe title=\"Reproductor de v\u00eddeo YouTube\" src=\"https:\/\/www.youtube.com\/embed\/_UJyApZ1Qb0\" width=\"560\" height=\"315\" frameborder=\"0\" allowfullscreen=\"allowfullscreen\"><\/iframe><br \/>\nModelos de capacidad disponibles:<\/p>\n<table class=\"table table-striped\">\n<tbody>\n<tr>\n<td><strong>MODELOS<\/strong><\/td>\n<td><strong>CAPACIDADES<\/strong><\/td>\n<\/tr>\n<\/tbody>\n<tbody>\n<tr>\n<td><strong>Tostadora de<\/strong> caf\u00e9 MC-SK-150<\/td>\n<td>50-150 gramos<\/td>\n<\/tr>\n<\/tbody>\n<tbody>\n<tr>\n<td><strong>Tostadora de<\/strong> caf\u00e9 MC-SK-300<\/td>\n<td>50-300 gramos<\/td>\n<\/tr>\n<\/tbody>\n<tbody>\n<tr>\n<td><strong>Tostadora de<\/strong> caf\u00e9 MC-SK-500<\/td>\n<td>200-500 gramos<\/td>\n<\/tr>\n<\/tbody>\n<tbody>\n<tr>\n<td><strong>Tostadora de<\/strong> caf\u00e9 MC-SK-1200<\/td>\n<td>300-1200 gramos<\/td>\n<\/tr>\n<\/tbody>\n<\/table>\n<p>Su marca puede estar en la m\u00e1quina. Se pueden aplicar diferentes colores en las m\u00e1quinas, previa solicitud.<\/p>\n","protected":false},"featured_media":6091,"template":"","meta":{"site-sidebar-layout":"default","site-content-layout":"default","ast-site-content-layout":"default","site-content-style":"default","site-sidebar-style":"default","ast-global-header-display":"","ast-banner-title-visibility":"","ast-main-header-display":"","ast-hfb-above-header-display":"","ast-hfb-below-header-display":"","ast-hfb-mobile-header-display":"","site-post-title":"","ast-breadcrumbs-content":"","ast-featured-img":"","footer-sml-layout":"","theme-transparent-header-meta":"default","adv-header-id-meta":"","stick-header-meta":"","header-above-stick-meta":"","header-main-stick-meta":"","header-below-stick-meta":"","astra-migrate-meta-layouts":"set","ast-page-background-enabled":"default","ast-page-background-meta":{"desktop":{"background-color":"","background-image":"","background-repeat":"repeat","background-position":"center center","background-size":"auto","background-attachment":"scroll","background-type":"","background-media":"","overlay-type":"","overlay-color":"","overlay-gradient":""},"tablet":{"background-color":"","background-image":"","background-repeat":"repeat","background-position":"center center","background-size":"auto","background-attachment":"scroll","background-type":"","background-media":"","overlay-type":"","overlay-color":"","overlay-gradient":""},"mobile":{"background-color":"","background-image":"","background-repeat":"repeat","background-position":"center center","background-size":"auto","background-attachment":"scroll","background-type":"","background-media":"","overlay-type":"","overlay-color":"","overlay-gradient":""}},"ast-content-background-meta":{"desktop":{"background-color":"var(--ast-global-color-5)","background-image":"","background-repeat":"repeat","background-position":"center center","background-size":"auto","background-attachment":"scroll","background-type":"","background-media":"","overlay-type":"","overlay-color":"","overlay-gradient":""},"tablet":{"background-color":"var(--ast-global-color-5)","background-image":"","background-repeat":"repeat","background-position":"center center","background-size":"auto","background-attachment":"scroll","background-type":"","background-media":"","overlay-type":"","overlay-color":"","overlay-gradient":""},"mobile":{"background-color":"var(--ast-global-color-5)","background-image":"","background-repeat":"repeat","background-position":"center center","background-size":"auto","background-attachment":"scroll","background-type":"","background-media":"","overlay-type":"","overlay-color":"","overlay-gradient":""}}},"product_brand":[],"product_cat":[138],"product_tag":[370,369],"class_list":{"0":"post-7247","1":"product","2":"type-product","3":"status-publish","4":"has-post-thumbnail","6":"product_cat-tostadores-de-cafe-y-grinders","7":"product_tag-tostadora-de-cafe-domestica","8":"product_tag-tostadora-de-cafe-pequena","9":"desktop-align-left","10":"tablet-align-left","11":"mobile-align-left","13":"first","14":"instock","15":"shipping-taxable","16":"product-type-simple"},"_links":{"self":[{"href":"https:\/\/machinecastle.com\/es\/wp-json\/wp\/v2\/product\/7247","targetHints":{"allow":["GET"]}}],"collection":[{"href":"https:\/\/machinecastle.com\/es\/wp-json\/wp\/v2\/product"}],"about":[{"href":"https:\/\/machinecastle.com\/es\/wp-json\/wp\/v2\/types\/product"}],"wp:featuredmedia":[{"embeddable":true,"href":"https:\/\/machinecastle.com\/es\/wp-json\/wp\/v2\/media\/6091"}],"wp:attachment":[{"href":"https:\/\/machinecastle.com\/es\/wp-json\/wp\/v2\/media?parent=7247"}],"wp:term":[{"taxonomy":"product_brand","embeddable":true,"href":"https:\/\/machinecastle.com\/es\/wp-json\/wp\/v2\/product_brand?post=7247"},{"taxonomy":"product_cat","embeddable":true,"href":"https:\/\/machinecastle.com\/es\/wp-json\/wp\/v2\/product_cat?post=7247"},{"taxonomy":"product_tag","embeddable":true,"href":"https:\/\/machinecastle.com\/es\/wp-json\/wp\/v2\/product_tag?post=7247"}],"curies":[{"name":"wp","href":"https:\/\/api.w.org\/{rel}","templated":true}]}}