{"id":7242,"date":"2022-02-10T08:58:15","date_gmt":"2022-02-10T08:58:15","guid":{"rendered":"https:\/\/machinecastle.com\/urun\/maquinas-de-envasado-al-vacio\/"},"modified":"2023-11-21T10:28:02","modified_gmt":"2023-11-21T10:28:02","slug":"envasadoras-al-vacio","status":"publish","type":"product","link":"https:\/\/machinecastle.com\/es\/product\/envasadoras-al-vacio\/","title":{"rendered":"M\u00c1QUINAS DE ENVASADO AL VAC\u00cdO"},"content":{"rendered":"<p>Las <strong>envasadoras al vac\u00edo<\/strong>est\u00e1n fabricadas en acero completo ( <strong>acero inoxidable<\/strong> de calidad 304) dise\u00f1adas seg\u00fan las normas europeas y fabricadas con una estructura s\u00f3lida.<br \/>\nGracias al panel de control electromec\u00e1nico, puede ajustar f\u00e1cilmente el tiempo de aspiraci\u00f3n y el tiempo de adhesi\u00f3n.<br \/>\nAl cerrar la Tapa de la M\u00e1quina, \u00e9sta se pone en funcionamiento autom\u00e1ticamente y realiza los procesos de evacuaci\u00f3n del aire interior, encolado y extracci\u00f3n del aire, respectivamente. De este modo, los productos envasados quedan protegidos de factores externos nocivos como el \u00f3xido, la fusi\u00f3n, la humedad y el olor, y se prolonga la vida \u00fatil de su producto.<br \/>\nProducido en condiciones higi\u00e9nicas<br \/>\nSe fabrica en un dise\u00f1o que ahorra espacio y est\u00e1 pensado para cocinas peque\u00f1as. Las envasadoras al vac\u00edo son la mejor forma de envasar al vac\u00edo sus productos. Gracias a estas m\u00e1quinas de envasado al vac\u00edo, sus productos pueden ofrecer siempre una mayor vida \u00fatil a sus clientes.<br \/>\nRealiza autom\u00e1ticamente todo el proceso de aspiraci\u00f3n (aspiraci\u00f3n, adhesi\u00f3n, impresi\u00f3n, enfriamiento y descarga). Los productos envasados est\u00e1n protegidos contra la oxidaci\u00f3n, los derrames, las fugas y las infestaciones, por lo que se mantienen frescos durante m\u00e1s tiempo.<\/p>\n<p>&nbsp;<\/p>\n<p><strong>Envasadora al vac\u00edo<\/strong>, Envasadoras al vac\u00edo, Envasado al vac\u00edo, Envasadoras al vac\u00edo, <strong>Envasadora<\/strong> al vac\u00edo para alimentos, Envasadora al vac\u00edo para anacardos, Envasadora al vac\u00edo para caf\u00e9, Envasadora al vac\u00edo para caf\u00e9<\/p>\n","protected":false},"excerpt":{"rendered":"<p><iframe title=\"Reproductor de v\u00eddeo YouTube\" src=\"https:\/\/www.youtube.com\/embed\/575X8iyEonM\" width=\"560\" height=\"315\" frameborder=\"0\" allowfullscreen=\"allowfullscreen\"><\/iframe><br \/>\n<iframe title=\"Reproductor de v\u00eddeo YouTube\" src=\"https:\/\/www.youtube.com\/embed\/4VJEFORMIEw\" width=\"560\" height=\"315\" frameborder=\"0\" allowfullscreen=\"allowfullscreen\"><\/iframe><\/p>\n<table class=\"table table-striped\">\n<tbody>\n<tr>\n<td>Potencia<\/td>\n<td>1,0 (KW)<\/td>\n<\/tr>\n<tr>\n<td>Tensi\u00f3n<\/td>\n<td>220\/50 \/V\/HZ<\/td>\n<\/tr>\n<tr>\n<td>Longitud de la mordaza<\/td>\n<td>41+41 Cm<\/td>\n<\/tr>\n<tr>\n<td>Longitud de <strong>embalaje del producto<\/strong><\/td>\n<td>40 cm<\/td>\n<\/tr>\n<tr>\n<td>Profundidad de envasado del producto<\/td>\n<td>11 cm<\/td>\n<\/tr>\n<tr>\n<td>Anchura de uni\u00f3n<\/td>\n<td>6 mm<\/td>\n<\/tr>\n<tr>\n<td>Tiempo de vinculaci\u00f3n<\/td>\n<td>25 segundos<\/td>\n<\/tr>\n<\/tbody>\n<\/table>\n<p>Para m\u00e1s informaci\u00f3n, p\u00f3ngase en contacto con nosotros.<\/p>\n<p>&nbsp;<\/p>\n","protected":false},"featured_media":6631,"template":"","meta":{"site-sidebar-layout":"default","site-content-layout":"default","ast-site-content-layout":"default","site-content-style":"default","site-sidebar-style":"default","ast-global-header-display":"","ast-banner-title-visibility":"","ast-main-header-display":"","ast-hfb-above-header-display":"","ast-hfb-below-header-display":"","ast-hfb-mobile-header-display":"","site-post-title":"","ast-breadcrumbs-content":"","ast-featured-img":"","footer-sml-layout":"","theme-transparent-header-meta":"default","adv-header-id-meta":"","stick-header-meta":"","header-above-stick-meta":"","header-main-stick-meta":"","header-below-stick-meta":"","astra-migrate-meta-layouts":"set","ast-page-background-enabled":"default","ast-page-background-meta":{"desktop":{"background-color":"","background-image":"","background-repeat":"repeat","background-position":"center center","background-size":"auto","background-attachment":"scroll","background-type":"","background-media":"","overlay-type":"","overlay-color":"","overlay-gradient":""},"tablet":{"background-color":"","background-image":"","background-repeat":"repeat","background-position":"center center","background-size":"auto","background-attachment":"scroll","background-type":"","background-media":"","overlay-type":"","overlay-color":"","overlay-gradient":""},"mobile":{"background-color":"","background-image":"","background-repeat":"repeat","background-position":"center center","background-size":"auto","background-attachment":"scroll","background-type":"","background-media":"","overlay-type":"","overlay-color":"","overlay-gradient":""}},"ast-content-background-meta":{"desktop":{"background-color":"var(--ast-global-color-5)","background-image":"","background-repeat":"repeat","background-position":"center center","background-size":"auto","background-attachment":"scroll","background-type":"","background-media":"","overlay-type":"","overlay-color":"","overlay-gradient":""},"tablet":{"background-color":"var(--ast-global-color-5)","background-image":"","background-repeat":"repeat","background-position":"center center","background-size":"auto","background-attachment":"scroll","background-type":"","background-media":"","overlay-type":"","overlay-color":"","overlay-gradient":""},"mobile":{"background-color":"var(--ast-global-color-5)","background-image":"","background-repeat":"repeat","background-position":"center center","background-size":"auto","background-attachment":"scroll","background-type":"","background-media":"","overlay-type":"","overlay-color":"","overlay-gradient":""}}},"product_brand":[],"product_cat":[357],"product_tag":[358,359],"class_list":{"0":"post-7242","1":"product","2":"type-product","3":"status-publish","4":"has-post-thumbnail","6":"product_cat-maquinas-de-envasado-al-vacio","7":"product_tag-maquina-de-envasado-al-vacio","8":"product_tag-maquina-envasadora","9":"desktop-align-left","10":"tablet-align-left","11":"mobile-align-left","13":"first","14":"instock","15":"shipping-taxable","16":"product-type-simple"},"_links":{"self":[{"href":"https:\/\/machinecastle.com\/es\/wp-json\/wp\/v2\/product\/7242","targetHints":{"allow":["GET"]}}],"collection":[{"href":"https:\/\/machinecastle.com\/es\/wp-json\/wp\/v2\/product"}],"about":[{"href":"https:\/\/machinecastle.com\/es\/wp-json\/wp\/v2\/types\/product"}],"wp:featuredmedia":[{"embeddable":true,"href":"https:\/\/machinecastle.com\/es\/wp-json\/wp\/v2\/media\/6631"}],"wp:attachment":[{"href":"https:\/\/machinecastle.com\/es\/wp-json\/wp\/v2\/media?parent=7242"}],"wp:term":[{"taxonomy":"product_brand","embeddable":true,"href":"https:\/\/machinecastle.com\/es\/wp-json\/wp\/v2\/product_brand?post=7242"},{"taxonomy":"product_cat","embeddable":true,"href":"https:\/\/machinecastle.com\/es\/wp-json\/wp\/v2\/product_cat?post=7242"},{"taxonomy":"product_tag","embeddable":true,"href":"https:\/\/machinecastle.com\/es\/wp-json\/wp\/v2\/product_tag?post=7242"}],"curies":[{"name":"wp","href":"https:\/\/api.w.org\/{rel}","templated":true}]}}