{"id":7237,"date":"2022-01-03T09:38:07","date_gmt":"2022-01-03T09:38:07","guid":{"rendered":"https:\/\/machinecastle.com\/urun\/maquina-peladora-de-cacahuetes-y-avellanas\/"},"modified":"2023-11-21T10:26:21","modified_gmt":"2023-11-21T10:26:21","slug":"maquina-peladora-de-cacahuetes-y-avellanas","status":"publish","type":"product","link":"https:\/\/machinecastle.com\/es\/product\/maquina-peladora-de-cacahuetes-y-avellanas\/","title":{"rendered":"M\u00e1quina peladora de cacahuetes y avellanas"},"content":{"rendered":"<p>La <strong>m\u00e1quina peladora de<\/strong> avellanas y <strong>cacahuetes<\/strong>, que se utiliza para pelar la c\u00e1scara fina de avellanas y cacahuetes, se ha convertido en la favorita de las empresas que procesan estos productos. Gracias a las gomas situadas en la parte superior e inferior de la misma, <strong>la peladora<\/strong> extrae r\u00e1pidamente la fina c\u00e1scara del cacahuete o la avellana. Despu\u00e9s de que lo env\u00eda fuera de la m\u00e1quina sin estas c\u00e1scaras delgadas.<\/p>\n<p>Durante el proceso de pelado, las pieles restantes de los productos se env\u00edan al cicl\u00f3n de polvo. Antes de entrar en esta m\u00e1quina, los productos deben entrar secos, no crudos.<\/p>\n<p>&nbsp;<\/p>\n<p>Peladora de cacahuetes, Peladora de cacahuetes, <strong>Peladora de avellanas<\/strong>, Peladora de frutos secos, <strong>Peladora de nueces<\/strong>,<\/p>\n","protected":false},"excerpt":{"rendered":"<p>Modelos de capacidad disponibles:<\/p>\n<table class=\"table table-striped\">\n<tbody>\n<tr>\n<td><strong>MODELOS<\/strong><\/td>\n<td><strong>CAPACIDADES<\/strong><\/td>\n<\/tr>\n<\/tbody>\n<tbody>\n<tr>\n<td>MC-P-100 <strong>M\u00e1quina peladora de cacahuetes y avellanas<\/strong><\/td>\n<td>100 Kg\/h<\/td>\n<\/tr>\n<\/tbody>\n<tbody>\n<tr>\n<td>MC-P-200 <strong>M\u00e1quina peladora de cacahuetes y avellanas<\/strong><\/td>\n<td>200 Kg\/h<\/td>\n<\/tr>\n<\/tbody>\n<tbody>\n<tr>\n<td><strong>M\u00e1quina peladora de cacahuetes y avellanas<\/strong> MC-P-300<\/td>\n<td>300 Kg\/h<\/td>\n<\/tr>\n<\/tbody>\n<\/table>\n<p><iframe title=\"Reproductor de v\u00eddeo YouTube\" src=\"https:\/\/www.youtube.com\/embed\/dqo0PazMGJU?si=74__j-Dds5SPwZXE\" width=\"560\" height=\"315\" frameborder=\"0\" allowfullscreen=\"allowfullscreen\"><\/iframe><\/p>\n","protected":false},"featured_media":7151,"template":"","meta":{"site-sidebar-layout":"default","site-content-layout":"default","ast-site-content-layout":"default","site-content-style":"default","site-sidebar-style":"default","ast-global-header-display":"","ast-banner-title-visibility":"","ast-main-header-display":"","ast-hfb-above-header-display":"","ast-hfb-below-header-display":"","ast-hfb-mobile-header-display":"","site-post-title":"","ast-breadcrumbs-content":"","ast-featured-img":"","footer-sml-layout":"","theme-transparent-header-meta":"default","adv-header-id-meta":"","stick-header-meta":"","header-above-stick-meta":"","header-main-stick-meta":"","header-below-stick-meta":"","astra-migrate-meta-layouts":"set","ast-page-background-enabled":"default","ast-page-background-meta":{"desktop":{"background-color":"","background-image":"","background-repeat":"repeat","background-position":"center center","background-size":"auto","background-attachment":"scroll","background-type":"","background-media":"","overlay-type":"","overlay-color":"","overlay-gradient":""},"tablet":{"background-color":"","background-image":"","background-repeat":"repeat","background-position":"center center","background-size":"auto","background-attachment":"scroll","background-type":"","background-media":"","overlay-type":"","overlay-color":"","overlay-gradient":""},"mobile":{"background-color":"","background-image":"","background-repeat":"repeat","background-position":"center center","background-size":"auto","background-attachment":"scroll","background-type":"","background-media":"","overlay-type":"","overlay-color":"","overlay-gradient":""}},"ast-content-background-meta":{"desktop":{"background-color":"var(--ast-global-color-5)","background-image":"","background-repeat":"repeat","background-position":"center center","background-size":"auto","background-attachment":"scroll","background-type":"","background-media":"","overlay-type":"","overlay-color":"","overlay-gradient":""},"tablet":{"background-color":"var(--ast-global-color-5)","background-image":"","background-repeat":"repeat","background-position":"center center","background-size":"auto","background-attachment":"scroll","background-type":"","background-media":"","overlay-type":"","overlay-color":"","overlay-gradient":""},"mobile":{"background-color":"var(--ast-global-color-5)","background-image":"","background-repeat":"repeat","background-position":"center center","background-size":"auto","background-attachment":"scroll","background-type":"","background-media":"","overlay-type":"","overlay-color":"","overlay-gradient":""}}},"product_brand":[],"product_cat":[342],"product_tag":[344,343],"class_list":{"0":"post-7237","1":"product","2":"type-product","3":"status-publish","4":"has-post-thumbnail","6":"product_cat-maquinas-peladoras-de-nueces","7":"product_tag-maquina-peladora-de-cacahuetes","8":"product_tag-maquina-peladora-de-nueces","9":"desktop-align-left","10":"tablet-align-left","11":"mobile-align-left","13":"first","14":"instock","15":"shipping-taxable","16":"product-type-simple"},"_links":{"self":[{"href":"https:\/\/machinecastle.com\/es\/wp-json\/wp\/v2\/product\/7237","targetHints":{"allow":["GET"]}}],"collection":[{"href":"https:\/\/machinecastle.com\/es\/wp-json\/wp\/v2\/product"}],"about":[{"href":"https:\/\/machinecastle.com\/es\/wp-json\/wp\/v2\/types\/product"}],"wp:featuredmedia":[{"embeddable":true,"href":"https:\/\/machinecastle.com\/es\/wp-json\/wp\/v2\/media\/7151"}],"wp:attachment":[{"href":"https:\/\/machinecastle.com\/es\/wp-json\/wp\/v2\/media?parent=7237"}],"wp:term":[{"taxonomy":"product_brand","embeddable":true,"href":"https:\/\/machinecastle.com\/es\/wp-json\/wp\/v2\/product_brand?post=7237"},{"taxonomy":"product_cat","embeddable":true,"href":"https:\/\/machinecastle.com\/es\/wp-json\/wp\/v2\/product_cat?post=7237"},{"taxonomy":"product_tag","embeddable":true,"href":"https:\/\/machinecastle.com\/es\/wp-json\/wp\/v2\/product_tag?post=7237"}],"curies":[{"name":"wp","href":"https:\/\/api.w.org\/{rel}","templated":true}]}}