{"id":7227,"date":"2022-01-03T08:30:19","date_gmt":"2022-01-03T08:30:19","guid":{"rendered":"https:\/\/machinecastle.com\/urun\/tamices\/"},"modified":"2023-11-21T10:23:49","modified_gmt":"2023-11-21T10:23:49","slug":"tamices","status":"publish","type":"product","link":"https:\/\/machinecastle.com\/es\/product\/tamices\/","title":{"rendered":"Tamices"},"content":{"rendered":"<h4>Tamices para sal\/polvo<\/h4>\n<p>El tamiz que se utiliza para eliminar el exceso y la sal en los productos, se utiliza generalmente al final de las l\u00edneas de m\u00e1quinas de tostado de nueces totalmente autom\u00e1ticas, l\u00edneas de m\u00e1quinas de tostado de nueces manuales, hornos de tostado de nueces. Los lugares en los que el producto entra en contacto con los alimentos son completamente inoxidables, o existe una opci\u00f3n totalmente inoxidable. Se fabrica con material AISI 304.<\/p>\n<h4>Tamices de calibraci\u00f3n<\/h4>\n<p>Se produce y utiliza para todo tipo de frutos secos, especialmente garbanzos, cacahuetes o avellanas, con el fin de calibrar 2-3-4-5 tama\u00f1os diferentes de productos.<\/p>\n","protected":false},"excerpt":{"rendered":"<p>Dependiendo de las preferencias de nuestros clientes, podemos fabricar estos productos en cualquier tama\u00f1o y capacidad. No dude en ponerse en contacto con nosotros.<\/p>\n","protected":false},"featured_media":5891,"template":"","meta":{"site-sidebar-layout":"default","site-content-layout":"default","ast-site-content-layout":"default","site-content-style":"default","site-sidebar-style":"default","ast-global-header-display":"","ast-banner-title-visibility":"","ast-main-header-display":"","ast-hfb-above-header-display":"","ast-hfb-below-header-display":"","ast-hfb-mobile-header-display":"","site-post-title":"","ast-breadcrumbs-content":"","ast-featured-img":"","footer-sml-layout":"","theme-transparent-header-meta":"default","adv-header-id-meta":"","stick-header-meta":"","header-above-stick-meta":"","header-main-stick-meta":"","header-below-stick-meta":"","astra-migrate-meta-layouts":"set","ast-page-background-enabled":"default","ast-page-background-meta":{"desktop":{"background-color":"","background-image":"","background-repeat":"repeat","background-position":"center center","background-size":"auto","background-attachment":"scroll","background-type":"","background-media":"","overlay-type":"","overlay-color":"","overlay-gradient":""},"tablet":{"background-color":"","background-image":"","background-repeat":"repeat","background-position":"center center","background-size":"auto","background-attachment":"scroll","background-type":"","background-media":"","overlay-type":"","overlay-color":"","overlay-gradient":""},"mobile":{"background-color":"","background-image":"","background-repeat":"repeat","background-position":"center center","background-size":"auto","background-attachment":"scroll","background-type":"","background-media":"","overlay-type":"","overlay-color":"","overlay-gradient":""}},"ast-content-background-meta":{"desktop":{"background-color":"var(--ast-global-color-5)","background-image":"","background-repeat":"repeat","background-position":"center center","background-size":"auto","background-attachment":"scroll","background-type":"","background-media":"","overlay-type":"","overlay-color":"","overlay-gradient":""},"tablet":{"background-color":"var(--ast-global-color-5)","background-image":"","background-repeat":"repeat","background-position":"center center","background-size":"auto","background-attachment":"scroll","background-type":"","background-media":"","overlay-type":"","overlay-color":"","overlay-gradient":""},"mobile":{"background-color":"var(--ast-global-color-5)","background-image":"","background-repeat":"repeat","background-position":"center center","background-size":"auto","background-attachment":"scroll","background-type":"","background-media":"","overlay-type":"","overlay-color":"","overlay-gradient":""}}},"product_brand":[],"product_cat":[307],"product_tag":[308,309],"class_list":{"0":"post-7227","1":"product","2":"type-product","3":"status-publish","4":"has-post-thumbnail","6":"product_cat-tamices","7":"product_tag-tamiz","8":"product_tag-tamiz-de-calibracion","9":"desktop-align-left","10":"tablet-align-left","11":"mobile-align-left","13":"first","14":"instock","15":"shipping-taxable","16":"product-type-simple"},"_links":{"self":[{"href":"https:\/\/machinecastle.com\/es\/wp-json\/wp\/v2\/product\/7227","targetHints":{"allow":["GET"]}}],"collection":[{"href":"https:\/\/machinecastle.com\/es\/wp-json\/wp\/v2\/product"}],"about":[{"href":"https:\/\/machinecastle.com\/es\/wp-json\/wp\/v2\/types\/product"}],"wp:featuredmedia":[{"embeddable":true,"href":"https:\/\/machinecastle.com\/es\/wp-json\/wp\/v2\/media\/5891"}],"wp:attachment":[{"href":"https:\/\/machinecastle.com\/es\/wp-json\/wp\/v2\/media?parent=7227"}],"wp:term":[{"taxonomy":"product_brand","embeddable":true,"href":"https:\/\/machinecastle.com\/es\/wp-json\/wp\/v2\/product_brand?post=7227"},{"taxonomy":"product_cat","embeddable":true,"href":"https:\/\/machinecastle.com\/es\/wp-json\/wp\/v2\/product_cat?post=7227"},{"taxonomy":"product_tag","embeddable":true,"href":"https:\/\/machinecastle.com\/es\/wp-json\/wp\/v2\/product_tag?post=7227"}],"curies":[{"name":"wp","href":"https:\/\/api.w.org\/{rel}","templated":true}]}}