{"id":7222,"date":"2022-01-03T07:44:07","date_gmt":"2022-01-03T07:44:07","guid":{"rendered":"https:\/\/machinecastle.com\/urun\/ascensores-cintas-selectoras-maquinas-de-refrigeracion\/"},"modified":"2023-11-21T10:22:48","modified_gmt":"2023-11-21T10:22:48","slug":"ascensores-selecciones-bandas-maquinas-refrigeradoras","status":"publish","type":"product","link":"https:\/\/machinecastle.com\/es\/product\/ascensores-selecciones-bandas-maquinas-refrigeradoras\/","title":{"rendered":"Ascensores, cintas selectoras, m\u00e1quinas de refrigeraci\u00f3n"},"content":{"rendered":"<h4>Ascensor Z<\/h4>\n<p>Los elevadores en Z se utilizan cuando los frutos secos y las semillas deben alcanzar partes altas de la l\u00ednea de tostado. Debido a su forma de Z, recibi\u00f3 el nombre de Z-Elevator. Desempe\u00f1a un papel en el transporte de los productos que entran en la tolva y se utiliza preferentemente para escurrir los frutos secos, alimentar el horno de tostado o para garantizar el trasvase de productos de una m\u00e1quina a otra de procesamiento.<\/p>\n<h4>Bandas de selecci\u00f3n<\/h4>\n<p>Los frutos secos salseados, tostados y procesados por las m\u00e1quinas pasan por la cinta de selecci\u00f3n como \u00faltimo paso, y en caso de que haya material indeseable, que pueda verse a simple vista, se retira con la ayuda del empleado. La cinta de selecci\u00f3n desempe\u00f1a un papel importante en la inspecci\u00f3n de los productos con su luz iluminadora y su cinta de ajuste de velocidad.<\/p>\n<h4>M\u00e1quina de refrigeraci\u00f3n<\/h4>\n<p>Cuando los productos necesitan pasar por el proceso de enfriamiento, esta m\u00e1quina enfr\u00eda r\u00e1pidamente las nueces con gran eficacia. Gracias al ventilador de succi\u00f3n inversa de la parte inferior, los productos que contiene pasan r\u00e1pidamente a temperatura ambiente. Y despu\u00e9s, los productos est\u00e1n listos para ser envasados.<\/p>\n<p>&nbsp;<\/p>\n","protected":false},"excerpt":{"rendered":"<p><iframe title=\"Reproductor de v\u00eddeo YouTube\" src=\"https:\/\/www.youtube.com\/embed\/hgbhcmvpXrQ\" width=\"560\" height=\"315\" frameborder=\"0\" allowfullscreen=\"allowfullscreen\"><\/iframe><\/p>\n<p>Dependiendo de las preferencias de nuestros clientes, podemos fabricar estos productos en cualquier tama\u00f1o y capacidad. No dude en ponerse en contacto con nosotros.<\/p>\n","protected":false},"featured_media":5871,"template":"","meta":{"site-sidebar-layout":"default","site-content-layout":"default","ast-site-content-layout":"default","site-content-style":"default","site-sidebar-style":"default","ast-global-header-display":"","ast-banner-title-visibility":"","ast-main-header-display":"","ast-hfb-above-header-display":"","ast-hfb-below-header-display":"","ast-hfb-mobile-header-display":"","site-post-title":"","ast-breadcrumbs-content":"","ast-featured-img":"","footer-sml-layout":"","theme-transparent-header-meta":"default","adv-header-id-meta":"","stick-header-meta":"","header-above-stick-meta":"","header-main-stick-meta":"","header-below-stick-meta":"","astra-migrate-meta-layouts":"set","ast-page-background-enabled":"default","ast-page-background-meta":{"desktop":{"background-color":"","background-image":"","background-repeat":"repeat","background-position":"center center","background-size":"auto","background-attachment":"scroll","background-type":"","background-media":"","overlay-type":"","overlay-color":"","overlay-gradient":""},"tablet":{"background-color":"","background-image":"","background-repeat":"repeat","background-position":"center center","background-size":"auto","background-attachment":"scroll","background-type":"","background-media":"","overlay-type":"","overlay-color":"","overlay-gradient":""},"mobile":{"background-color":"","background-image":"","background-repeat":"repeat","background-position":"center center","background-size":"auto","background-attachment":"scroll","background-type":"","background-media":"","overlay-type":"","overlay-color":"","overlay-gradient":""}},"ast-content-background-meta":{"desktop":{"background-color":"var(--ast-global-color-5)","background-image":"","background-repeat":"repeat","background-position":"center center","background-size":"auto","background-attachment":"scroll","background-type":"","background-media":"","overlay-type":"","overlay-color":"","overlay-gradient":""},"tablet":{"background-color":"var(--ast-global-color-5)","background-image":"","background-repeat":"repeat","background-position":"center center","background-size":"auto","background-attachment":"scroll","background-type":"","background-media":"","overlay-type":"","overlay-color":"","overlay-gradient":""},"mobile":{"background-color":"var(--ast-global-color-5)","background-image":"","background-repeat":"repeat","background-position":"center center","background-size":"auto","background-attachment":"scroll","background-type":"","background-media":"","overlay-type":"","overlay-color":"","overlay-gradient":""}}},"product_brand":[],"product_cat":[292],"product_tag":[294,293],"class_list":{"0":"post-7222","1":"product","2":"type-product","3":"status-publish","4":"has-post-thumbnail","6":"product_cat-otros-equipos","7":"product_tag-ascensor","8":"product_tag-cintas-transportadoras","9":"desktop-align-left","10":"tablet-align-left","11":"mobile-align-left","13":"first","14":"instock","15":"shipping-taxable","16":"product-type-simple"},"_links":{"self":[{"href":"https:\/\/machinecastle.com\/es\/wp-json\/wp\/v2\/product\/7222","targetHints":{"allow":["GET"]}}],"collection":[{"href":"https:\/\/machinecastle.com\/es\/wp-json\/wp\/v2\/product"}],"about":[{"href":"https:\/\/machinecastle.com\/es\/wp-json\/wp\/v2\/types\/product"}],"wp:featuredmedia":[{"embeddable":true,"href":"https:\/\/machinecastle.com\/es\/wp-json\/wp\/v2\/media\/5871"}],"wp:attachment":[{"href":"https:\/\/machinecastle.com\/es\/wp-json\/wp\/v2\/media?parent=7222"}],"wp:term":[{"taxonomy":"product_brand","embeddable":true,"href":"https:\/\/machinecastle.com\/es\/wp-json\/wp\/v2\/product_brand?post=7222"},{"taxonomy":"product_cat","embeddable":true,"href":"https:\/\/machinecastle.com\/es\/wp-json\/wp\/v2\/product_cat?post=7222"},{"taxonomy":"product_tag","embeddable":true,"href":"https:\/\/machinecastle.com\/es\/wp-json\/wp\/v2\/product_tag?post=7222"}],"curies":[{"name":"wp","href":"https:\/\/api.w.org\/{rel}","templated":true}]}}