{"id":7217,"date":"2021-12-30T12:46:31","date_gmt":"2021-12-30T12:46:31","guid":{"rendered":"https:\/\/machinecastle.com\/urun\/maquinas-para-hacer-aceite-de-prensa-en-frio\/"},"modified":"2023-11-21T10:21:07","modified_gmt":"2023-11-21T10:21:07","slug":"prensas-oleodinamicas","status":"publish","type":"product","link":"https:\/\/machinecastle.com\/es\/product\/prensas-oleodinamicas\/","title":{"rendered":"M\u00c1QUINAS PARA HACER ACEITE DE PRENSA EN FR\u00cdO"},"content":{"rendered":"<p>Las <strong>m\u00e1quinas de producci\u00f3n de aceite de prensa en<\/strong>fr\u00edo se utilizan para extraer el aceite de los productos. Gracias a su tolva de gran alcance, podr\u00e1 obtener el aceite de casi cualquier cosa. Aqu\u00ed hay algunos ejemplos de los productos que se pueden obtener aceite de la m\u00e1quina de extracci\u00f3n de aceite: semilla de negro, semilla de c\u00e1rtamo, coco, semilla de granada, semilla de comino, amapola, semilla de uva, semilla de canola, semillas de lino, semillas de s\u00e9samo, semillas de mostaza, almendras, nueces, semillas de albaricoque, semillas de calabaza, semillas de girasol, man\u00ed, planta de cacao, ortiga, semillas de pimiento, semillas de tomate, semillas de ch\u00eda, etc tipos de semillas. Tiene una garant\u00eda de 4 a\u00f1os.<\/p>\n<p><strong><br \/>\n1-16 kg\/hora:<\/strong><\/p>\n<table class=\"table table-striped\">\n<tbody>\n<tr>\n<td><strong>DESCRIPCI\u00d3N<\/strong><\/td>\n<td><strong>Caracter\u00edstica<\/strong><\/td>\n<\/tr>\n<\/tbody>\n<tbody>\n<tr>\n<td>Dimensiones:<\/td>\n<td>25 x 80 x 35 cm (ancho x largo x alto)<\/td>\n<\/tr>\n<\/tbody>\n<tbody>\n<tr>\n<td>Peso:<\/td>\n<td>38 kg<\/td>\n<\/tr>\n<\/tbody>\n<tbody>\n<tr>\n<td>Capacidad:<\/td>\n<td>M\u00e1x. 16 kg \/ hora<\/td>\n<\/tr>\n<tr>\n<td>Consumo de energ\u00eda<\/td>\n<td>220V\/380V, 0,75 kw Potencia del motor, 0,75 kw Control de velocidad<\/td>\n<\/tr>\n<tr>\n<td>Termostato<\/td>\n<td>600 vatios con control digital de temperatura<\/td>\n<\/tr>\n<\/tbody>\n<\/table>\n<p><strong>1-40 kg\/hora:<\/strong><\/p>\n<table class=\"table table-striped\">\n<tbody>\n<tr>\n<td><strong>DESCRIPCI\u00d3N<\/strong><\/td>\n<td><strong>Caracter\u00edstica<\/strong><\/td>\n<\/tr>\n<\/tbody>\n<tbody>\n<tr>\n<td>Dimensiones:<\/td>\n<td>25 x 100 x 52 cm (ancho x largo x alto)<\/td>\n<\/tr>\n<\/tbody>\n<tbody>\n<tr>\n<td>Peso:<\/td>\n<td>68 kg<\/td>\n<\/tr>\n<\/tbody>\n<tbody>\n<tr>\n<td>Capacidad:<\/td>\n<td>M\u00e1x. 40 kg \/ hora<\/td>\n<\/tr>\n<tr>\n<td>Consumo de energ\u00eda<\/td>\n<td>220V\/380V, 1,5 kw de potencia del motor, control de velocidad ABB<\/td>\n<\/tr>\n<tr>\n<td>Termostato<\/td>\n<td>600 vatios con control digital de temperatura<\/td>\n<\/tr>\n<\/tbody>\n<\/table>\n<p><strong>1-55 kg\/hora:<\/strong><\/p>\n<table class=\"table table-striped\">\n<tbody>\n<tr>\n<td><strong>DESCRIPCI\u00d3N<\/strong><\/td>\n<td><strong>Caracter\u00edstica<\/strong><\/td>\n<\/tr>\n<\/tbody>\n<tbody>\n<tr>\n<td>Dimensiones:<\/td>\n<td>27 x 95 x 52 cm sin embudo (ancho x largo x alto)<\/td>\n<\/tr>\n<\/tbody>\n<tbody>\n<tr>\n<td>Peso:<\/td>\n<td>92 kg<\/td>\n<\/tr>\n<\/tbody>\n<tbody>\n<tr>\n<td>Capacidad:<\/td>\n<td>M\u00e1x. 55 kg \/ hora<\/td>\n<\/tr>\n<tr>\n<td>Consumo de energ\u00eda<\/td>\n<td>220V\/380V, potencia del motor de 2,2 kw, control de velocidad ABB<\/td>\n<\/tr>\n<tr>\n<td>Termostato<\/td>\n<td>600 vatios con control digital de temperatura<\/td>\n<\/tr>\n<\/tbody>\n<\/table>\n<p><strong>1-90 kg\/hora:<\/strong><\/p>\n<table class=\"table table-striped\">\n<tbody>\n<tr>\n<td><strong>DESCRIPCI\u00d3N<\/strong><\/td>\n<td><strong>Caracter\u00edstica<\/strong><\/td>\n<\/tr>\n<\/tbody>\n<tbody>\n<tr>\n<td>Dimensiones:<\/td>\n<td>55 x 135 x 87 cm sin embudo (ancho x largo x alto)<\/td>\n<\/tr>\n<\/tbody>\n<tbody>\n<tr>\n<td>Peso:<\/td>\n<td>270 kg<\/td>\n<\/tr>\n<\/tbody>\n<tbody>\n<tr>\n<td>Capacidad:<\/td>\n<td>M\u00e1x. 90 kg \/ hora<\/td>\n<\/tr>\n<tr>\n<td>Consumo de energ\u00eda<\/td>\n<td>220V\/380V, 4 kw Entrada trif\u00e1sica Salida trif\u00e1sica, controlador marca ABB 4 kw<\/td>\n<\/tr>\n<tr>\n<td>Termostato<\/td>\n<td>600 vatios con control digital de temperatura<\/td>\n<\/tr>\n<\/tbody>\n<\/table>\n<p><strong>1-130 kg\/hora:<\/strong><\/p>\n<table class=\"table table-striped\">\n<tbody>\n<tr>\n<td><strong>DESCRIPCI\u00d3N<\/strong><\/td>\n<td><strong>Caracter\u00edstica<\/strong><\/td>\n<\/tr>\n<\/tbody>\n<tbody>\n<tr>\n<td>Dimensiones:<\/td>\n<td>66 x 140 x 100 cm sin embudo (ancho x largo x alto)<\/td>\n<\/tr>\n<\/tbody>\n<tbody>\n<tr>\n<td>Peso:<\/td>\n<td>380 kg<\/td>\n<\/tr>\n<\/tbody>\n<tbody>\n<tr>\n<td>Capacidad:<\/td>\n<td>M\u00e1x. 130 kg \/ hora<\/td>\n<\/tr>\n<tr>\n<td>Consumo de energ\u00eda<\/td>\n<td>11 kw Entrada trif\u00e1sica Salida trif\u00e1sica, controlador marca ABB 11 kw<\/td>\n<\/tr>\n<tr>\n<td>Termostato<\/td>\n<td>600 vatios con control digital de temperatura<\/td>\n<\/tr>\n<\/tbody>\n<\/table>\n<p>&nbsp;<\/p>\n<p>M\u00e1quinas de <strong>extracci\u00f3n<\/strong>de aceite, <strong>M\u00e1quina<\/strong> de producci\u00f3n de aceite, M\u00e1quina de producci\u00f3n de aceite, Producci\u00f3n de aceite de semillas, M\u00e1quina de extracci\u00f3n de aceite de semillas, M\u00e1quina de extracci\u00f3n de aceite, M\u00e1quina de extracci\u00f3n de aceite, <strong>M\u00e1quina de producci\u00f3n de aceite<\/strong>, M\u00e1quina de producci\u00f3n de aceite de semillas<\/p>\n","protected":false},"excerpt":{"rendered":"<p><iframe title=\"Reproductor de v\u00eddeo YouTube\" src=\"https:\/\/www.youtube.com\/embed\/RsYvPVLS2_E\" width=\"560\" height=\"315\" frameborder=\"0\" allowfullscreen=\"allowfullscreen\"><\/iframe><\/p>\n<p><strong>1-16 kg\/hora:<\/strong><\/p>\n<table class=\"table table-striped\">\n<tbody>\n<tr>\n<td><strong>MODELOS<\/strong><\/td>\n<td><strong>CAPACIDAD<\/strong><\/td>\n<\/tr>\n<\/tbody>\n<tbody>\n<tr>\n<td><strong>M\u00e1quina de prensado en fr\u00edo para hacer aceite<\/strong> MC-O-16<\/td>\n<td>M\u00e1x. 16 Kg\/H<\/td>\n<\/tr>\n<\/tbody>\n<tbody>\n<tr>\n<td><strong>M\u00e1quina de prensado en fr\u00edo para hacer aceite<\/strong> MC-O-40<\/td>\n<td>M\u00e1x. 40 Kg\/H<\/td>\n<\/tr>\n<\/tbody>\n<tbody>\n<tr>\n<td><strong>M\u00e1quina de prensado en fr\u00edo para hacer aceite<\/strong> MC-O-55<\/td>\n<td>M\u00e1x. 55 Kg\/H<\/td>\n<\/tr>\n<tr>\n<td><strong>M\u00e1quina de prensado en fr\u00edo para hacer aceite<\/strong> MC-O-90<\/td>\n<td>M\u00e1x. 90 Kg\/H<\/td>\n<\/tr>\n<tr>\n<td><strong>M\u00e1quina de prensado en fr\u00edo para hacer<\/strong> aceite MC-O-130<\/td>\n<td>M\u00e1ximo 130 Kg\/H<\/td>\n<\/tr>\n<\/tbody>\n<\/table>\n<p>&nbsp;<\/p>\n","protected":false},"featured_media":5741,"template":"","meta":{"site-sidebar-layout":"default","site-content-layout":"default","ast-site-content-layout":"default","site-content-style":"default","site-sidebar-style":"default","ast-global-header-display":"","ast-banner-title-visibility":"","ast-main-header-display":"","ast-hfb-above-header-display":"","ast-hfb-below-header-display":"","ast-hfb-mobile-header-display":"","site-post-title":"","ast-breadcrumbs-content":"","ast-featured-img":"","footer-sml-layout":"","theme-transparent-header-meta":"default","adv-header-id-meta":"","stick-header-meta":"","header-above-stick-meta":"","header-main-stick-meta":"","header-below-stick-meta":"","astra-migrate-meta-layouts":"set","ast-page-background-enabled":"default","ast-page-background-meta":{"desktop":{"background-color":"","background-image":"","background-repeat":"repeat","background-position":"center center","background-size":"auto","background-attachment":"scroll","background-type":"","background-media":"","overlay-type":"","overlay-color":"","overlay-gradient":""},"tablet":{"background-color":"","background-image":"","background-repeat":"repeat","background-position":"center center","background-size":"auto","background-attachment":"scroll","background-type":"","background-media":"","overlay-type":"","overlay-color":"","overlay-gradient":""},"mobile":{"background-color":"","background-image":"","background-repeat":"repeat","background-position":"center center","background-size":"auto","background-attachment":"scroll","background-type":"","background-media":"","overlay-type":"","overlay-color":"","overlay-gradient":""}},"ast-content-background-meta":{"desktop":{"background-color":"var(--ast-global-color-5)","background-image":"","background-repeat":"repeat","background-position":"center center","background-size":"auto","background-attachment":"scroll","background-type":"","background-media":"","overlay-type":"","overlay-color":"","overlay-gradient":""},"tablet":{"background-color":"var(--ast-global-color-5)","background-image":"","background-repeat":"repeat","background-position":"center center","background-size":"auto","background-attachment":"scroll","background-type":"","background-media":"","overlay-type":"","overlay-color":"","overlay-gradient":""},"mobile":{"background-color":"var(--ast-global-color-5)","background-image":"","background-repeat":"repeat","background-position":"center center","background-size":"auto","background-attachment":"scroll","background-type":"","background-media":"","overlay-type":"","overlay-color":"","overlay-gradient":""}}},"product_brand":[],"product_cat":[275],"product_tag":[276,277,278],"class_list":{"0":"post-7217","1":"product","2":"type-product","3":"status-publish","4":"has-post-thumbnail","6":"product_cat-maquinas-para-hacer-aceite-de-prensa-en-frio","7":"product_tag-maquina-de-extraccion-de-aceite","8":"product_tag-maquina-de-hacer-aceite","9":"product_tag-maquina-de-prensado-de-aceite","10":"desktop-align-left","11":"tablet-align-left","12":"mobile-align-left","14":"first","15":"instock","16":"shipping-taxable","17":"product-type-simple"},"_links":{"self":[{"href":"https:\/\/machinecastle.com\/es\/wp-json\/wp\/v2\/product\/7217","targetHints":{"allow":["GET"]}}],"collection":[{"href":"https:\/\/machinecastle.com\/es\/wp-json\/wp\/v2\/product"}],"about":[{"href":"https:\/\/machinecastle.com\/es\/wp-json\/wp\/v2\/types\/product"}],"wp:featuredmedia":[{"embeddable":true,"href":"https:\/\/machinecastle.com\/es\/wp-json\/wp\/v2\/media\/5741"}],"wp:attachment":[{"href":"https:\/\/machinecastle.com\/es\/wp-json\/wp\/v2\/media?parent=7217"}],"wp:term":[{"taxonomy":"product_brand","embeddable":true,"href":"https:\/\/machinecastle.com\/es\/wp-json\/wp\/v2\/product_brand?post=7217"},{"taxonomy":"product_cat","embeddable":true,"href":"https:\/\/machinecastle.com\/es\/wp-json\/wp\/v2\/product_cat?post=7217"},{"taxonomy":"product_tag","embeddable":true,"href":"https:\/\/machinecastle.com\/es\/wp-json\/wp\/v2\/product_tag?post=7217"}],"curies":[{"name":"wp","href":"https:\/\/api.w.org\/{rel}","templated":true}]}}