{"id":7212,"date":"2021-12-30T10:39:22","date_gmt":"2021-12-30T10:39:22","guid":{"rendered":"https:\/\/machinecastle.com\/urun\/maquinas-de-mantequilla-de-cacahuete\/"},"modified":"2025-08-04T07:06:57","modified_gmt":"2025-08-04T07:06:57","slug":"mantequeras","status":"publish","type":"product","link":"https:\/\/machinecastle.com\/es\/product\/mantequeras\/","title":{"rendered":"M\u00c1QUINAS DE MANTEQUILLA DE CACAHUETE"},"content":{"rendered":"<p>Estas <strong>m\u00e1quinas para hacer mantequilla de frutos secos<\/strong>pueden hacer las <strong>pastas de cacahuetes, avellanas, pistachos<\/strong> y muchos otros. Una vez que los productos entran en la tolva, pasan directamente al proceso de encolado. Entonces est\u00e1n directamente listos. El usuario puede utilizar o a\u00f1adir az\u00facar o diferentes sabores despu\u00e9s de la trituraci\u00f3n. Se puede elegir el color dorado o cromado de la m\u00e1quina.<\/p>\n<p>&nbsp;<\/p>\n<p>&nbsp;<\/p>\n<p>&nbsp;<\/p>\n<p>M\u00e1quina para hacer mantequilla de <strong>cacahuete<\/strong>, <strong>Mantequeras de frutos secos<\/strong>, M\u00e1quina para hacer mantequilla de avellana, Producci\u00f3n de mantequilla de pistacho, M\u00e1quina para producir mantequilla, M\u00e1quina para hacer mantequilla de cacahuete, M\u00e1quina para hacer <strong>mantequilla de avellana<\/strong>, Peque\u00f1a m\u00e1quina para hacer mantequilla de cacahuete, M\u00e1quina para hacer mantequilla de almendra<\/p>\n","protected":false},"excerpt":{"rendered":"<p><iframe title=\"Reproductor de v\u00eddeo YouTube\" src=\"https:\/\/www.youtube.com\/embed\/JfimLAfHOGs?si=zCDX2egja9fI3zhF\" width=\"560\" height=\"315\" frameborder=\"0\" allowfullscreen=\"allowfullscreen\"><\/iframe><\/p>\n<p><strong>DETALLES T\u00c9CNICOS:<\/strong><\/p>\n<p>Nuestra <strong>m\u00e1quina de la mantequilla de cacahuete<\/strong> puede hacer el cacahuete, avellana, almendra, anacardo, Terebinth, s\u00e9samo, amapola todo el tipo de productos como pasta. Capacidad desde 1 kg\/hora hasta 50 kg\/hora para frutos secos.<\/p>\n<p>Nuestra m\u00e1quina es apropiada para negocios minoristas como mercados, charcuter\u00edas, venta de frutos secos, tiendas de especias. Ofrece la oportunidad de realizar una producci\u00f3n instant\u00e1nea justo al lado de sus clientes.<\/p>\n<p>Est\u00e1 completamente fabricado con material de calidad <strong>de acero inoxidable<\/strong> 304 y es totalmente apto para alimentos.<\/p>\n<table class=\"table table-striped\">\n<tbody>\n<tr>\n<td><strong>DESCRIPCI\u00d3N<\/strong><\/td>\n<td><strong>Funci\u00f3n<\/strong><\/td>\n<\/tr>\n<\/tbody>\n<tbody>\n<tr>\n<td>Dimensiones:<\/td>\n<td>60 x 30 x 60 cm (Ancho x Largo x Alto)<\/td>\n<\/tr>\n<\/tbody>\n<tbody>\n<tr>\n<td>Peso:<\/td>\n<td>30 kg<\/td>\n<\/tr>\n<\/tbody>\n<tbody>\n<tr>\n<td>Capacidad:<\/td>\n<td>1-50 kg \/ Hora<\/td>\n<\/tr>\n<tr>\n<td>Consumo de energ\u00eda<\/td>\n<td>1,5 kw<\/td>\n<\/tr>\n<\/tbody>\n<\/table>\n<p><strong>Otros modelos de capacidad disponibles:<\/strong><\/p>\n<p><strong>1-120 kg\/hora<\/strong><\/p>\n<p><strong>1-350 kg\/hora<\/strong><\/p>\n<p><strong>1-1000 kg\/hora<\/strong><\/p>\n<p><strong>1-2000 kg\/hora<\/strong><\/p>\n","protected":false},"featured_media":5716,"template":"","meta":{"site-sidebar-layout":"default","site-content-layout":"default","ast-site-content-layout":"default","site-content-style":"default","site-sidebar-style":"default","ast-global-header-display":"","ast-banner-title-visibility":"","ast-main-header-display":"","ast-hfb-above-header-display":"","ast-hfb-below-header-display":"","ast-hfb-mobile-header-display":"","site-post-title":"","ast-breadcrumbs-content":"","ast-featured-img":"","footer-sml-layout":"","theme-transparent-header-meta":"default","adv-header-id-meta":"","stick-header-meta":"","header-above-stick-meta":"","header-main-stick-meta":"","header-below-stick-meta":"","astra-migrate-meta-layouts":"set","ast-page-background-enabled":"default","ast-page-background-meta":{"desktop":{"background-color":"","background-image":"","background-repeat":"repeat","background-position":"center center","background-size":"auto","background-attachment":"scroll","background-type":"","background-media":"","overlay-type":"","overlay-color":"","overlay-gradient":""},"tablet":{"background-color":"","background-image":"","background-repeat":"repeat","background-position":"center center","background-size":"auto","background-attachment":"scroll","background-type":"","background-media":"","overlay-type":"","overlay-color":"","overlay-gradient":""},"mobile":{"background-color":"","background-image":"","background-repeat":"repeat","background-position":"center center","background-size":"auto","background-attachment":"scroll","background-type":"","background-media":"","overlay-type":"","overlay-color":"","overlay-gradient":""}},"ast-content-background-meta":{"desktop":{"background-color":"var(--ast-global-color-5)","background-image":"","background-repeat":"repeat","background-position":"center center","background-size":"auto","background-attachment":"scroll","background-type":"","background-media":"","overlay-type":"","overlay-color":"","overlay-gradient":""},"tablet":{"background-color":"var(--ast-global-color-5)","background-image":"","background-repeat":"repeat","background-position":"center center","background-size":"auto","background-attachment":"scroll","background-type":"","background-media":"","overlay-type":"","overlay-color":"","overlay-gradient":""},"mobile":{"background-color":"var(--ast-global-color-5)","background-image":"","background-repeat":"repeat","background-position":"center center","background-size":"auto","background-attachment":"scroll","background-type":"","background-media":"","overlay-type":"","overlay-color":"","overlay-gradient":""}}},"product_brand":[],"product_cat":[255],"product_tag":[258,256,257],"class_list":{"0":"post-7212","1":"product","2":"type-product","3":"status-publish","4":"has-post-thumbnail","6":"product_cat-mantequilla-de-nueces-machines","7":"product_tag-maquina-de-mantequilla-de-avellana","8":"product_tag-maquina-de-mantequilla-de-cacahuete","9":"product_tag-maquina-para-hacer-mantequilla","10":"desktop-align-left","11":"tablet-align-left","12":"mobile-align-left","14":"first","15":"instock","16":"shipping-taxable","17":"product-type-simple"},"_links":{"self":[{"href":"https:\/\/machinecastle.com\/es\/wp-json\/wp\/v2\/product\/7212","targetHints":{"allow":["GET"]}}],"collection":[{"href":"https:\/\/machinecastle.com\/es\/wp-json\/wp\/v2\/product"}],"about":[{"href":"https:\/\/machinecastle.com\/es\/wp-json\/wp\/v2\/types\/product"}],"wp:featuredmedia":[{"embeddable":true,"href":"https:\/\/machinecastle.com\/es\/wp-json\/wp\/v2\/media\/5716"}],"wp:attachment":[{"href":"https:\/\/machinecastle.com\/es\/wp-json\/wp\/v2\/media?parent=7212"}],"wp:term":[{"taxonomy":"product_brand","embeddable":true,"href":"https:\/\/machinecastle.com\/es\/wp-json\/wp\/v2\/product_brand?post=7212"},{"taxonomy":"product_cat","embeddable":true,"href":"https:\/\/machinecastle.com\/es\/wp-json\/wp\/v2\/product_cat?post=7212"},{"taxonomy":"product_tag","embeddable":true,"href":"https:\/\/machinecastle.com\/es\/wp-json\/wp\/v2\/product_tag?post=7212"}],"curies":[{"name":"wp","href":"https:\/\/api.w.org\/{rel}","templated":true}]}}