{"id":7207,"date":"2021-12-30T08:07:15","date_gmt":"2021-12-30T08:07:15","guid":{"rendered":"https:\/\/machinecastle.com\/urun\/maquinas-para-hacer-tahini\/"},"modified":"2025-11-21T09:04:43","modified_gmt":"2025-11-21T09:04:43","slug":"maquinas-para-hacer-tahini","status":"publish","type":"product","link":"https:\/\/machinecastle.com\/es\/product\/maquinas-para-hacer-tahini\/","title":{"rendered":"M\u00c1QUINAS PARA HACER TAHINI"},"content":{"rendered":"<p>La <strong>m\u00e1quina de producci\u00f3n de tahini <\/strong>sirve para fabricar tahini a partir de semillas de s\u00e9samo. El tahini es una pasta espesa elaborada con semillas de s\u00e9samo molidas. Se suele utilizar como ingrediente aromatizante en platos de Oriente Medio, como el hummus, o con berenjenas asadas para hacer baba ganoush. El sabor y la adaptabilidad del tahini tambi\u00e9n lo convierten en la base ideal de salsas para acompa\u00f1ar verduras u otro tipo de alimentos. <strong>La m\u00e1quina de t<\/strong> ahini alcanza cada d\u00eda mayores cifras de ventas en las grandes ciudades. Muchos negocios prefieren estas m\u00e1quinas para vender tahini fresco a la gente. La m\u00e1quina que realiza todas las operaciones necesarias en la transformaci\u00f3n del s\u00e9samo en tahini se denomina abreviadamente m\u00e1quina de tahini. Hoy en d\u00eda, las empresas productoras de tahini y los peque\u00f1os comercios venden tahini con estas m\u00e1quinas. Como material de molienda, puede elegir una hoja de inoxidable o una piedra horneada.<\/p>\n<p>&nbsp;<\/p>\n<p><strong>DETALLES T\u00c9CNICOS:<\/strong><strong><br \/>\n20 kg\/hora:<\/strong><\/p>\n<p>Si desea m\u00e1quinas de mayor capacidad, p\u00f3ngase en contacto con nosotros.<\/p>\n<table class=\"table table-striped\">\n<tbody>\n<tr>\n<td><strong>DESCRIPCI\u00d3N<\/strong><\/td>\n<td><strong>Caracter\u00edstica<\/strong><\/td>\n<\/tr>\n<\/tbody>\n<tbody>\n<tr>\n<td>Dimensiones:<\/td>\n<td>32 x 32 x 80 cm (ancho x largo x alto)<\/td>\n<\/tr>\n<\/tbody>\n<tbody>\n<tr>\n<td>Peso:<\/td>\n<td>35 kg<\/td>\n<\/tr>\n<\/tbody>\n<tbody>\n<tr>\n<td>Capacidad:<\/td>\n<td>20 kg \/ hora<\/td>\n<\/tr>\n<tr>\n<td>Consumo de energ\u00eda<\/td>\n<td>1,5 kw<\/td>\n<\/tr>\n<\/tbody>\n<\/table>\n<p><strong>50 kg\/hora:<\/strong><\/p>\n<p>&nbsp;<\/p>\n<table class=\"table table-striped\">\n<tbody>\n<tr>\n<td><strong>DESCRIPCI\u00d3N<\/strong><\/td>\n<td><strong>Caracter\u00edstica<\/strong><\/td>\n<\/tr>\n<\/tbody>\n<tbody>\n<tr>\n<td>Dimensiones:<\/td>\n<td>80 x 80 x 190 cm (ancho x largo x alto)<\/td>\n<\/tr>\n<\/tbody>\n<tbody>\n<tr>\n<td>Capacidad:<\/td>\n<td>50 kg \/ hora<\/td>\n<\/tr>\n<tr>\n<td>Consumo de energ\u00eda<\/td>\n<td>5,5 kw<\/td>\n<\/tr>\n<\/tbody>\n<\/table>\n<p><strong>Otros modelos de capacidad disponibles:<\/strong><\/p>\n<p><strong>100 kg\/hora<\/strong><\/p>\n<p><strong>150 kg\/hora<\/strong><\/p>\n<p><strong>200 kg\/hora<\/strong><\/p>\n<p><strong>250 kg\/hora<\/strong><\/p>\n<p><strong>500 kg\/hora<\/strong><\/p>\n<p><strong>1000 kg\/hora<\/strong><\/p>\n<p>M\u00e1quina para <strong>hacer t<\/strong>ahini, M\u00e1quina de <strong>tahini<\/strong>, L\u00ednea de producci\u00f3n de tahini, M\u00e1quina de producci\u00f3n de tahini, M\u00e1quina de <strong>producci\u00f3n<\/strong> de tahini, M\u00e1quina de tahini para tiendas, Semillas de s\u00e9samo a tahini, <strong>M\u00e1quina de tahini para semillas de s\u00e9samo<\/strong>, Extracci\u00f3n de tahini de semillas de s\u00e9samo<\/p>\n","protected":false},"excerpt":{"rendered":"<p>https:\/\/youtube.com\/shorts\/sgrirhZuocg?si=OXe5Co3Wz-gMZepB<\/p>\n<p>https:\/\/www.youtube.com\/shorts\/0HBpzYk5aFk<\/p>\n<p>&nbsp;<\/p>\n<p>Todos los mercados, tiendas, almacenes de especias pueden hacer su propio tahini y venderlo a sus clientes como muy fresco y caliente. Dependiendo de su necesidad de capacidad horaria le sugeriremos diferentes m\u00e1quinas. Siempre puedes vender a tus clientes el tahini fresco y natural. Est\u00e1 completamente fabricado con material de calidad 304 de <strong>acero<\/strong> inoxidable y es totalmente apto para alimentos. Est\u00e1n disponibles tanto m\u00e1quinas para hacer tahini con piedra natural como m\u00e1quinas con cuchillas de acero inoxidable.<\/p>\n","protected":false},"featured_media":8778,"template":"","meta":{"site-sidebar-layout":"default","site-content-layout":"default","ast-site-content-layout":"default","site-content-style":"default","site-sidebar-style":"default","ast-global-header-display":"","ast-banner-title-visibility":"","ast-main-header-display":"","ast-hfb-above-header-display":"","ast-hfb-below-header-display":"","ast-hfb-mobile-header-display":"","site-post-title":"","ast-breadcrumbs-content":"","ast-featured-img":"","footer-sml-layout":"","theme-transparent-header-meta":"default","adv-header-id-meta":"","stick-header-meta":"","header-above-stick-meta":"","header-main-stick-meta":"","header-below-stick-meta":"","astra-migrate-meta-layouts":"set","ast-page-background-enabled":"default","ast-page-background-meta":{"desktop":{"background-color":"","background-image":"","background-repeat":"repeat","background-position":"center center","background-size":"auto","background-attachment":"scroll","background-type":"","background-media":"","overlay-type":"","overlay-color":"","overlay-gradient":""},"tablet":{"background-color":"","background-image":"","background-repeat":"repeat","background-position":"center center","background-size":"auto","background-attachment":"scroll","background-type":"","background-media":"","overlay-type":"","overlay-color":"","overlay-gradient":""},"mobile":{"background-color":"","background-image":"","background-repeat":"repeat","background-position":"center center","background-size":"auto","background-attachment":"scroll","background-type":"","background-media":"","overlay-type":"","overlay-color":"","overlay-gradient":""}},"ast-content-background-meta":{"desktop":{"background-color":"var(--ast-global-color-5)","background-image":"","background-repeat":"repeat","background-position":"center center","background-size":"auto","background-attachment":"scroll","background-type":"","background-media":"","overlay-type":"","overlay-color":"","overlay-gradient":""},"tablet":{"background-color":"var(--ast-global-color-5)","background-image":"","background-repeat":"repeat","background-position":"center center","background-size":"auto","background-attachment":"scroll","background-type":"","background-media":"","overlay-type":"","overlay-color":"","overlay-gradient":""},"mobile":{"background-color":"var(--ast-global-color-5)","background-image":"","background-repeat":"repeat","background-position":"center center","background-size":"auto","background-attachment":"scroll","background-type":"","background-media":"","overlay-type":"","overlay-color":"","overlay-gradient":""}}},"product_brand":[],"product_cat":[237],"product_tag":[238,239],"class_list":{"0":"post-7207","1":"product","2":"type-product","3":"status-publish","4":"has-post-thumbnail","6":"product_cat-maquinas-para-hacer-tahini","7":"product_tag-maquina-de-tahini","8":"product_tag-maquina-de-tahini-de-sesamo","9":"desktop-align-left","10":"tablet-align-left","11":"mobile-align-left","13":"first","14":"instock","15":"shipping-taxable","16":"product-type-simple"},"_links":{"self":[{"href":"https:\/\/machinecastle.com\/es\/wp-json\/wp\/v2\/product\/7207","targetHints":{"allow":["GET"]}}],"collection":[{"href":"https:\/\/machinecastle.com\/es\/wp-json\/wp\/v2\/product"}],"about":[{"href":"https:\/\/machinecastle.com\/es\/wp-json\/wp\/v2\/types\/product"}],"wp:featuredmedia":[{"embeddable":true,"href":"https:\/\/machinecastle.com\/es\/wp-json\/wp\/v2\/media\/8778"}],"wp:attachment":[{"href":"https:\/\/machinecastle.com\/es\/wp-json\/wp\/v2\/media?parent=7207"}],"wp:term":[{"taxonomy":"product_brand","embeddable":true,"href":"https:\/\/machinecastle.com\/es\/wp-json\/wp\/v2\/product_brand?post=7207"},{"taxonomy":"product_cat","embeddable":true,"href":"https:\/\/machinecastle.com\/es\/wp-json\/wp\/v2\/product_cat?post=7207"},{"taxonomy":"product_tag","embeddable":true,"href":"https:\/\/machinecastle.com\/es\/wp-json\/wp\/v2\/product_tag?post=7207"}],"curies":[{"name":"wp","href":"https:\/\/api.w.org\/{rel}","templated":true}]}}