{"id":7202,"date":"2021-12-29T12:22:04","date_gmt":"2021-12-29T12:22:04","guid":{"rendered":"https:\/\/machinecastle.com\/urun\/silos-de-cafe-plexi\/"},"modified":"2023-11-21T10:17:00","modified_gmt":"2023-11-21T10:17:00","slug":"plexi-cafe-silos","status":"publish","type":"product","link":"https:\/\/machinecastle.com\/es\/product\/plexi-cafe-silos\/","title":{"rendered":"SILOS DE CAF\u00c9 PLEXI"},"content":{"rendered":"<p>Fabricamos silos de caf\u00e9 en grano rectangulares, cil\u00edndricos, cuadrados, murales, dispensadores de alimentos secos, dispensadores de grageas, dispensadores de frutos secos, dispensadores de legumbres, silos a granel de sistema rotativo, dispensadores de grano. Los silos son una gran manera de mostrar sus productos a sus clientes mientras hacen una belleza visual. No s\u00f3lo sirven para guardar cosas, sino tambi\u00e9n para representarlas bien. Colores opcionales disponibles y diferentes tama\u00f1os y capacidades aplicables bajo petici\u00f3n.<\/p>\n<p>&nbsp;<\/p>\n<p>Dispensador de caf\u00e9, Silos de caf\u00e9, Dispensadores de caf\u00e9, Silos dispensadores de caf\u00e9, Silos para almacenar caf\u00e9<\/p>\n","protected":false},"excerpt":{"rendered":"<p><b>Opciones de color: <\/b>Oro, Plata, Cobre.<br \/>\nPara otros colores, p\u00f3ngase en contacto con nosotros.<\/p>\n<div class=\"clearfix\"><\/div>\n<p><strong>Medidas est\u00e1ndar:<\/strong> <span class=\"items\"> 15 Cm x 60 Cm (h)<br \/>\nPara mayor tama\u00f1o por favor cont\u00e1ctenos.<\/span><\/p>\n<div class=\"clearfix\"><\/div>\n<p><b>Capacidad: <\/b>5-6 KG<br \/>\n<span class=\"items\">Para mayores capacidades, p\u00f3ngase en contacto con nosotros.<\/span><\/p>\n<p>Silo de plexigl\u00e1s, Silo para caf\u00e9, Silo para almacenar caf\u00e9 en grano, Silos para caf\u00e9 tostado en grano<\/p>\n","protected":false},"featured_media":5661,"template":"","meta":{"site-sidebar-layout":"default","site-content-layout":"default","ast-site-content-layout":"default","site-content-style":"default","site-sidebar-style":"default","ast-global-header-display":"","ast-banner-title-visibility":"","ast-main-header-display":"","ast-hfb-above-header-display":"","ast-hfb-below-header-display":"","ast-hfb-mobile-header-display":"","site-post-title":"","ast-breadcrumbs-content":"","ast-featured-img":"","footer-sml-layout":"","theme-transparent-header-meta":"default","adv-header-id-meta":"","stick-header-meta":"","header-above-stick-meta":"","header-main-stick-meta":"","header-below-stick-meta":"","astra-migrate-meta-layouts":"set","ast-page-background-enabled":"default","ast-page-background-meta":{"desktop":{"background-color":"","background-image":"","background-repeat":"repeat","background-position":"center center","background-size":"auto","background-attachment":"scroll","background-type":"","background-media":"","overlay-type":"","overlay-color":"","overlay-gradient":""},"tablet":{"background-color":"","background-image":"","background-repeat":"repeat","background-position":"center center","background-size":"auto","background-attachment":"scroll","background-type":"","background-media":"","overlay-type":"","overlay-color":"","overlay-gradient":""},"mobile":{"background-color":"","background-image":"","background-repeat":"repeat","background-position":"center center","background-size":"auto","background-attachment":"scroll","background-type":"","background-media":"","overlay-type":"","overlay-color":"","overlay-gradient":""}},"ast-content-background-meta":{"desktop":{"background-color":"var(--ast-global-color-5)","background-image":"","background-repeat":"repeat","background-position":"center center","background-size":"auto","background-attachment":"scroll","background-type":"","background-media":"","overlay-type":"","overlay-color":"","overlay-gradient":""},"tablet":{"background-color":"var(--ast-global-color-5)","background-image":"","background-repeat":"repeat","background-position":"center center","background-size":"auto","background-attachment":"scroll","background-type":"","background-media":"","overlay-type":"","overlay-color":"","overlay-gradient":""},"mobile":{"background-color":"var(--ast-global-color-5)","background-image":"","background-repeat":"repeat","background-position":"center center","background-size":"auto","background-attachment":"scroll","background-type":"","background-media":"","overlay-type":"","overlay-color":"","overlay-gradient":""}}},"product_brand":[],"product_cat":[138],"product_tag":[],"class_list":{"0":"post-7202","1":"product","2":"type-product","3":"status-publish","4":"has-post-thumbnail","6":"product_cat-tostadores-de-cafe-y-grinders","7":"desktop-align-left","8":"tablet-align-left","9":"mobile-align-left","11":"first","12":"instock","13":"shipping-taxable","14":"product-type-simple"},"_links":{"self":[{"href":"https:\/\/machinecastle.com\/es\/wp-json\/wp\/v2\/product\/7202","targetHints":{"allow":["GET"]}}],"collection":[{"href":"https:\/\/machinecastle.com\/es\/wp-json\/wp\/v2\/product"}],"about":[{"href":"https:\/\/machinecastle.com\/es\/wp-json\/wp\/v2\/types\/product"}],"wp:featuredmedia":[{"embeddable":true,"href":"https:\/\/machinecastle.com\/es\/wp-json\/wp\/v2\/media\/5661"}],"wp:attachment":[{"href":"https:\/\/machinecastle.com\/es\/wp-json\/wp\/v2\/media?parent=7202"}],"wp:term":[{"taxonomy":"product_brand","embeddable":true,"href":"https:\/\/machinecastle.com\/es\/wp-json\/wp\/v2\/product_brand?post=7202"},{"taxonomy":"product_cat","embeddable":true,"href":"https:\/\/machinecastle.com\/es\/wp-json\/wp\/v2\/product_cat?post=7202"},{"taxonomy":"product_tag","embeddable":true,"href":"https:\/\/machinecastle.com\/es\/wp-json\/wp\/v2\/product_tag?post=7202"}],"curies":[{"name":"wp","href":"https:\/\/api.w.org\/{rel}","templated":true}]}}