{"id":7197,"date":"2021-12-28T08:07:12","date_gmt":"2021-12-28T08:07:12","guid":{"rendered":"https:\/\/machinecastle.com\/urun\/maquinas-tostadoras-de-garbanzos\/"},"modified":"2023-11-21T10:16:11","modified_gmt":"2023-11-21T10:16:11","slug":"maquinas-para-asar-garbanzos","status":"publish","type":"product","link":"https:\/\/machinecastle.com\/es\/product\/maquinas-para-asar-garbanzos\/","title":{"rendered":"M\u00c1QUINAS TOSTADORAS DE GARBANZOS"},"content":{"rendered":"<p><strong>Las m\u00e1quinas tostadoras<\/strong>de <strong>garbanzos<\/strong> se utilizan para <strong>tostar garbanzos<\/strong>. Estos <strong>tostadores de garbanzos<\/strong>, que tienen un <strong>tambor giratorio<\/strong> en su interior, se calientan y los productos del tambor se tuestan. La formaci\u00f3n de garbanzos moteados se lleva a cabo tost\u00e1ndolos en esta m\u00e1quina. Estas <strong>tostadoras de garbanzos<\/strong>, preferidas sobre todo por minoristas y tiendas, se fabrican con ruedas para que sean ergon\u00f3micas. La entrada y la salida del producto tambi\u00e9n se controlan manualmente. Generalmente, Gas o Lpg utilizado se utiliza como una unidad de combustible, combustible el\u00e9ctrico tambi\u00e9n se puede aplicar. A petici\u00f3n del cliente, esta m\u00e1quina tambi\u00e9n puede fabricarse en versi\u00f3n autom\u00e1tica.<\/p>\n<p>&nbsp;<\/p>\n<p>Tostadoras de garbanzos, Tostadora de garbanzos, M\u00e1quina para tostar garbanzos<\/p>\n","protected":false},"excerpt":{"rendered":"<p><iframe title=\"Reproductor de v\u00eddeo YouTube\" src=\"https:\/\/www.youtube.com\/embed\/dn3NEpGeq0o\" width=\"560\" height=\"315\" frameborder=\"0\" allowfullscreen=\"allowfullscreen\"><\/iframe><\/p>\n<p><iframe title=\"Reproductor de v\u00eddeo YouTube\" src=\"https:\/\/www.youtube.com\/embed\/WHsSxNEP0jI\" width=\"560\" height=\"315\" frameborder=\"0\" allowfullscreen=\"allowfullscreen\"><\/iframe><\/p>\n<p>Capacidades disponibles:<br \/>\n4 kg<br \/>\n8 kg<br \/>\n12 kg<br \/>\n16 kg<br \/>\n20 kg<br \/>\n32 kg<br \/>\n40 kg<br \/>\n64 kg<\/p>\n","protected":false},"featured_media":5511,"template":"","meta":{"site-sidebar-layout":"default","site-content-layout":"default","ast-site-content-layout":"default","site-content-style":"default","site-sidebar-style":"default","ast-global-header-display":"","ast-banner-title-visibility":"","ast-main-header-display":"","ast-hfb-above-header-display":"","ast-hfb-below-header-display":"","ast-hfb-mobile-header-display":"","site-post-title":"","ast-breadcrumbs-content":"","ast-featured-img":"","footer-sml-layout":"","theme-transparent-header-meta":"default","adv-header-id-meta":"","stick-header-meta":"","header-above-stick-meta":"","header-main-stick-meta":"","header-below-stick-meta":"","astra-migrate-meta-layouts":"set","ast-page-background-enabled":"default","ast-page-background-meta":{"desktop":{"background-color":"","background-image":"","background-repeat":"repeat","background-position":"center center","background-size":"auto","background-attachment":"scroll","background-type":"","background-media":"","overlay-type":"","overlay-color":"","overlay-gradient":""},"tablet":{"background-color":"","background-image":"","background-repeat":"repeat","background-position":"center center","background-size":"auto","background-attachment":"scroll","background-type":"","background-media":"","overlay-type":"","overlay-color":"","overlay-gradient":""},"mobile":{"background-color":"","background-image":"","background-repeat":"repeat","background-position":"center center","background-size":"auto","background-attachment":"scroll","background-type":"","background-media":"","overlay-type":"","overlay-color":"","overlay-gradient":""}},"ast-content-background-meta":{"desktop":{"background-color":"var(--ast-global-color-5)","background-image":"","background-repeat":"repeat","background-position":"center center","background-size":"auto","background-attachment":"scroll","background-type":"","background-media":"","overlay-type":"","overlay-color":"","overlay-gradient":""},"tablet":{"background-color":"var(--ast-global-color-5)","background-image":"","background-repeat":"repeat","background-position":"center center","background-size":"auto","background-attachment":"scroll","background-type":"","background-media":"","overlay-type":"","overlay-color":"","overlay-gradient":""},"mobile":{"background-color":"var(--ast-global-color-5)","background-image":"","background-repeat":"repeat","background-position":"center center","background-size":"auto","background-attachment":"scroll","background-type":"","background-media":"","overlay-type":"","overlay-color":"","overlay-gradient":""}}},"product_brand":[],"product_cat":[163],"product_tag":[224,225],"class_list":{"0":"post-7197","1":"product","2":"type-product","3":"status-publish","4":"has-post-thumbnail","6":"product_cat-maquinas-para-asar-nueces","7":"product_tag-maquina-tostadora-de-garbanzos","8":"product_tag-tostador-de-garbanzos","9":"desktop-align-left","10":"tablet-align-left","11":"mobile-align-left","13":"first","14":"instock","15":"shipping-taxable","16":"product-type-simple"},"_links":{"self":[{"href":"https:\/\/machinecastle.com\/es\/wp-json\/wp\/v2\/product\/7197","targetHints":{"allow":["GET"]}}],"collection":[{"href":"https:\/\/machinecastle.com\/es\/wp-json\/wp\/v2\/product"}],"about":[{"href":"https:\/\/machinecastle.com\/es\/wp-json\/wp\/v2\/types\/product"}],"wp:featuredmedia":[{"embeddable":true,"href":"https:\/\/machinecastle.com\/es\/wp-json\/wp\/v2\/media\/5511"}],"wp:attachment":[{"href":"https:\/\/machinecastle.com\/es\/wp-json\/wp\/v2\/media?parent=7197"}],"wp:term":[{"taxonomy":"product_brand","embeddable":true,"href":"https:\/\/machinecastle.com\/es\/wp-json\/wp\/v2\/product_brand?post=7197"},{"taxonomy":"product_cat","embeddable":true,"href":"https:\/\/machinecastle.com\/es\/wp-json\/wp\/v2\/product_cat?post=7197"},{"taxonomy":"product_tag","embeddable":true,"href":"https:\/\/machinecastle.com\/es\/wp-json\/wp\/v2\/product_tag?post=7197"}],"curies":[{"name":"wp","href":"https:\/\/api.w.org\/{rel}","templated":true}]}}