{"id":7192,"date":"2021-12-28T06:41:09","date_gmt":"2021-12-28T06:41:09","guid":{"rendered":"https:\/\/machinecastle.com\/urun\/maquinas-de-revestimiento\/"},"modified":"2023-11-21T10:11:16","modified_gmt":"2023-11-21T10:11:16","slug":"maquinas-de-revestimiento","status":"publish","type":"product","link":"https:\/\/machinecastle.com\/es\/product\/maquinas-de-revestimiento\/","title":{"rendered":"M\u00c1QUINAS DE REVESTIMIENTO"},"content":{"rendered":"<h4>M\u00e1quina de revestimiento simple<\/h4>\n<p>Es la m\u00e1quina preferida por quienes desean recubrir productos como garbanzos tostados, cacahuetes, almendras, avellanas, etc. Seg\u00fan se prefiera elaborar productos salados o azucarados, la m\u00e1quina puede disponer tambi\u00e9n de una zona de calentamiento. El <strong>horno de<\/strong> calentamiento es el preferido por los que quieren hacer grageas con az\u00facar, en cuanto al uso del az\u00facar para <strong>caramelizar<\/strong>. Quienes deseen elaborar productos sin caramelizar el az\u00facar tambi\u00e9n pueden utilizar esta m\u00e1quina sin calentar.<\/p>\n<h4>M\u00e1quina de doble revestimiento<\/h4>\n<p>Esta m\u00e1quina tambi\u00e9n realiza la misma funci\u00f3n que la <strong>m\u00e1quina de recubrimiento de un solo cabezal<\/strong>, pero tiene dos cabezales para aumentar la capacidad. La mayor\u00eda de las empresas prefieren duplicar por completo la capacidad del producto y realizar una utilizaci\u00f3n basada en el precio\/rendimiento en lugar de comprar un solo cabezal.<\/p>\n<h4>M\u00e1quina de revestimiento inclinable<\/h4>\n<p>La <strong>m\u00e1quina de revestimiento inclinable<\/strong> tambi\u00e9n se utiliza para realizar el proceso de revestimiento como <strong>m\u00e1quina de revestimiento de cabezal<\/strong> \u00fanico. Todas las funciones, como la pantalla t\u00e1ctil Plc, la calefacci\u00f3n o el control por bot\u00f3n, pueden personalizarse en funci\u00f3n de las necesidades. La <strong>m\u00e1quina de recubrimiento inclinable<\/strong> ofrece al usuario un <strong>rendimiento de recubrimiento<\/strong> f\u00e1cil, ya que todo se puede utilizar con s\u00f3lo pulsar un bot\u00f3n. Con s\u00f3lo pulsar un bot\u00f3n, los productos pueden recubrirse y verterse en una bandeja m\u00f3vil.<\/p>\n<p>&nbsp;<\/p>\n<p>Capacidades disponibles:<br \/>\n50 kg\/hora<br \/>\n100 kg\/hora<br \/>\n150 kg\/hora<br \/>\n200 kg\/hora<br \/>\n250 kg\/hora<br \/>\n300 kg\/hora<br \/>\n350 kg\/hora<br \/>\n400 kg\/hora<br \/>\n450 kg\/hora<br \/>\n500 kg\/hora<\/p>\n","protected":false},"excerpt":{"rendered":"<p><iframe title=\"Reproductor de v\u00eddeo YouTube\" src=\"https:\/\/www.youtube.com\/embed\/0sRoO_pAang\" width=\"560\" height=\"315\" frameborder=\"0\" allowfullscreen=\"allowfullscreen\"><\/iframe><\/p>\n<p>https:\/\/www.youtube.com\/shorts\/3UR-PZVeZho<\/p>\n<p>Modelos disponibles:<\/p>\n<table class=\"table table-striped\">\n<tbody>\n<tr>\n<td><strong>MODELOS<\/strong><\/td>\n<td><strong>Caracter\u00edstica<\/strong><\/td>\n<\/tr>\n<\/tbody>\n<tbody>\n<tr>\n<td><strong>M\u00e1quina de revestimiento<\/strong> MC-50<\/td>\n<td><strong>Tambor cromado inoxidable, s\u00f3lo revestimiento<\/strong><\/td>\n<\/tr>\n<\/tbody>\n<tbody>\n<tr>\n<td><strong>M\u00e1quina de revestimiento<\/strong> MC-60<\/td>\n<td><strong>Tambor Cromo Inoxidable Brillante, S\u00f3lo Revestimiento<\/strong><\/td>\n<\/tr>\n<\/tbody>\n<tbody>\n<tr>\n<td><strong>M\u00e1quina de revestimiento<\/strong> MC-70<\/td>\n<td><strong>Tambor de cromo inoxidable, revestimiento + calefacci\u00f3n de gas<\/strong><\/td>\n<\/tr>\n<tr>\n<td><strong>M\u00e1quina de revestimiento<\/strong> MC-80<\/td>\n<td><strong>Tambor de cromo inoxidable brillante, revestimiento + calefacci\u00f3n de gas<\/strong><\/td>\n<\/tr>\n<\/tbody>\n<tbody>\n<tr>\n<td><strong>M\u00e1quina de revestimiento<\/strong> MC-90<\/td>\n<td><strong>Tambor de cobre inoxidable, revestimiento + calentamiento por gas<\/strong><\/td>\n<\/tr>\n<tr>\n<td><strong>M\u00e1quina de revestimiento<\/strong> MC-100<\/td>\n<td><strong>M\u00e1quina de revestimiento inclinable (tambor cromado) con control de bot\u00f3n + calefacci\u00f3n de gas<\/strong><\/td>\n<\/tr>\n<tr>\n<td><strong>M\u00e1quina de revestimiento<\/strong> MC-150<\/td>\n<td><strong>M\u00e1quina de revestimiento inclinable (tambor cromado) con control de pantalla t\u00e1ctil + calefacci\u00f3n de gas<\/strong><\/td>\n<\/tr>\n<tr>\n<td><strong>M\u00e1quina de revestimiento<\/strong> MC-160<\/td>\n<td><strong>M\u00e1quina de revestimiento inclinable (tambor de cobre) con control de bot\u00f3n + calefacci\u00f3n de gas<\/strong><\/td>\n<\/tr>\n<tr>\n<td><strong>M\u00e1quina de revestimiento<\/strong> MC-170<\/td>\n<td><strong>M\u00e1quina de revestimiento inclinable (tambor de cobre) con control de pantalla t\u00e1ctil + calefacci\u00f3n de gas<\/strong><\/td>\n<\/tr>\n<\/tbody>\n<\/table>\n<p>Podemos personalizarlo en funci\u00f3n de sus necesidades. D\u00edganos qu\u00e9 tiene en mente.<\/p>\n","protected":false},"featured_media":6526,"template":"","meta":{"site-sidebar-layout":"default","site-content-layout":"default","ast-site-content-layout":"default","site-content-style":"default","site-sidebar-style":"default","ast-global-header-display":"","ast-banner-title-visibility":"","ast-main-header-display":"","ast-hfb-above-header-display":"","ast-hfb-below-header-display":"","ast-hfb-mobile-header-display":"","site-post-title":"","ast-breadcrumbs-content":"","ast-featured-img":"","footer-sml-layout":"","theme-transparent-header-meta":"default","adv-header-id-meta":"","stick-header-meta":"","header-above-stick-meta":"","header-main-stick-meta":"","header-below-stick-meta":"","astra-migrate-meta-layouts":"set","ast-page-background-enabled":"default","ast-page-background-meta":{"desktop":{"background-color":"","background-image":"","background-repeat":"repeat","background-position":"center center","background-size":"auto","background-attachment":"scroll","background-type":"","background-media":"","overlay-type":"","overlay-color":"","overlay-gradient":""},"tablet":{"background-color":"","background-image":"","background-repeat":"repeat","background-position":"center center","background-size":"auto","background-attachment":"scroll","background-type":"","background-media":"","overlay-type":"","overlay-color":"","overlay-gradient":""},"mobile":{"background-color":"","background-image":"","background-repeat":"repeat","background-position":"center center","background-size":"auto","background-attachment":"scroll","background-type":"","background-media":"","overlay-type":"","overlay-color":"","overlay-gradient":""}},"ast-content-background-meta":{"desktop":{"background-color":"var(--ast-global-color-5)","background-image":"","background-repeat":"repeat","background-position":"center center","background-size":"auto","background-attachment":"scroll","background-type":"","background-media":"","overlay-type":"","overlay-color":"","overlay-gradient":""},"tablet":{"background-color":"var(--ast-global-color-5)","background-image":"","background-repeat":"repeat","background-position":"center center","background-size":"auto","background-attachment":"scroll","background-type":"","background-media":"","overlay-type":"","overlay-color":"","overlay-gradient":""},"mobile":{"background-color":"var(--ast-global-color-5)","background-image":"","background-repeat":"repeat","background-position":"center center","background-size":"auto","background-attachment":"scroll","background-type":"","background-media":"","overlay-type":"","overlay-color":"","overlay-gradient":""}}},"product_brand":[],"product_cat":[212],"product_tag":[214,213],"class_list":{"0":"post-7192","1":"product","2":"type-product","3":"status-publish","4":"has-post-thumbnail","6":"product_cat-maquinas-de-recubrimiento","7":"product_tag-maquina-de-revestimiento-dragee","8":"product_tag-maquina-recubridora","9":"desktop-align-left","10":"tablet-align-left","11":"mobile-align-left","13":"first","14":"instock","15":"shipping-taxable","16":"product-type-simple"},"_links":{"self":[{"href":"https:\/\/machinecastle.com\/es\/wp-json\/wp\/v2\/product\/7192","targetHints":{"allow":["GET"]}}],"collection":[{"href":"https:\/\/machinecastle.com\/es\/wp-json\/wp\/v2\/product"}],"about":[{"href":"https:\/\/machinecastle.com\/es\/wp-json\/wp\/v2\/types\/product"}],"wp:featuredmedia":[{"embeddable":true,"href":"https:\/\/machinecastle.com\/es\/wp-json\/wp\/v2\/media\/6526"}],"wp:attachment":[{"href":"https:\/\/machinecastle.com\/es\/wp-json\/wp\/v2\/media?parent=7192"}],"wp:term":[{"taxonomy":"product_brand","embeddable":true,"href":"https:\/\/machinecastle.com\/es\/wp-json\/wp\/v2\/product_brand?post=7192"},{"taxonomy":"product_cat","embeddable":true,"href":"https:\/\/machinecastle.com\/es\/wp-json\/wp\/v2\/product_cat?post=7192"},{"taxonomy":"product_tag","embeddable":true,"href":"https:\/\/machinecastle.com\/es\/wp-json\/wp\/v2\/product_tag?post=7192"}],"curies":[{"name":"wp","href":"https:\/\/api.w.org\/{rel}","templated":true}]}}