{"id":7182,"date":"2021-12-24T13:23:03","date_gmt":"2021-12-24T13:23:03","guid":{"rendered":"https:\/\/machinecastle.com\/urun\/maquina-pulverizadora\/"},"modified":"2023-11-21T10:13:01","modified_gmt":"2023-11-21T10:13:01","slug":"maquina-pulverizadora","status":"publish","type":"product","link":"https:\/\/machinecastle.com\/es\/product\/maquina-pulverizadora\/","title":{"rendered":"M\u00c1QUINA PULVERIZADORA"},"content":{"rendered":"<p><strong>M\u00e1quina de molienda<\/strong> de frutos secos y especias se hace para aquellos que quieren grinde sus productos y hacerlos como <strong>polvo<\/strong>. La grandeza de la <strong>m\u00e1quina<\/strong> es que el usuario puede utilizarla para todo tipo de frutos secos y especias. Gracias a la <strong>potencia de su motor<\/strong> de 28.000 rpm, los frutos secos aceitosos como <strong>almendras, avellanas, cacahuetes<\/strong> o anacardos pueden <strong>molerse<\/strong> al instante. Esta m\u00e1quina tambi\u00e9n puede utilizarse para moler todo tipo de <strong>especias<\/strong>. Si se solicita, para la velocidad de giro del motor, tambi\u00e9n se puede a\u00f1adir un regulador de velocidad. Construcci\u00f3n totalmente <strong>de acero inoxidable<\/strong> para una m\u00e1quina robusta y duradera. La tapa de policarbonato y el bol y las cuchillas de <strong>acero inoxidable de alta calidad<\/strong> garantizan la higiene.<\/p>\n","protected":false},"excerpt":{"rendered":"<p><iframe title=\"Reproductor de v\u00eddeo YouTube\" src=\"https:\/\/www.youtube.com\/embed\/tIdA4otTZKo\" width=\"560\" height=\"315\" frameborder=\"0\" allowfullscreen=\"allowfullscreen\"><\/iframe><br \/>\n<iframe title=\"Reproductor de v\u00eddeo YouTube\" src=\"https:\/\/www.youtube.com\/embed\/mlcAvIEhwds\" width=\"560\" height=\"315\" frameborder=\"0\" allowfullscreen=\"allowfullscreen\"><\/iframe><\/p>\n<table class=\"table table-striped\">\n<tbody>\n<tr>\n<td>Velocidad de rotaci\u00f3n<\/td>\n<td>Hasta 28.000 RPM, (Velocidad ajustable con regulador de velocidad)<\/td>\n<\/tr>\n<tr>\n<td>Potencia<\/td>\n<td>0,37 kw por vez<\/td>\n<\/tr>\n<tr>\n<td>Capacidad<\/td>\n<td>1500 gramos (Para m\u00e1s capacidad, p\u00f3ngase en contacto con nosotros)<\/td>\n<\/tr>\n<tr>\n<td>Peso<\/td>\n<td>18 Kg<\/td>\n<\/tr>\n<tr>\n<td>Electricidad<\/td>\n<td>Tensi\u00f3n 220V 50\/60 Hz<\/td>\n<\/tr>\n<\/tbody>\n<\/table>\n","protected":false},"featured_media":6026,"template":"","meta":{"site-sidebar-layout":"default","site-content-layout":"default","ast-site-content-layout":"default","site-content-style":"default","site-sidebar-style":"default","ast-global-header-display":"","ast-banner-title-visibility":"","ast-main-header-display":"","ast-hfb-above-header-display":"","ast-hfb-below-header-display":"","ast-hfb-mobile-header-display":"","site-post-title":"","ast-breadcrumbs-content":"","ast-featured-img":"","footer-sml-layout":"","theme-transparent-header-meta":"default","adv-header-id-meta":"","stick-header-meta":"","header-above-stick-meta":"","header-main-stick-meta":"","header-below-stick-meta":"","astra-migrate-meta-layouts":"set","ast-page-background-enabled":"default","ast-page-background-meta":{"desktop":{"background-color":"","background-image":"","background-repeat":"repeat","background-position":"center center","background-size":"auto","background-attachment":"scroll","background-type":"","background-media":"","overlay-type":"","overlay-color":"","overlay-gradient":""},"tablet":{"background-color":"","background-image":"","background-repeat":"repeat","background-position":"center center","background-size":"auto","background-attachment":"scroll","background-type":"","background-media":"","overlay-type":"","overlay-color":"","overlay-gradient":""},"mobile":{"background-color":"","background-image":"","background-repeat":"repeat","background-position":"center center","background-size":"auto","background-attachment":"scroll","background-type":"","background-media":"","overlay-type":"","overlay-color":"","overlay-gradient":""}},"ast-content-background-meta":{"desktop":{"background-color":"var(--ast-global-color-5)","background-image":"","background-repeat":"repeat","background-position":"center center","background-size":"auto","background-attachment":"scroll","background-type":"","background-media":"","overlay-type":"","overlay-color":"","overlay-gradient":""},"tablet":{"background-color":"var(--ast-global-color-5)","background-image":"","background-repeat":"repeat","background-position":"center center","background-size":"auto","background-attachment":"scroll","background-type":"","background-media":"","overlay-type":"","overlay-color":"","overlay-gradient":""},"mobile":{"background-color":"var(--ast-global-color-5)","background-image":"","background-repeat":"repeat","background-position":"center center","background-size":"auto","background-attachment":"scroll","background-type":"","background-media":"","overlay-type":"","overlay-color":"","overlay-gradient":""}}},"product_brand":[],"product_cat":[189],"product_tag":[190],"class_list":{"0":"post-7182","1":"product","2":"type-product","3":"status-publish","4":"has-post-thumbnail","6":"product_cat-rectificadora-de-polvo","7":"product_tag-maquina-pulverizadora","8":"desktop-align-left","9":"tablet-align-left","10":"mobile-align-left","12":"first","13":"instock","14":"shipping-taxable","15":"product-type-simple"},"_links":{"self":[{"href":"https:\/\/machinecastle.com\/es\/wp-json\/wp\/v2\/product\/7182","targetHints":{"allow":["GET"]}}],"collection":[{"href":"https:\/\/machinecastle.com\/es\/wp-json\/wp\/v2\/product"}],"about":[{"href":"https:\/\/machinecastle.com\/es\/wp-json\/wp\/v2\/types\/product"}],"wp:featuredmedia":[{"embeddable":true,"href":"https:\/\/machinecastle.com\/es\/wp-json\/wp\/v2\/media\/6026"}],"wp:attachment":[{"href":"https:\/\/machinecastle.com\/es\/wp-json\/wp\/v2\/media?parent=7182"}],"wp:term":[{"taxonomy":"product_brand","embeddable":true,"href":"https:\/\/machinecastle.com\/es\/wp-json\/wp\/v2\/product_brand?post=7182"},{"taxonomy":"product_cat","embeddable":true,"href":"https:\/\/machinecastle.com\/es\/wp-json\/wp\/v2\/product_cat?post=7182"},{"taxonomy":"product_tag","embeddable":true,"href":"https:\/\/machinecastle.com\/es\/wp-json\/wp\/v2\/product_tag?post=7182"}],"curies":[{"name":"wp","href":"https:\/\/api.w.org\/{rel}","templated":true}]}}