{"id":7177,"date":"2021-12-16T14:52:19","date_gmt":"2021-12-16T14:52:19","guid":{"rendered":"https:\/\/machinecastle.com\/urun\/tostadoras-rotativas\/"},"modified":"2025-04-25T12:39:32","modified_gmt":"2025-04-25T12:39:32","slug":"maquina-para-asar-nueces-mc-30","status":"publish","type":"product","link":"https:\/\/machinecastle.com\/es\/product\/maquina-para-asar-nueces-mc-30\/","title":{"rendered":"TOSTADORAS ROTATIVAS"},"content":{"rendered":"<h2>TOSTADORA ROTATIVA<\/h2>\n<p><strong>Las tostadoras rotativas<\/strong>tuestan los frutos secos con sal calentada en un tambor giratorio. Se utiliza generalmente para tostar productos como pistachos, almendras, semillas de calabaza, semillas de sand\u00eda, nueces recubiertas. Tras <strong>tostar las nueces<\/strong>, la m\u00e1quina las vierte delante del tamiz. La m\u00e1quina dispone de un <strong>cicl\u00f3n de recogida de polvo<\/strong> que funciona con un sistema de ventilador. Los residuos y las part\u00edculas no deseadas de los frutos secos durante el <strong>tostado<\/strong> se absorben con un sistema de ventilador en <strong>syclone<\/strong>. Puede producir desde 50 kg\/hora hasta 500 kg\/hora de productos. Esta m\u00e1quina se utiliza generalmente de forma manual. Dispone de dos cestas de brazo perforadas y no perforadas, que se utilizan para el proceso de descarga del producto. Tiene un <strong>quemador de alto rendimiento<\/strong>. Las opciones de combustible incluyen Gas, GLP, Diesel. Todos nuestros productos cuentan con los certificados de cualificaci\u00f3n y competencia ISO 9001, TSE, CE y CSA. Las dimensiones proporcionadas a continuaci\u00f3n corresponden al conjunto completo, incluido el tamiz y el siclone.<\/p>\n<table class=\"table table-striped\">\n<tbody>\n<tr>\n<td><strong>MODELO<\/strong><\/td>\n<td><strong>CONSUMOS <\/strong><\/td>\n<\/tr>\n<tr>\n<td><strong>Tostadora rotativa<\/strong> MC-R-90<\/td>\n<td>Tama\u00f1o: 2250x2200x2250 mm, Peso: 1200 Kg, El\u00e9ctrico: 3,8 Kw, Gas: 8 m\u00b3\/h<\/td>\n<\/tr>\n<tr>\n<td><strong>Tostadora rotativa<\/strong> MC-R-180<\/td>\n<td>Tama\u00f1o: 2280x2400x2650 mm, Peso: 1600 Kg, El\u00e9ctrico: 4,2 Kw, Gas: 8 m\u00b3\/h<\/td>\n<\/tr>\n<tr>\n<td><strong>Tostadora rotativa<\/strong> MC-R-280<\/td>\n<td>Tama\u00f1o: 2650x3000x3250 mm, Peso: 2300 Kg, El\u00e9ctrico: 4,7 Kw, Gas: 15 m\u00b3\/h<\/td>\n<\/tr>\n<\/tbody>\n<\/table>\n<h2>M\u00c1QUINA DE TOSTADO PROBATE<\/h2>\n<p><strong>Las tostadoras<\/strong>de nueces tuestan las nueces en un tambor giratorio. Se utiliza generalmente para tostar productos como pistachos, almendras, semillas de calabaza, semillas de sand\u00eda. Despu\u00e9s de <strong>tostar las nu<\/strong>eces, la m\u00e1quina las vierte a la enfriadora, que est\u00e1 unida al tostador de nueces. La m\u00e1quina dispone de un <strong>cicl\u00f3n de recogida de polvo<\/strong> que funciona con un sistema de ventilador. Los residuos y las part\u00edculas no deseadas de los frutos secos durante el <strong>tostado<\/strong> se absorben con un sistema de ventilador en <strong>syclone<\/strong>. Puede producir desde 50 kg\/hora hasta 500 kg\/hora de productos, seg\u00fan las necesidades de capacidad de nuestros clientes. Dispone de ventana de control de producto, ventana de entrada de producto, cuchara de control de calidad de tostado de producto as\u00ed como la ventana de control de llama. Tiene un <strong>quemador de alto rendimiento<\/strong>. Las opciones de combustible incluyen Gas, GLP, Diesel. Todos nuestros productos cuentan con los certificados de cualificaci\u00f3n y competencia ISO 9001, TSE, CE y CSA.<\/p>\n","protected":false},"excerpt":{"rendered":"<p><iframe title=\"Reproductor de v\u00eddeo YouTube\" src=\"https:\/\/www.youtube.com\/embed\/bbpnGMDn6zI\" width=\"560\" height=\"315\" frameborder=\"0\" allowfullscreen=\"allowfullscreen\"><\/iframe><br \/>\n<iframe title=\"Reproductor de v\u00eddeo YouTube\" src=\"https:\/\/www.youtube.com\/embed\/9S5NBpj8O5U\" width=\"560\" height=\"315\" frameborder=\"0\" allowfullscreen=\"allowfullscreen\"><\/iframe><\/p>\n<p>Modelos de capacidad disponibles:<\/p>\n<table class=\"table table-striped\" style=\"height: 284px;\" width=\"814\">\n<tbody>\n<tr>\n<td><strong>MODELOS<\/strong><\/td>\n<td><strong>CAPACIDADES<\/strong><\/td>\n<\/tr>\n<\/tbody>\n<tbody>\n<tr>\n<td><strong>Tostadora rotativa<\/strong> MC-R-90<\/td>\n<td>50-90 Kg\/h<\/td>\n<\/tr>\n<\/tbody>\n<tbody>\n<tr>\n<td><strong>Tostadora rotativa<\/strong> MC-R-180<\/td>\n<td>90-180 Kg\/h<\/td>\n<\/tr>\n<\/tbody>\n<tbody>\n<tr>\n<td><strong>Tostadora rotativa<\/strong> MC-R-280<\/td>\n<td>140-280 Kg\/h<\/td>\n<\/tr>\n<tr>\n<td><strong>Tostadora de probetas <\/strong>(seg\u00fan capacidad solicitada)<\/td>\n<td>50-500 Kg\/h<\/td>\n<\/tr>\n<\/tbody>\n<\/table>\n","protected":false},"featured_media":5306,"template":"","meta":{"site-sidebar-layout":"default","site-content-layout":"default","ast-site-content-layout":"default","site-content-style":"default","site-sidebar-style":"default","ast-global-header-display":"","ast-banner-title-visibility":"","ast-main-header-display":"","ast-hfb-above-header-display":"","ast-hfb-below-header-display":"","ast-hfb-mobile-header-display":"","site-post-title":"","ast-breadcrumbs-content":"","ast-featured-img":"","footer-sml-layout":"","theme-transparent-header-meta":"default","adv-header-id-meta":"","stick-header-meta":"","header-above-stick-meta":"","header-main-stick-meta":"","header-below-stick-meta":"","astra-migrate-meta-layouts":"set","ast-page-background-enabled":"default","ast-page-background-meta":{"desktop":{"background-color":"","background-image":"","background-repeat":"repeat","background-position":"center center","background-size":"auto","background-attachment":"scroll","background-type":"","background-media":"","overlay-type":"","overlay-color":"","overlay-gradient":""},"tablet":{"background-color":"","background-image":"","background-repeat":"repeat","background-position":"center center","background-size":"auto","background-attachment":"scroll","background-type":"","background-media":"","overlay-type":"","overlay-color":"","overlay-gradient":""},"mobile":{"background-color":"","background-image":"","background-repeat":"repeat","background-position":"center center","background-size":"auto","background-attachment":"scroll","background-type":"","background-media":"","overlay-type":"","overlay-color":"","overlay-gradient":""}},"ast-content-background-meta":{"desktop":{"background-color":"var(--ast-global-color-5)","background-image":"","background-repeat":"repeat","background-position":"center center","background-size":"auto","background-attachment":"scroll","background-type":"","background-media":"","overlay-type":"","overlay-color":"","overlay-gradient":""},"tablet":{"background-color":"var(--ast-global-color-5)","background-image":"","background-repeat":"repeat","background-position":"center center","background-size":"auto","background-attachment":"scroll","background-type":"","background-media":"","overlay-type":"","overlay-color":"","overlay-gradient":""},"mobile":{"background-color":"var(--ast-global-color-5)","background-image":"","background-repeat":"repeat","background-position":"center center","background-size":"auto","background-attachment":"scroll","background-type":"","background-media":"","overlay-type":"","overlay-color":"","overlay-gradient":""}}},"product_brand":[],"product_cat":[163],"product_tag":[180,179],"class_list":{"0":"post-7177","1":"product","2":"type-product","3":"status-publish","4":"has-post-thumbnail","6":"product_cat-maquinas-para-asar-nueces","7":"product_tag-tostadora-de-tambor","8":"product_tag-tostadora-rotativa","9":"desktop-align-left","10":"tablet-align-left","11":"mobile-align-left","13":"first","14":"instock","15":"shipping-taxable","16":"product-type-simple"},"_links":{"self":[{"href":"https:\/\/machinecastle.com\/es\/wp-json\/wp\/v2\/product\/7177","targetHints":{"allow":["GET"]}}],"collection":[{"href":"https:\/\/machinecastle.com\/es\/wp-json\/wp\/v2\/product"}],"about":[{"href":"https:\/\/machinecastle.com\/es\/wp-json\/wp\/v2\/types\/product"}],"wp:featuredmedia":[{"embeddable":true,"href":"https:\/\/machinecastle.com\/es\/wp-json\/wp\/v2\/media\/5306"}],"wp:attachment":[{"href":"https:\/\/machinecastle.com\/es\/wp-json\/wp\/v2\/media?parent=7177"}],"wp:term":[{"taxonomy":"product_brand","embeddable":true,"href":"https:\/\/machinecastle.com\/es\/wp-json\/wp\/v2\/product_brand?post=7177"},{"taxonomy":"product_cat","embeddable":true,"href":"https:\/\/machinecastle.com\/es\/wp-json\/wp\/v2\/product_cat?post=7177"},{"taxonomy":"product_tag","embeddable":true,"href":"https:\/\/machinecastle.com\/es\/wp-json\/wp\/v2\/product_tag?post=7177"}],"curies":[{"name":"wp","href":"https:\/\/api.w.org\/{rel}","templated":true}]}}