{"id":7167,"date":"2021-12-16T11:55:26","date_gmt":"2021-12-16T11:55:26","guid":{"rendered":"https:\/\/machinecastle.com\/urun\/maquinas-tostadoras-de-cafe\/"},"modified":"2024-12-30T07:53:37","modified_gmt":"2024-12-30T07:53:37","slug":"m-15-tostadora-de-cafe","status":"publish","type":"product","link":"https:\/\/machinecastle.com\/es\/product\/m-15-tostadora-de-cafe\/","title":{"rendered":"M\u00c1QUINA TOSTADORA DE CAF\u00c9"},"content":{"rendered":"<p>Machine Castle es el fabricante de m\u00e1quina tostadora de caf\u00e9 de alta calidad que sobresalen por su calidad, aspecto y funcionalidades. Gracias a nuestro alto nivel de calidad y a la disponibilidad constante de nuestro equipo de asistencia, Machine Castle es una de las principales marcas de tostadores de caf\u00e9. Nuestras tostadoras est\u00e1n orgullosamente dise\u00f1adas y construidas en TURQU\u00cdA y est\u00e1n hechas para durar con materiales duraderos. Machine Castle proporciona las herramientas necesarias para aportar un mayor nivel de calidad a su negocio de caf\u00e9. Una vez que empiece a tostar su propio caf\u00e9, tendr\u00e1 control sobre los perfiles de sabor y otras herramientas personalizadas que pueden separar el producto de su empresa de los dem\u00e1s. Por supuesto, el tostado de caf\u00e9 tambi\u00e9n es un gran teatro que mejora el ambiente en cualquier entorno. Dise\u00f1adas y fabricadas en Turqu\u00eda, estas tostadoras se han desarrollado para satisfacer las exigencias de un mercado de tostado de caf\u00e9s especiales en constante cambio y de ritmo r\u00e1pido con la m\u00e1s alta tecnolog\u00eda.<\/p>\n<h2><strong>Qu\u00e9 puedes tener con Machine Castle<br \/>\n<\/strong><\/h2>\n<table>\n<tbody>\n<tr>\n<td>-Cuchara de control del producto y vaso de observaci\u00f3n<br \/>\n-Cicl\u00f3n recolector de polvo<br \/>\n-Tostado y enfriado al mismo tiempo<br \/>\n-Sistema de refrigeraci\u00f3n y ventilador de alta capacidad<br \/>\n-Sistema de seguridad de refrigeraci\u00f3n y tostado<br \/>\n-Indicador de calor y observaci\u00f3n de la llama<br \/>\n-Tostado controlado por ordenador<br \/>\n-Sistema de ahorro de recetas<br \/>\n-Cables con certificaci\u00f3n UL<br \/>\n-Piezas el\u00e9ctricas Siemens, Schneider, Delta<br \/>\n-Se puede aplicar el sistema de tostado artesanal y Cropster<br \/>\n-Sistema autom\u00e1tico y controlado por Manuel<br \/>\n-Control por PLC con pantalla t\u00e1ctil<br \/>\n-15-18 Minutos velocidades de tostado por lotes<br \/>\n-Tambor de doble pared con alto aislamiento t\u00e9rmico<br \/>\n-Cicl\u00f3n para la recogida de c\u00e1scaras y part\u00edculas no deseadas<br \/>\n-Alimentaci\u00f3n por aire con alimentador de caf\u00e9 por aire fonom\u00e1tico (opcional)<br \/>\n-Conexi\u00f3n a PC con cable USB<br \/>\n-Velocidad del tambor de tueste del caf\u00e9, niveles de llama, control del tiempo de tueste del caf\u00e9 y del tiempo de enfriamiento del caf\u00e9, Registro gr\u00e1fico del caf\u00e9 durante el tueste del caf\u00e9 con los par\u00e1metros y el tiempo de tueste.<br \/>\n-4 a\u00f1os de garant\u00eda y asistencia ilimitada 7\/24 de por vida<\/td>\n<\/tr>\n<\/tbody>\n<\/table>\n<p>&nbsp;<\/p>\n<h2><em>Detalles t\u00e9cnicos:<\/em><\/h2>\n<style>#sp-ea-7609 .spcollapsing { height: 0; overflow: hidden; transition-property: height;transition-duration: 300ms;}#sp-ea-7609.sp-easy-accordion>.sp-ea-single {margin-bottom: 10px; border: 1px solid #e2e2e2; }#sp-ea-7609.sp-easy-accordion>.sp-ea-single>.ea-header a {color: #444;}#sp-ea-7609.sp-easy-accordion>.sp-ea-single>.sp-collapse>.ea-body {background: #fff; color: #444;}#sp-ea-7609.sp-easy-accordion>.sp-ea-single {background: #eee;}#sp-ea-7609.sp-easy-accordion>.sp-ea-single>.ea-header a .ea-expand-icon { float: left; color: #444;font-size: 16px;}<\/style><div id=\"sp_easy_accordion-1700580125\"><div id=\"sp-ea-7609\" class=\"sp-ea-one sp-easy-accordion\" data-ea-active=\"ea-click\" data-ea-mode=\"vertical\" data-preloader=\"\" data-scroll-active-item=\"\" data-offset-to-scroll=\"0\"><div class=\"ea-card ea-expand sp-ea-single\"><h3 class=\"ea-header\"><a class=\"collapsed\" id=\"ea-header-76090\" role=\"button\" data-sptoggle=\"spcollapse\" data-sptarget=\"#collapse76090\" aria-controls=\"collapse76090\" href=\"#\" aria-expanded=\"true\" tabindex=\"0\"><i aria-hidden=\"true\" role=\"presentation\" class=\"ea-expand-icon eap-icon-ea-expand-minus\"><\/i> TOSTADORA DE CAF\u00c9 MC-K-2 (2 Kilogramos\/Lote)<\/a><\/h3><div class=\"sp-collapse spcollapse collapsed show\" id=\"collapse76090\" data-parent=\"#sp-ea-7609\" role=\"region\" aria-labelledby=\"ea-header-76090\"> <div class=\"ea-body\"><p>Esta tostadora de caf\u00e9, que puede tostar 2 kg de granos de caf\u00e9 a la vez, tiene un aislamiento t\u00e9rmico de alta calidad para lograr una experiencia de tostado especial. Esta tostadora de caf\u00e9 se ha convertido en la tostadora m\u00e1s popular entre las cafeter\u00edas y los amantes del caf\u00e9 de todo el mundo. Gracias al software de tostado, su perfil de tostado y el proceso de producci\u00f3n de caf\u00e9 est\u00e1n completamente bajo control. Nuestras tostadoras de caf\u00e9, que tienen funciones de enfriamiento r\u00e1pido y ahorro de combustible, siempre han sido f\u00e1ciles de usar y tienen una estructura f\u00e1cil de usar. Las opciones de tipo de combustible est\u00e1n disponibles como el\u00e9ctrico, gas, GLP y di\u00e9sel.<\/p><table class=\"table\"><tbody><tr><td>Longitud<\/td><td>1200 mm<\/td><\/tr><tr><td>Ancho<\/td><td>880 mm<\/td><\/tr><tr><td>Altura<\/td><td>1100 mm<\/td><\/tr><tr><td>Electricidad Consumo (piezas m\u00f3viles+calefacci\u00f3n)<\/td><td>3,6 Kw<\/td><\/tr><tr><td>Gas Consumo<\/td><td>\u2014<\/td><\/tr><\/tbody><\/table><\/div><\/div><\/div><div class=\"ea-card sp-ea-single\"><h3 class=\"ea-header\"><a class=\"collapsed\" id=\"ea-header-76091\" role=\"button\" data-sptoggle=\"spcollapse\" data-sptarget=\"#collapse76091\" aria-controls=\"collapse76091\" href=\"#\" aria-expanded=\"false\" tabindex=\"0\"><i aria-hidden=\"true\" role=\"presentation\" class=\"ea-expand-icon eap-icon-ea-expand-plus\"><\/i> TOSTADORA DE CAF\u00c9 MC-K-5 (5 Kilogramos\/Lote)<\/a><\/h3><div class=\"sp-collapse spcollapse \" id=\"collapse76091\" data-parent=\"#sp-ea-7609\" role=\"region\" aria-labelledby=\"ea-header-76091\"> <div class=\"ea-body\"><table class=\"table\"><tbody><tr><td>Longitud<\/td><td>1690 mm<\/td><\/tr><tr><td>Ancho<\/td><td>1300 mm<\/td><\/tr><tr><td>Altura<\/td><td>1700 mm<\/td><\/tr><tr><td>Electricidad Consumo (piezas m\u00f3viles+calefacci\u00f3n)<\/td><td>1,6 + 5,1 Kw<\/td><\/tr><tr><td>Gas Consumo<\/td><td>2,20 m\u00b3\/h<\/td><\/tr><\/tbody><\/table><\/div><\/div><\/div><div class=\"ea-card sp-ea-single\"><h3 class=\"ea-header\"><a class=\"collapsed\" id=\"ea-header-76092\" role=\"button\" data-sptoggle=\"spcollapse\" data-sptarget=\"#collapse76092\" aria-controls=\"collapse76092\" href=\"#\" aria-expanded=\"false\" tabindex=\"0\"><i aria-hidden=\"true\" role=\"presentation\" class=\"ea-expand-icon eap-icon-ea-expand-plus\"><\/i> TOSTADORA DE CAF\u00c9 MC-K-10 (10 Kilogramos\/Lote)<\/a><\/h3><div class=\"sp-collapse spcollapse \" id=\"collapse76092\" data-parent=\"#sp-ea-7609\" role=\"region\" aria-labelledby=\"ea-header-76092\"> <div class=\"ea-body\"><table class=\"table\"><tbody><tr><td>Longitud<\/td><td>2200 mm<\/td><\/tr><tr><td>Ancho<\/td><td>2080 mm<\/td><\/tr><tr><td>Altura<\/td><td>2000 mm<\/td><\/tr><tr><td>Electricidad Consumo (piezas m\u00f3viles+calefacci\u00f3n)<\/td><td>1,6 Kw + 6,3 Kw<\/td><\/tr><tr><td>Gas Consumo<\/td><td>3,20 m\u00b3\/h<\/td><\/tr><\/tbody><\/table><\/div><\/div><\/div><div class=\"ea-card sp-ea-single\"><h3 class=\"ea-header\"><a class=\"collapsed\" id=\"ea-header-76093\" role=\"button\" data-sptoggle=\"spcollapse\" data-sptarget=\"#collapse76093\" aria-controls=\"collapse76093\" href=\"#\" aria-expanded=\"false\" tabindex=\"0\"><i aria-hidden=\"true\" role=\"presentation\" class=\"ea-expand-icon eap-icon-ea-expand-plus\"><\/i> TOSTADORA DE CAF\u00c9 MC-K-15 (15 Kilogramos\/Lote)<\/a><\/h3><div class=\"sp-collapse spcollapse \" id=\"collapse76093\" data-parent=\"#sp-ea-7609\" role=\"region\" aria-labelledby=\"ea-header-76093\"> <div class=\"ea-body\"><table class=\"table\"><tbody><tr><td>Longitud<\/td><td>2400 mm<\/td><\/tr><tr><td>Ancho<\/td><td>2250 mm<\/td><\/tr><tr><td>Altura<\/td><td>2100 mm<\/td><\/tr><tr><td>Electricidad Consumo<\/td><td>1,8 Kw (partes m\u00f3viles)<\/td><\/tr><tr><td>Gas Consumo<\/td><td>4,2 m\u00b3\/h<\/td><\/tr><\/tbody><\/table><\/div><\/div><\/div><div class=\"ea-card sp-ea-single\"><h3 class=\"ea-header\"><a class=\"collapsed\" id=\"ea-header-76094\" role=\"button\" data-sptoggle=\"spcollapse\" data-sptarget=\"#collapse76094\" aria-controls=\"collapse76094\" href=\"#\" aria-expanded=\"false\" tabindex=\"0\"><i aria-hidden=\"true\" role=\"presentation\" class=\"ea-expand-icon eap-icon-ea-expand-plus\"><\/i> TOSTADORA DE CAF\u00c9 MC-K-30 (30 Kilogramos\/Lote)<\/a><\/h3><div class=\"sp-collapse spcollapse \" id=\"collapse76094\" data-parent=\"#sp-ea-7609\" role=\"region\" aria-labelledby=\"ea-header-76094\"> <div class=\"ea-body\"><table class=\"table\"><tbody><tr><td>Longitud<\/td><td>2100 mm<\/td><\/tr><tr><td>Ancho<\/td><td>4500 mm<\/td><\/tr><tr><td>Altura<\/td><td>3000 mm<\/td><\/tr><tr><td>Electricidad Consumo<\/td><td>3,7 Kw (partes m\u00f3viles)<\/td><\/tr><tr><td>Gas Consumo<\/td><td>5\u00a0 m\u00b3\/h<\/td><\/tr><\/tbody><\/table><\/div><\/div><\/div><div class=\"ea-card sp-ea-single\"><h3 class=\"ea-header\"><a class=\"collapsed\" id=\"ea-header-76095\" role=\"button\" data-sptoggle=\"spcollapse\" data-sptarget=\"#collapse76095\" aria-controls=\"collapse76095\" href=\"#\" aria-expanded=\"false\" tabindex=\"0\"><i aria-hidden=\"true\" role=\"presentation\" class=\"ea-expand-icon eap-icon-ea-expand-plus\"><\/i> TOSTADORA DE CAF\u00c9 MC-K-60 (60 Kilogramos\/Lote)<\/a><\/h3><div class=\"sp-collapse spcollapse \" id=\"collapse76095\" data-parent=\"#sp-ea-7609\" role=\"region\" aria-labelledby=\"ea-header-76095\"> <div class=\"ea-body\"><table class=\"table\"><tbody><tr><td>Longitud<\/td><td>2100 mm<\/td><\/tr><tr><td>Ancho<\/td><td>5100 mm<\/td><\/tr><tr><td>Altura<\/td><td>3200 mm<\/td><\/tr><tr><td>Electricidad Consumo<\/td><td>6 Kw (partes m\u00f3viles)<\/td><\/tr><tr><td>Gas Consumo<\/td><td>6\u00a0 m\u00b3\/h<\/td><\/tr><\/tbody><\/table><\/div><\/div><\/div><div class=\"ea-card sp-ea-single\"><h3 class=\"ea-header\"><a class=\"collapsed\" id=\"ea-header-76096\" role=\"button\" data-sptoggle=\"spcollapse\" data-sptarget=\"#collapse76096\" aria-controls=\"collapse76096\" href=\"#\" aria-expanded=\"false\" tabindex=\"0\"><i aria-hidden=\"true\" role=\"presentation\" class=\"ea-expand-icon eap-icon-ea-expand-plus\"><\/i> TOSTADORA DE CAF\u00c9 MC-K-120 (120 Kilogramos\/Lote)<\/a><\/h3><div class=\"sp-collapse spcollapse \" id=\"collapse76096\" data-parent=\"#sp-ea-7609\" role=\"region\" aria-labelledby=\"ea-header-76096\"> <div class=\"ea-body\"><table class=\"table\"><tbody><tr><td>Longitud<\/td><td>5700 mm<\/td><\/tr><tr><td>Ancho<\/td><td>6600 mm<\/td><\/tr><tr><td>Altura<\/td><td>3550 mm<\/td><\/tr><tr><td>Electricidad Consumo<\/td><td>7 Kw (partes m\u00f3viles)<\/td><\/tr><tr><td>Gas Consumo<\/td><td>8\u00a0 m\u00b3\/h<\/td><\/tr><\/tbody><\/table><\/div><\/div><\/div><\/div><\/div>\n<p><strong>M\u00e1quina tost<\/strong>adora de caf\u00e9, Precios de <strong>la m\u00e1quina tostadora de caf\u00e9<\/strong>, <strong>Tostado de caf\u00e9<\/strong>, M\u00e1quina tostadora de caf\u00e9, Tienda de caf\u00e9, Molienda de caf\u00e9, Molinillos de caf\u00e9, <strong>Tostadores de caf\u00e9<\/strong>, M\u00e1quina tostadora de caf\u00e9 comercial, Tostadores de caf\u00e9 comerciales, M\u00e1quina tostadora de caf\u00e9 en grano verde, <strong>Tostador de caf\u00e9 oscuro<\/strong>, M\u00e1quina tostadora de caf\u00e9 mediano, Cafetera, M\u00e1quina de caf\u00e9 expreso<\/p>\n","protected":false},"excerpt":{"rendered":"<p><iframe title=\"YouTube video player\" src=\"https:\/\/www.youtube.com\/embed\/dudKCsRciGw?si=Ma7DE5etDgLJmLYb\" width=\"560\" height=\"315\" frameborder=\"0\" allowfullscreen=\"allowfullscreen\"><\/iframe><\/p>\n<p><iframe title=\"YouTube video player\" src=\"https:\/\/www.youtube.com\/embed\/hBJ6lO1-LJU?si=wvbu77MmtsTlMZEY\" width=\"560\" height=\"315\" frameborder=\"0\" allowfullscreen=\"allowfullscreen\"><\/iframe><\/p>\n<p>https:\/\/youtube.com\/shorts\/nBKQeYQkkTs?si=kUP4Q-Rl1xOBtPSV<\/p>\n","protected":false},"featured_media":6521,"template":"","meta":{"site-sidebar-layout":"default","site-content-layout":"default","ast-site-content-layout":"default","site-content-style":"default","site-sidebar-style":"default","ast-global-header-display":"","ast-banner-title-visibility":"","ast-main-header-display":"","ast-hfb-above-header-display":"","ast-hfb-below-header-display":"","ast-hfb-mobile-header-display":"","site-post-title":"","ast-breadcrumbs-content":"","ast-featured-img":"","footer-sml-layout":"","theme-transparent-header-meta":"default","adv-header-id-meta":"","stick-header-meta":"","header-above-stick-meta":"","header-main-stick-meta":"","header-below-stick-meta":"","astra-migrate-meta-layouts":"set","ast-page-background-enabled":"default","ast-page-background-meta":{"desktop":{"background-color":"","background-image":"","background-repeat":"repeat","background-position":"center center","background-size":"auto","background-attachment":"scroll","background-type":"","background-media":"","overlay-type":"","overlay-color":"","overlay-gradient":""},"tablet":{"background-color":"","background-image":"","background-repeat":"repeat","background-position":"center center","background-size":"auto","background-attachment":"scroll","background-type":"","background-media":"","overlay-type":"","overlay-color":"","overlay-gradient":""},"mobile":{"background-color":"","background-image":"","background-repeat":"repeat","background-position":"center center","background-size":"auto","background-attachment":"scroll","background-type":"","background-media":"","overlay-type":"","overlay-color":"","overlay-gradient":""}},"ast-content-background-meta":{"desktop":{"background-color":"var(--ast-global-color-5)","background-image":"","background-repeat":"repeat","background-position":"center center","background-size":"auto","background-attachment":"scroll","background-type":"","background-media":"","overlay-type":"","overlay-color":"","overlay-gradient":""},"tablet":{"background-color":"var(--ast-global-color-5)","background-image":"","background-repeat":"repeat","background-position":"center center","background-size":"auto","background-attachment":"scroll","background-type":"","background-media":"","overlay-type":"","overlay-color":"","overlay-gradient":""},"mobile":{"background-color":"var(--ast-global-color-5)","background-image":"","background-repeat":"repeat","background-position":"center center","background-size":"auto","background-attachment":"scroll","background-type":"","background-media":"","overlay-type":"","overlay-color":"","overlay-gradient":""}}},"product_brand":[],"product_cat":[138],"product_tag":[140,139,141,142],"class_list":{"0":"post-7167","1":"product","2":"type-product","3":"status-publish","4":"has-post-thumbnail","6":"product_cat-tostadores-de-cafe-y-grinders","7":"product_tag-maquina-tostadora-de-cafe","8":"product_tag-tostador-de-cafe","9":"product_tag-tostadora-de-cafe-comercial","10":"product_tag-tostadora-industrial-de-cafe","11":"desktop-align-left","12":"tablet-align-left","13":"mobile-align-left","15":"first","16":"instock","17":"shipping-taxable","18":"product-type-simple"},"_links":{"self":[{"href":"https:\/\/machinecastle.com\/es\/wp-json\/wp\/v2\/product\/7167","targetHints":{"allow":["GET"]}}],"collection":[{"href":"https:\/\/machinecastle.com\/es\/wp-json\/wp\/v2\/product"}],"about":[{"href":"https:\/\/machinecastle.com\/es\/wp-json\/wp\/v2\/types\/product"}],"wp:featuredmedia":[{"embeddable":true,"href":"https:\/\/machinecastle.com\/es\/wp-json\/wp\/v2\/media\/6521"}],"wp:attachment":[{"href":"https:\/\/machinecastle.com\/es\/wp-json\/wp\/v2\/media?parent=7167"}],"wp:term":[{"taxonomy":"product_brand","embeddable":true,"href":"https:\/\/machinecastle.com\/es\/wp-json\/wp\/v2\/product_brand?post=7167"},{"taxonomy":"product_cat","embeddable":true,"href":"https:\/\/machinecastle.com\/es\/wp-json\/wp\/v2\/product_cat?post=7167"},{"taxonomy":"product_tag","embeddable":true,"href":"https:\/\/machinecastle.com\/es\/wp-json\/wp\/v2\/product_tag?post=7167"}],"curies":[{"name":"wp","href":"https:\/\/api.w.org\/{rel}","templated":true}]}}