{"id":9168,"date":"2025-04-25T10:01:59","date_gmt":"2025-04-25T10:01:59","guid":{"rendered":"https:\/\/machinecastle.com\/maquina-de-tahini-de-piedra\/"},"modified":"2025-04-25T10:52:54","modified_gmt":"2025-04-25T10:52:54","slug":"maquina-de-tahini-de-piedra","status":"publish","type":"page","link":"https:\/\/machinecastle.com\/es\/maquina-de-tahini-de-piedra\/","title":{"rendered":"M\u00c1QUINA DE TAHINI DE PIEDRA"},"content":{"rendered":"\t\t<div data-elementor-type=\"wp-page\" data-elementor-id=\"9168\" class=\"elementor elementor-9168 elementor-9163\">\n\t\t\t\t\t\t<section class=\"elementor-section elementor-top-section elementor-element elementor-element-c558352 elementor-section-boxed elementor-section-height-default elementor-section-height-default\" data-id=\"c558352\" data-element_type=\"section\">\n\t\t\t\t\t\t<div class=\"elementor-container elementor-column-gap-default\">\n\t\t\t\t\t<div class=\"elementor-column elementor-col-100 elementor-top-column elementor-element elementor-element-9a76139\" data-id=\"9a76139\" data-element_type=\"column\">\n\t\t\t<div class=\"elementor-widget-wrap elementor-element-populated\">\n\t\t\t\t\t\t<div class=\"elementor-element elementor-element-a8f46aa elementor-widget elementor-widget-heading\" data-id=\"a8f46aa\" data-element_type=\"widget\" data-widget_type=\"heading.default\">\n\t\t\t\t<div class=\"elementor-widget-container\">\n\t\t\t\t\t<h2 class=\"elementor-heading-title elementor-size-default\">M\u00c1QUINA DE TAHINI DE PIEDRA<\/h2>\t\t\t\t<\/div>\n\t\t\t\t<\/div>\n\t\t\t\t\t<\/div>\n\t\t<\/div>\n\t\t\t\t\t<\/div>\n\t\t<\/section>\n\t\t\t\t<section class=\"elementor-section elementor-top-section elementor-element elementor-element-7c4fd36 elementor-section-boxed elementor-section-height-default elementor-section-height-default\" data-id=\"7c4fd36\" data-element_type=\"section\">\n\t\t\t\t\t\t<div class=\"elementor-container elementor-column-gap-default\">\n\t\t\t\t\t<div class=\"elementor-column elementor-col-100 elementor-top-column elementor-element elementor-element-35fe53c\" data-id=\"35fe53c\" data-element_type=\"column\">\n\t\t\t<div class=\"elementor-widget-wrap elementor-element-populated\">\n\t\t\t\t\t\t<div class=\"elementor-element elementor-element-2f683e9 elementor-widget elementor-widget-video\" data-id=\"2f683e9\" data-element_type=\"widget\" data-settings=\"{&quot;youtube_url&quot;:&quot;https:\\\/\\\/www.youtube.com\\\/shorts\\\/0HBpzYk5aFk&quot;,&quot;video_type&quot;:&quot;youtube&quot;,&quot;controls&quot;:&quot;yes&quot;}\" data-widget_type=\"video.default\">\n\t\t\t\t<div class=\"elementor-widget-container\">\n\t\t\t\t\t\t\t<div class=\"elementor-wrapper elementor-open-inline\">\n\t\t\t<div class=\"elementor-video\"><\/div>\t\t<\/div>\n\t\t\t\t\t\t<\/div>\n\t\t\t\t<\/div>\n\t\t\t\t\t<\/div>\n\t\t<\/div>\n\t\t\t\t\t<\/div>\n\t\t<\/section>\n\t\t\t\t<section class=\"elementor-section elementor-top-section elementor-element elementor-element-6c80d40 elementor-section-boxed elementor-section-height-default elementor-section-height-default\" data-id=\"6c80d40\" data-element_type=\"section\">\n\t\t\t\t\t\t<div class=\"elementor-container elementor-column-gap-default\">\n\t\t\t\t\t<div class=\"elementor-column elementor-col-100 elementor-top-column elementor-element elementor-element-4cfc617\" data-id=\"4cfc617\" data-element_type=\"column\">\n\t\t\t<div class=\"elementor-widget-wrap elementor-element-populated\">\n\t\t\t\t\t\t<div class=\"elementor-element elementor-element-f182693 elementor-widget elementor-widget-heading\" data-id=\"f182693\" data-element_type=\"widget\" data-widget_type=\"heading.default\">\n\t\t\t\t<div class=\"elementor-widget-container\">\n\t\t\t\t\t<h3 class=\"elementor-heading-title elementor-size-default\">M\u00e1quinas de tahini para la producci\u00f3n de tahini de alta calidad<\/h3>\t\t\t\t<\/div>\n\t\t\t\t<\/div>\n\t\t\t\t\t<\/div>\n\t\t<\/div>\n\t\t\t\t\t<\/div>\n\t\t<\/section>\n\t\t\t\t<section class=\"elementor-section elementor-top-section elementor-element elementor-element-171817f elementor-section-boxed elementor-section-height-default elementor-section-height-default\" data-id=\"171817f\" data-element_type=\"section\">\n\t\t\t\t\t\t<div class=\"elementor-container elementor-column-gap-default\">\n\t\t\t\t\t<div class=\"elementor-column elementor-col-100 elementor-top-column elementor-element elementor-element-7b31b53\" data-id=\"7b31b53\" data-element_type=\"column\">\n\t\t\t<div class=\"elementor-widget-wrap elementor-element-populated\">\n\t\t\t\t\t\t<div class=\"elementor-element elementor-element-ddf8014 elementor-widget elementor-widget-text-editor\" data-id=\"ddf8014\" data-element_type=\"widget\" data-widget_type=\"text-editor.default\">\n\t\t\t\t<div class=\"elementor-widget-container\">\n\t\t\t\t\t\t\t\t\t<p>Cuando se trata de producir tahini de primera calidad, tener el equipo adecuado es tan importante como utilizar ingredientes de calidad. Nuestras m\u00e1quinas de tahini est\u00e1n dise\u00f1adas para producir tahini consistente, suave y de alta calidad, utilizando un m\u00e9todo tradicional pero eficiente de molienda con piedras circulares naturales horneadas.   <\/p>\n\t\t\t\t\t\t\t\t<\/div>\n\t\t\t\t<\/div>\n\t\t\t\t\t<\/div>\n\t\t<\/div>\n\t\t\t\t\t<\/div>\n\t\t<\/section>\n\t\t\t\t<section class=\"elementor-section elementor-top-section elementor-element elementor-element-a4f9cea elementor-section-boxed elementor-section-height-default elementor-section-height-default\" data-id=\"a4f9cea\" data-element_type=\"section\">\n\t\t\t\t\t\t<div class=\"elementor-container elementor-column-gap-default\">\n\t\t\t\t\t<div class=\"elementor-column elementor-col-100 elementor-top-column elementor-element elementor-element-f061dd1\" data-id=\"f061dd1\" data-element_type=\"column\">\n\t\t\t<div class=\"elementor-widget-wrap elementor-element-populated\">\n\t\t\t\t\t\t<div class=\"elementor-element elementor-element-79a18da elementor-widget elementor-widget-heading\" data-id=\"79a18da\" data-element_type=\"widget\" data-widget_type=\"heading.default\">\n\t\t\t\t<div class=\"elementor-widget-container\">\n\t\t\t\t\t<h3 class=\"elementor-heading-title elementor-size-default\">C\u00f3mo funcionan nuestras m\u00e1quinas de tahini a la piedra<\/h3>\t\t\t\t<\/div>\n\t\t\t\t<\/div>\n\t\t\t\t\t<\/div>\n\t\t<\/div>\n\t\t\t\t\t<\/div>\n\t\t<\/section>\n\t\t\t\t<section class=\"elementor-section elementor-top-section elementor-element elementor-element-2885241 elementor-section-boxed elementor-section-height-default elementor-section-height-default\" data-id=\"2885241\" data-element_type=\"section\">\n\t\t\t\t\t\t<div class=\"elementor-container elementor-column-gap-default\">\n\t\t\t\t\t<div class=\"elementor-column elementor-col-100 elementor-top-column elementor-element elementor-element-4541122\" data-id=\"4541122\" data-element_type=\"column\">\n\t\t\t<div class=\"elementor-widget-wrap elementor-element-populated\">\n\t\t\t\t\t\t<div class=\"elementor-element elementor-element-cdf576f elementor-widget elementor-widget-text-editor\" data-id=\"cdf576f\" data-element_type=\"widget\" data-widget_type=\"text-editor.default\">\n\t\t\t\t<div class=\"elementor-widget-container\">\n\t\t\t\t\t\t\t\t\t<p class=\"\" data-start=\"645\" data-end=\"990\">Cada <a href=\"https:\/\/machinecastle.com\/es\/producto\/maquinas-para-hacer-tahini\/\"><strong>m\u00e1quina de tahini<\/strong><\/a> est\u00e1 equipada con varios cabezales de molienda, y cada cabezal contiene una piedra especialmente elaborada. Estas piedras son clave en el proceso de producci\u00f3n del tahini, ya que garantizan una textura suave y un rendimiento \u00f3ptimo de la molienda. Seg\u00fan la capacidad de producci\u00f3n, las m\u00e1quinas var\u00edan tanto en el n\u00famero de cabezales como en el tama\u00f1o de las piedras de moler.    <\/p>\n<p class=\"\" data-start=\"645\" data-end=\"990\">Por ejemplo, una m\u00e1quina de tahini con una capacidad de 50 kg\/hora suele tener dos cabezales, mientras que una m\u00e1quina m\u00e1s grande con una capacidad de 500 kg\/hora estar\u00e1 equipada con cinco cabezales. A pesar de estas diferencias de tama\u00f1o y rendimiento, el principio b\u00e1sico sigue siendo el mismo: una molienda eficiente y natural para producir tahini de alta calidad.   <\/p>\n\t\t\t\t\t\t\t\t<\/div>\n\t\t\t\t<\/div>\n\t\t\t\t\t<\/div>\n\t\t<\/div>\n\t\t\t\t\t<\/div>\n\t\t<\/section>\n\t\t\t\t<section class=\"elementor-section elementor-top-section elementor-element elementor-element-51f816c elementor-section-boxed elementor-section-height-default elementor-section-height-default\" data-id=\"51f816c\" data-element_type=\"section\">\n\t\t\t\t\t\t<div class=\"elementor-container elementor-column-gap-default\">\n\t\t\t\t\t<div class=\"elementor-column elementor-col-100 elementor-top-column elementor-element elementor-element-c281dcb\" data-id=\"c281dcb\" data-element_type=\"column\">\n\t\t\t<div class=\"elementor-widget-wrap elementor-element-populated\">\n\t\t\t\t\t\t<div class=\"elementor-element elementor-element-d700b3a elementor-widget elementor-widget-heading\" data-id=\"d700b3a\" data-element_type=\"widget\" data-widget_type=\"heading.default\">\n\t\t\t\t<div class=\"elementor-widget-container\">\n\t\t\t\t\t<h3 class=\"elementor-heading-title elementor-size-default\">Consistencia que puedes controlar<\/h3>\t\t\t\t<\/div>\n\t\t\t\t<\/div>\n\t\t\t\t\t<\/div>\n\t\t<\/div>\n\t\t\t\t\t<\/div>\n\t\t<\/section>\n\t\t\t\t<section class=\"elementor-section elementor-top-section elementor-element elementor-element-431cf44 elementor-section-boxed elementor-section-height-default elementor-section-height-default\" data-id=\"431cf44\" data-element_type=\"section\">\n\t\t\t\t\t\t<div class=\"elementor-container elementor-column-gap-default\">\n\t\t\t\t\t<div class=\"elementor-column elementor-col-100 elementor-top-column elementor-element elementor-element-9e75101\" data-id=\"9e75101\" data-element_type=\"column\">\n\t\t\t<div class=\"elementor-widget-wrap elementor-element-populated\">\n\t\t\t\t\t\t<div class=\"elementor-element elementor-element-bb2d601 elementor-widget elementor-widget-text-editor\" data-id=\"bb2d601\" data-element_type=\"widget\" data-widget_type=\"text-editor.default\">\n\t\t\t\t<div class=\"elementor-widget-container\">\n\t\t\t\t\t\t\t\t\t<p>Una de las caracter\u00edsticas m\u00e1s destacadas de nuestras m\u00e1quinas de tahini es la posibilidad de que los usuarios controlen la densidad del tahini producido. Esto se consigue ajustando la distancia entre las piedras de moler. Una vez conseguida la textura y consistencia ideales, las piedras pueden fijarse en su sitio para obtener resultados constantes durante la producci\u00f3n.    <\/p>\n<p>Esta flexibilidad permite a los productores satisfacer las distintas preferencias de los clientes y las demandas del mercado sin sacrificar la calidad.<\/p>\n\t\t\t\t\t\t\t\t<\/div>\n\t\t\t\t<\/div>\n\t\t\t\t\t<\/div>\n\t\t<\/div>\n\t\t\t\t\t<\/div>\n\t\t<\/section>\n\t\t\t\t<section class=\"elementor-section elementor-top-section elementor-element elementor-element-c5d1c60 elementor-section-boxed elementor-section-height-default elementor-section-height-default\" data-id=\"c5d1c60\" data-element_type=\"section\">\n\t\t\t\t\t\t<div class=\"elementor-container elementor-column-gap-default\">\n\t\t\t\t\t<div class=\"elementor-column elementor-col-100 elementor-top-column elementor-element elementor-element-b6fc0d9\" data-id=\"b6fc0d9\" data-element_type=\"column\">\n\t\t\t<div class=\"elementor-widget-wrap elementor-element-populated\">\n\t\t\t\t\t\t<div class=\"elementor-element elementor-element-a0d40a9 elementor-widget elementor-widget-heading\" data-id=\"a0d40a9\" data-element_type=\"widget\" data-widget_type=\"heading.default\">\n\t\t\t\t<div class=\"elementor-widget-container\">\n\t\t\t\t\t<h3 class=\"elementor-heading-title elementor-size-default\">La importancia de las semillas de s\u00e9samo preparadas<\/h3>\t\t\t\t<\/div>\n\t\t\t\t<\/div>\n\t\t\t\t\t<\/div>\n\t\t<\/div>\n\t\t\t\t\t<\/div>\n\t\t<\/section>\n\t\t\t\t<section class=\"elementor-section elementor-top-section elementor-element elementor-element-a334267 elementor-section-boxed elementor-section-height-default elementor-section-height-default\" data-id=\"a334267\" data-element_type=\"section\">\n\t\t\t\t\t\t<div class=\"elementor-container elementor-column-gap-default\">\n\t\t\t\t\t<div class=\"elementor-column elementor-col-100 elementor-top-column elementor-element elementor-element-9653fd2\" data-id=\"9653fd2\" data-element_type=\"column\">\n\t\t\t<div class=\"elementor-widget-wrap elementor-element-populated\">\n\t\t\t\t\t\t<div class=\"elementor-element elementor-element-f3f6422 elementor-widget elementor-widget-text-editor\" data-id=\"f3f6422\" data-element_type=\"widget\" data-widget_type=\"text-editor.default\">\n\t\t\t\t<div class=\"elementor-widget-container\">\n\t\t\t\t\t\t\t\t\t<p class=\"\" data-start=\"1834\" data-end=\"2067\">Aunque nuestras m\u00e1quinas est\u00e1n dise\u00f1adas para ofrecer los mejores resultados, la calidad del tahini tambi\u00e9n depende en gran medida de las semillas de s\u00e9samo utilizadas. Es esencial utilizar semillas de s\u00e9samo especialmente preparadas y dise\u00f1adas espec\u00edficamente para la producci\u00f3n de tahini.   <\/p>\n<p class=\"\" data-start=\"2069\" data-end=\"2128\">Las semillas de s\u00e9samo preparadas pasan por varias etapas, entre ellas:<\/p>\n<ul data-start=\"2130\" data-end=\"2328\">\n<li class=\"\" data-start=\"2130\" data-end=\"2156\">\n<p class=\"\" data-start=\"2132\" data-end=\"2156\"><strong data-start=\"2132\" data-end=\"2154\">Calibraci\u00f3n del s\u00e9samo<\/strong><\/p>\n<\/li>\n<li class=\"\" data-start=\"2157\" data-end=\"2181\">\n<p class=\"\" data-start=\"2159\" data-end=\"2181\"><strong data-start=\"2159\" data-end=\"2179\">Lavado en piscinas<\/strong><\/p>\n<\/li>\n<li class=\"\" data-start=\"2182\" data-end=\"2197\">\n<p class=\"\" data-start=\"2184\" data-end=\"2197\"><strong data-start=\"2184\" data-end=\"2195\">Peeling<\/strong><\/p>\n<\/li>\n<li class=\"\" data-start=\"2198\" data-end=\"2229\">\n<p class=\"\" data-start=\"2200\" data-end=\"2229\"><strong data-start=\"2200\" data-end=\"2227\">Lavado con agua salada<\/strong><\/p>\n<\/li>\n<li class=\"\" data-start=\"2230\" data-end=\"2256\">\n<p class=\"\" data-start=\"2232\" data-end=\"2256\"><strong data-start=\"2232\" data-end=\"2254\">Aclarado con agua<\/strong><\/p>\n<\/li>\n<li class=\"\" data-start=\"2257\" data-end=\"2297\">\n<p class=\"\" data-start=\"2259\" data-end=\"2297\"><strong data-start=\"2259\" data-end=\"2295\">Eliminaci\u00f3n del agua con una centrifugadora<\/strong><\/p>\n<\/li>\n<li class=\"\" data-start=\"2298\" data-end=\"2314\">\n<p class=\"\" data-start=\"2300\" data-end=\"2314\"><strong data-start=\"2300\" data-end=\"2312\">Asado<\/strong><\/p>\n<\/li>\n<li class=\"\" data-start=\"2315\" data-end=\"2328\">\n<p class=\"\" data-start=\"2317\" data-end=\"2328\"><strong data-start=\"2317\" data-end=\"2328\">Refrigeraci\u00f3n<\/strong><\/p>\n<\/li>\n<\/ul>\n<p class=\"\" data-start=\"2330\" data-end=\"2645\">Como nos dedicamos exclusivamente a fabricar y suministrar <a href=\"https:\/\/machinecastle.com\/es\/\">m\u00e1quinas de tahini<\/a>, nuestros clientes suelen adquirir estas semillas de s\u00e9samo preparadas a procesadores de s\u00e9samo especializados. Al hacer el pedido, es importante especificar que las semillas de s\u00e9samo est\u00e1n destinadas a la producci\u00f3n de tahini, para garantizar que se sigue el proceso de preparaci\u00f3n adecuado.   <\/p>\n\t\t\t\t\t\t\t\t<\/div>\n\t\t\t\t<\/div>\n\t\t\t\t\t<\/div>\n\t\t<\/div>\n\t\t\t\t\t<\/div>\n\t\t<\/section>\n\t\t\t\t<section class=\"elementor-section elementor-top-section elementor-element elementor-element-646ac63 elementor-section-boxed elementor-section-height-default elementor-section-height-default\" data-id=\"646ac63\" data-element_type=\"section\">\n\t\t\t\t\t\t<div class=\"elementor-container elementor-column-gap-default\">\n\t\t\t\t\t<div class=\"elementor-column elementor-col-100 elementor-top-column elementor-element elementor-element-503ad58\" data-id=\"503ad58\" data-element_type=\"column\">\n\t\t\t<div class=\"elementor-widget-wrap elementor-element-populated\">\n\t\t\t\t\t\t<div class=\"elementor-element elementor-element-72670d4 elementor-widget elementor-widget-heading\" data-id=\"72670d4\" data-element_type=\"widget\" data-widget_type=\"heading.default\">\n\t\t\t\t<div class=\"elementor-widget-container\">\n\t\t\t\t\t<h3 class=\"elementor-heading-title elementor-size-default\">\u00bfPor qu\u00e9 elegir nuestras m\u00e1quinas de tahini?<\/h3>\t\t\t\t<\/div>\n\t\t\t\t<\/div>\n\t\t\t\t\t<\/div>\n\t\t<\/div>\n\t\t\t\t\t<\/div>\n\t\t<\/section>\n\t\t\t\t<section class=\"elementor-section elementor-top-section elementor-element elementor-element-08597e1 elementor-section-boxed elementor-section-height-default elementor-section-height-default\" data-id=\"08597e1\" data-element_type=\"section\">\n\t\t\t\t\t\t<div class=\"elementor-container elementor-column-gap-default\">\n\t\t\t\t\t<div class=\"elementor-column elementor-col-100 elementor-top-column elementor-element elementor-element-c830256\" data-id=\"c830256\" data-element_type=\"column\">\n\t\t\t<div class=\"elementor-widget-wrap elementor-element-populated\">\n\t\t\t\t\t\t<div class=\"elementor-element elementor-element-6a09096 elementor-widget elementor-widget-text-editor\" data-id=\"6a09096\" data-element_type=\"widget\" data-widget_type=\"text-editor.default\">\n\t\t\t\t<div class=\"elementor-widget-container\">\n\t\t\t\t\t\t\t\t\t<ul data-start=\"2684\" data-end=\"2980\">\n<li class=\"\" data-start=\"2684\" data-end=\"2756\">\n<p class=\"\" data-start=\"2686\" data-end=\"2756\"><strong data-start=\"2686\" data-end=\"2720\">Molinillos de piedra natural duraderos<\/strong> para un sabor tradicional y aut\u00e9ntico<\/p>\n<\/li>\n<li class=\"\" data-start=\"2757\" data-end=\"2820\">\n<p class=\"\" data-start=\"2759\" data-end=\"2820\"><strong data-start=\"2759\" data-end=\"2788\">Ajustes de piedra ajustables<\/strong> para un control total de la textura<\/p>\n<\/li>\n<li class=\"\" data-start=\"2821\" data-end=\"2903\">\n<p class=\"\" data-start=\"2823\" data-end=\"2903\"><strong data-start=\"2823\" data-end=\"2857\">Capacidades de producci\u00f3n escalables<\/strong>, desde la producci\u00f3n a peque\u00f1a escala hasta la industrial<\/p>\n<\/li>\n<li class=\"\" data-start=\"2904\" data-end=\"2980\">\n<p class=\"\" data-start=\"2906\" data-end=\"2980\"><strong data-start=\"2906\" data-end=\"2938\">F\u00e1cil de manejar y mantener<\/strong>, dise\u00f1ado para un uso constante y a largo plazo<\/p>\n<\/li>\n<\/ul>\n<p class=\"\" data-start=\"2982\" data-end=\"3154\">Tanto si est\u00e1s empezando un nuevo negocio de producci\u00f3n de tahini como si quieres actualizar tu maquinaria actual, nuestras m\u00e1quinas para tahini te ofrecen una soluci\u00f3n fiable y de alto rendimiento.<\/p>\n\t\t\t\t\t\t\t\t<\/div>\n\t\t\t\t<\/div>\n\t\t\t\t\t<\/div>\n\t\t<\/div>\n\t\t\t\t\t<\/div>\n\t\t<\/section>\n\t\t\t\t<section class=\"elementor-section elementor-top-section elementor-element elementor-element-e35abf8 elementor-section-boxed elementor-section-height-default elementor-section-height-default\" data-id=\"e35abf8\" data-element_type=\"section\">\n\t\t\t\t\t\t<div class=\"elementor-container elementor-column-gap-default\">\n\t\t\t\t\t<div class=\"elementor-column elementor-col-100 elementor-top-column elementor-element elementor-element-6728abd\" data-id=\"6728abd\" data-element_type=\"column\">\n\t\t\t<div class=\"elementor-widget-wrap elementor-element-populated\">\n\t\t\t\t\t\t<div class=\"elementor-element elementor-element-9eb495f elementor-widget elementor-widget-image\" data-id=\"9eb495f\" data-element_type=\"widget\" data-widget_type=\"image.default\">\n\t\t\t\t<div class=\"elementor-widget-container\">\n\t\t\t\t\t\t\t\t\t\t\t\t<figure class=\"wp-caption\">\n\t\t\t\t\t\t\t\t\t\t\t<a href=\"https:\/\/machinecastle.com\/es\/producto\/maquinas-para-hacer-tahini\/\">\n\t\t\t\t\t\t\t<img fetchpriority=\"high\" decoding=\"async\" width=\"600\" height=\"560\" src=\"https:\/\/machinecastle.com\/wp-content\/uploads\/2025\/04\/Tahini-Production-Machine--600x560.png\" class=\"attachment-woocommerce_single size-woocommerce_single wp-image-9147\" alt=\"Tahini Production Machine\" srcset=\"https:\/\/machinecastle.com\/wp-content\/uploads\/2025\/04\/Tahini-Production-Machine--600x560.png 600w, https:\/\/machinecastle.com\/wp-content\/uploads\/2025\/04\/Tahini-Production-Machine--300x280.png 300w, https:\/\/machinecastle.com\/wp-content\/uploads\/2025\/04\/Tahini-Production-Machine--768x716.png 768w, https:\/\/machinecastle.com\/wp-content\/uploads\/2025\/04\/Tahini-Production-Machine-.png 938w\" sizes=\"(max-width: 600px) 100vw, 600px\" \/>\t\t\t\t\t\t\t\t<\/a>\n\t\t\t\t\t\t\t\t\t\t\t<figcaption class=\"widget-image-caption wp-caption-text\">Haz clic en la imagen de arriba para ver nuestros modelos<\/figcaption>\n\t\t\t\t\t\t\t\t\t\t<\/figure>\n\t\t\t\t\t\t\t\t\t<\/div>\n\t\t\t\t<\/div>\n\t\t\t\t\t<\/div>\n\t\t<\/div>\n\t\t\t\t\t<\/div>\n\t\t<\/section>\n\t\t\t\t<section class=\"elementor-section elementor-top-section elementor-element elementor-element-ed18c1e elementor-section-boxed elementor-section-height-default elementor-section-height-default\" data-id=\"ed18c1e\" data-element_type=\"section\">\n\t\t\t\t\t\t<div class=\"elementor-container elementor-column-gap-default\">\n\t\t\t\t\t<div class=\"elementor-column elementor-col-100 elementor-top-column elementor-element elementor-element-3769655\" data-id=\"3769655\" data-element_type=\"column\">\n\t\t\t<div class=\"elementor-widget-wrap\">\n\t\t\t\t\t\t\t<\/div>\n\t\t<\/div>\n\t\t\t\t\t<\/div>\n\t\t<\/section>\n\t\t\t\t<\/div>\n\t\t","protected":false},"excerpt":{"rendered":"<p>M\u00c1QUINA DE TAHINI DE PIEDRA M\u00e1quinas de tahini para la producci\u00f3n de tahini de alta calidad Cuando se trata de producir tahini de primera calidad, tener el equipo adecuado es tan importante como utilizar ingredientes de calidad. Nuestras m\u00e1quinas de tahini est\u00e1n dise\u00f1adas para producir tahini consistente, suave y de alta calidad, utilizando un m\u00e9todo &hellip;<\/p>\n<p class=\"read-more\"> <a class=\"\" href=\"https:\/\/machinecastle.com\/es\/maquina-de-tahini-de-piedra\/\"> <span class=\"screen-reader-text\">M\u00c1QUINA DE TAHINI DE PIEDRA<\/span> Leer m\u00e1s &raquo;<\/a><\/p>\n","protected":false},"author":1,"featured_media":0,"parent":0,"menu_order":0,"comment_status":"closed","ping_status":"closed","template":"","meta":{"site-sidebar-layout":"default","site-content-layout":"","ast-site-content-layout":"default","site-content-style":"default","site-sidebar-style":"default","ast-global-header-display":"","ast-banner-title-visibility":"","ast-main-header-display":"","ast-hfb-above-header-display":"","ast-hfb-below-header-display":"","ast-hfb-mobile-header-display":"","site-post-title":"","ast-breadcrumbs-content":"","ast-featured-img":"","footer-sml-layout":"","theme-transparent-header-meta":"","adv-header-id-meta":"","stick-header-meta":"","header-above-stick-meta":"","header-main-stick-meta":"","header-below-stick-meta":"","astra-migrate-meta-layouts":"default","ast-page-background-enabled":"default","ast-page-background-meta":{"desktop":{"background-color":"","background-image":"","background-repeat":"repeat","background-position":"center center","background-size":"auto","background-attachment":"scroll","background-type":"","background-media":"","overlay-type":"","overlay-color":"","overlay-gradient":""},"tablet":{"background-color":"","background-image":"","background-repeat":"repeat","background-position":"center center","background-size":"auto","background-attachment":"scroll","background-type":"","background-media":"","overlay-type":"","overlay-color":"","overlay-gradient":""},"mobile":{"background-color":"","background-image":"","background-repeat":"repeat","background-position":"center center","background-size":"auto","background-attachment":"scroll","background-type":"","background-media":"","overlay-type":"","overlay-color":"","overlay-gradient":""}},"ast-content-background-meta":{"desktop":{"background-color":"var(--ast-global-color-5)","background-image":"","background-repeat":"repeat","background-position":"center center","background-size":"auto","background-attachment":"scroll","background-type":"","background-media":"","overlay-type":"","overlay-color":"","overlay-gradient":""},"tablet":{"background-color":"var(--ast-global-color-5)","background-image":"","background-repeat":"repeat","background-position":"center center","background-size":"auto","background-attachment":"scroll","background-type":"","background-media":"","overlay-type":"","overlay-color":"","overlay-gradient":""},"mobile":{"background-color":"var(--ast-global-color-5)","background-image":"","background-repeat":"repeat","background-position":"center center","background-size":"auto","background-attachment":"scroll","background-type":"","background-media":"","overlay-type":"","overlay-color":"","overlay-gradient":""}},"footnotes":""},"class_list":["post-9168","page","type-page","status-publish","hentry"],"_links":{"self":[{"href":"https:\/\/machinecastle.com\/es\/wp-json\/wp\/v2\/pages\/9168","targetHints":{"allow":["GET"]}}],"collection":[{"href":"https:\/\/machinecastle.com\/es\/wp-json\/wp\/v2\/pages"}],"about":[{"href":"https:\/\/machinecastle.com\/es\/wp-json\/wp\/v2\/types\/page"}],"author":[{"embeddable":true,"href":"https:\/\/machinecastle.com\/es\/wp-json\/wp\/v2\/users\/1"}],"replies":[{"embeddable":true,"href":"https:\/\/machinecastle.com\/es\/wp-json\/wp\/v2\/comments?post=9168"}],"version-history":[{"count":5,"href":"https:\/\/machinecastle.com\/es\/wp-json\/wp\/v2\/pages\/9168\/revisions"}],"predecessor-version":[{"id":9201,"href":"https:\/\/machinecastle.com\/es\/wp-json\/wp\/v2\/pages\/9168\/revisions\/9201"}],"wp:attachment":[{"href":"https:\/\/machinecastle.com\/es\/wp-json\/wp\/v2\/media?parent=9168"}],"curies":[{"name":"wp","href":"https:\/\/api.w.org\/{rel}","templated":true}]}}