{"id":9081,"date":"2025-04-10T10:43:48","date_gmt":"2025-04-10T10:43:48","guid":{"rendered":"https:\/\/machinecastle.com\/tostadora-de-frutos-secos\/"},"modified":"2025-04-16T10:22:21","modified_gmt":"2025-04-16T10:22:21","slug":"tostadora-de-frutos-secos","status":"publish","type":"page","link":"https:\/\/machinecastle.com\/es\/tostadora-de-frutos-secos\/","title":{"rendered":"Tostadora de frutos secos"},"content":{"rendered":"\t\t<div data-elementor-type=\"wp-page\" data-elementor-id=\"9081\" class=\"elementor elementor-9081 elementor-8944\">\n\t\t\t\t\t\t<section class=\"elementor-section elementor-top-section elementor-element elementor-element-382474a elementor-section-boxed elementor-section-height-default elementor-section-height-default\" data-id=\"382474a\" data-element_type=\"section\">\n\t\t\t\t\t\t<div class=\"elementor-container elementor-column-gap-default\">\n\t\t\t\t\t<div class=\"elementor-column elementor-col-100 elementor-top-column elementor-element elementor-element-af8f9f2\" data-id=\"af8f9f2\" data-element_type=\"column\">\n\t\t\t<div class=\"elementor-widget-wrap elementor-element-populated\">\n\t\t\t\t\t\t<div class=\"elementor-element elementor-element-fc175a2 elementor-widget elementor-widget-heading\" data-id=\"fc175a2\" data-element_type=\"widget\" data-widget_type=\"heading.default\">\n\t\t\t\t<div class=\"elementor-widget-container\">\n\t\t\t\t\t<h2 class=\"elementor-heading-title elementor-size-default\">TOSTADORA DE NUECES<\/h2>\t\t\t\t<\/div>\n\t\t\t\t<\/div>\n\t\t\t\t<div class=\"elementor-element elementor-element-537afdb elementor-widget elementor-widget-video\" data-id=\"537afdb\" data-element_type=\"widget\" data-settings=\"{&quot;youtube_url&quot;:&quot;https:\\\/\\\/www.youtube.com\\\/watch?v=JGFY-uy1Wb8&quot;,&quot;video_type&quot;:&quot;youtube&quot;,&quot;controls&quot;:&quot;yes&quot;}\" data-widget_type=\"video.default\">\n\t\t\t\t<div class=\"elementor-widget-container\">\n\t\t\t\t\t\t\t<div class=\"elementor-wrapper elementor-open-inline\">\n\t\t\t<div class=\"elementor-video\"><\/div>\t\t<\/div>\n\t\t\t\t\t\t<\/div>\n\t\t\t\t<\/div>\n\t\t\t\t<div class=\"elementor-element elementor-element-1e642fc elementor-widget elementor-widget-text-editor\" data-id=\"1e642fc\" data-element_type=\"widget\" data-widget_type=\"text-editor.default\">\n\t\t\t\t<div class=\"elementor-widget-container\">\n\t\t\t\t\t\t\t\t\t<p>El <b><a href=\"https:\/\/nutsroaster.com\">tostador de frutos secos<\/a><\/b> que funciona con una cinta de calidad de acero inoxidable AISI 304, desplaza continuamente los productos por las c\u00e1maras de tostado y enfriamiento. Una vez cargados los productos en la tolva de entrada del tostador, se colocan directamente en la cinta en movimiento continuo. La cinta lleva primero los productos a la primera c\u00e1mara de tostado, donde se aplica aire caliente desde la parte inferior. Despu\u00e9s, los productos pasan a la segunda c\u00e1mara de tostado, donde reciben aire caliente desde arriba. Esta circulaci\u00f3n de calor desde abajo y desde arriba garantiza que los productos se tuesten de manera uniforme y homog\u00e9nea en nuestro proceso tecnol\u00f3gico.   &nbsp;<b>tostador de frutos secos<\/b>. Tras completar las etapas de tostado, los productos pasan por una etapa de reposo. Esta etapa de reposo impide que los productos se expongan a un enfriamiento directo y r\u00e1pido, evitando grietas y preservando la calidad del producto. Tras la fase de reposo, los productos se enfr\u00edan a temperatura ambiente en la c\u00e1mara de enfriamiento. Una vez enfriados, los productos est\u00e1n listos para su envasado. El n\u00famero de c\u00e1maras de tostado var\u00eda en funci\u00f3n del tama\u00f1o de la tostadora de frutos secos. La funci\u00f3n de enfriamiento puede a\u00f1adirse a las <b>tostadoras<\/b> de <b>frutos<\/b> secos con capacidades a partir de 30 kg\/hora.     <\/p>\n<p>Nuestra <b>m\u00e1quina tostadora de frutos secos<\/b> puede tostar perfectamente varios tipos de frutos secos y semillas, como: Cacahuetes, Avellanas, Garbanzos, Semillas de Calabaza, Semillas de Girasol, Avellanas sin c\u00e1scara, Almendras sin c\u00e1scara, Pistachos, Anacardos y muchos m\u00e1s.La <b><a href=\"https:\/\/machinecastle.com\/es\/\">tostadora de frutos secos<\/a><\/b> ofrece un excelente rendimiento de tostado y un sabor superior, garantizando una producci\u00f3n de alta calidad con un proceso de tostado uniforme. Dise\u00f1ada con componentes totalmente de acero inoxidable, la m\u00e1quina requiere menos mano de obra y consume poca energ\u00eda. A pesar de la alta temperatura dentro de las c\u00e1maras de tostado, la m\u00e1quina est\u00e1 dise\u00f1ada para evitar cualquier p\u00e9rdida de aroma de los productos. Los <b>tostadores de frutos secos<\/b>est\u00e1n muy aislados, lo que reduce el consumo de energ\u00eda y disminuye los costes de producci\u00f3n.   <\/p>\n<h3 data-start=\"2245\" data-end=\"2284\">Dise\u00f1o f\u00e1cil de usar e higi\u00e9nico<\/h3>\n<p data-start=\"2286\" data-end=\"2481\">Este horno de asar est\u00e1 dise\u00f1ado para cumplir las normas de seguridad e higiene alimentaria de conformidad con la normativa de la FDA. Incorpora un avanzado panel de control con pantalla t\u00e1ctil que proporciona flexibilidad de ajuste: <\/p>\n<ul data-start=\"2483\" data-end=\"2551\">\n<li data-start=\"2483\" data-end=\"2507\">\n<p data-start=\"2485\" data-end=\"2507\">Temperatura de tostado<\/p>\n<\/li>\n<li data-start=\"2508\" data-end=\"2531\">\n<p data-start=\"2510\" data-end=\"2531\">Velocidad de la cinta transportadora<\/p>\n<\/li>\n<li data-start=\"2532\" data-end=\"2551\">\n<p data-start=\"2534\" data-end=\"2551\">Niveles de humedad<\/p>\n<\/li>\n<li data-start=\"2532\" data-end=\"2551\">\n<p data-start=\"2534\" data-end=\"2551\">Ahorro de recetas<\/p>\n<\/li>\n<\/ul>\n<p data-start=\"2553\" data-end=\"2654\">Adem\u00e1s, el usuario puede controlar el grosor del producto que se coloca sobre la cinta continua.<\/p>\n<h3 data-start=\"2661\" data-end=\"2682\">Opciones de calefacci\u00f3n<\/h3>\n<p data-start=\"2684\" data-end=\"2789\">La tostadora de frutos secos ofrece varios tipos de combustible para satisfacer las necesidades de las distintas instalaciones de producci\u00f3n:<\/p>\n<ul data-start=\"2791\" data-end=\"2833\">\n<li data-start=\"2791\" data-end=\"2798\">\n<p data-start=\"2793\" data-end=\"2798\">Gas<\/p>\n<\/li>\n<li data-start=\"2799\" data-end=\"2806\">\n<p data-start=\"2801\" data-end=\"2806\">GLP<\/p>\n<\/li>\n<li data-start=\"2807\" data-end=\"2817\">\n<p data-start=\"2809\" data-end=\"2817\">Diesel<\/p>\n<\/li>\n<li data-start=\"2818\" data-end=\"2833\">\n<p data-start=\"2820\" data-end=\"2833\">Electricidad<\/p>\n<\/li>\n<\/ul>\n<p data-start=\"2835\" data-end=\"3006\">En las m\u00e1quinas de gas, GLP o gas\u00f3leo, la calefacci\u00f3n se proporciona mediante quemadores. En los modelos calentados el\u00e9ctricamente, se utilizan calentadores tubulares con aletas para un calentamiento eficaz y uniforme. <\/p>\t\t\t\t\t\t\t\t<\/div>\n\t\t\t\t<\/div>\n\t\t\t\t\t<\/div>\n\t\t<\/div>\n\t\t\t\t\t<\/div>\n\t\t<\/section>\n\t\t\t\t<\/div>\n\t\t","protected":false},"excerpt":{"rendered":"<p>TOSTADORA DE NUECES https:\/\/www.youtube.com\/watch?v=JGFY-uy1Wb8 El tostador de frutos secos que funciona con una cinta de calidad de acero inoxidable AISI 304, desplaza continuamente los productos por las c\u00e1maras de tostado y enfriamiento. Una vez cargados los productos en la tolva de entrada del tostador, se colocan directamente en la cinta en movimiento continuo. La cinta &hellip;<\/p>\n<p class=\"read-more\"> <a class=\"\" href=\"https:\/\/machinecastle.com\/es\/tostadora-de-frutos-secos\/\"> <span class=\"screen-reader-text\">Tostadora de frutos secos<\/span> Leer m\u00e1s &raquo;<\/a><\/p>\n","protected":false},"author":1,"featured_media":0,"parent":0,"menu_order":0,"comment_status":"closed","ping_status":"closed","template":"","meta":{"site-sidebar-layout":"default","site-content-layout":"","ast-site-content-layout":"default","site-content-style":"default","site-sidebar-style":"default","ast-global-header-display":"","ast-banner-title-visibility":"","ast-main-header-display":"","ast-hfb-above-header-display":"","ast-hfb-below-header-display":"","ast-hfb-mobile-header-display":"","site-post-title":"","ast-breadcrumbs-content":"","ast-featured-img":"","footer-sml-layout":"","theme-transparent-header-meta":"","adv-header-id-meta":"","stick-header-meta":"","header-above-stick-meta":"","header-main-stick-meta":"","header-below-stick-meta":"","astra-migrate-meta-layouts":"default","ast-page-background-enabled":"default","ast-page-background-meta":{"desktop":{"background-color":"","background-image":"","background-repeat":"repeat","background-position":"center center","background-size":"auto","background-attachment":"scroll","background-type":"","background-media":"","overlay-type":"","overlay-color":"","overlay-gradient":""},"tablet":{"background-color":"","background-image":"","background-repeat":"repeat","background-position":"center center","background-size":"auto","background-attachment":"scroll","background-type":"","background-media":"","overlay-type":"","overlay-color":"","overlay-gradient":""},"mobile":{"background-color":"","background-image":"","background-repeat":"repeat","background-position":"center center","background-size":"auto","background-attachment":"scroll","background-type":"","background-media":"","overlay-type":"","overlay-color":"","overlay-gradient":""}},"ast-content-background-meta":{"desktop":{"background-color":"var(--ast-global-color-5)","background-image":"","background-repeat":"repeat","background-position":"center center","background-size":"auto","background-attachment":"scroll","background-type":"","background-media":"","overlay-type":"","overlay-color":"","overlay-gradient":""},"tablet":{"background-color":"var(--ast-global-color-5)","background-image":"","background-repeat":"repeat","background-position":"center center","background-size":"auto","background-attachment":"scroll","background-type":"","background-media":"","overlay-type":"","overlay-color":"","overlay-gradient":""},"mobile":{"background-color":"var(--ast-global-color-5)","background-image":"","background-repeat":"repeat","background-position":"center center","background-size":"auto","background-attachment":"scroll","background-type":"","background-media":"","overlay-type":"","overlay-color":"","overlay-gradient":""}},"footnotes":""},"class_list":["post-9081","page","type-page","status-publish","hentry"],"_links":{"self":[{"href":"https:\/\/machinecastle.com\/es\/wp-json\/wp\/v2\/pages\/9081","targetHints":{"allow":["GET"]}}],"collection":[{"href":"https:\/\/machinecastle.com\/es\/wp-json\/wp\/v2\/pages"}],"about":[{"href":"https:\/\/machinecastle.com\/es\/wp-json\/wp\/v2\/types\/page"}],"author":[{"embeddable":true,"href":"https:\/\/machinecastle.com\/es\/wp-json\/wp\/v2\/users\/1"}],"replies":[{"embeddable":true,"href":"https:\/\/machinecastle.com\/es\/wp-json\/wp\/v2\/comments?post=9081"}],"version-history":[{"count":3,"href":"https:\/\/machinecastle.com\/es\/wp-json\/wp\/v2\/pages\/9081\/revisions"}],"predecessor-version":[{"id":9084,"href":"https:\/\/machinecastle.com\/es\/wp-json\/wp\/v2\/pages\/9081\/revisions\/9084"}],"wp:attachment":[{"href":"https:\/\/machinecastle.com\/es\/wp-json\/wp\/v2\/media?parent=9081"}],"curies":[{"name":"wp","href":"https:\/\/api.w.org\/{rel}","templated":true}]}}