{"id":9055,"date":"2025-04-16T08:01:58","date_gmt":"2025-04-16T08:01:58","guid":{"rendered":"https:\/\/machinecastle.com\/tostadora-de-frutos-secos-de-aire-y-tostadora-de-frutos-secos-giratoria\/"},"modified":"2025-04-17T11:45:47","modified_gmt":"2025-04-17T11:45:47","slug":"tostadora-de-frutos-secos-de-aire-y-tostadora-de-frutos-secos-giratoria","status":"publish","type":"page","link":"https:\/\/machinecastle.com\/es\/tostadora-de-frutos-secos-de-aire-y-tostadora-de-frutos-secos-giratoria\/","title":{"rendered":"Tostadora de frutos secos de aire y tostadora de frutos secos giratoria"},"content":{"rendered":"\t\t<div data-elementor-type=\"wp-page\" data-elementor-id=\"9055\" class=\"elementor elementor-9055 elementor-9009\">\n\t\t\t\t\t\t<section class=\"elementor-section elementor-top-section elementor-element elementor-element-ded9af0 elementor-section-boxed elementor-section-height-default elementor-section-height-default\" data-id=\"ded9af0\" data-element_type=\"section\">\n\t\t\t\t\t\t<div class=\"elementor-container elementor-column-gap-default\">\n\t\t\t\t\t<div class=\"elementor-column elementor-col-100 elementor-top-column elementor-element elementor-element-6ac022a\" data-id=\"6ac022a\" data-element_type=\"column\">\n\t\t\t<div class=\"elementor-widget-wrap elementor-element-populated\">\n\t\t\t\t\t\t<div class=\"elementor-element elementor-element-f52d7e8 elementor-widget elementor-widget-heading\" data-id=\"f52d7e8\" data-element_type=\"widget\" data-widget_type=\"heading.default\">\n\t\t\t\t<div class=\"elementor-widget-container\">\n\t\t\t\t\t<h2 class=\"elementor-heading-title elementor-size-default\">TOSTADORA DE FRUTOS SECOS DE AIRE Y GIRATORIA<\/h2>\t\t\t\t<\/div>\n\t\t\t\t<\/div>\n\t\t\t\t\t<\/div>\n\t\t<\/div>\n\t\t\t\t\t<\/div>\n\t\t<\/section>\n\t\t\t\t<section class=\"elementor-section elementor-top-section elementor-element elementor-element-35c49c6 elementor-section-boxed elementor-section-height-default elementor-section-height-default\" data-id=\"35c49c6\" data-element_type=\"section\">\n\t\t\t\t\t\t<div class=\"elementor-container elementor-column-gap-default\">\n\t\t\t\t\t<div class=\"elementor-column elementor-col-50 elementor-top-column elementor-element elementor-element-335d99c\" data-id=\"335d99c\" data-element_type=\"column\">\n\t\t\t<div class=\"elementor-widget-wrap elementor-element-populated\">\n\t\t\t\t\t\t<div class=\"elementor-element elementor-element-451b848 elementor-widget elementor-widget-video\" data-id=\"451b848\" data-element_type=\"widget\" data-settings=\"{&quot;youtube_url&quot;:&quot;https:\\\/\\\/www.youtube.com\\\/watch?v=OGQpmRaruxo&quot;,&quot;video_type&quot;:&quot;youtube&quot;,&quot;controls&quot;:&quot;yes&quot;}\" data-widget_type=\"video.default\">\n\t\t\t\t<div class=\"elementor-widget-container\">\n\t\t\t\t\t\t\t<div class=\"elementor-wrapper elementor-open-inline\">\n\t\t\t<div class=\"elementor-video\"><\/div>\t\t<\/div>\n\t\t\t\t\t\t<\/div>\n\t\t\t\t<\/div>\n\t\t\t\t\t<\/div>\n\t\t<\/div>\n\t\t\t\t<div class=\"elementor-column elementor-col-50 elementor-top-column elementor-element elementor-element-ba7f8c6\" data-id=\"ba7f8c6\" data-element_type=\"column\">\n\t\t\t<div class=\"elementor-widget-wrap elementor-element-populated\">\n\t\t\t\t\t\t<div class=\"elementor-element elementor-element-14f9272 elementor-widget elementor-widget-video\" data-id=\"14f9272\" data-element_type=\"widget\" data-settings=\"{&quot;youtube_url&quot;:&quot;https:\\\/\\\/youtu.be\\\/bbpnGMDn6zI&quot;,&quot;video_type&quot;:&quot;youtube&quot;,&quot;controls&quot;:&quot;yes&quot;}\" data-widget_type=\"video.default\">\n\t\t\t\t<div class=\"elementor-widget-container\">\n\t\t\t\t\t\t\t<div class=\"elementor-wrapper elementor-open-inline\">\n\t\t\t<div class=\"elementor-video\"><\/div>\t\t<\/div>\n\t\t\t\t\t\t<\/div>\n\t\t\t\t<\/div>\n\t\t\t\t\t<\/div>\n\t\t<\/div>\n\t\t\t\t\t<\/div>\n\t\t<\/section>\n\t\t\t\t<section class=\"elementor-section elementor-top-section elementor-element elementor-element-2c2ddf7 elementor-section-boxed elementor-section-height-default elementor-section-height-default\" data-id=\"2c2ddf7\" data-element_type=\"section\">\n\t\t\t\t\t\t<div class=\"elementor-container elementor-column-gap-default\">\n\t\t\t\t\t<div class=\"elementor-column elementor-col-100 elementor-top-column elementor-element elementor-element-eac859c\" data-id=\"eac859c\" data-element_type=\"column\">\n\t\t\t<div class=\"elementor-widget-wrap elementor-element-populated\">\n\t\t\t\t\t\t<div class=\"elementor-element elementor-element-e007c9a elementor-widget elementor-widget-text-editor\" data-id=\"e007c9a\" data-element_type=\"widget\" data-widget_type=\"text-editor.default\">\n\t\t\t\t<div class=\"elementor-widget-container\">\n\t\t\t\t\t\t\t\t\t<p>Cuando se trata de tostar frutos secos a nivel industrial, elegir el equipo adecuado es crucial para garantizar la consistencia del sabor, la eficacia y la calidad del producto. Dos de las opciones m\u00e1s comunes son los <strong data-start=\"448\" data-end=\"474\">tostadores de cinta de tipo neum\u00e1tico<\/strong> y <strong data-start=\"479\" data-end=\"505\">los tostadores de tambor giratorio<\/strong>. Cada una tiene sus propias ventajas y casos de uso.  <\/p>\n\t\t\t\t\t\t\t\t<\/div>\n\t\t\t\t<\/div>\n\t\t\t\t\t<\/div>\n\t\t<\/div>\n\t\t\t\t\t<\/div>\n\t\t<\/section>\n\t\t\t\t<section class=\"elementor-section elementor-top-section elementor-element elementor-element-96b7ee1 elementor-section-boxed elementor-section-height-default elementor-section-height-default\" data-id=\"96b7ee1\" data-element_type=\"section\">\n\t\t\t\t\t\t<div class=\"elementor-container elementor-column-gap-default\">\n\t\t\t\t\t<div class=\"elementor-column elementor-col-100 elementor-top-column elementor-element elementor-element-a2a0831\" data-id=\"a2a0831\" data-element_type=\"column\">\n\t\t\t<div class=\"elementor-widget-wrap elementor-element-populated\">\n\t\t\t\t\t\t<div class=\"elementor-element elementor-element-2ad6e5e elementor-widget elementor-widget-heading\" data-id=\"2ad6e5e\" data-element_type=\"widget\" data-widget_type=\"heading.default\">\n\t\t\t\t<div class=\"elementor-widget-container\">\n\t\t\t\t\t<h3 class=\"elementor-heading-title elementor-size-default\">M\u00e1quina tostadora de frutos secos de aire:<\/h3>\t\t\t\t<\/div>\n\t\t\t\t<\/div>\n\t\t\t\t\t<\/div>\n\t\t<\/div>\n\t\t\t\t\t<\/div>\n\t\t<\/section>\n\t\t\t\t<section class=\"elementor-section elementor-top-section elementor-element elementor-element-226830e elementor-section-boxed elementor-section-height-default elementor-section-height-default\" data-id=\"226830e\" data-element_type=\"section\">\n\t\t\t\t\t\t<div class=\"elementor-container elementor-column-gap-default\">\n\t\t\t\t\t<div class=\"elementor-column elementor-col-100 elementor-top-column elementor-element elementor-element-8f9ff50\" data-id=\"8f9ff50\" data-element_type=\"column\">\n\t\t\t<div class=\"elementor-widget-wrap elementor-element-populated\">\n\t\t\t\t\t\t<div class=\"elementor-element elementor-element-9ac97ad elementor-widget elementor-widget-text-editor\" data-id=\"9ac97ad\" data-element_type=\"widget\" data-widget_type=\"text-editor.default\">\n\t\t\t\t<div class=\"elementor-widget-container\">\n\t\t\t\t\t\t\t\t\t<p>En los tostadores de frutos secos de cinta, los productos se tuestan utilizando aire caliente. Una vez que la tolva de entrada est\u00e1 llena de frutos secos y se han ajustado los par\u00e1metros (velocidad de la cinta y grado de tostado), la cinta se mueve continuamente y transporta los frutos secos hacia la salida. Hay dos c\u00e1maras de tostado: la primera utiliza un ventilador inferior para hacer circular el aire caliente, y la segunda utiliza un ventilador superior. Este doble flujo de aire garantiza un tostado uniforme a lo largo del tiempo. Tras el tostado, los frutos secos se transfieren a la c\u00e1mara de enfriamiento, donde se enfr\u00edan r\u00e1pidamente y se preparan para el envasado. Las opciones de combustible para las tostadoras de cinta son Gas, GLP, Diesel y El\u00e9ctrica. Los modelos de gas, GLP o gas\u00f3leo utilizan quemadores para calentar. Los modelos el\u00e9ctricos utilizan calentadores tubulares con aletas.         <\/p>\n<p>Esta m\u00e1quina dispone de un panel de control con pantalla t\u00e1ctil, que permite a los usuarios crear y guardar recetas para obtener resultados uniformes. El operario no necesita retirar manualmente el producto, las nueces se descargan autom\u00e1ticamente en la tolva de salida. <\/p>\n<p class=\"\" data-start=\"589\" data-end=\"846\">Las caracter\u00edsticas principales son:<\/p>\n<ul data-start=\"848\" data-end=\"1129\">\n<li class=\"\" data-start=\"848\" data-end=\"907\">\n<p class=\"\" data-start=\"850\" data-end=\"907\"><strong data-start=\"850\" data-end=\"882\">Tostado uniforme y homog\u00e9neo<\/strong> gracias al doble flujo de aire.<\/p>\n<\/li>\n<li class=\"\" data-start=\"908\" data-end=\"956\">\n<p class=\"\" data-start=\"910\" data-end=\"956\"><strong data-start=\"910\" data-end=\"929\">Totalmente automatizado<\/strong> con controles de pantalla t\u00e1ctil.<\/p>\n<\/li>\n<li class=\"\" data-start=\"957\" data-end=\"1010\">\n<p class=\"\" data-start=\"959\" data-end=\"1010\">Posibilidad de <strong data-start=\"970\" data-end=\"986\">guardar recetas<\/strong> para obtener resultados repetibles.<\/p>\n<\/li>\n<li class=\"\" data-start=\"1011\" data-end=\"1058\">\n<p class=\"\" data-start=\"1013\" data-end=\"1058\"><strong data-start=\"1013\" data-end=\"1037\">Descarga manos libres<\/strong> de productos tostados.<\/p>\n<\/li>\n<li class=\"\" data-start=\"1059\" data-end=\"1129\">\n<p class=\"\" data-start=\"1061\" data-end=\"1129\">Disponible con m\u00faltiples opciones de combustible: Gas, GLP, Diesel o El\u00e9ctrico.<\/p>\n<\/li>\n<\/ul>\n<p class=\"\" data-start=\"1131\" data-end=\"1218\">Ideal para entornos de producci\u00f3n de gran capacidad que exigen constancia y automatizaci\u00f3n.<\/p>\n\t\t\t\t\t\t\t\t<\/div>\n\t\t\t\t<\/div>\n\t\t\t\t\t<\/div>\n\t\t<\/div>\n\t\t\t\t\t<\/div>\n\t\t<\/section>\n\t\t\t\t<section class=\"elementor-section elementor-top-section elementor-element elementor-element-e495507 elementor-section-boxed elementor-section-height-default elementor-section-height-default\" data-id=\"e495507\" data-element_type=\"section\">\n\t\t\t\t\t\t<div class=\"elementor-container elementor-column-gap-default\">\n\t\t\t\t\t<div class=\"elementor-column elementor-col-100 elementor-top-column elementor-element elementor-element-f44c930\" data-id=\"f44c930\" data-element_type=\"column\">\n\t\t\t<div class=\"elementor-widget-wrap elementor-element-populated\">\n\t\t\t\t\t\t<div class=\"elementor-element elementor-element-31741eb elementor-widget elementor-widget-heading\" data-id=\"31741eb\" data-element_type=\"widget\" data-widget_type=\"heading.default\">\n\t\t\t\t<div class=\"elementor-widget-container\">\n\t\t\t\t\t<h3 class=\"elementor-heading-title elementor-size-default\">M\u00e1quina tostadora rotativa de frutos secos:<\/h3>\t\t\t\t<\/div>\n\t\t\t\t<\/div>\n\t\t\t\t\t<\/div>\n\t\t<\/div>\n\t\t\t\t\t<\/div>\n\t\t<\/section>\n\t\t\t\t<section class=\"elementor-section elementor-top-section elementor-element elementor-element-e2e2329 elementor-section-boxed elementor-section-height-default elementor-section-height-default\" data-id=\"e2e2329\" data-element_type=\"section\">\n\t\t\t\t\t\t<div class=\"elementor-container elementor-column-gap-default\">\n\t\t\t\t\t<div class=\"elementor-column elementor-col-100 elementor-top-column elementor-element elementor-element-5af1b71\" data-id=\"5af1b71\" data-element_type=\"column\">\n\t\t\t<div class=\"elementor-widget-wrap elementor-element-populated\">\n\t\t\t\t\t\t<div class=\"elementor-element elementor-element-7f157ba elementor-widget elementor-widget-text-editor\" data-id=\"7f157ba\" data-element_type=\"widget\" data-widget_type=\"text-editor.default\">\n\t\t\t\t<div class=\"elementor-widget-container\">\n\t\t\t\t\t\t\t\t\t<p>El tostador de tambor giratorio tuesta frutos secos en un tambor giratorio calentado. Puede funcionar con gas, GLP, gas\u00f3leo o electricidad. Una vez alcanzada la temperatura deseada, el operario carga las nueces mientras el tambor gira. Una vez tostadas, las nueces se descargan mediante un asa. Un m\u00e9todo popular consiste en tostar las nueces en sal calentada. Hay dos asas de descarga: una para sacar las nueces y otra para sacar la sal o los productos residuales.     &nbsp;<\/p>\n<p>Este modelo no tiene sistema de refrigeraci\u00f3n, por lo que las nueces se trasladan a otro lugar para que se enfr\u00eden de forma natural. El operario s\u00f3lo controla la velocidad del tambor y el calor; no hay tecnolog\u00eda de ahorro de recetas, por lo que los resultados uniformes dependen totalmente de la habilidad del operario. <\/p>\n<p data-start=\"1255\" data-end=\"1414\">Caracter\u00edsticas principales:<\/p>\n<ul data-start=\"1416\" data-end=\"1650\">\n<li data-start=\"1416\" data-end=\"1472\">\n<p data-start=\"1418\" data-end=\"1472\">Funcionamiento manual; <strong data-start=\"1437\" data-end=\"1457\">sin memoria de recetas<\/strong> ni automatizaci\u00f3n.<\/p>\n<\/li>\n<li data-start=\"1473\" data-end=\"1533\">\n<p data-start=\"1475\" data-end=\"1533\"><strong data-start=\"1475\" data-end=\"1500\">No hay refrigeraci\u00f3n integrada<\/strong>: los productos deben enfriarse por separado.<\/p>\n<\/li>\n<li data-start=\"1534\" data-end=\"1596\">\n<p data-start=\"1536\" data-end=\"1596\"><strong data-start=\"1536\" data-end=\"1556\">Descarga manual<\/strong> mediante asas dobles (para frutos secos y sal).<\/p>\n<\/li>\n<li data-start=\"1597\" data-end=\"1650\">\n<p data-start=\"1599\" data-end=\"1650\">Adecuado para <strong data-start=\"1612\" data-end=\"1649\">tostados especiales<\/strong>.<\/p>\n<\/li>\n<\/ul>\n<div>Perfecto para las empresas que quieren tener un control directo sobre su tueste o producir lotes peque\u00f1os y personalizados.<\/div>\t\t\t\t\t\t\t\t<\/div>\n\t\t\t\t<\/div>\n\t\t\t\t\t<\/div>\n\t\t<\/div>\n\t\t\t\t\t<\/div>\n\t\t<\/section>\n\t\t\t\t<section class=\"elementor-section elementor-top-section elementor-element elementor-element-79c4668 elementor-section-boxed elementor-section-height-default elementor-section-height-default\" data-id=\"79c4668\" data-element_type=\"section\">\n\t\t\t\t\t\t<div class=\"elementor-container elementor-column-gap-default\">\n\t\t\t\t\t<div class=\"elementor-column elementor-col-100 elementor-top-column elementor-element elementor-element-3f46634\" data-id=\"3f46634\" data-element_type=\"column\">\n\t\t\t<div class=\"elementor-widget-wrap elementor-element-populated\">\n\t\t\t\t\t\t<div class=\"elementor-element elementor-element-8b08a75 elementor-widget elementor-widget-heading\" data-id=\"8b08a75\" data-element_type=\"widget\" data-widget_type=\"heading.default\">\n\t\t\t\t<div class=\"elementor-widget-container\">\n\t\t\t\t\t<h4 class=\"elementor-heading-title elementor-size-default\">\u00bfCu\u00e1l elegir?<\/h4>\t\t\t\t<\/div>\n\t\t\t\t<\/div>\n\t\t\t\t\t<\/div>\n\t\t<\/div>\n\t\t\t\t\t<\/div>\n\t\t<\/section>\n\t\t\t\t<section class=\"elementor-section elementor-top-section elementor-element elementor-element-bcbeb19 elementor-section-boxed elementor-section-height-default elementor-section-height-default\" data-id=\"bcbeb19\" data-element_type=\"section\">\n\t\t\t\t\t\t<div class=\"elementor-container elementor-column-gap-default\">\n\t\t\t\t\t<div class=\"elementor-column elementor-col-100 elementor-top-column elementor-element elementor-element-1f4ecc5\" data-id=\"1f4ecc5\" data-element_type=\"column\">\n\t\t\t<div class=\"elementor-widget-wrap elementor-element-populated\">\n\t\t\t\t\t\t<div class=\"elementor-element elementor-element-957d0ad elementor-widget elementor-widget-text-editor\" data-id=\"957d0ad\" data-element_type=\"widget\" data-widget_type=\"text-editor.default\">\n\t\t\t\t<div class=\"elementor-widget-container\">\n\t\t\t\t\t\t\t\t\t<ul>\n<li data-start=\"1783\" data-end=\"1880\">\n<p data-start=\"1785\" data-end=\"1880\">Elige <strong data-start=\"1792\" data-end=\"1818\">tostadoras de cinta de tipo neum\u00e1tico<\/strong> si necesitas automatizaci\u00f3n, facilidad de uso y un rendimiento constante.<\/p>\n<\/li>\n<li data-start=\"1881\" data-end=\"2019\">\n<p data-start=\"1883\" data-end=\"2019\">Opta por <strong data-start=\"1891\" data-end=\"1917\">los Asadores de Tambor Giratorio<\/strong> si prefieres el control manual o quieres utilizar m\u00e9todos tradicionales y asar los productos junto con elementos de sabor a\u00f1adidos, como la sal.<\/p>\n<\/li>\n<\/ul>\n\t\t\t\t\t\t\t\t<\/div>\n\t\t\t\t<\/div>\n\t\t\t\t\t<\/div>\n\t\t<\/div>\n\t\t\t\t\t<\/div>\n\t\t<\/section>\n\t\t\t\t<section class=\"elementor-section elementor-top-section elementor-element elementor-element-eca6517 elementor-section-boxed elementor-section-height-default elementor-section-height-default\" data-id=\"eca6517\" data-element_type=\"section\">\n\t\t\t\t\t\t<div class=\"elementor-container elementor-column-gap-default\">\n\t\t\t\t\t<div class=\"elementor-column elementor-col-50 elementor-top-column elementor-element elementor-element-66d2381\" data-id=\"66d2381\" data-element_type=\"column\">\n\t\t\t<div class=\"elementor-widget-wrap elementor-element-populated\">\n\t\t\t\t\t\t<div class=\"elementor-element elementor-element-ee0b37d elementor-widget elementor-widget-image\" data-id=\"ee0b37d\" data-element_type=\"widget\" data-widget_type=\"image.default\">\n\t\t\t\t<div class=\"elementor-widget-container\">\n\t\t\t\t\t\t\t\t\t\t\t\t<figure class=\"wp-caption\">\n\t\t\t\t\t\t\t\t\t\t\t<a href=\"https:\/\/machinecastle.com\/urun\/nuts-roaster\/\">\n\t\t\t\t\t\t\t<img fetchpriority=\"high\" decoding=\"async\" width=\"750\" height=\"630\" src=\"https:\/\/machinecastle.com\/wp-content\/uploads\/2025\/04\/Belt-Type-Nuts-Roaster-.png\" class=\"attachment-large size-large wp-image-9034\" alt=\"Belt Type Nuts Roaster\" srcset=\"https:\/\/machinecastle.com\/wp-content\/uploads\/2025\/04\/Belt-Type-Nuts-Roaster-.png 750w, https:\/\/machinecastle.com\/wp-content\/uploads\/2025\/04\/Belt-Type-Nuts-Roaster--300x252.png 300w, https:\/\/machinecastle.com\/wp-content\/uploads\/2025\/04\/Belt-Type-Nuts-Roaster--600x504.png 600w\" sizes=\"(max-width: 750px) 100vw, 750px\" \/>\t\t\t\t\t\t\t\t<\/a>\n\t\t\t\t\t\t\t\t\t\t\t<figcaption class=\"widget-image-caption wp-caption-text\">Haz clic para ver M\u00e1quinas de Asar al Aire<\/figcaption>\n\t\t\t\t\t\t\t\t\t\t<\/figure>\n\t\t\t\t\t\t\t\t\t<\/div>\n\t\t\t\t<\/div>\n\t\t\t\t\t<\/div>\n\t\t<\/div>\n\t\t\t\t<div class=\"elementor-column elementor-col-50 elementor-top-column elementor-element elementor-element-4a73dd2\" data-id=\"4a73dd2\" data-element_type=\"column\">\n\t\t\t<div class=\"elementor-widget-wrap elementor-element-populated\">\n\t\t\t\t\t\t<div class=\"elementor-element elementor-element-b3c8dbf elementor-widget elementor-widget-image\" data-id=\"b3c8dbf\" data-element_type=\"widget\" data-widget_type=\"image.default\">\n\t\t\t\t<div class=\"elementor-widget-container\">\n\t\t\t\t\t\t\t\t\t\t\t\t<figure class=\"wp-caption\">\n\t\t\t\t\t\t\t\t\t\t\t<a href=\"https:\/\/machinecastle.com\/urun\/mc-30-nuts-roasting-machine\/\">\n\t\t\t\t\t\t\t<img decoding=\"async\" width=\"750\" height=\"628\" src=\"https:\/\/machinecastle.com\/wp-content\/uploads\/2025\/04\/rotating-nuts-roaster-.png\" class=\"attachment-large size-large wp-image-9041\" alt=\"rotating nuts roaster\" srcset=\"https:\/\/machinecastle.com\/wp-content\/uploads\/2025\/04\/rotating-nuts-roaster-.png 750w, https:\/\/machinecastle.com\/wp-content\/uploads\/2025\/04\/rotating-nuts-roaster--300x251.png 300w, https:\/\/machinecastle.com\/wp-content\/uploads\/2025\/04\/rotating-nuts-roaster--600x502.png 600w\" sizes=\"(max-width: 750px) 100vw, 750px\" \/>\t\t\t\t\t\t\t\t<\/a>\n\t\t\t\t\t\t\t\t\t\t\t<figcaption class=\"widget-image-caption wp-caption-text\">Haz clic para ver las tostadoras rotativas<\/figcaption>\n\t\t\t\t\t\t\t\t\t\t<\/figure>\n\t\t\t\t\t\t\t\t\t<\/div>\n\t\t\t\t<\/div>\n\t\t\t\t\t<\/div>\n\t\t<\/div>\n\t\t\t\t\t<\/div>\n\t\t<\/section>\n\t\t\t\t<\/div>\n\t\t","protected":false},"excerpt":{"rendered":"<p>TOSTADORA DE FRUTOS SECOS DE AIRE Y GIRATORIA https:\/\/www.youtube.com\/watch?v=OGQpmRaruxohttps:\/\/youtu.be\/bbpnGMDn6zI Cuando se trata de tostar frutos secos a nivel industrial, elegir el equipo adecuado es crucial para garantizar la consistencia del sabor, la eficacia y la calidad del producto. Dos de las opciones m\u00e1s comunes son los tostadores de cinta de tipo neum\u00e1tico y los tostadores &hellip;<\/p>\n<p class=\"read-more\"> <a class=\"\" href=\"https:\/\/machinecastle.com\/es\/tostadora-de-frutos-secos-de-aire-y-tostadora-de-frutos-secos-giratoria\/\"> <span class=\"screen-reader-text\">Tostadora de frutos secos de aire y tostadora de frutos secos giratoria<\/span> Leer m\u00e1s &raquo;<\/a><\/p>\n","protected":false},"author":1,"featured_media":0,"parent":0,"menu_order":0,"comment_status":"closed","ping_status":"closed","template":"","meta":{"site-sidebar-layout":"no-sidebar","site-content-layout":"page-builder","ast-site-content-layout":"full-width-container","site-content-style":"default","site-sidebar-style":"default","ast-global-header-display":"","ast-banner-title-visibility":"","ast-main-header-display":"","ast-hfb-above-header-display":"","ast-hfb-below-header-display":"","ast-hfb-mobile-header-display":"","site-post-title":"disabled","ast-breadcrumbs-content":"","ast-featured-img":"disabled","footer-sml-layout":"","theme-transparent-header-meta":"","adv-header-id-meta":"","stick-header-meta":"","header-above-stick-meta":"","header-main-stick-meta":"","header-below-stick-meta":"","astra-migrate-meta-layouts":"default","ast-page-background-enabled":"default","ast-page-background-meta":{"desktop":{"background-color":"","background-image":"","background-repeat":"repeat","background-position":"center center","background-size":"auto","background-attachment":"scroll","background-type":"","background-media":"","overlay-type":"","overlay-color":"","overlay-gradient":""},"tablet":{"background-color":"","background-image":"","background-repeat":"repeat","background-position":"center center","background-size":"auto","background-attachment":"scroll","background-type":"","background-media":"","overlay-type":"","overlay-color":"","overlay-gradient":""},"mobile":{"background-color":"","background-image":"","background-repeat":"repeat","background-position":"center center","background-size":"auto","background-attachment":"scroll","background-type":"","background-media":"","overlay-type":"","overlay-color":"","overlay-gradient":""}},"ast-content-background-meta":{"desktop":{"background-color":"var(--ast-global-color-5)","background-image":"","background-repeat":"repeat","background-position":"center center","background-size":"auto","background-attachment":"scroll","background-type":"","background-media":"","overlay-type":"","overlay-color":"","overlay-gradient":""},"tablet":{"background-color":"var(--ast-global-color-5)","background-image":"","background-repeat":"repeat","background-position":"center center","background-size":"auto","background-attachment":"scroll","background-type":"","background-media":"","overlay-type":"","overlay-color":"","overlay-gradient":""},"mobile":{"background-color":"var(--ast-global-color-5)","background-image":"","background-repeat":"repeat","background-position":"center center","background-size":"auto","background-attachment":"scroll","background-type":"","background-media":"","overlay-type":"","overlay-color":"","overlay-gradient":""}},"footnotes":""},"class_list":["post-9055","page","type-page","status-publish","hentry"],"_links":{"self":[{"href":"https:\/\/machinecastle.com\/es\/wp-json\/wp\/v2\/pages\/9055","targetHints":{"allow":["GET"]}}],"collection":[{"href":"https:\/\/machinecastle.com\/es\/wp-json\/wp\/v2\/pages"}],"about":[{"href":"https:\/\/machinecastle.com\/es\/wp-json\/wp\/v2\/types\/page"}],"author":[{"embeddable":true,"href":"https:\/\/machinecastle.com\/es\/wp-json\/wp\/v2\/users\/1"}],"replies":[{"embeddable":true,"href":"https:\/\/machinecastle.com\/es\/wp-json\/wp\/v2\/comments?post=9055"}],"version-history":[{"count":7,"href":"https:\/\/machinecastle.com\/es\/wp-json\/wp\/v2\/pages\/9055\/revisions"}],"predecessor-version":[{"id":9125,"href":"https:\/\/machinecastle.com\/es\/wp-json\/wp\/v2\/pages\/9055\/revisions\/9125"}],"wp:attachment":[{"href":"https:\/\/machinecastle.com\/es\/wp-json\/wp\/v2\/media?parent=9055"}],"curies":[{"name":"wp","href":"https:\/\/api.w.org\/{rel}","templated":true}]}}